{"id":1241,"date":"2024-09-18T07:36:57","date_gmt":"2024-09-18T07:36:57","guid":{"rendered":"https:\/\/keweicorten.com\/?post_type=product&#038;p=1241"},"modified":"2024-09-18T07:36:57","modified_gmt":"2024-09-18T07:36:57","slug":"corten-steel-sheet-q345nh","status":"publish","type":"product","link":"https:\/\/keweicorten.com\/es_gt\/corten-steel-sheet-q345nh\/","title":{"rendered":"chapa de acero corten Q345NH"},"content":{"rendered":"<p>Corten steel, also known as weathering steel, is a type of steel alloy designed to resist corrosion and abrasion. Q345NH is a specific grade of weathering steel commonly used in atmospheric environments. Here are some key points regarding Q345NH:<\/p>\n<h2>Characteristics of Q345NH:<\/h2>\n<p>1. Composition:corten steel sheet Q345NH typically has additional elements such as chrome, nickel, and copper, which enhance its resistance to atmospheric corrosion.<br \/>\n2. Corrosion Resistance: The steel forms a protective patina layer when exposed to the elements, which prevents further corrosion.<br \/>\n3. Mechanical Properties:<br \/>\n&#8211; Yield Strength: Approximately 345 MPa<br \/>\n&#8211; Tensile Strength: Typically between 470-630 MPa<br \/>\n4. Applications: Frequently used in outdoor structures, bridges, sculptures, and architectural designs where weather resistance is important.<\/p>\n<h2>Corten steel sheet Q345NH Advantages:<\/h2>\n<p>Durability: Long lifespan due to resistance to corrosion.<br \/>\nLow Maintenance: The protective patina reduces the need for regular maintenance.<br \/>\nAesthetic Appeal: Offers a unique rustic look that is desirable in many architectural applications.<\/p>\n<p>Consideraciones:<br \/>\nProper design is necessary to ensure the effectiveness of the patina.<br \/>\n&#8211; May require special handling and welding techniques due to its alloy composition.<\/p>\n<figure style=\"width: 606px\" class=\"wp-caption alignnone\"><a href=\"https:\/\/keweicorten.com\/es_gt\/contacto\/\"><img fetchpriority=\"high\" decoding=\"async\" title=\"corten metal\" src=\"https:\/\/sc04.alicdn.com\/kf\/H1bfd17afb11542dd95c1e18de852bb2cJ\/234518937\/H1bfd17afb11542dd95c1e18de852bb2cJ.jpg\" alt=\"\" width=\"606\" height=\"545\" \/><\/a><figcaption class=\"wp-caption-text\">corten metal<\/figcaption><\/figure>\n<table class=\"has-title all magic-9\" style=\"height: 175px;\" width=\"890\">\n<tbody>\n<tr>\n<td colspan=\"1\" rowspan=\"1\">\n<div class=\"magic-10\" data-spm-anchor-id=\"a2700.details.0.i34.6d627765emMXnq\">Nombre del producto<\/div>\n<\/td>\n<td colspan=\"4\" rowspan=\"1\">\n<div class=\"magic-11\">Chapa de acero resistente a la intemperie<\/div>\n<\/td>\n<\/tr>\n<tr>\n<td colspan=\"1\" rowspan=\"1\">\n<div class=\"magic-10\">Est\u00e1ndar<\/div>\n<\/td>\n<td colspan=\"4\" rowspan=\"1\">\n<div class=\"magic-11\">DIN GB JIS BA AISI ASTM<\/div>\n<\/td>\n<\/tr>\n<tr>\n<td colspan=\"1\" rowspan=\"1\">\n<div class=\"magic-10\">Longitud<\/div>\n<\/td>\n<td colspan=\"4\" rowspan=\"1\">\n<div class=\"magic-11\">Can be customized<\/div>\n<\/td>\n<\/tr>\n<tr>\n<td colspan=\"1\" rowspan=\"1\">\n<div class=\"magic-10\">Anchura<\/div>\n<\/td>\n<td colspan=\"4\" rowspan=\"1\">\n<div class=\"magic-11\">Can be customized<\/div>\n<\/td>\n<\/tr>\n<tr>\n<td colspan=\"1\" rowspan=\"1\">\n<div class=\"magic-10\">Espesor<\/div>\n<\/td>\n<td colspan=\"4\" rowspan=\"1\">\n<div class=\"magic-11\">2-100 mm o personalizable<\/div>\n<\/td>\n<\/tr>\n<tr>\n<td colspan=\"1\" rowspan=\"1\">\n<div class=\"magic-10\">Material<\/div>\n<\/td>\n<td colspan=\"4\" rowspan=\"1\">\n<div class=\"magic-11\">Q345NH<\/div>\n<\/td>\n<\/tr>\n<tr>\n<td colspan=\"1\" rowspan=\"1\">Provice<\/td>\n<td colspan=\"4\" rowspan=\"1\">Henan,anyang<\/td>\n<\/tr>\n<tr>\n<td colspan=\"1\" rowspan=\"1\">\n<div class=\"magic-10\">Aplicaci\u00f3n<\/div>\n<\/td>\n<td colspan=\"4\" rowspan=\"1\">\n<div class=\"magic-11\" data-spm-anchor-id=\"a2700.details.0.i41.6d627765emMXnq\">El acero resistente a la intemperie se utiliza principalmente en ferrocarriles, veh\u00edculos, puentes, torres, energ\u00eda fotovoltaica, ingenier\u00eda de alta velocidad y otras aplicaciones a largo plazo.<br \/>\nde las estructuras de acero. Tambi\u00e9n puede utilizarse en la fabricaci\u00f3n de contenedores, ferrocarriles<br \/>\nveh\u00edculos, torres petrol\u00edferas, edificios portuarios, plataformas petrol\u00edferas y contenedores de medios corrosivos que contengan azufre en instalaciones qu\u00edmicas y petrol\u00edferas.<br \/>\nequipos petrol\u00edferos. Adem\u00e1s, debido a su aspecto \u00fanico, el acero resistente a la intemperie tambi\u00e9n se utiliza a menudo en arte p\u00fablico, exteriores, etc.<br \/>\nescultura y decoraci\u00f3n de paredes exteriores de edificios.<\/div>\n<\/td>\n<\/tr>\n<tr>\n<td colspan=\"1\" rowspan=\"1\">\n<div class=\"magic-10\">Embalaje para exportaci\u00f3n<\/div>\n<\/td>\n<td colspan=\"4\" rowspan=\"1\">\n<div class=\"magic-11\">Papel impermeable, y fleje de acero embalado.<br \/>\nEmbalaje mar\u00edtimo de exportaci\u00f3n est\u00e1ndar, adecuado para todo tipo de transporte o seg\u00fan se requiera.<\/div>\n<\/td>\n<\/tr>\n<tr>\n<td colspan=\"1\" rowspan=\"1\">\n<div class=\"magic-10\">Superficie<\/div>\n<\/td>\n<td colspan=\"4\" rowspan=\"1\">\n<div class=\"magic-14\">Negro, revestimiento, revestimiento de color, barniz antioxidante, aceite antioxidante, rejilla, etc.<\/div>\n<\/td>\n<\/tr>\n<\/tbody>\n<\/table>\n<figure style=\"width: 808px\" class=\"wp-caption alignnone\"><a href=\"https:\/\/keweicorten.com\/es_gt\"><img decoding=\"async\" title=\"cor ten weathering steel\" src=\"https:\/\/sc04.alicdn.com\/kf\/Hd90ee00edc574f218534265cd9014001r\/244098142\/Hd90ee00edc574f218534265cd9014001r.jpg\" alt=\"\" width=\"808\" height=\"606\" \/><\/a><figcaption class=\"wp-caption-text\">cor ten weathering steel<\/dd>\n<dd><\/figcaption><\/figure>\n<div class=\"magic-25\">\n<h3 class=\"magic-28\"><span class=\"magic-22\" data-spm-anchor-id=\"a2700.details.0.i44.6d627765emMXnq\">Muro cortina resistente a la intemperie<\/span><\/h3>\n<\/div>\n<div class=\"magic-6\">\n<div class=\"magic-7\"><span class=\"magic-8\">The surface of the weather-resistant steel plate can form a dense oxide layer with a stable and uniform natural rust red color, which is an attractive building exterior wall material.<\/span><\/div>\n<\/div>\n<div><\/div>\n<div>\n<div class=\"J_module\">\n<h2 id=\"ali-anchor-AliMagic-59mjkc\" class=\"magic-0\" data-section=\"AliMagic-59mjkc\" data-section-title=\"Packing and shipping\" data-spm-anchor-id=\"a2700.details.0.i47.6d627765emMXnq\">Packing and shipping<\/h2>\n<p>To better ensure the safety of your goods,professional,environmentally friendly, convenient and efficient packaging services will be provided.<\/p>\n<\/div>\n<\/div>\n<div class=\"magic-6\">\n<div>\n<figure style=\"width: 702px\" class=\"wp-caption alignnone\"><a href=\"https:\/\/keweicorten.com\/es_gt\"><img decoding=\"async\" title=\"cor ten\" src=\"https:\/\/sc04.alicdn.com\/kf\/H7797fd55b837482089a07478ece1cdc1U\/244098142\/H7797fd55b837482089a07478ece1cdc1U.jpg\" alt=\"\" width=\"702\" height=\"437\" \/><\/a><figcaption class=\"wp-caption-text\">cor ten<\/figcaption><\/figure>\n<figure style=\"width: 700px\" class=\"wp-caption alignnone\"><a href=\"https:\/\/keweicorten.com\/es_gt\"><img loading=\"lazy\" decoding=\"async\" title=\"corten steel cladding\" src=\"https:\/\/sc04.alicdn.com\/kf\/H8a0f8c737f5141c4a353d7772f3f6b566\/244098142\/H8a0f8c737f5141c4a353d7772f3f6b566.jpg\" alt=\"\" width=\"700\" height=\"525\" \/><\/a><figcaption class=\"wp-caption-text\">corten steel cladding<\/figcaption><\/figure>\n<div class=\"J_module\">\n<h2 id=\"ali-anchor-AliMagic-hdaj54\" class=\"magic-0\" data-section=\"AliMagic-hdaj54\" data-section-title=\"FAQ\">PREGUNTAS FRECUENTES<\/h2>\n<\/div>\n<div class=\"J_module\">\n<div class=\"detail-decorate-json-renderer-container\">\n<div class=\"magic-4\">\n<div class=\"magic-5\">\n<div class=\"magic-6\">\n<div class=\"magic-7\"><b><span class=\"magic-23\">1. CAN I GET SOME SAMPLES? <\/span><\/b><\/p>\n<div><span class=\"magic-23\">Yes. We can provide samples, you need to pay the sample fee and shipping cost in advance. We will refund the sample fee after you place your order. Please let us know your courier account or send us your fees and we will arrange to send you a sample.<br \/>\n<b class=\"magic-57\">2. CAN YOU PRODUCE ACCORDING TO THE SAMPLES? <\/b><br \/>\nYes, we can produce your samples or technical drawings. We can build the molds and fixtures.<br \/>\n<b class=\"magic-57\">3. WHAT IS YOUR TERMS OF PAYMENT? <\/b><br \/>\nPayment&lt;=1000USD, 100% in advance. Payment&gt;=1000USD, 30% T\/T in advance, balance before shipment. If you have another question,please feel free to contact us .<br \/>\n<b class=\"magic-57\">4. WHAT IS YOUR TERMS OF DELIVERY? <\/b><br \/>\nEXW, FOB, CFR, CIF, DDU.<br \/>\n<b class=\"magic-57\">5. CAN WE VISIT YOUR FACTORY?<\/b><br \/>\nWarmly welcome. Once we have your schedule, we will arrange for the professional sales team to follow up on your case.<br \/>\n<b class=\"magic-57\">6. HOW ABOUT YOUR DELIVERY TIME? <\/b><br \/>\nGenerally speaking, 10 to 25 days after receiving your advance payment. The exact delivery time depends on the goods and quantity you ordered.<br \/>\n<b class=\"magic-57\">7. AFTER-SALE ADVANTAGES<\/b>.<br \/>\nYear warranty for products; If you find any defective parts for the first time, we will provide you with new parts for free in the next order. As an experienced manufacturer, you can be assured of quality and after-sales service.<\/span><\/div>\n<\/div>\n<\/div>\n<\/div>\n<\/div>\n<\/div>\n<\/div>\n<\/div>\n<\/div>","protected":false},"excerpt":{"rendered":"<p>Q345NH is widely used in construction and art due to its unique properties and aesthetic appeal. If you have more specific inquiries or need further information, feel free to ask!<\/p>","protected":false},"featured_media":1242,"comment_status":"open","ping_status":"closed","template":"","meta":{"_eb_attr":"","_monsterinsights_skip_tracking":false,"_monsterinsights_sitenote_active":false,"_monsterinsights_sitenote_note":"","_monsterinsights_sitenote_category":0,"_uf_show_specific_survey":0,"_uf_disable_surveys":false},"product_brand":[],"product_cat":[21],"product_tag":[],"class_list":{"0":"post-1241","1":"product","2":"type-product","3":"status-publish","4":"has-post-thumbnail","6":"product_cat-weather-resistant-steel-plate","8":"first","9":"instock","10":"shipping-taxable","11":"product-type-simple"},"_links":{"self":[{"href":"https:\/\/keweicorten.com\/es_gt\/wp-json\/wp\/v2\/product\/1241"}],"collection":[{"href":"https:\/\/keweicorten.com\/es_gt\/wp-json\/wp\/v2\/product"}],"about":[{"href":"https:\/\/keweicorten.com\/es_gt\/wp-json\/wp\/v2\/types\/product"}],"replies":[{"embeddable":true,"href":"https:\/\/keweicorten.com\/es_gt\/wp-json\/wp\/v2\/comments?post=1241"}],"version-history":[{"count":1,"href":"https:\/\/keweicorten.com\/es_gt\/wp-json\/wp\/v2\/product\/1241\/revisions"}],"predecessor-version":[{"id":1243,"href":"https:\/\/keweicorten.com\/es_gt\/wp-json\/wp\/v2\/product\/1241\/revisions\/1243"}],"wp:featuredmedia":[{"embeddable":true,"href":"https:\/\/keweicorten.com\/es_gt\/wp-json\/wp\/v2\/media\/1242"}],"wp:attachment":[{"href":"https:\/\/keweicorten.com\/es_gt\/wp-json\/wp\/v2\/media?parent=1241"}],"wp:term":[{"taxonomy":"product_brand","embeddable":true,"href":"https:\/\/keweicorten.com\/es_gt\/wp-json\/wp\/v2\/product_brand?post=1241"},{"taxonomy":"product_cat","embeddable":true,"href":"https:\/\/keweicorten.com\/es_gt\/wp-json\/wp\/v2\/product_cat?post=1241"},{"taxonomy":"product_tag","embeddable":true,"href":"https:\/\/keweicorten.com\/es_gt\/wp-json\/wp\/v2\/product_tag?post=1241"}],"curies":[{"name":"wp","href":"https:\/\/api.w.org\/{rel}","templated":true}]}}