{"id":1246,"date":"2024-09-18T08:03:36","date_gmt":"2024-09-18T08:03:36","guid":{"rendered":"https:\/\/keweicorten.com\/?post_type=product&#038;p=1246"},"modified":"2025-08-14T02:07:48","modified_gmt":"2025-08-14T02:07:48","slug":"chapa-de-acero-corten-de-10-mm","status":"publish","type":"product","link":"https:\/\/keweicorten.com\/es_gt\/chapa-de-acero-corten-de-10-mm\/","title":{"rendered":"Placa de acero corten de 10 mm"},"content":{"rendered":"<h2>Propiedades y usos de la chapa de acero corten de 10 mm:<\/h2>\n<p>Resistencia a la intemperie: El acero corten est\u00e1 dise\u00f1ado para resistir a la intemperie, por lo que es ideal para aplicaciones en exteriores. Puede resistir la corrosi\u00f3n atmosf\u00e9rica, por lo que requiere menos mantenimiento en comparaci\u00f3n con el acero tradicional.<\/p>\n<p>Atractivo est\u00e9tico: El exclusivo acabado oxidado del acero corten suele ser muy apreciado por sus cualidades est\u00e9ticas en arquitectura y paisajismo.<\/p>\n<p>Aplicaci\u00f3n:<br \/>\nCaracter\u00edsticas arquitect\u00f3nicas: Se utiliza en edificios y fachadas para dar un aspecto r\u00fastico.<br \/>\nDise\u00f1o paisaj\u00edstico: A menudo se utiliza para esculturas, vallas y elementos de jard\u00edn.<br \/>\nAplicaciones industriales: Adecuado para estructuras que soportan entornos duros, como puentes y edificios.<br \/>\nArte y esculturas: Preferido por muchos artistas por su textura y color.<\/p>\n<p>Fabricaci\u00f3n: La chapa de acero corten de 10 mm puede cortarse, soldarse y conformarse en varias formas y tama\u00f1os, lo que permite flexibilidad en el dise\u00f1o.<\/p>\n<p>Availability: 10mm <a href=\"https:\/\/keweicorten.com\/es_gt\/a588-placa-de-acero-corten-para-intemperie\/\">Corten steel plate comes in various thicknesses; 10mm is a common thickness for both structural and decorative uses.<\/a><\/p>\n<p>Maintenance: Although Corten steel is low-maintenance due to its protective patina, it may require occasional cleaning to maintain its appearance.<\/p>\n<p>Consideraciones:<\/p>\n<p>Peso: Una placa de acero corten de 10 mm puede ser bastante pesada, as\u00ed que tenga en cuenta el peso al planificar el transporte y la instalaci\u00f3n.<br \/>\nSoldadura y corte: Puede requerir equipos y t\u00e9cnicas especializados para su manejo eficaz.<br \/>\nFluctuaciones de temperatura: Se debe tener cuidado en entornos con cambios extremos de temperatura, ya que puede afectar a la integridad del acero con el paso del tiempo.<\/p>\n<table class=\"has-title is-zebra hight-light-first-column all magic-2\">\n<tbody>\n<tr>\n<td colspan=\"1\" rowspan=\"1\">\n<div class=\"magic-19\">\n<div class=\"magic-17\" data-spm-anchor-id=\"0.0.0.i0.313f4f05QybF0h\">Material<\/div>\n<\/div>\n<\/td>\n<td colspan=\"1\" rowspan=\"1\">\n<div class=\"magic-20\">\n<div class=\"magic-17\" data-spm-anchor-id=\"0.0.0.i5.313f4f05QybF0h\">Longitud\uff08mm\uff09<\/div>\n<\/div>\n<\/td>\n<td colspan=\"1\" rowspan=\"1\">\n<div class=\"magic-21\">\n<div class=\"magic-17\" data-spm-anchor-id=\"0.0.0.i4.313f4f05QybF0h\">Anchura\uff08mm\uff09<\/div>\n<\/div>\n<\/td>\n<td colspan=\"1\" rowspan=\"1\">\n<div class=\"magic-22\">\n<div class=\"magic-17\" data-spm-anchor-id=\"0.0.0.i3.313f4f05QybF0h\">Espesor\uff08mm\uff09<\/div>\n<\/div>\n<\/td>\n<td colspan=\"1\" rowspan=\"1\">\n<div class=\"magic-22\">\n<div class=\"magic-17\" data-spm-anchor-id=\"a2700.custom-template.0.i165.48333333coqoEF\">MOQ\uff08Ton\uff09<\/div>\n<\/div>\n<\/td>\n<\/tr>\n<tr>\n<td colspan=\"1\" rowspan=\"1\">\n<div class=\"magic-19\">\n<div class=\"magic-17\" data-spm-anchor-id=\"0.0.0.i6.313f4f05QybF0h\">A588\/SPA-H\/S355J0WP<\/div>\n<\/div>\n<\/td>\n<td colspan=\"1\" rowspan=\"1\">\n<div class=\"magic-20\">\n<div class=\"magic-17\" data-spm-anchor-id=\"0.0.0.i10.313f4f05QybF0h\">personalizado\/6000<\/div>\n<\/div>\n<\/td>\n<td colspan=\"1\" rowspan=\"1\">\n<div class=\"magic-21\">\n<div class=\"magic-17\" data-spm-anchor-id=\"0.0.0.i9.313f4f05QybF0h\">personalizado\/1250<\/div>\n<\/div>\n<\/td>\n<td colspan=\"1\" rowspan=\"1\">\n<div class=\"magic-22\">\n<div class=\"magic-17\" data-spm-anchor-id=\"0.0.0.i11.313f4f05QybF0h\">1.5<\/div>\n<\/div>\n<\/td>\n<td colspan=\"1\" rowspan=\"1\">\n<div class=\"magic-22\">\n<div class=\"magic-17\" data-spm-anchor-id=\"a2700.pc-decorate.0.i77.78c43333yaLfjh\">1<\/div>\n<\/div>\n<\/td>\n<\/tr>\n<tr>\n<td colspan=\"1\" rowspan=\"1\">\n<div class=\"magic-19\">\n<div class=\"magic-17\" data-spm-anchor-id=\"0.0.0.i8.313f4f05QybF0h\">A588\/SPA-H\/S355J0WP<\/div>\n<\/div>\n<\/td>\n<td colspan=\"1\" rowspan=\"1\">\n<div class=\"magic-20\">\n<div class=\"magic-17\" data-spm-anchor-id=\"0.0.0.i1.313f4f05QybF0h\">personalizado\/6000<\/div>\n<\/div>\n<\/td>\n<td colspan=\"1\" rowspan=\"1\">\n<div class=\"magic-21\">\n<div class=\"magic-17\" data-spm-anchor-id=\"a2700.custom-template.0.i4.529f3333czw0IR\">personalizado\/1250<\/div>\n<\/div>\n<\/td>\n<td colspan=\"1\" rowspan=\"1\">\n<div class=\"magic-22\">\u00a0 \u00a0 \u00a0 \u00a0 \u00a0 \u00a0 \u00a0 \u00a0 \u00a02.0<\/div>\n<\/td>\n<td colspan=\"1\" rowspan=\"1\">\n<div class=\"magic-22\">\n<div class=\"magic-17\" data-spm-anchor-id=\"a2700.pc-decorate.0.i78.78c43333yaLfjh\">1<\/div>\n<\/div>\n<\/td>\n<\/tr>\n<tr>\n<td colspan=\"1\" rowspan=\"1\">\n<div class=\"magic-19\">\n<div class=\"magic-17\" data-spm-anchor-id=\"a2700.pc-decorate.0.i54.78c43333yaLfjh\">A588\/SPA-H\/S355J0WP<\/div>\n<\/div>\n<\/td>\n<td colspan=\"1\" rowspan=\"1\">\n<div class=\"magic-20\">\n<div class=\"magic-17\" data-spm-anchor-id=\"a2700.pc-decorate.0.i60.78c43333yaLfjh\">personalizado\/6000<\/div>\n<\/div>\n<\/td>\n<td colspan=\"1\" rowspan=\"1\">\n<div class=\"magic-21\">\n<div class=\"magic-17\" data-spm-anchor-id=\"a2700.pc-decorate.0.i66.78c43333yaLfjh\">personalizado\/1500<\/div>\n<\/div>\n<\/td>\n<td colspan=\"1\" rowspan=\"1\">\n<div class=\"magic-22\">\n<div class=\"magic-17\" data-spm-anchor-id=\"a2700.pc-decorate.0.i70.78c43333yaLfjh\">3<\/div>\n<\/div>\n<\/td>\n<td colspan=\"1\" rowspan=\"1\">\n<div class=\"magic-22\">\n<div class=\"magic-17\" data-spm-anchor-id=\"a2700.custom-template.0.i163.48333333coqoEF\">1<\/div>\n<\/div>\n<\/td>\n<\/tr>\n<tr>\n<td colspan=\"1\" rowspan=\"1\">\n<div class=\"magic-19\">\n<div class=\"magic-17\" data-spm-anchor-id=\"a2700.pc-decorate.0.i55.78c43333yaLfjh\">A588\/SPA-H\/S355J0WP<\/div>\n<\/div>\n<\/td>\n<td colspan=\"1\" rowspan=\"1\">\n<div class=\"magic-20\">\n<div class=\"magic-17\" data-spm-anchor-id=\"a2700.pc-decorate.0.i61.78c43333yaLfjh\">personalizado\/6000<\/div>\n<\/div>\n<\/td>\n<td colspan=\"1\" rowspan=\"1\">\n<div class=\"magic-21\">\n<div class=\"magic-17\" data-spm-anchor-id=\"a2700.pc-decorate.0.i67.78c43333yaLfjh\">personalizado\/1500<\/div>\n<\/div>\n<\/td>\n<td colspan=\"1\" rowspan=\"1\">\n<div class=\"magic-22\">\n<div class=\"magic-17\" data-spm-anchor-id=\"a2700.pc-decorate.0.i72.78c43333yaLfjh\">4<\/div>\n<\/div>\n<\/td>\n<td colspan=\"1\" rowspan=\"1\">\n<div class=\"magic-22\">\n<div class=\"magic-17\" data-spm-anchor-id=\"a2700.pc-decorate.0.i75.78c43333yaLfjh\">1<\/div>\n<\/div>\n<\/td>\n<\/tr>\n<tr>\n<td colspan=\"1\" rowspan=\"1\">\n<div class=\"magic-19\">\n<div class=\"magic-17\" data-spm-anchor-id=\"a2700.pc-decorate.0.i56.78c43333yaLfjh\">A588\/SPA-H\/S355J0WP<\/div>\n<\/div>\n<\/td>\n<td colspan=\"1\" rowspan=\"1\">\n<div class=\"magic-20\">\n<div class=\"magic-17\" data-spm-anchor-id=\"a2700.pc-decorate.0.i63.78c43333yaLfjh\">personalizado\/6000<\/div>\n<\/div>\n<\/td>\n<td colspan=\"1\" rowspan=\"1\">\n<div class=\"magic-21\">\n<div class=\"magic-17\" data-spm-anchor-id=\"a2700.pc-decorate.0.i68.78c43333yaLfjh\">personalizado\/1500<\/div>\n<\/div>\n<\/td>\n<td colspan=\"1\" rowspan=\"1\">\n<div class=\"magic-22\">\n<div class=\"magic-17\" data-spm-anchor-id=\"a2700.pc-decorate.0.i73.78c43333yaLfjh\">5-16<\/div>\n<\/div>\n<\/td>\n<td colspan=\"1\" rowspan=\"1\">\n<div class=\"magic-22\">\n<div class=\"magic-17\" data-spm-anchor-id=\"a2700.pc-decorate.0.i76.78c43333yaLfjh\">1<\/div>\n<\/div>\n<\/td>\n<\/tr>\n<tr>\n<td colspan=\"1\" rowspan=\"1\">\n<div class=\"magic-19\">\n<div class=\"magic-17\" data-spm-anchor-id=\"a2700.pc-decorate.0.i57.78c43333yaLfjh\">A588\/SPA-H\/S355J0WP<\/div>\n<\/div>\n<\/td>\n<td colspan=\"1\" rowspan=\"1\">\n<div class=\"magic-20\">\n<div class=\"magic-17\" data-spm-anchor-id=\"a2700.pc-decorate.0.i64.78c43333yaLfjh\">personalizado\/6000<\/div>\n<\/div>\n<\/td>\n<td colspan=\"1\" rowspan=\"1\">\n<div class=\"magic-21\">\n<div class=\"magic-17\" data-spm-anchor-id=\"a2700.pc-decorate.0.i69.78c43333yaLfjh\">personalizado\/2200<\/div>\n<\/div>\n<\/td>\n<td colspan=\"1\" rowspan=\"1\">\n<div class=\"magic-22\">\n<div class=\"magic-17\" data-spm-anchor-id=\"a2700.pc-decorate.0.i74.78c43333yaLfjh\">20-30<\/div>\n<\/div>\n<\/td>\n<td colspan=\"1\" rowspan=\"1\">\n<div class=\"magic-22\">\n<div class=\"magic-17\" data-spm-anchor-id=\"a2700.custom-template.0.i166.48333333coqoEF\">1<\/div>\n<\/div>\n<\/td>\n<\/tr>\n<tr>\n<td colspan=\"5\" rowspan=\"1\">\n<div class=\"magic-23\">\n<div class=\"magic-17\" data-spm-anchor-id=\"a2700.custom-template.0.i18.778e3333f1eekh\">Todos los productos se pueden personalizar seg\u00fan el tama\u00f1o que nos proporcione<\/div>\n<\/div>\n<\/td>\n<\/tr>\n<\/tbody>\n<\/table>\n<figure style=\"width: 579px\" class=\"wp-caption alignnone\"><a href=\"https:\/\/keweicorten.com\/es_gt\/contacto\/\"><img fetchpriority=\"high\" decoding=\"async\" title=\"Placa de acero corten de 10 mm\" src=\"https:\/\/sc04.alicdn.com\/kf\/Hd729c4f03030426381342ad18e2683b6f\/255568936\/Hd729c4f03030426381342ad18e2683b6f.jpg\" alt=\"\" width=\"579\" height=\"434\" \/><\/a><figcaption class=\"wp-caption-text\">Placa de acero corten de 10 mm<\/figcaption><\/figure>\n<figure style=\"width: 582px\" class=\"wp-caption alignnone\"><a href=\"https:\/\/keweicorten.com\/es_gt\/contacto\/\"><img decoding=\"async\" title=\"precio del acero corten\" src=\"https:\/\/sc04.alicdn.com\/kf\/H9c47b2003c4c443c985e7541f40ce4b0A\/255568936\/H9c47b2003c4c443c985e7541f40ce4b0A.jpg\" alt=\"\" width=\"582\" height=\"582\" \/><\/a><figcaption class=\"wp-caption-text\">precio del acero corten<\/figcaption><\/figure>\n<figure style=\"width: 582px\" class=\"wp-caption alignnone\"><a href=\"https:\/\/keweicorten.com\/es_gt\/a588-placa-de-acero-corten-para-intemperie\/\"><img decoding=\"async\" title=\"chapa de corten\" src=\"https:\/\/sc04.alicdn.com\/kf\/Ha244cf4bffd5462e9c1b59d18300734fg\/255568936\/Ha244cf4bffd5462e9c1b59d18300734fg.jpg\" alt=\"\" width=\"582\" height=\"436\" \/><\/a><figcaption class=\"wp-caption-text\">chapa de corten<\/figcaption><\/figure>","protected":false},"excerpt":{"rendered":"<p>El acero corten, tambi\u00e9n conocido como acero resistente a la intemperie, es un tipo de aleaci\u00f3n de acero que desarrolla un aspecto similar al \u00f3xido cuando se expone a la intemperie. Esta capa superficial de \u00f3xido protege el material subyacente de una mayor corrosi\u00f3n. Una chapa de acero corten de 10 mm se refiere a una l\u00e1mina o placa de este material de 10 mil\u00edmetros de espesor.<\/p>","protected":false},"featured_media":1247,"comment_status":"open","ping_status":"closed","template":"","meta":{"_eb_attr":"","_monsterinsights_skip_tracking":false,"_monsterinsights_sitenote_active":false,"_monsterinsights_sitenote_note":"","_monsterinsights_sitenote_category":0,"_uf_show_specific_survey":0,"_uf_disable_surveys":false},"product_brand":[],"product_cat":[21],"product_tag":[],"class_list":{"0":"post-1246","1":"product","2":"type-product","3":"status-publish","4":"has-post-thumbnail","6":"product_cat-weather-resistant-steel-plate","8":"first","9":"instock","10":"shipping-taxable","11":"product-type-simple"},"_links":{"self":[{"href":"https:\/\/keweicorten.com\/es_gt\/wp-json\/wp\/v2\/product\/1246"}],"collection":[{"href":"https:\/\/keweicorten.com\/es_gt\/wp-json\/wp\/v2\/product"}],"about":[{"href":"https:\/\/keweicorten.com\/es_gt\/wp-json\/wp\/v2\/types\/product"}],"replies":[{"embeddable":true,"href":"https:\/\/keweicorten.com\/es_gt\/wp-json\/wp\/v2\/comments?post=1246"}],"version-history":[{"count":3,"href":"https:\/\/keweicorten.com\/es_gt\/wp-json\/wp\/v2\/product\/1246\/revisions"}],"predecessor-version":[{"id":5379,"href":"https:\/\/keweicorten.com\/es_gt\/wp-json\/wp\/v2\/product\/1246\/revisions\/5379"}],"wp:featuredmedia":[{"embeddable":true,"href":"https:\/\/keweicorten.com\/es_gt\/wp-json\/wp\/v2\/media\/1247"}],"wp:attachment":[{"href":"https:\/\/keweicorten.com\/es_gt\/wp-json\/wp\/v2\/media?parent=1246"}],"wp:term":[{"taxonomy":"product_brand","embeddable":true,"href":"https:\/\/keweicorten.com\/es_gt\/wp-json\/wp\/v2\/product_brand?post=1246"},{"taxonomy":"product_cat","embeddable":true,"href":"https:\/\/keweicorten.com\/es_gt\/wp-json\/wp\/v2\/product_cat?post=1246"},{"taxonomy":"product_tag","embeddable":true,"href":"https:\/\/keweicorten.com\/es_gt\/wp-json\/wp\/v2\/product_tag?post=1246"}],"curies":[{"name":"wp","href":"https:\/\/api.w.org\/{rel}","templated":true}]}}