{"id":1308,"date":"2024-09-23T02:48:35","date_gmt":"2024-09-23T02:48:35","guid":{"rendered":"https:\/\/keweicorten.com\/?post_type=product&#038;p=1308"},"modified":"2025-01-15T06:24:20","modified_gmt":"2025-01-15T06:24:20","slug":"bebedero-de-acero-corten","status":"publish","type":"product","link":"https:\/\/keweicorten.com\/es_gt\/bebedero-de-acero-corten\/","title":{"rendered":"bebedero de acero corten"},"content":{"rendered":"<p>Los bebederos de acero corten son un complemento popular en los jardines y espacios exteriores modernos por su aspecto r\u00fastico y desgastado que se desarrolla con el tiempo. El acero, tambi\u00e9n conocido como acero resistente a la intemperie, adquiere un aspecto de \u00f3xido estable tras su exposici\u00f3n a los elementos, lo que le confiere un caracter\u00edstico color marr\u00f3n anaranjado terroso. Estos cuencos pueden servir como impresionantes puntos focales, fuentes de agua o incluso piletas para p\u00e1jaros en jardines.<\/p>\n<h2>Entre las caracter\u00edsticas de los cuencos de agua de acero corten se incluyen:<\/h2>\n<ul>\n<li><strong>Durabilidad<\/strong>: El acero corten es muy resistente a la corrosi\u00f3n, por lo que durar\u00e1 muchos a\u00f1os a la intemperie.<\/li>\n<li><strong>Atractivo est\u00e9tico<\/strong>: La superficie que se oxida de forma natural crea una p\u00e1tina vibrante que combina bien con la naturaleza y los dise\u00f1os contempor\u00e1neos.<\/li>\n<li><strong>Variedad de tama\u00f1os<\/strong>: Hay cuencos de agua de distintos tama\u00f1os, desde peque\u00f1os cuencos decorativos hasta grandes elementos que pueden formar parte de un jard\u00edn m\u00e1s amplio.<\/li>\n<li><strong>Versatilidad<\/strong>: Estos cuencos de agua de acero corten pueden utilizarse como elementos independientes, formar parte de un sistema de fuente de agua o colocarse con piedras o plantas decorativas.<\/li>\n<\/ul>\n<div class=\"J_module\">\n<div class=\"detail-decorate-json-renderer-container\">\n<div class=\"magic-1\">\n<div class=\"magic-2\">\n<div class=\"magic-3\">\n<div class=\"magic-4\"><span class=\"magic-8\"><span class=\"magic-5\" style=\"font-family: Arial;\">Los cuencos de agua de acero corten se utilizan para fogones de camping o fuentes de lluvia en jardines y patios.<span data-spm-anchor-id=\"a2700.details.0.i42.1cc76ac413SX1S\"> El material de acero corten es r\u00fastico, resistente y se cubre con una capa protectora de \u00f3xido con el paso del tiempo.<\/span><\/span><\/span><\/div>\n<\/div>\n<\/div>\n<\/div>\n<\/div>\n<\/div>\n<div class=\"J_module\">\n<div class=\"icbu-pc-images magic-10\">\n<div>\n<div class=\"flex-layout-h\">\n<div class=\"flex-layout-v magic-11\">\n<table class=\"all magic-39\">\n<tbody>\n<tr>\n<td colspan=\"1\" rowspan=\"1\">\n<div class=\"magic-40\" data-spm-anchor-id=\"a2700.details.0.i43.1cc76ac413SX1S\"><b>Nombre del producto\u00a0<\/b><\/div>\n<\/td>\n<td colspan=\"1\" rowspan=\"1\">\n<div class=\"magic-41\">Hoguera de metal<\/div>\n<\/td>\n<\/tr>\n<tr>\n<td colspan=\"1\" rowspan=\"1\">\n<div class=\"magic-40\"><b>Material\u00a0<\/b><\/div>\n<\/td>\n<td colspan=\"1\" rowspan=\"1\">\n<div class=\"magic-41\">acero corten, acero inoxidable, aluminio y acero<\/div>\n<\/td>\n<\/tr>\n<tr>\n<td colspan=\"1\" rowspan=\"1\">\n<div class=\"magic-40\"><b>Talla<\/b><\/div>\n<\/td>\n<td colspan=\"1\" rowspan=\"1\">\n<div class=\"magic-41\">60cm, 70cm, 80cm, 90cm, 100cm, 120cm, 150cm de di\u00e1metro, proporcionamos el tama\u00f1o de encargo seg\u00fan su requisito<\/div>\n<\/td>\n<\/tr>\n<tr>\n<td colspan=\"1\" rowspan=\"1\">\n<div class=\"magic-40\"><b>Espesor\u00a0<\/b><\/div>\n<\/td>\n<td colspan=\"1\" rowspan=\"1\">\n<div class=\"magic-41\">2 mm, 3 mm, 4 mm<\/div>\n<\/td>\n<\/tr>\n<tr>\n<td colspan=\"1\" rowspan=\"1\">\n<div class=\"magic-40\"><b>Acabado\u00a0<\/b><\/div>\n<\/td>\n<td colspan=\"1\" rowspan=\"1\">\n<div class=\"magic-41\">\u00a0\u00d3xido natural \/ recubrimiento en polvo negro de alta temperatura<\/div>\n<\/td>\n<\/tr>\n<tr>\n<td colspan=\"1\" rowspan=\"1\">\n<div class=\"magic-40\"><b>Embalaje<\/b><\/div>\n<\/td>\n<td colspan=\"1\" rowspan=\"1\">\n<div class=\"magic-41\">3K+ embalaje en caja dura marr\u00f3n con etiqueta de color<\/div>\n<\/td>\n<\/tr>\n<tr>\n<td colspan=\"1\" rowspan=\"1\">\n<div class=\"magic-40\"><b>Utilizaci\u00f3n<\/b><\/div>\n<\/td>\n<td colspan=\"1\" rowspan=\"1\">\n<div class=\"magic-41\">Decoraci\u00f3n del hogar y el jard\u00edn<\/div>\n<\/td>\n<\/tr>\n<\/tbody>\n<\/table>\n<\/div>\n<\/div>\n<\/div>\n<\/div>\n<\/div>","protected":false},"excerpt":{"rendered":"<p class=\"magic-47\"><span class=\"magic-43\" style=\"color: #0f0202; font-family: Georgia;\">Nuestra ventaja :<\/span><\/p>\n<p class=\"magic-47\"><span class=\"magic-43\" style=\"color: #0f0202; font-family: Georgia;\">A. Dise\u00f1os cl\u00e1sicos y la mejor calidad a precios competitivos<\/span><\/p>\n<p class=\"magic-47\"><span class=\"magic-43\" style=\"color: #0f0202; font-family: Georgia;\">B. Cientos de estilos diferentes para una amplia elecci\u00f3n<\/p>\n<p>C. colores tradicionales o imitaci\u00f3n antigua a elegir<\/p>\n<p>D. Servicio fiable con cooperaci\u00f3n r\u00e1pida y estrecha.<\/span><\/p>","protected":false},"featured_media":1309,"comment_status":"open","ping_status":"closed","template":"","meta":{"_eb_attr":"","_monsterinsights_skip_tracking":false,"_monsterinsights_sitenote_active":false,"_monsterinsights_sitenote_note":"","_monsterinsights_sitenote_category":0,"_uf_show_specific_survey":0,"_uf_disable_surveys":false},"product_brand":[],"product_cat":[54],"product_tag":[],"class_list":{"0":"post-1308","1":"product","2":"type-product","3":"status-publish","4":"has-post-thumbnail","6":"product_cat-wood-fire-pit","8":"first","9":"instock","10":"shipping-taxable","11":"product-type-simple"},"_links":{"self":[{"href":"https:\/\/keweicorten.com\/es_gt\/wp-json\/wp\/v2\/product\/1308"}],"collection":[{"href":"https:\/\/keweicorten.com\/es_gt\/wp-json\/wp\/v2\/product"}],"about":[{"href":"https:\/\/keweicorten.com\/es_gt\/wp-json\/wp\/v2\/types\/product"}],"replies":[{"embeddable":true,"href":"https:\/\/keweicorten.com\/es_gt\/wp-json\/wp\/v2\/comments?post=1308"}],"version-history":[{"count":1,"href":"https:\/\/keweicorten.com\/es_gt\/wp-json\/wp\/v2\/product\/1308\/revisions"}],"predecessor-version":[{"id":1310,"href":"https:\/\/keweicorten.com\/es_gt\/wp-json\/wp\/v2\/product\/1308\/revisions\/1310"}],"wp:featuredmedia":[{"embeddable":true,"href":"https:\/\/keweicorten.com\/es_gt\/wp-json\/wp\/v2\/media\/1309"}],"wp:attachment":[{"href":"https:\/\/keweicorten.com\/es_gt\/wp-json\/wp\/v2\/media?parent=1308"}],"wp:term":[{"taxonomy":"product_brand","embeddable":true,"href":"https:\/\/keweicorten.com\/es_gt\/wp-json\/wp\/v2\/product_brand?post=1308"},{"taxonomy":"product_cat","embeddable":true,"href":"https:\/\/keweicorten.com\/es_gt\/wp-json\/wp\/v2\/product_cat?post=1308"},{"taxonomy":"product_tag","embeddable":true,"href":"https:\/\/keweicorten.com\/es_gt\/wp-json\/wp\/v2\/product_tag?post=1308"}],"curies":[{"name":"wp","href":"https:\/\/api.w.org\/{rel}","templated":true}]}}