{"id":1338,"date":"2024-09-24T03:00:13","date_gmt":"2024-09-24T03:00:13","guid":{"rendered":"https:\/\/keweicorten.com\/?post_type=product&#038;p=1338"},"modified":"2025-01-15T06:23:24","modified_gmt":"2025-01-15T06:23:24","slug":"pantalla-decorativa-de-acero-corten","status":"publish","type":"product","link":"https:\/\/keweicorten.com\/es_gt\/pantalla-decorativa-de-acero-corten\/","title":{"rendered":"Pantalla decorativa de acero corten"},"content":{"rendered":"<p>Las pantallas decorativas de acero corten se utilizan mucho en arquitectura y paisajismo por su aspecto oxidado natural, su durabilidad y su capacidad para combinarse con los elementos exteriores. Estas pantallas decorativas de acero corten a menudo se cortan con l\u00e1ser con patrones intrincados, ofreciendo tanto funcionalidad como un fuerte atractivo visual. Con el tiempo, el acero corten adquiere una p\u00e1tina protectora y desgastada que le confiere un aspecto terroso y org\u00e1nico que realza el espacio circundante.<\/p>\n<h2>Caracter\u00edsticas de las pantallas decorativas de acero corten:<\/h2>\n<p>1. Resistencia a la intemperie: El acero corten est\u00e1 dise\u00f1ado para resistir a la intemperie y envejecer maravillosamente, formando una capa protectora de \u00f3xido que impide una corrosi\u00f3n m\u00e1s profunda.<br \/>\n2. Personalizaci\u00f3n: La tecnolog\u00eda de corte por l\u00e1ser permite patrones muy detallados e intrincados. Los dise\u00f1os m\u00e1s populares son:<br \/>\nFormas geom\u00e9tricas<br \/>\nMotivos bot\u00e1nicos (hojas, flores)<br \/>\nArte abstracto<br \/>\nMotivos culturales o tradicionales<br \/>\nFuncionales y est\u00e9ticos: Estas pantallas decorativas de acero corten pueden servir como elementos tanto decorativos como pr\u00e1cticos. Pueden proporcionar privacidad, actuar como cortavientos o servir de tel\u00f3n de fondo para el paisajismo, todo ello a\u00f1adiendo un toque art\u00edstico.<br \/>\nBajo mantenimiento: Despu\u00e9s de desarrollar la p\u00e1tina deseada, el acero corten requiere muy poco mantenimiento, por lo que es una soluci\u00f3n duradera y duradera para la decoraci\u00f3n de exteriores.<br \/>\nSostenibilidad: El acero corten es respetuoso con el medio ambiente porque es 100% reciclable, lo que lo convierte en una opci\u00f3n sostenible para la construcci\u00f3n y el dise\u00f1o.<\/p>\n<h2>\u00a0Aplicaciones:<\/h2>\n<p>Separadores de jard\u00edn: Funcionan bien para separar espacios del jard\u00edn u ocultar zonas antiest\u00e9ticas (como las cajas de servicios) manteniendo una est\u00e9tica org\u00e1nica.<br \/>\nPaneles de pared: Como paneles de pared exterior o interior, aportan textura y profundidad a cualquier proyecto arquitect\u00f3nico.<br \/>\nCercados: Pueden crear elegantes opciones de vallado tanto para espacios residenciales como comerciales.<br \/>\nCaracter\u00edsticas de iluminaci\u00f3n: Los dise\u00f1os recortados permiten el paso de la luz, proyectando sombras interesantes y convirti\u00e9ndolos en una gran elecci\u00f3n para efectos de iluminaci\u00f3n ambiental.<\/p>\n<figure style=\"width: 696px\" class=\"wp-caption alignnone\"><a href=\"https:\/\/keweicorten.com\/es_gt\/productos\/\"><img fetchpriority=\"high\" decoding=\"async\" title=\"Tabique \" src=\"https:\/\/sc04.alicdn.com\/kf\/H4df5cef3da1544f3880850cf79b606a88\/276435419\/H4df5cef3da1544f3880850cf79b606a88.jpg\" alt=\"\" width=\"696\" height=\"696\" \/><\/a><figcaption class=\"wp-caption-text\">Tabique<\/figcaption><\/figure>\n<figure style=\"width: 698px\" class=\"wp-caption alignnone\"><a href=\"https:\/\/keweicorten.com\/es_gt\/product\/pantallas-de-jardin-de-corten\/\"><img decoding=\"async\" title=\"pantalla met\u00e1lica de acero corten\" src=\"https:\/\/sc02.alicdn.com\/kf\/HTB1vuNWXbYI8KJjy0Faq6zAiVXaA\/227652262\/HTB1vuNWXbYI8KJjy0Faq6zAiVXaA.jpg\" alt=\"\" width=\"698\" height=\"495\" \/><\/a><figcaption class=\"wp-caption-text\">pantalla met\u00e1lica de acero corten<\/figcaption><\/figure>","protected":false},"excerpt":{"rendered":"<table class=\"all magic-4\" style=\"height: 148px;\" width=\"392\">\n<tbody>\n<tr>\n<td colspan=\"1\" rowspan=\"1\">\n<div class=\"magic-5\" data-spm-anchor-id=\"a2700.details.0.i38.b14314aab64Y8q\">Nombre del producto<\/div>\n<\/td>\n<td colspan=\"4\" rowspan=\"1\">\n<div class=\"magic-6\">Panel met\u00e1lico de pared exterior Paneles de pantalla de acero corten cortados por l\u00e1ser<\/div>\n<\/td>\n<\/tr>\n<tr>\n<td colspan=\"1\" rowspan=\"1\">\n<div class=\"magic-5\">Material<\/div>\n<\/td>\n<td colspan=\"4\" rowspan=\"1\">\n<div class=\"magic-6\">Acero corten, acero inoxidable<\/div>\n<\/td>\n<\/tr>\n<tr>\n<td colspan=\"1\" rowspan=\"1\">\n<div class=\"magic-5\">Talla<\/div>\n<\/td>\n<td colspan=\"4\" rowspan=\"1\">\n<div class=\"magic-6\">1800*900mm,2mm de grosor o personalizado<\/div>\n<\/td>\n<\/tr>\n<tr>\n<td colspan=\"1\" rowspan=\"1\">\n<div class=\"magic-5\">Superficie<\/div>\n<\/td>\n<td colspan=\"4\" rowspan=\"1\">\n<div class=\"magic-6\">\u00a0preoxidado<\/div>\n<\/td>\n<\/tr>\n<tr>\n<td colspan=\"1\" rowspan=\"1\">\n<div class=\"magic-5\">Tecnolog\u00eda<\/div>\n<\/td>\n<td colspan=\"4\" rowspan=\"1\">\n<div class=\"magic-6\">\u00a0Corte por l\u00e1ser, plegado, punzonado, soldadura, intemperie<\/div>\n<\/td>\n<\/tr>\n<tr>\n<td colspan=\"1\" rowspan=\"1\">\n<div class=\"magic-5\">Aplicaci\u00f3n<\/div>\n<\/td>\n<td colspan=\"4\" rowspan=\"1\">\n<div class=\"magic-9\">Decoraci\u00f3n de exteriores o patios<\/div>\n<\/td>\n<\/tr>\n<\/tbody>\n<\/table>","protected":false},"featured_media":1339,"comment_status":"open","ping_status":"closed","template":"","meta":{"_eb_attr":"","_monsterinsights_skip_tracking":false,"_monsterinsights_sitenote_active":false,"_monsterinsights_sitenote_note":"","_monsterinsights_sitenote_category":0,"_uf_show_specific_survey":0,"_uf_disable_surveys":false},"product_brand":[],"product_cat":[57],"product_tag":[],"class_list":{"0":"post-1338","1":"product","2":"type-product","3":"status-publish","4":"has-post-thumbnail","6":"product_cat-screen-panel","8":"first","9":"instock","10":"shipping-taxable","11":"product-type-simple"},"_links":{"self":[{"href":"https:\/\/keweicorten.com\/es_gt\/wp-json\/wp\/v2\/product\/1338"}],"collection":[{"href":"https:\/\/keweicorten.com\/es_gt\/wp-json\/wp\/v2\/product"}],"about":[{"href":"https:\/\/keweicorten.com\/es_gt\/wp-json\/wp\/v2\/types\/product"}],"replies":[{"embeddable":true,"href":"https:\/\/keweicorten.com\/es_gt\/wp-json\/wp\/v2\/comments?post=1338"}],"version-history":[{"count":1,"href":"https:\/\/keweicorten.com\/es_gt\/wp-json\/wp\/v2\/product\/1338\/revisions"}],"predecessor-version":[{"id":1340,"href":"https:\/\/keweicorten.com\/es_gt\/wp-json\/wp\/v2\/product\/1338\/revisions\/1340"}],"wp:featuredmedia":[{"embeddable":true,"href":"https:\/\/keweicorten.com\/es_gt\/wp-json\/wp\/v2\/media\/1339"}],"wp:attachment":[{"href":"https:\/\/keweicorten.com\/es_gt\/wp-json\/wp\/v2\/media?parent=1338"}],"wp:term":[{"taxonomy":"product_brand","embeddable":true,"href":"https:\/\/keweicorten.com\/es_gt\/wp-json\/wp\/v2\/product_brand?post=1338"},{"taxonomy":"product_cat","embeddable":true,"href":"https:\/\/keweicorten.com\/es_gt\/wp-json\/wp\/v2\/product_cat?post=1338"},{"taxonomy":"product_tag","embeddable":true,"href":"https:\/\/keweicorten.com\/es_gt\/wp-json\/wp\/v2\/product_tag?post=1338"}],"curies":[{"name":"wp","href":"https:\/\/api.w.org\/{rel}","templated":true}]}}