{"id":1356,"date":"2024-09-24T07:39:02","date_gmt":"2024-09-24T07:39:02","guid":{"rendered":"https:\/\/keweicorten.com\/?post_type=product&#038;p=1356"},"modified":"2024-09-24T07:39:02","modified_gmt":"2024-09-24T07:39:02","slug":"astm-a242-chapas-de-acero-corten","status":"publish","type":"product","link":"https:\/\/keweicorten.com\/es_gt\/astm-a242-chapas-de-acero-corten\/","title":{"rendered":"ASTM A242 Chapas de acero corten"},"content":{"rendered":"<p>Las chapas de acero corten ASTM A242 son un acero de alta resistencia y baja aleaci\u00f3n com\u00fanmente denominado acero corten. Est\u00e1 dise\u00f1ado para tener mejores propiedades de resistencia a la corrosi\u00f3n, especialmente en condiciones atmosf\u00e9ricas, en comparaci\u00f3n con los aceros al carbono est\u00e1ndar. ASTM A242 Corten Steel Sheets se logra a trav\u00e9s de su composici\u00f3n qu\u00edmica \u00fanica, que forma una apariencia de \u00f3xido estable despu\u00e9s de la exposici\u00f3n a la intemperie, protegiendo el acero de la corrosi\u00f3n adicional.<\/p>\n<h2>Caracter\u00edsticas de las chapas de acero corten ASTM A242:<\/h2>\n<ol>\n<li><strong>Resistencia a la corrosi\u00f3n<\/strong>: Desarrolla una capa protectora de \u00f3xido (p\u00e1tina) cuando se expone a la intemperie, lo que impide que se siga oxidando.<\/li>\n<li><strong>Alta resistencia<\/strong>: Tiene una buena resistencia a la tracci\u00f3n, por lo que es adecuado para aplicaciones estructurales.<\/li>\n<li><strong>Durabilidad<\/strong>: Resiste condiciones clim\u00e1ticas adversas, por lo que es ideal para su uso en exteriores, como fachadas arquitect\u00f3nicas, esculturas y hogueras de jard\u00edn.<\/li>\n<\/ol>\n<figure style=\"width: 650px\" class=\"wp-caption alignnone\"><a href=\"https:\/\/keweicorten.com\/es_gt\"><img fetchpriority=\"high\" decoding=\"async\" title=\"chapas de corten\" src=\"https:\/\/image.made-in-china.com\/2f0j00LkoVQuIcOqRb\/ASTM-A242-Steel-Corten-a-Provides-ASTM-A242-Steel-Plate-and-Customized-Steel-Profiles.jpg\" alt=\"ASTM A242 Acero Corten a Proporciona placa de acero ASTM A242 y ...\" width=\"650\" height=\"650\" \/><\/a><figcaption class=\"wp-caption-text\">chapas de corten<\/figcaption><\/figure>\n<figure style=\"width: 651px\" class=\"wp-caption alignnone\"><a href=\"https:\/\/keweicorten.com\/es_gt\"><img decoding=\"async\" title=\"chapa corten\" src=\"https:\/\/www.amardeepsteel.com\/images\/corten-steel-irsm-41-97-steel-plates.jpg\" alt=\"IRSM 41-97 Proveedor de chapas y hojas de acero corten\" width=\"651\" height=\"367\" \/><\/a><figcaption class=\"wp-caption-text\">chapa corten<\/figcaption><\/figure>\n<table style=\"height: 285px;\" border=\"1\" width=\"959\" cellspacing=\"1\" cellpadding=\"1\">\n<tbody>\n<tr>\n<td>Tipo de tubo de acero<\/td>\n<td>Tubo soldado con costura recta Tubo de acero cs para material de construcci\u00f3n<\/td>\n<\/tr>\n<tr>\n<td>Di\u00e1metro exterior (mm)<\/td>\n<td>10,3-1219 mm<\/td>\n<\/tr>\n<tr>\n<td>Espesor de pared (mm)<\/td>\n<td>1,5-30 mm<\/td>\n<\/tr>\n<tr>\n<td>Longitud<\/td>\n<td>Longitud aleatoria: 5-12 m<\/td>\n<\/tr>\n<tr>\n<td>Est\u00e1ndar<\/td>\n<td>API5L , ASTM A106 Gr.B, ASTM A53 Gr.B,<br \/>\nASTMA179\/A192\/A213\/A210\/370WP91,WP11,WP22 GB5310-2009,GB3087-2008,GB6479-2013,GB9948-2013,<br \/>\nGB\/T8163-2008, GB8162-2008,GB\/T17396-2009<\/td>\n<\/tr>\n<tr>\n<td>Material<\/td>\n<td>20#, A53B, A106B, API 5L<br \/>\nST37.0,ST35.8,St37.2,St35.4\/8,St42,St45,St52,St52.4<br \/>\nSTP G38,STP G42,STPT42,STB42,STS42,STPT49,STS49<\/td>\n<\/tr>\n<tr>\n<td>Superficie<\/td>\n<td>Pintura negra, barniz, aceite antioxidante, galvanizado en caliente, galvanizado en fr\u00edo, 3PE, etc.<\/td>\n<\/tr>\n<tr>\n<td>Embalaje<\/td>\n<td>Embalaje suelto, embalado en paquetes (3 toneladas m\u00e1x.), tubos agrupados con dos eslingas en ambos extremos para facilitar la carga y descarga, Extremo<br \/>\ncon tapones de pl\u00e1stico o seg\u00fan las necesidades<\/td>\n<\/tr>\n<tr>\n<td>Aplicaci\u00f3n<\/td>\n<td>API5L ISO 9001:2008 TUV SGS BV etc.<\/td>\n<\/tr>\n<\/tbody>\n<\/table>","protected":false},"excerpt":{"rendered":"<p>10mm de espesor a242 chapa de acero corten ASTM A242 chapas de acero corten<\/p>\n<p>&nbsp;<\/p>\n<div><\/div>","protected":false},"featured_media":1357,"comment_status":"open","ping_status":"closed","template":"","meta":{"_eb_attr":"","_monsterinsights_skip_tracking":false,"_monsterinsights_sitenote_active":false,"_monsterinsights_sitenote_note":"","_monsterinsights_sitenote_category":0,"_uf_show_specific_survey":0,"_uf_disable_surveys":false},"product_brand":[],"product_cat":[21],"product_tag":[],"class_list":{"0":"post-1356","1":"product","2":"type-product","3":"status-publish","4":"has-post-thumbnail","6":"product_cat-weather-resistant-steel-plate","8":"first","9":"instock","10":"shipping-taxable","11":"product-type-simple"},"_links":{"self":[{"href":"https:\/\/keweicorten.com\/es_gt\/wp-json\/wp\/v2\/product\/1356"}],"collection":[{"href":"https:\/\/keweicorten.com\/es_gt\/wp-json\/wp\/v2\/product"}],"about":[{"href":"https:\/\/keweicorten.com\/es_gt\/wp-json\/wp\/v2\/types\/product"}],"replies":[{"embeddable":true,"href":"https:\/\/keweicorten.com\/es_gt\/wp-json\/wp\/v2\/comments?post=1356"}],"version-history":[{"count":1,"href":"https:\/\/keweicorten.com\/es_gt\/wp-json\/wp\/v2\/product\/1356\/revisions"}],"predecessor-version":[{"id":1358,"href":"https:\/\/keweicorten.com\/es_gt\/wp-json\/wp\/v2\/product\/1356\/revisions\/1358"}],"wp:featuredmedia":[{"embeddable":true,"href":"https:\/\/keweicorten.com\/es_gt\/wp-json\/wp\/v2\/media\/1357"}],"wp:attachment":[{"href":"https:\/\/keweicorten.com\/es_gt\/wp-json\/wp\/v2\/media?parent=1356"}],"wp:term":[{"taxonomy":"product_brand","embeddable":true,"href":"https:\/\/keweicorten.com\/es_gt\/wp-json\/wp\/v2\/product_brand?post=1356"},{"taxonomy":"product_cat","embeddable":true,"href":"https:\/\/keweicorten.com\/es_gt\/wp-json\/wp\/v2\/product_cat?post=1356"},{"taxonomy":"product_tag","embeddable":true,"href":"https:\/\/keweicorten.com\/es_gt\/wp-json\/wp\/v2\/product_tag?post=1356"}],"curies":[{"name":"wp","href":"https:\/\/api.w.org\/{rel}","templated":true}]}}