{"id":1553,"date":"2024-09-27T02:16:32","date_gmt":"2024-09-27T02:16:32","guid":{"rendered":"https:\/\/keweicorten.com\/?post_type=product&#038;p=1553"},"modified":"2024-09-27T02:16:32","modified_gmt":"2024-09-27T02:16:32","slug":"chapa-q235nh","status":"publish","type":"product","link":"https:\/\/keweicorten.com\/es_gt\/chapa-q235nh\/","title":{"rendered":"Placa Q235NH"},"content":{"rendered":"<p>Q235NH placa es resistente a la corrosi\u00f3n atmosf\u00e9rica de acero laminado en caliente continua, tambi\u00e9n conocido como acero Cowden, acero resistente a la corrosi\u00f3n<\/p>\n<p>Estado de suministro de la chapa de acero Q235NH: laminado en caliente, laminado controlado o estado de normalizaci\u00f3n<\/p>\n<p>Las especificaciones:<br \/>\nEspesor: 3mm-150mm<br \/>\nAnchura: 30 mm-4000 mm<br \/>\nLongitud: 1000mm-12000mm<br \/>\nEst\u00e1ndar: ASTM EN10025 JIS GB<\/p>\n<h2>Composici\u00f3n qu\u00edmica de la chapa Q235NH:<\/h2>\n<table data-draft-node=\"block\" data-draft-type=\"table\" data-size=\"normal\" data-row-style=\"normal\">\n<tbody>\n<tr>\n<td>Marca<\/td>\n<td>C<\/td>\n<td>Si<\/td>\n<td>Mn<\/td>\n<td>P<\/td>\n<td>S<\/td>\n<td>Cu<\/td>\n<td>Cr<\/td>\n<td>Ni<\/td>\n<\/tr>\n<tr>\n<td>Q235NH<\/td>\n<td>\u22640.13<\/td>\n<td>0.10-0.40<\/td>\n<td>0.20-0.60<\/td>\n<td>\u22640.030<\/td>\n<td>\u22640.030<\/td>\n<td>0.25-0.55<\/td>\n<td>0.40-0.80<\/td>\n<td>\u22640.65<\/td>\n<\/tr>\n<\/tbody>\n<\/table>\n<p>Propiedades mec\u00e1nicas de la chapa Q235NH:<\/p>\n<table style=\"height: 64px;\" width=\"592\" data-draft-node=\"block\" data-draft-type=\"table\" data-size=\"normal\" data-row-style=\"normal\">\n<tbody>\n<tr>\n<td>Marca<\/td>\n<td>L\u00edmite el\u00e1stico<\/td>\n<td>Resistencia a la tracci\u00f3n Rm<\/td>\n<td>Alargamiento tras fractura A50mm%<\/td>\n<\/tr>\n<tr>\n<td>Q235NH<\/td>\n<td>\u2265235MPa<\/td>\n<td>360-510<\/td>\n<td>\u226525<\/td>\n<\/tr>\n<\/tbody>\n<\/table>\n<p>&nbsp;<\/p>\n<p><a href=\"https:\/\/keweicorten.com\/es_gt\"><img fetchpriority=\"high\" decoding=\"async\" class=\"alignnone\" title=\"Q235nh Resistencia a la intemperie\" src=\"https:\/\/th.bing.com\/th\/id\/OIP.e_2IU6yvCMdIJAM39GeUXwHaHa?rs=1&amp;pid=ImgDetMain\" alt=\"Tablero de fibrocemento ranurado resistente a la intemperie Q235nh\" width=\"550\" height=\"550\" \/><\/a><\/p>\n<p><a href=\"https:\/\/keweicorten.com\/es_gt\/contacto\/\"><img decoding=\"async\" class=\"alignnone\" title=\"chapa de acero corten\" src=\"https:\/\/th.bing.com\/th\/id\/OIP.F6D_oA8vdxqhLeEMwnmSIQHaHa?rs=1&amp;pid=ImgDetMain\" alt=\"Q235nh Resistente a la intemperie ranurado tablero de fibrocemento a la intemperie\" width=\"549\" height=\"549\" \/><\/a><\/p>","protected":false},"excerpt":{"rendered":"<p>El acero Q235NH para intemperie ofrece soluciones de calidad para el sector de la construcci\u00f3n con una excelente resistencia a la corrosi\u00f3n y solidez. Obtenga m\u00e1s informaci\u00f3n para contribuir al \u00e9xito de su proyecto.<\/p>","protected":false},"featured_media":1554,"comment_status":"open","ping_status":"closed","template":"","meta":{"_eb_attr":"","_monsterinsights_skip_tracking":false,"_monsterinsights_sitenote_active":false,"_monsterinsights_sitenote_note":"","_monsterinsights_sitenote_category":0,"_uf_show_specific_survey":0,"_uf_disable_surveys":false},"product_brand":[],"product_cat":[21],"product_tag":[],"class_list":{"0":"post-1553","1":"product","2":"type-product","3":"status-publish","4":"has-post-thumbnail","6":"product_cat-weather-resistant-steel-plate","8":"first","9":"instock","10":"shipping-taxable","11":"product-type-simple"},"_links":{"self":[{"href":"https:\/\/keweicorten.com\/es_gt\/wp-json\/wp\/v2\/product\/1553"}],"collection":[{"href":"https:\/\/keweicorten.com\/es_gt\/wp-json\/wp\/v2\/product"}],"about":[{"href":"https:\/\/keweicorten.com\/es_gt\/wp-json\/wp\/v2\/types\/product"}],"replies":[{"embeddable":true,"href":"https:\/\/keweicorten.com\/es_gt\/wp-json\/wp\/v2\/comments?post=1553"}],"version-history":[{"count":1,"href":"https:\/\/keweicorten.com\/es_gt\/wp-json\/wp\/v2\/product\/1553\/revisions"}],"predecessor-version":[{"id":1555,"href":"https:\/\/keweicorten.com\/es_gt\/wp-json\/wp\/v2\/product\/1553\/revisions\/1555"}],"wp:featuredmedia":[{"embeddable":true,"href":"https:\/\/keweicorten.com\/es_gt\/wp-json\/wp\/v2\/media\/1554"}],"wp:attachment":[{"href":"https:\/\/keweicorten.com\/es_gt\/wp-json\/wp\/v2\/media?parent=1553"}],"wp:term":[{"taxonomy":"product_brand","embeddable":true,"href":"https:\/\/keweicorten.com\/es_gt\/wp-json\/wp\/v2\/product_brand?post=1553"},{"taxonomy":"product_cat","embeddable":true,"href":"https:\/\/keweicorten.com\/es_gt\/wp-json\/wp\/v2\/product_cat?post=1553"},{"taxonomy":"product_tag","embeddable":true,"href":"https:\/\/keweicorten.com\/es_gt\/wp-json\/wp\/v2\/product_tag?post=1553"}],"curies":[{"name":"wp","href":"https:\/\/api.w.org\/{rel}","templated":true}]}}