{"id":1575,"date":"2024-09-27T07:50:11","date_gmt":"2024-09-27T07:50:11","guid":{"rendered":"https:\/\/keweicorten.com\/?post_type=product&#038;p=1575"},"modified":"2024-09-27T07:50:11","modified_gmt":"2024-09-27T07:50:11","slug":"chapa-astm-a588","status":"publish","type":"product","link":"https:\/\/keweicorten.com\/es_gt\/chapa-astm-a588\/","title":{"rendered":"chapa astm A588"},"content":{"rendered":"<p>Placa de acero ASTM A588 Caracter\u00edsticas:<\/p>\n<p>Resistencia a la intemperie: El acero A588 tiene una excelente resistencia a la corrosi\u00f3n y puede formar una capa protectora de \u00f3xido en el ambiente exterior, frenando as\u00ed la corrosi\u00f3n posterior.<\/p>\n<p>Alta resistencia: El material tiene una alta resistencia a la tracci\u00f3n y al l\u00edmite el\u00e1stico, por lo que es adecuado para soportar grandes cargas.<\/p>\n<p>Soldabilidad: La placa de acero A588 tiene buena soldabilidad y puede ser utilizada en una variedad de m\u00e9todos de soldadura.<\/p>\n<p>Maquinabilidad: El material es f\u00e1cil de cortar, formar y procesar, adecuado para diferentes procesos de fabricaci\u00f3n.<\/p>\n<p>Resistencia al calor: Puede mantener buenas propiedades mec\u00e1nicas en ambientes de alta temperatura.<\/p>\n<p>Est\u00e9tica: Su aspecto oxidado natural proporciona un efecto est\u00e9tico \u00fanico para la arquitectura y el paisajismo.<\/p>\n<p>&nbsp;<\/p>\n<p>Normas ASTM:<\/p>\n<p>A6\/A6M Especificaci\u00f3n de requisitos generales para barras, chapas, perfiles y tablestacas laminadas de acero estructural.<\/p>\n<p>G101 Gu\u00eda para estimar la resistencia a la corrosi\u00f3n atmosf\u00e9rica de los aceros de baja aleaci\u00f3n<\/p>\n<p><a href=\"https:\/\/keweicorten.com\/es_gt\/contacto\/\"><img fetchpriority=\"high\" decoding=\"async\" class=\"alignnone\" title=\"Placa de acero ASTM A588 Corten \" src=\"https:\/\/www.gescosteel.com\/photo\/ps32365646-astm_a588_corten_steel_plate.jpg\" alt=\"ASTM A588 Placa de acero corten F\u00e1brica,china,precio,fabricantes-keweicorten\" width=\"700\" height=\"499\" \/><\/a><\/p>\n<p><a href=\"https:\/\/keweicorten.com\/es_gt\/contacto\/\"><img decoding=\"async\" class=\"alignnone\" title=\"Placas ASTM A588\" src=\"https:\/\/www.cortensteels.com\/uploads\/202130314\/weather-resistance-astm-a588-plates33271787318.jpg\" alt=\"China Resistencia a la intemperie ASTM A588 Placas Fabricantes, Proveedores -keweicorten\" width=\"700\" height=\"700\" \/><\/a><\/p>","protected":false},"excerpt":{"rendered":"<p>La ASTM A588 es una chapa de acero estructural de alta resistencia y baja aleaci\u00f3n que se utiliza habitualmente en aplicaciones exteriores como puentes y edificios. Esta placa es muy resistente a la corrosi\u00f3n y tiene una excelente relaci\u00f3n resistencia-peso, por lo que es ideal para entornos dif\u00edciles y condiciones clim\u00e1ticas extremas.<\/p>","protected":false},"featured_media":1576,"comment_status":"open","ping_status":"closed","template":"","meta":{"_eb_attr":"","_monsterinsights_skip_tracking":false,"_monsterinsights_sitenote_active":false,"_monsterinsights_sitenote_note":"","_monsterinsights_sitenote_category":0,"_uf_show_specific_survey":0,"_uf_disable_surveys":false},"product_brand":[],"product_cat":[21],"product_tag":[],"class_list":{"0":"post-1575","1":"product","2":"type-product","3":"status-publish","4":"has-post-thumbnail","6":"product_cat-weather-resistant-steel-plate","8":"first","9":"instock","10":"shipping-taxable","11":"product-type-simple"},"_links":{"self":[{"href":"https:\/\/keweicorten.com\/es_gt\/wp-json\/wp\/v2\/product\/1575"}],"collection":[{"href":"https:\/\/keweicorten.com\/es_gt\/wp-json\/wp\/v2\/product"}],"about":[{"href":"https:\/\/keweicorten.com\/es_gt\/wp-json\/wp\/v2\/types\/product"}],"replies":[{"embeddable":true,"href":"https:\/\/keweicorten.com\/es_gt\/wp-json\/wp\/v2\/comments?post=1575"}],"version-history":[{"count":1,"href":"https:\/\/keweicorten.com\/es_gt\/wp-json\/wp\/v2\/product\/1575\/revisions"}],"predecessor-version":[{"id":1577,"href":"https:\/\/keweicorten.com\/es_gt\/wp-json\/wp\/v2\/product\/1575\/revisions\/1577"}],"wp:featuredmedia":[{"embeddable":true,"href":"https:\/\/keweicorten.com\/es_gt\/wp-json\/wp\/v2\/media\/1576"}],"wp:attachment":[{"href":"https:\/\/keweicorten.com\/es_gt\/wp-json\/wp\/v2\/media?parent=1575"}],"wp:term":[{"taxonomy":"product_brand","embeddable":true,"href":"https:\/\/keweicorten.com\/es_gt\/wp-json\/wp\/v2\/product_brand?post=1575"},{"taxonomy":"product_cat","embeddable":true,"href":"https:\/\/keweicorten.com\/es_gt\/wp-json\/wp\/v2\/product_cat?post=1575"},{"taxonomy":"product_tag","embeddable":true,"href":"https:\/\/keweicorten.com\/es_gt\/wp-json\/wp\/v2\/product_tag?post=1575"}],"curies":[{"name":"wp","href":"https:\/\/api.w.org\/{rel}","templated":true}]}}