{"id":1581,"date":"2024-09-27T08:37:55","date_gmt":"2024-09-27T08:37:55","guid":{"rendered":"https:\/\/keweicorten.com\/?post_type=product&#038;p=1581"},"modified":"2025-01-15T06:21:36","modified_gmt":"2025-01-15T06:21:36","slug":"lampara-corten","status":"publish","type":"product","link":"https:\/\/keweicorten.com\/es_gt\/lampara-corten\/","title":{"rendered":"L\u00e1mparas Corten"},"content":{"rendered":"<p>Las l\u00e1mparas de acero corten son una gran elecci\u00f3n para la decoraci\u00f3n de exteriores e interiores, ya que combinan durabilidad con una est\u00e9tica oxidada \u00fanica. Pueden venir en varias formas, tales como:<\/p>\n<ol>\n<li><strong>Apliques de pared<\/strong>: Perfecto para paredes exteriores o patios.<\/li>\n<li><strong>L\u00e1mparas de mesa<\/strong>: Adecuado para zonas de comedor o sal\u00f3n al aire libre.<\/li>\n<li><strong>L\u00e1mparas de pie<\/strong>: Ideal para a\u00f1adir altura e inter\u00e9s a jardines o caminos.<\/li>\n<li><strong>Luces de poste<\/strong>: Ideal para iluminar entradas o caminos.<\/li>\n<li><strong>L\u00e1mparas colgantes<\/strong>: Perfecto para patios cubiertos o p\u00e9rgolas.<\/li>\n<\/ol>\n<p>Las l\u00e1mparas de acero corten pueden variar en potencia en funci\u00f3n del tipo de fuente de luz utilizada. A continuaci\u00f3n se indican algunas potencias habituales para distintos tipos de l\u00e1mparas:<\/p>\n<ol>\n<li><strong>L\u00e1mparas LED<\/strong>: Normalmente oscilan entre 5W y 20W, ofreciendo eficiencia energ\u00e9tica y larga vida \u00fatil.<\/li>\n<li><strong>L\u00e1mparas incandescentes<\/strong>: Suelen oscilar entre 40 y 100 W, aunque son menos eficientes energ\u00e9ticamente.<\/li>\n<li><strong>L\u00e1mparas hal\u00f3genas<\/strong>: Suelen oscilar entre 20 y 70 W y proporcionan una luz brillante pero con una vida \u00fatil m\u00e1s corta que los LED.<\/li>\n<\/ol>\n<table border=\"1\">\n<tbody>\n<tr>\n<td><span data-spm-anchor-id=\"a2700.details.0.i39.446e5956BnWvBb\">Nombre del producto<\/span><\/td>\n<td>Al aire libre a prueba de agua moderna luz del c\u00e9sped de acero corten paisaje bolardo de luz<\/td>\n<\/tr>\n<tr>\n<td>Cuerpo principal Materia prima<\/td>\n<td data-spm-anchor-id=\"a2700.details.0.i43.446e5956BnWvBb\">Acero corten<\/td>\n<\/tr>\n<tr>\n<td>El poder de los LED<\/td>\n<td>10W, 12W<\/td>\n<\/tr>\n<tr>\n<td>IP Grdae<\/td>\n<td>IP65, IP66<\/td>\n<\/tr>\n<tr>\n<td>Color de la superficie<\/td>\n<td>Oxidado o personalizado<\/td>\n<\/tr>\n<tr>\n<td>Tipo<\/td>\n<td>Aceptar personalizado<\/td>\n<\/tr>\n<\/tbody>\n<\/table>\n<p>&nbsp;<\/p>\n<p><img fetchpriority=\"high\" decoding=\"async\" class=\"\" src=\"https:\/\/sc04.alicdn.com\/kf\/H46bf762d9ea04031942f9e37b56d1eebI\/255157415\/H46bf762d9ea04031942f9e37b56d1eebI.jpg\" width=\"599\" height=\"599\" \/><\/p>\n<p><img decoding=\"async\" class=\"\" src=\"https:\/\/sc04.alicdn.com\/kf\/Hdad8686d076d4158871c35c4c66c1fb7s\/252624420\/Hdad8686d076d4158871c35c4c66c1fb7s.jpg\" alt=\"Al aire libre a prueba de agua moderna luz del c\u00e9sped de acero corten paisaje bolardo de luz\" width=\"599\" height=\"400\" \/><\/p>\n<p>&nbsp;<\/p>","protected":false},"excerpt":{"rendered":"<p>Las l\u00e1mparas de acero corten son un bello complemento para cualquier espacio, ya que a\u00f1aden un toque de elegancia moderna y estilo industrial. Fabricadas en acero corten, estas l\u00e1mparas tienen un aspecto r\u00fastico \u00fanico que complementar\u00e1 una gran variedad de estilos de decoraci\u00f3n.<\/p>","protected":false},"featured_media":1582,"comment_status":"open","ping_status":"closed","template":"","meta":{"_eb_attr":"","_monsterinsights_skip_tracking":false,"_monsterinsights_sitenote_active":false,"_monsterinsights_sitenote_note":"","_monsterinsights_sitenote_category":0,"_uf_show_specific_survey":0,"_uf_disable_surveys":false},"product_brand":[],"product_cat":[61],"product_tag":[],"class_list":{"0":"post-1581","1":"product","2":"type-product","3":"status-publish","4":"has-post-thumbnail","6":"product_cat-light-post","8":"first","9":"instock","10":"shipping-taxable","11":"product-type-simple"},"_links":{"self":[{"href":"https:\/\/keweicorten.com\/es_gt\/wp-json\/wp\/v2\/product\/1581"}],"collection":[{"href":"https:\/\/keweicorten.com\/es_gt\/wp-json\/wp\/v2\/product"}],"about":[{"href":"https:\/\/keweicorten.com\/es_gt\/wp-json\/wp\/v2\/types\/product"}],"replies":[{"embeddable":true,"href":"https:\/\/keweicorten.com\/es_gt\/wp-json\/wp\/v2\/comments?post=1581"}],"version-history":[{"count":1,"href":"https:\/\/keweicorten.com\/es_gt\/wp-json\/wp\/v2\/product\/1581\/revisions"}],"predecessor-version":[{"id":1583,"href":"https:\/\/keweicorten.com\/es_gt\/wp-json\/wp\/v2\/product\/1581\/revisions\/1583"}],"wp:featuredmedia":[{"embeddable":true,"href":"https:\/\/keweicorten.com\/es_gt\/wp-json\/wp\/v2\/media\/1582"}],"wp:attachment":[{"href":"https:\/\/keweicorten.com\/es_gt\/wp-json\/wp\/v2\/media?parent=1581"}],"wp:term":[{"taxonomy":"product_brand","embeddable":true,"href":"https:\/\/keweicorten.com\/es_gt\/wp-json\/wp\/v2\/product_brand?post=1581"},{"taxonomy":"product_cat","embeddable":true,"href":"https:\/\/keweicorten.com\/es_gt\/wp-json\/wp\/v2\/product_cat?post=1581"},{"taxonomy":"product_tag","embeddable":true,"href":"https:\/\/keweicorten.com\/es_gt\/wp-json\/wp\/v2\/product_tag?post=1581"}],"curies":[{"name":"wp","href":"https:\/\/api.w.org\/{rel}","templated":true}]}}