{"id":1622,"date":"2024-09-29T08:36:56","date_gmt":"2024-09-29T08:36:56","guid":{"rendered":"https:\/\/keweicorten.com\/?post_type=product&#038;p=1622"},"modified":"2025-10-15T07:02:51","modified_gmt":"2025-10-15T07:02:51","slug":"mamparas-de-jardin-corten-2","status":"publish","type":"product","link":"https:\/\/keweicorten.com\/es_gt\/mamparas-de-jardin-corten-2\/","title":{"rendered":"pantallas de jard\u00edn de corten"},"content":{"rendered":"<p style=\"text-align: center;\"><strong>Las pantallas de jard\u00edn de acero corten est\u00e1n disponibles en varias especificaciones:<\/strong><\/p>\n<ol>\n<li><strong>Material Grosor<\/strong>: Normalmente oscila entre 2 mm y 6 mm, en funci\u00f3n de la durabilidad y la est\u00e9tica deseadas.<\/li>\n<li><strong>Dimensiones<\/strong>: Los tama\u00f1os est\u00e1ndar pueden incluir paneles de 1 m x 2 m, 1,5 m x 3 m, o tama\u00f1os personalizados para adaptarse a dise\u00f1os de jard\u00edn espec\u00edficos.<\/li>\n<li><strong>Dise\u00f1o<\/strong>: Disponibles en paneles lisos, perforados o con recortes decorativos para mayor privacidad y atractivo est\u00e9tico.<\/li>\n<li><strong>Acabado<\/strong>: El acabado de \u00f3xido natural se desarrolla con el tiempo, proporcionando un aspecto \u00fanico que var\u00eda con las condiciones ambientales.<\/li>\n<li><strong>Instalaci\u00f3n<\/strong>: A menudo dise\u00f1adas para facilitar la instalaci\u00f3n, con opciones para aplicaciones independientes o montadas.<\/li>\n<\/ol>\n<p><iframe title=\"YouTube video player\" src=\"https:\/\/www.youtube.com\/embed\/q2R3RdexYNE?si=_bYZaV0LabZu30Z-\" width=\"560\" height=\"315\" frameborder=\"0\" allowfullscreen=\"allowfullscreen\"><\/iframe><\/p>\n<table class=\"has-title all magic-11\" style=\"height: 154px;\" width=\"599\">\n<tbody>\n<tr>\n<td>\n<div class=\"magic-12\"><span style=\"font-size: medium;\">Nombre del producto<\/span><\/div>\n<\/td>\n<td>\n<div class=\"magic-13\">Moderno acero corten paneles de la cerca del patio de metal con precio barato<\/div>\n<\/td>\n<\/tr>\n<tr>\n<td>\n<div class=\"magic-14\"><span style=\"font-size: medium;\">Material<\/span><\/div>\n<\/td>\n<td>\n<div class=\"magic-15\"><span style=\"font-size: medium;\">Acero corten<\/span><\/div>\n<\/td>\n<\/tr>\n<tr>\n<td>\n<div class=\"magic-14\"><span style=\"font-size: medium;\">Color<\/span><\/div>\n<\/td>\n<td>\n<div class=\"magic-15\"><span style=\"font-size: medium;\">Original o rojo \u00f3xido<\/span><\/div>\n<\/td>\n<\/tr>\n<tr>\n<td>\n<div class=\"magic-14\"><span style=\"font-size: medium;\">Talla<\/span><\/div>\n<\/td>\n<td>\n<div class=\"magic-15\"><span style=\"font-size: medium;\">1500mm*100mm*10mm o como requisito modificado para requisitos particulares<\/span><\/div>\n<\/td>\n<\/tr>\n<tr>\n<td>\n<div class=\"magic-14\"><span style=\"font-size: medium;\">Aplicaci\u00f3n<\/span><\/div>\n<\/td>\n<td>\n<div class=\"magic-15\"><span style=\"font-size: medium;\">cortina de pared,pantalla de jard\u00edn,paneles de valla<\/span><\/div>\n<\/td>\n<\/tr>\n<\/tbody>\n<\/table>\n<p>Tama\u00f1os disponibles: 60x120cm,80x160cm,90x180cm<\/p>\n<p>Varios dise\u00f1os de moda<\/p>\n<p>Detalles del material: Acero corten, acero galvanizado o material personalizado<\/p>\n<p>Acabado: Desarrolla acabado de p\u00e1tina oxidada, acabado de recubrimiento en polvo, pintura, etc.<\/p>\n<p>La p\u00e1tina protege de la corrosi\u00f3n adicional<\/p>\n<p>Puede utilizarse en entornos residenciales y comerciales<\/p>\n<p>&nbsp;<\/p>\n<p><a href=\"https:\/\/keweicorten.com\/es_gt\"><img fetchpriority=\"high\" decoding=\"async\" class=\"aligncenter\" title=\"Biombo de jard\u00edn\" src=\"https:\/\/sc04.alicdn.com\/kf\/H5339dbfd65f6487d81d45d921c42d7874\/252624420\/H5339dbfd65f6487d81d45d921c42d7874.jpg\" alt=\"Biombo para jard\u00edn fabricantes, proveedores, personalizados\" width=\"599\" height=\"447\" \/><\/a><\/p>","protected":false},"excerpt":{"rendered":"<p>El biombo Corten Garden combina a la perfecci\u00f3n arte y funcionalidad para realzar la belleza de su jard\u00edn, proporcionando privacidad y protecci\u00f3n duraderas, y mostrando un dise\u00f1o personalizado.<\/p>","protected":false},"featured_media":1623,"comment_status":"open","ping_status":"closed","template":"","meta":{"_eb_attr":"","_monsterinsights_skip_tracking":false,"_monsterinsights_sitenote_active":false,"_monsterinsights_sitenote_note":"","_monsterinsights_sitenote_category":0,"_uf_show_specific_survey":0,"_uf_disable_surveys":false},"product_brand":[],"product_cat":[57],"product_tag":[],"class_list":{"0":"post-1622","1":"product","2":"type-product","3":"status-publish","4":"has-post-thumbnail","6":"product_cat-screen-panel","8":"first","9":"instock","10":"shipping-taxable","11":"product-type-simple"},"_links":{"self":[{"href":"https:\/\/keweicorten.com\/es_gt\/wp-json\/wp\/v2\/product\/1622"}],"collection":[{"href":"https:\/\/keweicorten.com\/es_gt\/wp-json\/wp\/v2\/product"}],"about":[{"href":"https:\/\/keweicorten.com\/es_gt\/wp-json\/wp\/v2\/types\/product"}],"replies":[{"embeddable":true,"href":"https:\/\/keweicorten.com\/es_gt\/wp-json\/wp\/v2\/comments?post=1622"}],"version-history":[{"count":2,"href":"https:\/\/keweicorten.com\/es_gt\/wp-json\/wp\/v2\/product\/1622\/revisions"}],"predecessor-version":[{"id":5680,"href":"https:\/\/keweicorten.com\/es_gt\/wp-json\/wp\/v2\/product\/1622\/revisions\/5680"}],"wp:featuredmedia":[{"embeddable":true,"href":"https:\/\/keweicorten.com\/es_gt\/wp-json\/wp\/v2\/media\/1623"}],"wp:attachment":[{"href":"https:\/\/keweicorten.com\/es_gt\/wp-json\/wp\/v2\/media?parent=1622"}],"wp:term":[{"taxonomy":"product_brand","embeddable":true,"href":"https:\/\/keweicorten.com\/es_gt\/wp-json\/wp\/v2\/product_brand?post=1622"},{"taxonomy":"product_cat","embeddable":true,"href":"https:\/\/keweicorten.com\/es_gt\/wp-json\/wp\/v2\/product_cat?post=1622"},{"taxonomy":"product_tag","embeddable":true,"href":"https:\/\/keweicorten.com\/es_gt\/wp-json\/wp\/v2\/product_tag?post=1622"}],"curies":[{"name":"wp","href":"https:\/\/api.w.org\/{rel}","templated":true}]}}