{"id":1729,"date":"2024-10-08T07:19:38","date_gmt":"2024-10-08T07:19:38","guid":{"rendered":"https:\/\/keweicorten.com\/?post_type=product&#038;p=1729"},"modified":"2025-01-15T06:19:42","modified_gmt":"2025-01-15T06:19:42","slug":"barbacoa-grill-2","status":"publish","type":"product","link":"https:\/\/keweicorten.com\/es_gt\/barbacoa-grill-2\/","title":{"rendered":"Parrillas de acero corten"},"content":{"rendered":"<h2><strong>Caracter\u00edsticas de las parrillas de acero corten<\/strong>:<\/h2>\n<ol>\n<li><strong>Resistencia a la intemperie<\/strong>:\n<ul>\n<li>El acero corten est\u00e1 dise\u00f1ado espec\u00edficamente para resistir la corrosi\u00f3n mediante el desarrollo de una capa protectora de \u00f3xido. Esto lo hace ideal para su uso en exteriores, donde las parrillas est\u00e1n expuestas a diversas condiciones clim\u00e1ticas. La capa de \u00f3xido no solo aumenta la durabilidad de la parrilla, sino que tambi\u00e9n le da un aspecto \u00fanico con el paso del tiempo.<\/li>\n<\/ul>\n<\/li>\n<li><strong>Atractivo est\u00e9tico<\/strong>:\n<ul>\n<li>Los tonos ricos y terrosos del acero desgastado combinan a la perfecci\u00f3n con los entornos naturales al aire libre. Las parrillas de acero corten suelen elegirse por su aspecto r\u00fastico e industrial, que evoluciona a medida que el acero se envejece y adquiere un color m\u00e1s intenso.<\/li>\n<\/ul>\n<\/li>\n<li><strong>Durabilidad<\/strong>:\n<ul>\n<li>El acero corten es muy duradero y resistente a la intemperie. La capa protectora de \u00f3xido evita una corrosi\u00f3n m\u00e1s profunda, lo que garantiza que la parrilla dure m\u00e1s que las fabricadas con acero ordinario o hierro.<\/li>\n<\/ul>\n<\/li>\n<li><strong>Bajo mantenimiento<\/strong>:\n<ul>\n<li>A diferencia de las parrillas pintadas o recubiertas que pueden requerir retoques, las parrillas de acero corten requieren un mantenimiento m\u00ednimo. La capa de \u00f3xido natural es autosuficiente y no necesita ser repintada ni sellada.<\/li>\n<\/ul>\n<\/li>\n<li><strong>Retenci\u00f3n del calor<\/strong>:\n<ul>\n<li>El acero corten tiene buenas propiedades de retenci\u00f3n del calor, por lo que es un material excelente para las parrillas. Ayuda a distribuir el calor uniformemente por la superficie de cocci\u00f3n, garantizando que los alimentos se cocinen correctamente.<\/li>\n<\/ul>\n<\/li>\n<\/ol>\n<p><a href=\"https:\/\/keweicorten.com\/es_gt\"><img fetchpriority=\"high\" decoding=\"async\" class=\"alignnone\" title=\"parrilla de acero corten\" src=\"https:\/\/sc04.alicdn.com\/kf\/H753466d0919a44c58cdec2fa46b567c7r\/253038816\/H753466d0919a44c58cdec2fa46b567c7r.jpg\" alt=\"acero corten bbq grill china precio de f\u00e1brica -keweicorten\" width=\"650\" height=\"650\" \/><\/a><\/p>\n<p><strong>Aplicaciones de las hogueras de acero corten:<\/strong><\/p>\n<ol>\n<li><strong>Parrillas de jard\u00edn<\/strong><\/li>\n<li><strong>Uso comercial y de restauraci\u00f3n<\/strong><\/li>\n<li><strong>Hogueras con parrilla<\/strong><\/li>\n<li><strong>Parrillas port\u00e1tiles<\/strong>:<\/li>\n<\/ol>\n<p><a href=\"https:\/\/keweicorten.com\/es_gt\/product\/pantallas-de-jardin-de-corten\/\"><img decoding=\"async\" class=\"alignnone\" title=\"corten bbq grill\" src=\"https:\/\/sc04.alicdn.com\/kf\/Ha38b145b3aba45c79d67d0d9f2bc2d83B\/253038816\/Ha38b145b3aba45c79d67d0d9f2bc2d83B.jpg\" alt=\"corten bbq grill\" width=\"650\" height=\"650\" \/><\/a><\/p>\n<p><strong>Ventajas de las parrillas de acero corten<\/strong>:<strong>Material duradero<\/strong>: Las propiedades inherentes a la intemperie del acero corten prolongan la vida \u00fatil de la parrilla, reduciendo la necesidad de sustituci\u00f3n.<strong>Est\u00e9tica natural<\/strong>: Las parrillas de acero corten tienen un aspecto natural y robusto que realza el entorno de la cocina al aire libre, proporcionando funcionalidad y estilo.<strong>Ecol\u00f3gico<\/strong>: Dado que el acero corten desarrolla su propia capa protectora, elimina la necesidad de utilizar pinturas o revestimientos perjudiciales para el medio ambiente.<strong>Personalizaci\u00f3n<\/strong>: Muchas parrillas de acero corten son personalizables, lo que permite formas, tama\u00f1os y dise\u00f1os \u00fanicos que se adaptan a las preferencias personales o al dise\u00f1o paisaj\u00edstico.<\/p>\n<p><strong>Consejos de mantenimiento para <\/strong>Parrilla de acero corten:<\/p>\n<p><strong>Limpie regularmente las rejillas de cocci\u00f3n<\/strong>:Aunque el acero corten requiere poco mantenimiento para su exterior, las rejillas de cocci\u00f3n (a menudo de acero inoxidable o hierro fundido) deben limpiarse despu\u00e9s de cada uso para eliminar los restos de comida y la grasa.<\/p>\n<p><strong>Evitar el estancamiento de agua<\/strong>Aseg\u00farese de no dejar la parrilla en agua estancada durante mucho tiempo, ya que la exposici\u00f3n prolongada al agua puede afectar al proceso natural de oxidaci\u00f3n del acero corten. Aunque es resistente a la intemperie, la humedad excesiva puede acelerar la oxidaci\u00f3n m\u00e1s all\u00e1 de la capa protectora prevista.<\/p>\n<p><strong>Engrase la superficie de cocci\u00f3n<\/strong>:Aplique una fina capa de aceite de cocina a las rejillas antes de asar para evitar que los alimentos se peguen y para proteger el metal del calor directo.<\/p>\n<p><strong>Utilice una funda cuando no est\u00e9 en uso<\/strong>:Aunque el acero corten es duradero, el uso de una cubierta para la parrilla puede ayudar a prolongar su vida \u00fatil protegi\u00e9ndola de la lluvia y la nieve, especialmente en climas duros.<\/p>","protected":false},"excerpt":{"rendered":"<p>La placa de cocci\u00f3n superior tiene diferentes temperaturas de cocci\u00f3n con le\u00f1a. En el centro de acero corten bbq grill placa es mucho mayor y los lados exteriores la temperatura es un poco m\u00e1s baja.<\/p>","protected":false},"featured_media":1731,"comment_status":"open","ping_status":"closed","template":"","meta":{"_eb_attr":"","_monsterinsights_skip_tracking":false,"_monsterinsights_sitenote_active":false,"_monsterinsights_sitenote_note":"","_monsterinsights_sitenote_category":0,"_uf_show_specific_survey":0,"_uf_disable_surveys":false},"product_brand":[],"product_cat":[63],"product_tag":[],"class_list":{"0":"post-1729","1":"product","2":"type-product","3":"status-publish","4":"has-post-thumbnail","6":"product_cat-steel-bbq-grill","8":"first","9":"instock","10":"shipping-taxable","11":"product-type-simple"},"_links":{"self":[{"href":"https:\/\/keweicorten.com\/es_gt\/wp-json\/wp\/v2\/product\/1729"}],"collection":[{"href":"https:\/\/keweicorten.com\/es_gt\/wp-json\/wp\/v2\/product"}],"about":[{"href":"https:\/\/keweicorten.com\/es_gt\/wp-json\/wp\/v2\/types\/product"}],"replies":[{"embeddable":true,"href":"https:\/\/keweicorten.com\/es_gt\/wp-json\/wp\/v2\/comments?post=1729"}],"version-history":[{"count":1,"href":"https:\/\/keweicorten.com\/es_gt\/wp-json\/wp\/v2\/product\/1729\/revisions"}],"predecessor-version":[{"id":1736,"href":"https:\/\/keweicorten.com\/es_gt\/wp-json\/wp\/v2\/product\/1729\/revisions\/1736"}],"wp:featuredmedia":[{"embeddable":true,"href":"https:\/\/keweicorten.com\/es_gt\/wp-json\/wp\/v2\/media\/1731"}],"wp:attachment":[{"href":"https:\/\/keweicorten.com\/es_gt\/wp-json\/wp\/v2\/media?parent=1729"}],"wp:term":[{"taxonomy":"product_brand","embeddable":true,"href":"https:\/\/keweicorten.com\/es_gt\/wp-json\/wp\/v2\/product_brand?post=1729"},{"taxonomy":"product_cat","embeddable":true,"href":"https:\/\/keweicorten.com\/es_gt\/wp-json\/wp\/v2\/product_cat?post=1729"},{"taxonomy":"product_tag","embeddable":true,"href":"https:\/\/keweicorten.com\/es_gt\/wp-json\/wp\/v2\/product_tag?post=1729"}],"curies":[{"name":"wp","href":"https:\/\/api.w.org\/{rel}","templated":true}]}}