{"id":1940,"date":"2024-11-12T07:13:15","date_gmt":"2024-11-12T07:13:15","guid":{"rendered":"https:\/\/keweicorten.com\/?post_type=product&#038;p=1940"},"modified":"2024-11-12T07:13:15","modified_gmt":"2024-11-12T07:13:15","slug":"esferas-de-fuego-de-jardin","status":"publish","type":"product","link":"https:\/\/keweicorten.com\/es_gt\/esferas-de-fuego-de-jardin\/","title":{"rendered":"esferas de fuego de jard\u00edn"},"content":{"rendered":"<p><strong>Descubra el compa\u00f1ero perfecto para exteriores:esferas de fuego para jard\u00edn<\/strong><\/p>\n<p>Imagine tener un complemento vers\u00e1til y encantador en su espacio exterior que no s\u00f3lo a\u00f1ade calidez, sino que tambi\u00e9n se convierte en un punto focal para las reuniones, la relajaci\u00f3n y el disfrute. Las esferas de fuego de jard\u00edn est\u00e1n dise\u00f1adas para ser precisamente eso: una combinaci\u00f3n perfecta de funcionalidad, est\u00e9tica y comodidad para su jard\u00edn, patio o cualquier espacio exterior.<\/p>\n<p>1. Dise\u00f1o elegante:<br \/>\nFabricadas con materiales de alta calidad, las esferas de fuego para jard\u00edn presentan un dise\u00f1o elegante y moderno que complementa cualquier decoraci\u00f3n de exterior.<br \/>\nDisponible en varios acabados y estilos para adaptarse a su gusto personal y a los elementos existentes en su jard\u00edn.<\/p>\n<p>2. Uso vers\u00e1til:<br \/>\nIdeal para crear un ambiente acogedor durante reuniones nocturnas, barbacoas familiares o momentos tranquilos de reflexi\u00f3n.<\/p>\n<p>3. Durabilidad y seguridad:<br \/>\nFabricado con materiales duraderos y resistentes a la intemperie para soportar diversas condiciones clim\u00e1ticas.<br \/>\nEquipada con caracter\u00edsticas de seguridad como una fuente de combustible segura, una base estable y un mecanismo de llama controlada.<\/p>\n<p>4. F\u00e1cil mantenimiento:<br \/>\nDise\u00f1ado para facilitar la limpieza y el mantenimiento, lo que le permite disfrutar de su hoguera sin complicaciones.<\/p>\n<p>5. Opciones personalizables:<br \/>\nElija entre distintos tama\u00f1os que se adapten a sus necesidades de espacio, ya sea un lugar peque\u00f1o e \u00edntimo o una zona de reuni\u00f3n social m\u00e1s grande.<br \/>\nPersonal\u00edcelo con accesorios adicionales como fundas, soportes y elementos decorativos para mejorar la experiencia global.<strong><br \/>\n<a href=\"https:\/\/keweicorten.com\/es_gt\"><img fetchpriority=\"high\" decoding=\"async\" class=\"alignnone\" title=\"esfera de fuego de jard\u00edn \" src=\"https:\/\/sc04.alicdn.com\/kf\/H025b1c8699cb46da9f8a5d17682f3750Z\/276436694\/H025b1c8699cb46da9f8a5d17682f3750Z.jpg\" alt=\"esfera de fuego de jard\u00edn F\u00e1brica,china,precio,fabricantes-keweicorten\" width=\"600\" height=\"600\" \/><\/a><br \/>\n\u00bfPor qu\u00e9 elegir esferas de fuego para jard\u00edn?<\/strong><\/p>\n<p>Mejore su experiencia al aire libre<br \/>\nCrear recuerdos duraderos<br \/>\nAumentar el valor de la propiedad<\/p>\n<p><strong><a href=\"https:\/\/keweicorten.com\/es_gt\/productos\/\"><img decoding=\"async\" class=\"alignnone\" title=\"esferas de fuego de jard\u00edn \" src=\"https:\/\/sc01.alicdn.com\/kf\/H1d8f6e3ed1f543dbaa5af0f4c42b0212e\/236871514\/H1d8f6e3ed1f543dbaa5af0f4c42b0212e.jpg\" alt=\"esferas de fuego para jardin proveedores, personalizadas, mayoristas-keweicorten\" width=\"600\" height=\"600\" \/><\/a><br \/>\n<\/strong><\/p>\n<div id=\"ali-anchor-AliMagic-kppl1o\" class=\"magic-6\" data-section=\"AliMagic-kppl1o\" data-section-title=\"Manufacturing Technique\" data-spm-anchor-id=\"a2700.details.0.i41.f5da600bed12tu\">Di\u00e1metro: 800 mm<\/div>\n<div class=\"magic-6\" data-section=\"AliMagic-kppl1o\" data-section-title=\"Manufacturing Technique\" data-spm-anchor-id=\"a2700.details.0.i41.f5da600bed12tu\">Grosor: 4 mm<\/div>\n<div class=\"magic-6\" data-section=\"AliMagic-kppl1o\" data-section-title=\"Manufacturing Technique\" data-spm-anchor-id=\"a2700.details.0.i41.f5da600bed12tu\">Tama\u00f1o del embalaje: 90*90*90 cm<\/div>\n<div class=\"magic-6\" data-section=\"AliMagic-kppl1o\" data-section-title=\"Manufacturing Technique\" data-spm-anchor-id=\"a2700.details.0.i41.f5da600bed12tu\">Peso: 80 kg<\/div>\n<p><strong><br \/>\nC\u00f3mo empezar:<\/strong><\/p>\n<p>1. Eval\u00fae el espacio: Determine la mejor ubicaci\u00f3n para su hoguera, teniendo en cuenta factores como la seguridad, la accesibilidad y el atractivo visual.<br \/>\n2. Seleccione su esfera de fuego: Eche un vistazo a nuestra colecci\u00f3n de dise\u00f1os de esferas de fuego para jard\u00edn y elija una que se adapte a su estilo y necesidades.<br \/>\n3. Instalaci\u00f3n y configuraci\u00f3n: Siga las sencillas pautas de instalaci\u00f3n para configurar su hoguera, asegur\u00e1ndose de que sea segura y est\u00e9 lista para usar.<br \/>\n4. Disfrutar y mantener: Encienda su hoguera, re\u00fana a sus seres queridos y cree momentos inolvidables. Mantenga regularmente su hoguera para garantizar su longevidad y un rendimiento \u00f3ptimo.<\/p>\n<div class=\"J_module\">\n<div class=\"magic-6\" data-section=\"AliMagic-kppl1o\" data-section-title=\"Manufacturing Technique\" data-spm-anchor-id=\"a2700.details.0.i41.f5da600bed12tu\"><a href=\"https:\/\/keweicorten.com\/es_gt\/productos\/\"><img decoding=\"async\" class=\"alignnone\" title=\"Esferas met\u00e1licas de jard\u00edn\" src=\"https:\/\/sc04.alicdn.com\/kf\/H34e1a360691047be95592b1e1e4a8b7eq\/276463663\/H34e1a360691047be95592b1e1e4a8b7eq.jpg\" alt=\"Esferas de Jard\u00edn de Metal al por mayor, barato, para la venta, en stock-keweicorten\" width=\"788\" height=\"268\" \/><\/a><\/div>\n<\/div>","protected":false},"excerpt":{"rendered":"<p>Descubra la magia de la esfera de fuego para jard\u00edn y transforme su espacio exterior en un remanso de calidez, luz y alegr\u00eda. Tanto si busca una soluci\u00f3n de calefacci\u00f3n pr\u00e1ctica como una impresionante pieza decorativa, la esfera de fuego para jard\u00edn es su compa\u00f1era perfecta. Consiga la suya hoy mismo y empiece a disfrutar de las ventajas de un bonito pozo de fuego exterior.<\/p>","protected":false},"featured_media":1941,"comment_status":"open","ping_status":"closed","template":"","meta":{"_eb_attr":"","_monsterinsights_skip_tracking":false,"_monsterinsights_sitenote_active":false,"_monsterinsights_sitenote_note":"","_monsterinsights_sitenote_category":0,"_uf_show_specific_survey":0,"_uf_disable_surveys":false},"product_brand":[],"product_cat":[22],"product_tag":[],"class_list":{"0":"post-1940","1":"product","2":"type-product","3":"status-publish","4":"has-post-thumbnail","6":"product_cat-garden-art","8":"first","9":"instock","10":"shipping-taxable","11":"product-type-simple"},"_links":{"self":[{"href":"https:\/\/keweicorten.com\/es_gt\/wp-json\/wp\/v2\/product\/1940"}],"collection":[{"href":"https:\/\/keweicorten.com\/es_gt\/wp-json\/wp\/v2\/product"}],"about":[{"href":"https:\/\/keweicorten.com\/es_gt\/wp-json\/wp\/v2\/types\/product"}],"replies":[{"embeddable":true,"href":"https:\/\/keweicorten.com\/es_gt\/wp-json\/wp\/v2\/comments?post=1940"}],"version-history":[{"count":1,"href":"https:\/\/keweicorten.com\/es_gt\/wp-json\/wp\/v2\/product\/1940\/revisions"}],"predecessor-version":[{"id":1942,"href":"https:\/\/keweicorten.com\/es_gt\/wp-json\/wp\/v2\/product\/1940\/revisions\/1942"}],"wp:featuredmedia":[{"embeddable":true,"href":"https:\/\/keweicorten.com\/es_gt\/wp-json\/wp\/v2\/media\/1941"}],"wp:attachment":[{"href":"https:\/\/keweicorten.com\/es_gt\/wp-json\/wp\/v2\/media?parent=1940"}],"wp:term":[{"taxonomy":"product_brand","embeddable":true,"href":"https:\/\/keweicorten.com\/es_gt\/wp-json\/wp\/v2\/product_brand?post=1940"},{"taxonomy":"product_cat","embeddable":true,"href":"https:\/\/keweicorten.com\/es_gt\/wp-json\/wp\/v2\/product_cat?post=1940"},{"taxonomy":"product_tag","embeddable":true,"href":"https:\/\/keweicorten.com\/es_gt\/wp-json\/wp\/v2\/product_tag?post=1940"}],"curies":[{"name":"wp","href":"https:\/\/api.w.org\/{rel}","templated":true}]}}