{"id":2644,"date":"2024-12-02T02:50:12","date_gmt":"2024-12-02T02:50:12","guid":{"rendered":"https:\/\/keweicorten.com\/?post_type=product&#038;p=2644"},"modified":"2025-01-15T06:14:19","modified_gmt":"2025-01-15T06:14:19","slug":"tolva-de-pellets","status":"publish","type":"product","link":"https:\/\/keweicorten.com\/es_gt\/tolva-de-pellets\/","title":{"rendered":"tolva de pellets"},"content":{"rendered":"<p>Las estufas Rocket Pellet son dispositivos de combusti\u00f3n eficientes y respetuosos con el medio ambiente que se utilizan habitualmente para calefacci\u00f3n dom\u00e9stica y uso en exteriores. Combina la eficiencia de combusti\u00f3n de una estufa Rocket con la econom\u00eda y sostenibilidad del combustible de pellets.<\/p>\n<h2>Cu\u00e1les son las caracter\u00edsticas de un horno de pellets para cohetes\uff1f<\/h2>\n<ul>\n<li>Combusti\u00f3n eficiente:<br \/>\nCon el dise\u00f1o del horno cohete, la c\u00e1mara de combusti\u00f3n puede producir temperaturas extremadamente altas, de modo que el combustible se quema por completo y se reduce la emisi\u00f3n de gases de combusti\u00f3n.<\/li>\n<li>Utilizando combustible de pellets:<br \/>\nSe pueden quemar combustibles renovables de biomasa, como pellets de madera y cereales, que resultan econ\u00f3micos y respetuosos con el medio ambiente.<\/li>\n<li>Baja emisi\u00f3n:<br \/>\nReducen las emisiones de di\u00f3xido de carbono y sustancias nocivas, por lo que son muy adecuadas para zonas con elevados requisitos de protecci\u00f3n medioambiental.<\/li>\n<li>Portabilidad:<br \/>\nAlgunos modelos son peque\u00f1os, f\u00e1ciles de transportar e instalar, adecuados para acampadas al aire libre y uso de emergencia.<\/li>\n<li>Polivalente:<br \/>\nPuede utilizarse para calentar, cocinar, hervir agua, etc.<\/li>\n<\/ul>\n<p><a href=\"https:\/\/keweicorten.com\/es_gt\/contacto\/\"><img fetchpriority=\"high\" decoding=\"async\" class=\"alignnone wp-image-2645\" title=\"tolva de pellets\" src=\"https:\/\/keweicorten.com\/wp-content\/uploads\/2024\/12\/Pellet-torch-.jpg\" alt=\"pellet tourch Factory,china,precio,fabricantes, proveedores, modificado para requisitos particulares, al por mayor, barato, para la venta, en stock.-keweicorten \" width=\"678\" height=\"678\" srcset=\"https:\/\/keweicorten.com\/wp-content\/uploads\/2024\/12\/Pellet-torch-.jpg 899w, https:\/\/keweicorten.com\/wp-content\/uploads\/2024\/12\/Pellet-torch--300x300.jpg 300w, https:\/\/keweicorten.com\/wp-content\/uploads\/2024\/12\/Pellet-torch--150x150.jpg 150w, https:\/\/keweicorten.com\/wp-content\/uploads\/2024\/12\/Pellet-torch--768x768.jpg 768w, https:\/\/keweicorten.com\/wp-content\/uploads\/2024\/12\/Pellet-torch--12x12.jpg 12w, https:\/\/keweicorten.com\/wp-content\/uploads\/2024\/12\/Pellet-torch--600x600.jpg 600w, https:\/\/keweicorten.com\/wp-content\/uploads\/2024\/12\/Pellet-torch--100x100.jpg 100w\" sizes=\"(max-width: 678px) 100vw, 678px\" \/><\/a><\/p>\n<p>Escenario de aplicaci\u00f3n<br \/>\nCalefacci\u00f3n dom\u00e9stica: Adecuado para casas peque\u00f1as, casas de madera o garajes durante la estaci\u00f3n fr\u00eda.<br \/>\nActividades al aire libre: camping, barbacoa, etc.<\/p>\n<p>Sugerencia de compra<br \/>\nCompatibilidad con combustibles: Seleccione el modelo adecuado para los combustibles de biomasa locales.<br \/>\nMaterial del horno: el acero resistente a altas temperaturas de alta calidad o el material de acero inoxidable son m\u00e1s duraderos.<br \/>\nUso seguro: Compruebe la filtraci\u00f3n de humos y el control de la llama.<br \/>\nMarca y servicio posventa: Elige un fabricante o proveedor de confianza.<\/p>\n<p><a href=\"https:\/\/keweicorten.com\/es_gt\/contacto\/\"><img decoding=\"async\" class=\"alignnone wp-image-2646 size-full\" title=\"estufa de pellets de madera\" src=\"https:\/\/keweicorten.com\/wp-content\/uploads\/2024\/12\/s-l500.jpg\" alt=\"calentador de pellets de madera precio,fabricantes, proveedores, modificado para requisitos particulares, al por mayor, barato, para la venta, en stock.-keweicorten\" width=\"375\" height=\"500\" srcset=\"https:\/\/keweicorten.com\/wp-content\/uploads\/2024\/12\/s-l500.jpg 375w, https:\/\/keweicorten.com\/wp-content\/uploads\/2024\/12\/s-l500-225x300.jpg 225w, https:\/\/keweicorten.com\/wp-content\/uploads\/2024\/12\/s-l500-9x12.jpg 9w\" sizes=\"(max-width: 375px) 100vw, 375px\" \/><\/a><\/p>","protected":false},"excerpt":{"rendered":"<p>Las estufas de pellets son dispositivos de combusti\u00f3n modernos que utilizan combustibles de pellets de biomasa (como los pellets de madera) y se utilizan ampliamente en la calefacci\u00f3n de hogares y locales comerciales<\/p>","protected":false},"featured_media":2647,"comment_status":"open","ping_status":"closed","template":"","meta":{"_eb_attr":"","_monsterinsights_skip_tracking":false,"_monsterinsights_sitenote_active":false,"_monsterinsights_sitenote_note":"","_monsterinsights_sitenote_category":0,"_uf_show_specific_survey":0,"_uf_disable_surveys":false},"product_brand":[],"product_cat":[52],"product_tag":[],"class_list":{"0":"post-2644","1":"product","2":"type-product","3":"status-publish","4":"has-post-thumbnail","6":"product_cat-wood-pellet-tourch","8":"first","9":"instock","10":"shipping-taxable","11":"product-type-simple"},"_links":{"self":[{"href":"https:\/\/keweicorten.com\/es_gt\/wp-json\/wp\/v2\/product\/2644"}],"collection":[{"href":"https:\/\/keweicorten.com\/es_gt\/wp-json\/wp\/v2\/product"}],"about":[{"href":"https:\/\/keweicorten.com\/es_gt\/wp-json\/wp\/v2\/types\/product"}],"replies":[{"embeddable":true,"href":"https:\/\/keweicorten.com\/es_gt\/wp-json\/wp\/v2\/comments?post=2644"}],"version-history":[{"count":1,"href":"https:\/\/keweicorten.com\/es_gt\/wp-json\/wp\/v2\/product\/2644\/revisions"}],"predecessor-version":[{"id":2650,"href":"https:\/\/keweicorten.com\/es_gt\/wp-json\/wp\/v2\/product\/2644\/revisions\/2650"}],"wp:featuredmedia":[{"embeddable":true,"href":"https:\/\/keweicorten.com\/es_gt\/wp-json\/wp\/v2\/media\/2647"}],"wp:attachment":[{"href":"https:\/\/keweicorten.com\/es_gt\/wp-json\/wp\/v2\/media?parent=2644"}],"wp:term":[{"taxonomy":"product_brand","embeddable":true,"href":"https:\/\/keweicorten.com\/es_gt\/wp-json\/wp\/v2\/product_brand?post=2644"},{"taxonomy":"product_cat","embeddable":true,"href":"https:\/\/keweicorten.com\/es_gt\/wp-json\/wp\/v2\/product_cat?post=2644"},{"taxonomy":"product_tag","embeddable":true,"href":"https:\/\/keweicorten.com\/es_gt\/wp-json\/wp\/v2\/product_tag?post=2644"}],"curies":[{"name":"wp","href":"https:\/\/api.w.org\/{rel}","templated":true}]}}