{"id":2959,"date":"2024-12-18T08:36:47","date_gmt":"2024-12-18T08:36:47","guid":{"rendered":"https:\/\/keweicorten.com\/?post_type=product&#038;p=2959"},"modified":"2025-01-15T06:13:19","modified_gmt":"2025-01-15T06:13:19","slug":"kit-para-hoguera-de-propano","status":"publish","type":"product","link":"https:\/\/keweicorten.com\/es_gt\/kit-para-hoguera-de-propano\/","title":{"rendered":"kit para hoguera de propano"},"content":{"rendered":"<h2 data-pm-slice=\"1 3 []\"><strong>Kits para hogueras de propano: La gu\u00eda definitiva para mejorar su espacio al aire libre<\/strong><\/h2>\n<p>Cuando se trata de crear un espacio al aire libre acogedor y acogedor, pocas cosas rivalizan con el encanto de un pozo de fuego de propano. Un kit para hoguera de propano es la soluci\u00f3n perfecta para los propietarios de viviendas y los aficionados a las actividades al aire libre que desean construir su propia hoguera personalizada sin tener que empezar desde cero. En esta gu\u00eda, le explicaremos todo lo que necesita saber sobre los kits para hogueras de propano, sus ventajas, consejos de instalaci\u00f3n y c\u00f3mo elegir el que mejor se adapte a sus necesidades.<\/p>\n<div style=\"width: 800px;\" class=\"wp-video\"><!--[if lt IE 9]><script>document.createElement('video');<\/script><![endif]-->\n<video class=\"wp-video-shortcode\" id=\"video-2959-1\" width=\"800\" height=\"453\" preload=\"metadata\" controls=\"controls\"><source type=\"video\/mp4\" src=\"https:\/\/keweicorten.com\/wp-content\/uploads\/2024\/12\/WeChat_20241210164550.mp4?_=1\" \/><a href=\"https:\/\/keweicorten.com\/wp-content\/uploads\/2024\/12\/WeChat_20241210164550.mp4\">https:\/\/keweicorten.com\/wp-content\/uploads\/2024\/12\/WeChat_20241210164550.mp4<\/a><\/video><\/div>\n<h3><strong>\u00bfQu\u00e9 es un kit para hoguera de propano?<\/strong><\/h3>\n<p>Un kit para hoguera de propano incluye todos los componentes esenciales necesarios para montar una hoguera funcional y con estilo. Estos kits suelen contener:<\/p>\n<ul data-spread=\"false\">\n<li><strong>Anillo o bandeja del quemador<\/strong>: La pieza central que distribuye el gas propano uniformemente para obtener una llama hermosa.<\/li>\n<li><strong>Panel de control<\/strong>: Permite ajustar la altura de la llama y encender o apagar el hogar.<\/li>\n<li><strong>Sistema de encendido<\/strong>: Garantiza un encendido seguro y fiable, ya sea manual o electr\u00f3nico.<\/li>\n<li><strong>Manguera y regulador de gas<\/strong>: Conecta el pozo de fuego a un tanque de propano para un funcionamiento seguro.<\/li>\n<li><strong>Accesorios opcionales<\/strong>: Elementos como rocas de lava, cristal de fuego o cubiertas para a\u00f1adir funcionalidad y est\u00e9tica.<\/li>\n<\/ul>\n<p>Los kits para hogueras de propano est\u00e1n dise\u00f1ados para ser f\u00e1ciles de usar y vers\u00e1tiles, por lo que son adecuados para proyectos de bricolaje o instalaciones profesionales.<\/p>\n<p><a href=\"https:\/\/keweicorten.com\/es_gt\/contacto\/\"><img fetchpriority=\"high\" decoding=\"async\" class=\"alignnone wp-image-2965\" title=\"kit para hoguera de propano\" src=\"https:\/\/keweicorten.com\/wp-content\/uploads\/2024\/12\/Gas-fire-pit-pan-3-300x225.jpg\" alt=\"kit para hoguera de propano\" width=\"368\" height=\"276\" srcset=\"https:\/\/keweicorten.com\/wp-content\/uploads\/2024\/12\/Gas-fire-pit-pan-3-300x225.jpg 300w, https:\/\/keweicorten.com\/wp-content\/uploads\/2024\/12\/Gas-fire-pit-pan-3-768x576.jpg 768w, https:\/\/keweicorten.com\/wp-content\/uploads\/2024\/12\/Gas-fire-pit-pan-3-16x12.jpg 16w, https:\/\/keweicorten.com\/wp-content\/uploads\/2024\/12\/Gas-fire-pit-pan-3-600x450.jpg 600w, https:\/\/keweicorten.com\/wp-content\/uploads\/2024\/12\/Gas-fire-pit-pan-3.jpg 960w\" sizes=\"(max-width: 368px) 100vw, 368px\" \/><\/a> <a href=\"https:\/\/keweicorten.com\/es_gt\/contacto\/\"><img decoding=\"async\" class=\"alignnone wp-image-2966\" title=\"kit para hoguera de propano\" src=\"https:\/\/keweicorten.com\/wp-content\/uploads\/2024\/12\/Gas-fire-pit-pan-4-300x225.jpg\" alt=\"kit para hoguera de propano\" width=\"364\" height=\"273\" srcset=\"https:\/\/keweicorten.com\/wp-content\/uploads\/2024\/12\/Gas-fire-pit-pan-4-300x225.jpg 300w, https:\/\/keweicorten.com\/wp-content\/uploads\/2024\/12\/Gas-fire-pit-pan-4-768x576.jpg 768w, https:\/\/keweicorten.com\/wp-content\/uploads\/2024\/12\/Gas-fire-pit-pan-4-16x12.jpg 16w, https:\/\/keweicorten.com\/wp-content\/uploads\/2024\/12\/Gas-fire-pit-pan-4-600x450.jpg 600w, https:\/\/keweicorten.com\/wp-content\/uploads\/2024\/12\/Gas-fire-pit-pan-4.jpg 960w\" sizes=\"(max-width: 364px) 100vw, 364px\" \/><\/a><\/p>\n<h3><strong>Ventajas de un kit de hoguera de propano<\/strong><\/h3>\n<ol start=\"1\" data-spread=\"false\">\n<li><strong>Facilidad de uso<\/strong>: Las hogueras de propano se encienden con s\u00f3lo pulsar un bot\u00f3n, eliminando la necesidad de le\u00f1a o le\u00f1a.<\/li>\n<li><strong>Quema limpia<\/strong>: El propano es un combustible de combusti\u00f3n limpia, que produce un m\u00ednimo de humo y cenizas.<\/li>\n<li><strong>Dise\u00f1os personalizables<\/strong>: Los kits ofrecen flexibilidad para crear una hoguera que combine con su decoraci\u00f3n exterior.<\/li>\n<li><strong>Portabilidad<\/strong>: Muchos kits son compatibles con dise\u00f1os port\u00e1tiles, lo que los hace ideales para patios, terrazas o acampadas.<\/li>\n<li><strong>Eficiencia energ\u00e9tica<\/strong>: El propano es una fuente de combustible eficiente que proporciona una potencia calor\u00edfica constante.<\/li>\n<\/ol>","protected":false},"excerpt":{"rendered":"<p data-pm-slice=\"1 1 []\">Los kits para hogueras de propano ofrecen una forma sencilla de disfrutar del calor y el ambiente de una hoguera.<\/p>","protected":false},"featured_media":2960,"comment_status":"open","ping_status":"closed","template":"","meta":{"_eb_attr":"","_monsterinsights_skip_tracking":false,"_monsterinsights_sitenote_active":false,"_monsterinsights_sitenote_note":"","_monsterinsights_sitenote_category":0,"_uf_show_specific_survey":0,"_uf_disable_surveys":false},"product_brand":[],"product_cat":[53],"product_tag":[],"class_list":{"0":"post-2959","1":"product","2":"type-product","3":"status-publish","4":"has-post-thumbnail","6":"product_cat-gas-fire-pit-burner","8":"first","9":"instock","10":"shipping-taxable","11":"product-type-simple"},"_links":{"self":[{"href":"https:\/\/keweicorten.com\/es_gt\/wp-json\/wp\/v2\/product\/2959"}],"collection":[{"href":"https:\/\/keweicorten.com\/es_gt\/wp-json\/wp\/v2\/product"}],"about":[{"href":"https:\/\/keweicorten.com\/es_gt\/wp-json\/wp\/v2\/types\/product"}],"replies":[{"embeddable":true,"href":"https:\/\/keweicorten.com\/es_gt\/wp-json\/wp\/v2\/comments?post=2959"}],"version-history":[{"count":1,"href":"https:\/\/keweicorten.com\/es_gt\/wp-json\/wp\/v2\/product\/2959\/revisions"}],"predecessor-version":[{"id":2967,"href":"https:\/\/keweicorten.com\/es_gt\/wp-json\/wp\/v2\/product\/2959\/revisions\/2967"}],"wp:featuredmedia":[{"embeddable":true,"href":"https:\/\/keweicorten.com\/es_gt\/wp-json\/wp\/v2\/media\/2960"}],"wp:attachment":[{"href":"https:\/\/keweicorten.com\/es_gt\/wp-json\/wp\/v2\/media?parent=2959"}],"wp:term":[{"taxonomy":"product_brand","embeddable":true,"href":"https:\/\/keweicorten.com\/es_gt\/wp-json\/wp\/v2\/product_brand?post=2959"},{"taxonomy":"product_cat","embeddable":true,"href":"https:\/\/keweicorten.com\/es_gt\/wp-json\/wp\/v2\/product_cat?post=2959"},{"taxonomy":"product_tag","embeddable":true,"href":"https:\/\/keweicorten.com\/es_gt\/wp-json\/wp\/v2\/product_tag?post=2959"}],"curies":[{"name":"wp","href":"https:\/\/api.w.org\/{rel}","templated":true}]}}