{"id":2972,"date":"2024-12-19T01:47:45","date_gmt":"2024-12-19T01:47:45","guid":{"rendered":"https:\/\/keweicorten.com\/?post_type=product&#038;p=2972"},"modified":"2025-01-15T06:12:58","modified_gmt":"2025-01-15T06:12:58","slug":"parrilla-de-acero-corten-para-chimeneas","status":"publish","type":"product","link":"https:\/\/keweicorten.com\/es_gt\/parrilla-de-acero-corten-para-chimeneas\/","title":{"rendered":"parrilla de acero corten para chimeneas"},"content":{"rendered":"<h2 data-pm-slice=\"1 1 []\">Chimenea de acero corten: El complemento perfecto para su espacio al aire libre<\/h2>\n<p>Cuando se trata de mejorar su zona de estar al aire libre, pocos elementos son tan vers\u00e1tiles y visualmente llamativos como una parrilla de chimenea de acero corten. Combinando la calidez de una hoguera con la funcionalidad de una parrilla, esta innovadora caracter\u00edstica eleva sus reuniones en el patio trasero al tiempo que a\u00f1ade un toque de encanto r\u00fastico moderno.<\/p>\n<h3>\u00bfQu\u00e9 es una parrilla de acero corten?<\/h3>\n<p>Una parrilla de acero corten para chimeneas es un elemento de exterior de doble uso fabricado con acero resistente a la intemperie, conocido como acero corten. Este material desarrolla una p\u00e1tina protectora similar al \u00f3xido con el paso del tiempo, creando un aspecto \u00fanico y en constante evoluci\u00f3n que combina a la perfecci\u00f3n con el entorno natural. Dise\u00f1adas tanto para un uso est\u00e9tico como pr\u00e1ctico, las parrillas de acero corten para chimeneas son duraderas, requieren poco mantenimiento y resisten las inclemencias del tiempo.<\/p>\n<p><a href=\"https:\/\/keweicorten.com\/es_gt\/contacto\/\"><img fetchpriority=\"high\" decoding=\"async\" class=\"alignnone wp-image-2977 size-full\" title=\"corten fire pit bbq \" src=\"https:\/\/keweicorten.com\/wp-content\/uploads\/2024\/12\/\u5fae\u4fe1\u56fe\u7247_20241105151017.png\" alt=\"corten fire pit bbq Factory,china,precio,fabricantes, proveedores, modificado para requisitos particulares, al por mayor, barato, para la venta, en stock.-keweicorten\" width=\"517\" height=\"517\" srcset=\"https:\/\/keweicorten.com\/wp-content\/uploads\/2024\/12\/\u5fae\u4fe1\u56fe\u7247_20241105151017.png 517w, https:\/\/keweicorten.com\/wp-content\/uploads\/2024\/12\/\u5fae\u4fe1\u56fe\u7247_20241105151017-300x300.png 300w, https:\/\/keweicorten.com\/wp-content\/uploads\/2024\/12\/\u5fae\u4fe1\u56fe\u7247_20241105151017-150x150.png 150w, https:\/\/keweicorten.com\/wp-content\/uploads\/2024\/12\/\u5fae\u4fe1\u56fe\u7247_20241105151017-12x12.png 12w, https:\/\/keweicorten.com\/wp-content\/uploads\/2024\/12\/\u5fae\u4fe1\u56fe\u7247_20241105151017-100x100.png 100w\" sizes=\"(max-width: 517px) 100vw, 517px\" \/><\/a><\/p>\n<h3>Caracter\u00edsticas de las parrillas de acero corten para chimeneas<\/h3>\n<ol start=\"1\" data-spread=\"true\">\n<li><strong>Durabilidad:<\/strong> El acero corten es famoso por su solidez y resistencia a la corrosi\u00f3n. Su superficie autorregenerativa garantiza un rendimiento duradero, por lo que es un material ideal para aplicaciones en exteriores.<\/li>\n<li><strong>Est\u00e9tica r\u00fastica:<\/strong> La p\u00e1tina natural confiere a la parrilla un aspecto \u00fanico y terroso que realza cualquier entorno exterior. La p\u00e1tina tambi\u00e9n evoluciona, a\u00f1adiendo car\u00e1cter e individualidad.<\/li>\n<li><strong>Versatilidad:<\/strong> Puede servir tanto de chimenea para dar calor y ambiente como de parrilla para cocinar. Esta doble funcionalidad la hace perfecta para organizar fiestas al aire libre y reuniones familiares.<\/li>\n<li><strong>Bajo mantenimiento:<\/strong> A diferencia de las parrillas tradicionales, el acero corten requiere un mantenimiento m\u00ednimo. La p\u00e1tina protectora elimina la necesidad de pintar o sellar.<\/li>\n<\/ol>\n<p><a href=\"https:\/\/keweicorten.com\/es_gt\/contacto\/\"><img decoding=\"async\" class=\"alignnone wp-image-2978\" title=\"corten firepit bbq \" src=\"https:\/\/keweicorten.com\/wp-content\/uploads\/2024\/12\/photobank-1.png\" alt=\"fire pit bbq Factory,china,precio,fabricantes, surtidores, modificado para requisitos particulares, al por mayor, barato, para la venta, en la acci\u00f3n.-keweicorten\" width=\"463\" height=\"496\" srcset=\"https:\/\/keweicorten.com\/wp-content\/uploads\/2024\/12\/photobank-1.png 624w, https:\/\/keweicorten.com\/wp-content\/uploads\/2024\/12\/photobank-1-280x300.png 280w, https:\/\/keweicorten.com\/wp-content\/uploads\/2024\/12\/photobank-1-11x12.png 11w, https:\/\/keweicorten.com\/wp-content\/uploads\/2024\/12\/photobank-1-600x642.png 600w\" sizes=\"(max-width: 463px) 100vw, 463px\" \/><\/a><a href=\"https:\/\/keweicorten.com\/es_gt\/contacto\/\"><img decoding=\"async\" class=\"alignnone wp-image-2980\" title=\"hoguera bbq\" src=\"https:\/\/keweicorten.com\/wp-content\/uploads\/2024\/12\/1.jpg\" alt=\"fire pit bbq Factory,china,precio,fabricantes, surtidores, modificado para requisitos particulares, al por mayor, barato, para la venta, en la acci\u00f3n.-keweicorten\" width=\"472\" height=\"472\" srcset=\"https:\/\/keweicorten.com\/wp-content\/uploads\/2024\/12\/1.jpg 819w, https:\/\/keweicorten.com\/wp-content\/uploads\/2024\/12\/1-300x300.jpg 300w, https:\/\/keweicorten.com\/wp-content\/uploads\/2024\/12\/1-150x150.jpg 150w, https:\/\/keweicorten.com\/wp-content\/uploads\/2024\/12\/1-768x768.jpg 768w, https:\/\/keweicorten.com\/wp-content\/uploads\/2024\/12\/1-12x12.jpg 12w, https:\/\/keweicorten.com\/wp-content\/uploads\/2024\/12\/1-600x600.jpg 600w, https:\/\/keweicorten.com\/wp-content\/uploads\/2024\/12\/1-100x100.jpg 100w\" sizes=\"(max-width: 472px) 100vw, 472px\" \/><\/a><\/p>\n<h3>Ventajas de elegir una parrilla de acero corten para chimeneas<\/h3>\n<h4>1. Experiencia al aire libre mejorada<\/h4>\n<p>Una chimenea-parrilla de acero corten transforma su patio en un espacio acogedor y funcional para disfrutar todo el a\u00f1o. Ya sea para asar malvaviscos en una noche fr\u00eda o para asar filetes en una barbacoa de verano, es el centro de reuniones memorables.<\/p>\n<h4>2. Material respetuoso con el medio ambiente<\/h4>\n<p>El acero corten es 100% reciclable y tiene una larga vida \u00fatil, lo que lo convierte en una opci\u00f3n sostenible para los propietarios concienciados con el medio ambiente.<\/p>\n<h4>3. Dise\u00f1os personalizables<\/h4>\n<p>Disponibles en varias formas y tama\u00f1os, las parrillas de acero corten para chimeneas pueden adaptarse a su decoraci\u00f3n exterior. Desde dise\u00f1os modernos y elegantes hasta estilos m\u00e1s tradicionales, hay una opci\u00f3n para cada gusto.<\/p>\n<h4>4. Resistencia a la intemperie<\/h4>\n<p>A diferencia de las parrillas est\u00e1ndar que pueden oxidarse o degradarse con el tiempo, la p\u00e1tina del acero corten act\u00faa como una capa protectora, garantizando su durabilidad incluso en climas duros.<\/p>\n<p><a href=\"https:\/\/keweicorten.com\/es_gt\/productos\/\"><img loading=\"lazy\" decoding=\"async\" class=\"alignnone wp-image-2981 size-full\" title=\"barbacoa de acero corten \" src=\"https:\/\/keweicorten.com\/wp-content\/uploads\/2024\/12\/\u672a\u547d\u540d.jpg\" alt=\"fire pit bbq Factory,china,precio,fabricantes, surtidores, modificado para requisitos particulares, al por mayor, barato, para la venta, en la acci\u00f3n.-keweicorten\" width=\"750\" height=\"750\" srcset=\"https:\/\/keweicorten.com\/wp-content\/uploads\/2024\/12\/\u672a\u547d\u540d.jpg 750w, https:\/\/keweicorten.com\/wp-content\/uploads\/2024\/12\/\u672a\u547d\u540d-300x300.jpg 300w, https:\/\/keweicorten.com\/wp-content\/uploads\/2024\/12\/\u672a\u547d\u540d-150x150.jpg 150w, https:\/\/keweicorten.com\/wp-content\/uploads\/2024\/12\/\u672a\u547d\u540d-12x12.jpg 12w, https:\/\/keweicorten.com\/wp-content\/uploads\/2024\/12\/\u672a\u547d\u540d-600x600.jpg 600w, https:\/\/keweicorten.com\/wp-content\/uploads\/2024\/12\/\u672a\u547d\u540d-100x100.jpg 100w\" sizes=\"(max-width: 750px) 100vw, 750px\" \/><\/a><\/p>\n<h3>Consejos para el uso y mantenimiento de su parrilla de acero corten<\/h3>\n<ul data-spread=\"false\">\n<li><strong>Configuraci\u00f3n inicial:<\/strong> La exposici\u00f3n de la parrilla a la intemperie permite que la p\u00e1tina se desarrolle de forma natural.<\/li>\n<li><strong>Limpieza:<\/strong> Utilice un cepillo suave para eliminar los restos o la ceniza. Evite los productos qu\u00edmicos agresivos, ya que pueden alterar el proceso de p\u00e1tina natural.<\/li>\n<li><strong>Cuidado de la superficie de cocci\u00f3n:<\/strong> Limpie regularmente la rejilla de la parrilla para mantener la higiene y evitar la acumulaci\u00f3n de residuos de alimentos.<\/li>\n<\/ul>","protected":false},"excerpt":{"rendered":"<p>Una parrilla de acero corten para chimenea es algo m\u00e1s que un accesorio de exterior: es una inversi\u00f3n para crear un espacio c\u00e1lido y acogedor para la familia y los amigos.<\/p>","protected":false},"featured_media":2977,"comment_status":"open","ping_status":"closed","template":"","meta":{"_eb_attr":"","_monsterinsights_skip_tracking":false,"_monsterinsights_sitenote_active":false,"_monsterinsights_sitenote_note":"","_monsterinsights_sitenote_category":0,"_uf_show_specific_survey":0,"_uf_disable_surveys":false},"product_brand":[],"product_cat":[63],"product_tag":[],"class_list":{"0":"post-2972","1":"product","2":"type-product","3":"status-publish","4":"has-post-thumbnail","6":"product_cat-steel-bbq-grill","8":"first","9":"instock","10":"shipping-taxable","11":"product-type-simple"},"_links":{"self":[{"href":"https:\/\/keweicorten.com\/es_gt\/wp-json\/wp\/v2\/product\/2972"}],"collection":[{"href":"https:\/\/keweicorten.com\/es_gt\/wp-json\/wp\/v2\/product"}],"about":[{"href":"https:\/\/keweicorten.com\/es_gt\/wp-json\/wp\/v2\/types\/product"}],"replies":[{"embeddable":true,"href":"https:\/\/keweicorten.com\/es_gt\/wp-json\/wp\/v2\/comments?post=2972"}],"version-history":[{"count":1,"href":"https:\/\/keweicorten.com\/es_gt\/wp-json\/wp\/v2\/product\/2972\/revisions"}],"predecessor-version":[{"id":2982,"href":"https:\/\/keweicorten.com\/es_gt\/wp-json\/wp\/v2\/product\/2972\/revisions\/2982"}],"wp:featuredmedia":[{"embeddable":true,"href":"https:\/\/keweicorten.com\/es_gt\/wp-json\/wp\/v2\/media\/2977"}],"wp:attachment":[{"href":"https:\/\/keweicorten.com\/es_gt\/wp-json\/wp\/v2\/media?parent=2972"}],"wp:term":[{"taxonomy":"product_brand","embeddable":true,"href":"https:\/\/keweicorten.com\/es_gt\/wp-json\/wp\/v2\/product_brand?post=2972"},{"taxonomy":"product_cat","embeddable":true,"href":"https:\/\/keweicorten.com\/es_gt\/wp-json\/wp\/v2\/product_cat?post=2972"},{"taxonomy":"product_tag","embeddable":true,"href":"https:\/\/keweicorten.com\/es_gt\/wp-json\/wp\/v2\/product_tag?post=2972"}],"curies":[{"name":"wp","href":"https:\/\/api.w.org\/{rel}","templated":true}]}}