{"id":3047,"date":"2024-12-26T06:53:53","date_gmt":"2024-12-26T06:53:53","guid":{"rendered":"https:\/\/keweicorten.com\/?post_type=product&#038;p=3047"},"modified":"2025-01-15T06:08:57","modified_gmt":"2025-01-15T06:08:57","slug":"luces-solares-de-jardin-decorativas","status":"publish","type":"product","link":"https:\/\/keweicorten.com\/es_gt\/luces-solares-de-jardin-decorativas\/","title":{"rendered":"luces solares de jard\u00edn decorativas"},"content":{"rendered":"<p>Las luces de pincho para jard\u00edn son soluciones de iluminaci\u00f3n exterior vers\u00e1tiles y pr\u00e1cticas, perfectas para iluminar caminos, paisajes y elementos arquitect\u00f3nicos. Aqu\u00ed tienes una gu\u00eda r\u00e1pida que te ayudar\u00e1 a entender sus ventajas y usos:<\/p>\n<h3><strong>\u00bfQu\u00e9 son las luces de pincho para jard\u00edn?<\/strong><\/h3>\n<ul>\n<li><strong>Dise\u00f1o<\/strong>: Luces compactas montadas sobre estacas (pinchos) que pueden insertarse directamente en el suelo.<\/li>\n<li><strong>Iluminaci\u00f3n<\/strong>: Suelen funcionar con LED para aumentar la eficiencia energ\u00e9tica y prolongar la vida \u00fatil.<\/li>\n<li><strong>Movilidad<\/strong>: F\u00e1ciles de reposicionar, lo que las hace adaptables a los cambios de disposici\u00f3n del jard\u00edn.<\/li>\n<\/ul>\n<p><a href=\"https:\/\/keweicorten.com\/es_gt\"><img fetchpriority=\"high\" decoding=\"async\" class=\"alignnone wp-image-3053\" title=\"luces solares para caminos al aire libre\" src=\"https:\/\/keweicorten.com\/wp-content\/uploads\/2024\/12\/H46b4bc64fd584a30aac992017855337fC.jpg_960x960.jpg\" alt=\"camino solar luces al aire libre F\u00e1brica,china,precio,fabricantes, proveedores, modificado para requisitos particulares, al por mayor, barato, para la venta, en stock.-keweicorten\" width=\"782\" height=\"782\" srcset=\"https:\/\/keweicorten.com\/wp-content\/uploads\/2024\/12\/H46b4bc64fd584a30aac992017855337fC.jpg_960x960.jpg 700w, https:\/\/keweicorten.com\/wp-content\/uploads\/2024\/12\/H46b4bc64fd584a30aac992017855337fC.jpg_960x960-300x300.jpg 300w, https:\/\/keweicorten.com\/wp-content\/uploads\/2024\/12\/H46b4bc64fd584a30aac992017855337fC.jpg_960x960-150x150.jpg 150w, https:\/\/keweicorten.com\/wp-content\/uploads\/2024\/12\/H46b4bc64fd584a30aac992017855337fC.jpg_960x960-12x12.jpg 12w, https:\/\/keweicorten.com\/wp-content\/uploads\/2024\/12\/H46b4bc64fd584a30aac992017855337fC.jpg_960x960-600x600.jpg 600w, https:\/\/keweicorten.com\/wp-content\/uploads\/2024\/12\/H46b4bc64fd584a30aac992017855337fC.jpg_960x960-100x100.jpg 100w\" sizes=\"(max-width: 782px) 100vw, 782px\" \/><\/a><\/p>\n<h3><strong>Caracter\u00edsticas de\u00a0 <\/strong><strong>Luces de pincho para jard\u00edn<\/strong><\/h3>\n<ol>\n<li><strong>\u00c1ngulos ajustables<\/strong>: Dirige la luz para resaltar plantas, \u00e1rboles o estructuras.<\/li>\n<li><strong>Materiales resistentes a la intemperie<\/strong>: Fabricado para resistir la lluvia, el viento y la exposici\u00f3n a los rayos UV.<\/li>\n<li><strong>Opciones de potencia<\/strong>: Elija entre modelos alimentados por energ\u00eda solar, de bajo voltaje o conectados a la red el\u00e9ctrica.<\/li>\n<li><strong>Durabilidad<\/strong>: Fabricado con materiales robustos como el acero inoxidable o el aluminio.<\/li>\n<\/ol>\n<h3><strong>Usos de las luces de pincho para jard\u00edn<\/strong><\/h3>\n<ol>\n<li><strong>Iluminaci\u00f3n de caminos<\/strong>: Recubra las pasarelas o los accesos para mayor seguridad y estilo.<\/li>\n<li><strong>Iluminaci\u00f3n de acento<\/strong>: Destaque elementos espec\u00edficos del jard\u00edn, como fuentes, esculturas o parterres.<\/li>\n<li><strong>Iluminaci\u00f3n ambiental<\/strong>: A\u00f1ade una iluminaci\u00f3n suave para crear un ambiente c\u00e1lido y acogedor.<\/li>\n<li><strong>Decoraci\u00f3n de temporada<\/strong>: Util\u00edcelo para exposiciones festivas o navide\u00f1as.<\/li>\n<\/ol>\n<p><a href=\"https:\/\/keweicorten.com\/es_gt\"><img decoding=\"async\" class=\"alignnone wp-image-3054\" title=\"luces solares para caminos al aire libre\" src=\"https:\/\/keweicorten.com\/wp-content\/uploads\/2024\/12\/Hotel-Decoration-Wall-Lamp-2.jpg\" alt=\"camino solar luces al aire libre F\u00e1brica,china,precio,fabricantes, proveedores, modificado para requisitos particulares, al por mayor, barato, para la venta, en stock.-keweicorten\" width=\"765\" height=\"765\" srcset=\"https:\/\/keweicorten.com\/wp-content\/uploads\/2024\/12\/Hotel-Decoration-Wall-Lamp-2.jpg 700w, https:\/\/keweicorten.com\/wp-content\/uploads\/2024\/12\/Hotel-Decoration-Wall-Lamp-2-300x300.jpg 300w, https:\/\/keweicorten.com\/wp-content\/uploads\/2024\/12\/Hotel-Decoration-Wall-Lamp-2-150x150.jpg 150w, https:\/\/keweicorten.com\/wp-content\/uploads\/2024\/12\/Hotel-Decoration-Wall-Lamp-2-12x12.jpg 12w, https:\/\/keweicorten.com\/wp-content\/uploads\/2024\/12\/Hotel-Decoration-Wall-Lamp-2-600x600.jpg 600w, https:\/\/keweicorten.com\/wp-content\/uploads\/2024\/12\/Hotel-Decoration-Wall-Lamp-2-100x100.jpg 100w\" sizes=\"(max-width: 765px) 100vw, 765px\" \/><\/a><\/p>\n<h3><strong>Ventajas<\/strong><\/h3>\n<ul>\n<li><strong>Eficiencia energ\u00e9tica<\/strong>: A menudo equipados con bombillas LED para un consumo m\u00ednimo de energ\u00eda.<\/li>\n<li><strong>Colocaci\u00f3n personalizable<\/strong>: Se desplaza f\u00e1cilmente para adaptarse a las necesidades cambiantes.<\/li>\n<li><strong>Rentable<\/strong>: Asequible y duradero.<\/li>\n<\/ul>\n<p><a href=\"https:\/\/keweicorten.com\/es_gt\"><img decoding=\"async\" class=\"alignnone wp-image-3055\" title=\"luces solares de jard\u00edn decorativas\" src=\"https:\/\/keweicorten.com\/wp-content\/uploads\/2024\/12\/\u5fae\u4fe1\u56fe\u7247_20241226134154-1.jpg\" alt=\"luces de jard\u00edn solar decorativo F\u00e1brica,china,precio,fabricantes, proveedores, modificado para requisitos particulares, al por mayor, barato, para la venta, en stock.-keweicorten\" width=\"797\" height=\"967\" srcset=\"https:\/\/keweicorten.com\/wp-content\/uploads\/2024\/12\/\u5fae\u4fe1\u56fe\u7247_20241226134154-1.jpg 1080w, https:\/\/keweicorten.com\/wp-content\/uploads\/2024\/12\/\u5fae\u4fe1\u56fe\u7247_20241226134154-1-247x300.jpg 247w, https:\/\/keweicorten.com\/wp-content\/uploads\/2024\/12\/\u5fae\u4fe1\u56fe\u7247_20241226134154-1-844x1024.jpg 844w, https:\/\/keweicorten.com\/wp-content\/uploads\/2024\/12\/\u5fae\u4fe1\u56fe\u7247_20241226134154-1-768x932.jpg 768w, https:\/\/keweicorten.com\/wp-content\/uploads\/2024\/12\/\u5fae\u4fe1\u56fe\u7247_20241226134154-1-10x12.jpg 10w, https:\/\/keweicorten.com\/wp-content\/uploads\/2024\/12\/\u5fae\u4fe1\u56fe\u7247_20241226134154-1-600x728.jpg 600w\" sizes=\"(max-width: 797px) 100vw, 797px\" \/><\/a><\/p>","protected":false},"excerpt":{"rendered":"<p>Descubra luces solares vers\u00e1tiles para su jard\u00edn, desde luces decorativas hasta pr\u00e1cticos focos, para una transformaci\u00f3n ecol\u00f3gica y elegante del exterior.<\/p>","protected":false},"featured_media":3048,"comment_status":"open","ping_status":"closed","template":"","meta":{"_eb_attr":"","_monsterinsights_skip_tracking":false,"_monsterinsights_sitenote_active":false,"_monsterinsights_sitenote_note":"","_monsterinsights_sitenote_category":0,"_uf_show_specific_survey":0,"_uf_disable_surveys":false},"product_brand":[],"product_cat":[61],"product_tag":[],"class_list":{"0":"post-3047","1":"product","2":"type-product","3":"status-publish","4":"has-post-thumbnail","6":"product_cat-light-post","8":"first","9":"instock","10":"shipping-taxable","11":"product-type-simple"},"_links":{"self":[{"href":"https:\/\/keweicorten.com\/es_gt\/wp-json\/wp\/v2\/product\/3047"}],"collection":[{"href":"https:\/\/keweicorten.com\/es_gt\/wp-json\/wp\/v2\/product"}],"about":[{"href":"https:\/\/keweicorten.com\/es_gt\/wp-json\/wp\/v2\/types\/product"}],"replies":[{"embeddable":true,"href":"https:\/\/keweicorten.com\/es_gt\/wp-json\/wp\/v2\/comments?post=3047"}],"version-history":[{"count":1,"href":"https:\/\/keweicorten.com\/es_gt\/wp-json\/wp\/v2\/product\/3047\/revisions"}],"predecessor-version":[{"id":3056,"href":"https:\/\/keweicorten.com\/es_gt\/wp-json\/wp\/v2\/product\/3047\/revisions\/3056"}],"wp:featuredmedia":[{"embeddable":true,"href":"https:\/\/keweicorten.com\/es_gt\/wp-json\/wp\/v2\/media\/3048"}],"wp:attachment":[{"href":"https:\/\/keweicorten.com\/es_gt\/wp-json\/wp\/v2\/media?parent=3047"}],"wp:term":[{"taxonomy":"product_brand","embeddable":true,"href":"https:\/\/keweicorten.com\/es_gt\/wp-json\/wp\/v2\/product_brand?post=3047"},{"taxonomy":"product_cat","embeddable":true,"href":"https:\/\/keweicorten.com\/es_gt\/wp-json\/wp\/v2\/product_cat?post=3047"},{"taxonomy":"product_tag","embeddable":true,"href":"https:\/\/keweicorten.com\/es_gt\/wp-json\/wp\/v2\/product_tag?post=3047"}],"curies":[{"name":"wp","href":"https:\/\/api.w.org\/{rel}","templated":true}]}}