{"id":491,"date":"2024-07-15T02:29:11","date_gmt":"2024-07-15T02:29:11","guid":{"rendered":"https:\/\/keweicorten.com\/?post_type=product&#038;p=491"},"modified":"2025-01-15T06:29:12","modified_gmt":"2025-01-15T06:29:12","slug":"parrilla-de-acero-corten-2","status":"publish","type":"product","link":"https:\/\/keweicorten.com\/es_gt\/parrilla-de-acero-corten-2\/","title":{"rendered":"parrilla de acero corten"},"content":{"rendered":"<h2>Cu\u00e1les son las caracter\u00edsticas de la barbacoa grill\uff1f<\/h2>\n<ul>\n<li><strong>Durabilidad:<\/strong> Una parrilla de acero corten de alta calidad fabricada con materiales resistentes como el acero inoxidable o el hierro fundido puede atraer a quienes buscan una inversi\u00f3n duradera capaz de soportar un uso frecuente y diversas condiciones meteorol\u00f3gicas.<\/li>\n<li><strong>Versatilidad:<\/strong>\u00a0Las barbacoas que ofrecen varias opciones de cocci\u00f3n, como las funciones de asado, ahumado o incluso rostizado, pueden resultar atractivas para quienes disfrutan experimentando con diferentes t\u00e9cnicas de cocci\u00f3n y sabores.<\/li>\n<li><strong>F\u00e1cil de usar:<\/strong> Un dise\u00f1o intuitivo y f\u00e1cil de usar, junto con caracter\u00edsticas como sistemas de encendido sencillos, ajustes de calor regulables y c\u00f3modos mecanismos de limpieza, pueden hacer que una parrilla de acero corten resulte m\u00e1s atractiva para las personas que buscan una experiencia de asado sin complicaciones.<\/li>\n<li><strong>Tama\u00f1o y superficie de cocci\u00f3n:<\/strong>\u00a0Las barbacoas con un amplio espacio de cocci\u00f3n, varios quemadores y caracter\u00edsticas adicionales como mesas laterales o compartimentos de almacenamiento pueden resultar atractivas para quienes disfrutan organizando reuniones o cocinando para un grupo m\u00e1s numeroso de personas.<\/li>\n<\/ul>\n<p><strong>Est\u00e9tica:<\/strong> El dise\u00f1o y el aspecto de una parrilla de acero corten, incluidos los acabados elegantes, los estilos modernos o cl\u00e1sicos y las opciones de color, pueden desempe\u00f1ar un papel importante a la hora de atraer a compradores que valoran el atractivo visual de sus equipos de cocina al aire libre.<\/p>\n<h2>Utilizando la parrilla de acero corten:<\/h2>\n<ul>\n<li>Uso estacional: Las parrillas de acero corten son ideales para su uso en exteriores debido a la singular superficie oxidada que se forma con las condiciones meteorol\u00f3gicas. Cuando no se utilice, se recomienda guardar la parrilla en un lugar seco y ventilado.<\/li>\n<li>Preparaci\u00f3n previa a la parrilla: Antes de usar, limpie y precaliente la parrilla para eliminar cualquier residuo o suciedad y aseg\u00farese de que la superficie de la parrilla est\u00e9 seca.<\/li>\n<li>Asar alimentos: Durante el proceso de asado, ajuste el calor y la zona de calentamiento seg\u00fan los diferentes ingredientes y necesidades de cocci\u00f3n. Evite rayar la parrilla con utensilios met\u00e1licos para no da\u00f1ar la superficie.<\/li>\n<li>Limpieza y mantenimiento: Despu\u00e9s de asar, limpie la parrilla con los utensilios de limpieza adecuados para garantizar que la superficie est\u00e9 limpia y mantenga su aspecto. Un mantenimiento y conservaci\u00f3n regulares pueden prolongar la vida \u00fatil de la parrilla.<\/li>\n<\/ul>\n<p>&nbsp;<\/p>","protected":false},"excerpt":{"rendered":"<p>Una parrilla de acero corten ser\u00eda una opci\u00f3n duradera y visualmente atractiva para cocinar al aire libre, ya que el proceso de envejecimiento le a\u00f1ade atractivo est\u00e9tico. Sin embargo, es importante tener en cuenta que el acero corten puede oxidarse y manchar las superficies circundantes, por lo que se recomienda colocarla en zonas donde esto no sea un problema.<\/p>","protected":false},"featured_media":492,"comment_status":"open","ping_status":"closed","template":"","meta":{"_eb_attr":"","_monsterinsights_skip_tracking":false,"_monsterinsights_sitenote_active":false,"_monsterinsights_sitenote_note":"","_monsterinsights_sitenote_category":0,"_uf_show_specific_survey":0,"_uf_disable_surveys":false},"product_brand":[],"product_cat":[63],"product_tag":[],"class_list":{"0":"post-491","1":"product","2":"type-product","3":"status-publish","4":"has-post-thumbnail","6":"product_cat-steel-bbq-grill","8":"first","9":"instock","10":"featured","11":"shipping-taxable","12":"product-type-simple"},"_links":{"self":[{"href":"https:\/\/keweicorten.com\/es_gt\/wp-json\/wp\/v2\/product\/491"}],"collection":[{"href":"https:\/\/keweicorten.com\/es_gt\/wp-json\/wp\/v2\/product"}],"about":[{"href":"https:\/\/keweicorten.com\/es_gt\/wp-json\/wp\/v2\/types\/product"}],"replies":[{"embeddable":true,"href":"https:\/\/keweicorten.com\/es_gt\/wp-json\/wp\/v2\/comments?post=491"}],"version-history":[{"count":1,"href":"https:\/\/keweicorten.com\/es_gt\/wp-json\/wp\/v2\/product\/491\/revisions"}],"predecessor-version":[{"id":3238,"href":"https:\/\/keweicorten.com\/es_gt\/wp-json\/wp\/v2\/product\/491\/revisions\/3238"}],"wp:featuredmedia":[{"embeddable":true,"href":"https:\/\/keweicorten.com\/es_gt\/wp-json\/wp\/v2\/media\/492"}],"wp:attachment":[{"href":"https:\/\/keweicorten.com\/es_gt\/wp-json\/wp\/v2\/media?parent=491"}],"wp:term":[{"taxonomy":"product_brand","embeddable":true,"href":"https:\/\/keweicorten.com\/es_gt\/wp-json\/wp\/v2\/product_brand?post=491"},{"taxonomy":"product_cat","embeddable":true,"href":"https:\/\/keweicorten.com\/es_gt\/wp-json\/wp\/v2\/product_cat?post=491"},{"taxonomy":"product_tag","embeddable":true,"href":"https:\/\/keweicorten.com\/es_gt\/wp-json\/wp\/v2\/product_tag?post=491"}],"curies":[{"name":"wp","href":"https:\/\/api.w.org\/{rel}","templated":true}]}}