{"id":854,"date":"2024-07-19T03:07:20","date_gmt":"2024-07-19T03:07:20","guid":{"rendered":"https:\/\/keweicorten.com\/?post_type=product&#038;p=854"},"modified":"2024-07-19T03:07:20","modified_gmt":"2024-07-19T03:07:20","slug":"chapa-de-acero-corten-2","status":"publish","type":"product","link":"https:\/\/keweicorten.com\/es_gt\/chapa-de-acero-corten-2\/","title":{"rendered":"chapa de acero corten"},"content":{"rendered":"<h2>Comprender las caracter\u00edsticas de la chapa de acero corten y su aplicaci\u00f3n en la construcci\u00f3n:<\/h2>\n<p>1. Resistencia a la intemperie: la chapa de acero corten tiene buena resistencia a la intemperie, puede resistir la corrosi\u00f3n atmosf\u00e9rica, prolongar la vida \u00fatil del edificio.<\/p>\n<p>2. 2. Alta resistencia: Aunque el espesor de la placa es de s\u00f3lo 3 mm, la resistencia de la chapa de acero corten sigue siendo muy alta y puede proporcionar suficiente soporte estructural.<\/p>\n<p>3. Buena est\u00e9tica: la superficie de la chapa de acero tiene un brillo met\u00e1lico \u00fanico, que puede dar al edificio un sentido moderno y belleza.<\/p>\n<p>El acero de intemperie de 3 mm suele utilizarse en las siguientes aplicaciones:<\/p>\n<p>1. Decoraci\u00f3n de paredes exteriores: Como material de decoraci\u00f3n de paredes exteriores, la chapa de acero resistente a la intemperie no s\u00f3lo es hermosa, sino que tambi\u00e9n puede desempe\u00f1ar un cierto efecto de preservaci\u00f3n del calor e impermeabilidad.<\/p>\n<p>2. Cubierta del tejado: la chapa de acero resistente a la intemperie se utiliza como material de cubierta del tejado, lo que puede evitar eficazmente la erosi\u00f3n de la lluvia y mejorar la durabilidad del tejado.<\/p>\n<p>3. Componentes estructurales: En los componentes estructurales del edificio, el uso de placas de acero resistentes a la intemperie puede aumentar la resistencia y la estabilidad de los componentes y prolongar la vida \u00fatil.<\/p>\n<div style=\"width: 800px;\" class=\"wp-video\"><!--[if lt IE 9]><script>document.createElement('video');<\/script><![endif]-->\n<video class=\"wp-video-shortcode\" id=\"video-854-1\" width=\"800\" height=\"450\" preload=\"metadata\" controls=\"controls\"><source type=\"video\/mp4\" src=\"https:\/\/keweicorten.com\/wp-content\/uploads\/2024\/07\/6.mp4?_=1\" \/><a href=\"https:\/\/keweicorten.com\/wp-content\/uploads\/2024\/07\/6.mp4\">https:\/\/keweicorten.com\/wp-content\/uploads\/2024\/07\/6.mp4<\/a><\/video><\/div>\n<p><a href=\"https:\/\/keweicorten.com\/es_gt\/contacto\/\">contacto<\/a><\/p>\n<figure style=\"width: 600px\" class=\"wp-caption alignnone\"><a href=\"https:\/\/sc04.alicdn.com\/kf\/H4356800d9bde483d9dbfa7d4fa0185caL\/228414524\/H4356800d9bde483d9dbfa7d4fa0185caL.jpg\" rel=\"nofollow noopener\" target=\"_blank\"><img fetchpriority=\"high\" decoding=\"async\" title=\"chapa de acero corten\" src=\"https:\/\/sc04.alicdn.com\/kf\/H4356800d9bde483d9dbfa7d4fa0185caL\/228414524\/H4356800d9bde483d9dbfa7d4fa0185caL.jpg\" alt=\"chapa de acero corten\" width=\"600\" height=\"600\" \/><\/a><figcaption class=\"wp-caption-text\">chapa de acero corten<\/figcaption><\/figure>\n<p><!--more--><\/p>","protected":false},"excerpt":{"rendered":"<p>La chapa de acero resistente a la intemperie de 3 mm es un tipo de material de chapa de acero con una excelente resistencia a la intemperie, que se utiliza a menudo en la construcci\u00f3n y la ingenier\u00eda estructural.<\/p>","protected":false},"featured_media":855,"comment_status":"open","ping_status":"closed","template":"","meta":{"_eb_attr":"","_monsterinsights_skip_tracking":false,"_monsterinsights_sitenote_active":false,"_monsterinsights_sitenote_note":"","_monsterinsights_sitenote_category":0,"_uf_show_specific_survey":0,"_uf_disable_surveys":false},"product_brand":[],"product_cat":[21],"product_tag":[],"class_list":{"0":"post-854","1":"product","2":"type-product","3":"status-publish","4":"has-post-thumbnail","6":"product_cat-weather-resistant-steel-plate","8":"first","9":"instock","10":"shipping-taxable","11":"product-type-simple"},"_links":{"self":[{"href":"https:\/\/keweicorten.com\/es_gt\/wp-json\/wp\/v2\/product\/854"}],"collection":[{"href":"https:\/\/keweicorten.com\/es_gt\/wp-json\/wp\/v2\/product"}],"about":[{"href":"https:\/\/keweicorten.com\/es_gt\/wp-json\/wp\/v2\/types\/product"}],"replies":[{"embeddable":true,"href":"https:\/\/keweicorten.com\/es_gt\/wp-json\/wp\/v2\/comments?post=854"}],"version-history":[{"count":0,"href":"https:\/\/keweicorten.com\/es_gt\/wp-json\/wp\/v2\/product\/854\/revisions"}],"wp:featuredmedia":[{"embeddable":true,"href":"https:\/\/keweicorten.com\/es_gt\/wp-json\/wp\/v2\/media\/855"}],"wp:attachment":[{"href":"https:\/\/keweicorten.com\/es_gt\/wp-json\/wp\/v2\/media?parent=854"}],"wp:term":[{"taxonomy":"product_brand","embeddable":true,"href":"https:\/\/keweicorten.com\/es_gt\/wp-json\/wp\/v2\/product_brand?post=854"},{"taxonomy":"product_cat","embeddable":true,"href":"https:\/\/keweicorten.com\/es_gt\/wp-json\/wp\/v2\/product_cat?post=854"},{"taxonomy":"product_tag","embeddable":true,"href":"https:\/\/keweicorten.com\/es_gt\/wp-json\/wp\/v2\/product_tag?post=854"}],"curies":[{"name":"wp","href":"https:\/\/api.w.org\/{rel}","templated":true}]}}