{"id":1017,"date":"2024-09-11T02:32:17","date_gmt":"2024-09-11T02:32:17","guid":{"rendered":"https:\/\/keweicorten.com\/?post_type=product&#038;p=1017"},"modified":"2025-01-15T06:28:01","modified_gmt":"2025-01-15T06:28:01","slug":"luces-de-acero-corten","status":"publish","type":"product","link":"https:\/\/keweicorten.com\/es_mx\/luces-de-acero-corten\/","title":{"rendered":"luces de acero corten"},"content":{"rendered":"<h2>Aplicaci\u00f3n de las luces de acero corten en el hogar moderno<\/h2>\n<ol>\n<li>Iluminaci\u00f3n interior : Las l\u00e1mparas de acero corten pueden utilizarse como parte de la decoraci\u00f3n interior para aportar un estilo industrial \u00fanico, adecuado para el sal\u00f3n, la cocina o el comedor y otros espacios. Su textura met\u00e1lica \u00fanica a\u00f1ade un sentido de la moda a los hogares modernos.<\/li>\n<li>Iluminaci\u00f3n de exteriores: Dado que el acero para intemperie tiene una buena resistencia a la corrosi\u00f3n, las l\u00e1mparas de acero para intemperie son muy adecuadas para entornos exteriores, como la iluminaci\u00f3n de patios, balcones y terrazas. Pueden soportar todas las condiciones meteorol\u00f3gicas y mantener una larga vida \u00fatil.<\/li>\n<li>Instalaciones art\u00edsticas: Muchos dise\u00f1adores utilizan las luminarias de acero corten como instalaciones art\u00edsticas para realzar el efecto visual del espacio mediante formas \u00fanicas y efectos de luces y sombras. Este dise\u00f1o, incrustado en la pared o el techo, suele convertirse en el punto focal del interior.<\/li>\n<li>Iluminaci\u00f3n funcional de trabajo : En la zona de trabajo dom\u00e9stica, las l\u00e1mparas de acero corten tambi\u00e9n pueden utilizarse como iluminaci\u00f3n funcional, proporcionando suficiente luminosidad para satisfacer las necesidades del trabajo. Su dise\u00f1o sencillo puede integrarse con una gran variedad de estilos de mobiliario.<\/li>\n<li>\u00a0Protecci\u00f3n del medio ambiente y dise\u00f1o sostenible.<\/li>\n<\/ol>\n<figure style=\"width: 750px\" class=\"wp-caption alignnone\"><a href=\"https:\/\/keweicorten.com\/es_mx\/contacto\/\"><img fetchpriority=\"high\" decoding=\"async\" title=\"luz corten\" src=\"https:\/\/sc04.alicdn.com\/kf\/A4a230982885047639f8ccbda507af4993\/276435419\/A4a230982885047639f8ccbda507af4993.jpg\" alt=\"\" width=\"750\" height=\"454\" \/><\/a><figcaption class=\"wp-caption-text\">luz corten<\/figcaption><\/figure>\n<table class=\"has-title all magic-7\" style=\"height: 293px;\" width=\"668\">\n<tbody>\n<tr>\n<td colspan=\"1\" rowspan=\"1\">\n<div class=\"magic-8\" data-spm-anchor-id=\"a2700.details.0.i42.4bb41cbbhIX01D\">art\u00edculo<\/div>\n<\/td>\n<td colspan=\"1\" rowspan=\"1\">\n<div class=\"magic-9\">valor<\/div>\n<\/td>\n<\/tr>\n<tr>\n<td colspan=\"1\" rowspan=\"1\">\n<div class=\"magic-8\">Tipo<\/div>\n<\/td>\n<td colspan=\"1\" rowspan=\"1\">\n<div class=\"magic-9\">Luz de jard\u00edn<\/div>\n<\/td>\n<\/tr>\n<tr>\n<td colspan=\"1\" rowspan=\"1\">\n<div class=\"magic-8\">Lugar de origen<\/div>\n<\/td>\n<td colspan=\"1\" rowspan=\"1\">\n<div class=\"magic-9\">Henan, China<\/div>\n<\/td>\n<\/tr>\n<tr>\n<td colspan=\"1\" rowspan=\"1\">\n<div class=\"magic-8\">Marca<\/div>\n<\/td>\n<td colspan=\"1\" rowspan=\"1\">\n<div class=\"magic-9\">shkw<\/div>\n<\/td>\n<\/tr>\n<tr>\n<td colspan=\"1\" rowspan=\"1\">\n<div class=\"magic-8\">N\u00famero de modelo<\/div>\n<\/td>\n<td colspan=\"1\" rowspan=\"1\">\n<div class=\"magic-9\">shkw-CL-111<\/div>\n<\/td>\n<\/tr>\n<tr>\n<td colspan=\"1\" rowspan=\"1\">\n<div class=\"magic-8\">Material<\/div>\n<\/td>\n<td colspan=\"1\" rowspan=\"1\">\n<div class=\"magic-9\">Acero corten<\/div>\n<\/td>\n<\/tr>\n<tr>\n<td colspan=\"1\" rowspan=\"1\">\n<div class=\"magic-8\">Utilizaci\u00f3n<\/div>\n<\/td>\n<td colspan=\"1\" rowspan=\"1\">\n<div class=\"magic-9\">Decoraci\u00f3n exterior<\/div>\n<\/td>\n<\/tr>\n<tr>\n<td colspan=\"1\" rowspan=\"1\">\n<div class=\"magic-8\">Color<\/div>\n<\/td>\n<td colspan=\"1\" rowspan=\"1\">\n<div class=\"magic-9\">Rojo \u00f3xido<\/div>\n<\/td>\n<\/tr>\n<tr>\n<td colspan=\"1\" rowspan=\"1\">\n<div class=\"magic-8\">Utilizaci\u00f3n<\/div>\n<\/td>\n<td colspan=\"1\" rowspan=\"1\">\n<div class=\"magic-9\">Luz para la decoraci\u00f3n del jard\u00edn<\/div>\n<\/td>\n<\/tr>\n<tr>\n<td colspan=\"1\" rowspan=\"1\">\n<div class=\"magic-8\">Talla<\/div>\n<\/td>\n<td colspan=\"1\" rowspan=\"1\">\n<div class=\"magic-9\">150 mm, 300 mm, etc.<\/div>\n<\/td>\n<\/tr>\n<tr>\n<td colspan=\"1\" rowspan=\"1\">\n<div class=\"magic-8\">Forma<\/div>\n<\/td>\n<td colspan=\"1\" rowspan=\"1\">\n<div class=\"magic-9\">Cuadrado<\/div>\n<\/td>\n<\/tr>\n<tr>\n<td colspan=\"1\" rowspan=\"1\">\n<div class=\"magic-8\">Adecuado para(entorno)<\/div>\n<\/td>\n<td colspan=\"1\" rowspan=\"1\">\n<div class=\"magic-9\">Jard\u00edn exterior<\/div>\n<\/td>\n<\/tr>\n<\/tbody>\n<\/table>\n<h2>\u00bfPor qu\u00e9 elegir l\u00e1mparas de acero corten de alta calidad?<\/h2>\n<ul>\n<li>Resistencia a la intemperie : El acero corten, o acero para intemperie, tiene un alto grado de resistencia a la corrosi\u00f3n y a la intemperie. Despu\u00e9s de que su superficie se exponga al aire y al agua, se formar\u00e1 una capa protectora de \u00f3xido para evitar una mayor corrosi\u00f3n, lo que garantiza que la l\u00e1mpara pueda utilizarse durante mucho tiempo en diversas condiciones clim\u00e1ticas.<\/li>\n<li>Est\u00e9tica \u00fanica : El color de oxidaci\u00f3n natural del acero corten (rojo \u00f3xido) es \u00fanico, lo que puede a\u00f1adir una sensaci\u00f3n de arte y estilo industrial a un hogar moderno o a un espacio de jard\u00edn, convirti\u00e9ndolo en una opci\u00f3n decorativa y pr\u00e1ctica.<\/li>\n<li>Bajo coste de mantenimiento : Debido a las caracter\u00edsticas de su material, las l\u00e1mparas de acero corten requieren poco mantenimiento, en comparaci\u00f3n con las l\u00e1mparas met\u00e1licas tradicionales, no requieren pintura regular ni tratamiento de prevenci\u00f3n de la oxidaci\u00f3n, reduciendo as\u00ed el coste de mantenimiento del uso a largo plazo.<\/li>\n<li>Protecci\u00f3n del medio ambiente : el acero corten es un material renovable y reciclable, acorde con las exigencias de la sociedad actual en materia de protecci\u00f3n del medio ambiente y desarrollo sostenible, es una opci\u00f3n ideal para los consumidores respetuosos con el medio ambiente.<\/li>\n<li>Versatilidad : Las l\u00e1mparas de acero corten son adecuadas para diversos escenarios, como interiores, patios o lugares p\u00fablicos. Pueden utilizarse como iluminaci\u00f3n funcional o como instalaciones art\u00edsticas, ofreciendo una gran variedad de posibilidades de dise\u00f1o.<\/li>\n<li>Resistencia y durabilidad : Las l\u00e1mparas de acero corten de alta calidad no s\u00f3lo son est\u00e9ticamente excelentes, sino que sus fuertes propiedades f\u00edsicas las hacen capaces de resistir entornos duros y golpes para garantizar un uso estable a largo plazo.<\/li>\n<\/ul>\n<figure style=\"width: 571px\" class=\"wp-caption alignleft\"><a href=\"https:\/\/keweicorten.com\/es_mx\/contacto\/\"><img decoding=\"async\" class=\"\" title=\"luz corten\" src=\"https:\/\/sc04.alicdn.com\/kf\/Hf1c5940816064e23ad3e6f0628593234c\/276435419\/Hf1c5940816064e23ad3e6f0628593234c.jpg\" alt=\"\" width=\"571\" height=\"571\" \/><\/a><figcaption class=\"wp-caption-text\">acero corten ligero<\/figcaption><\/figure>\n<ul>\n<li><span data-spm-anchor-id=\"a2700.details.0.i39.746b59567TvLlT\">El bolardo se ilumina de la apariencia oxidada y hace que el espacio al aire libre un significado especial.<\/span><\/li>\n<\/ul>\n<p>El c\u00e1lido aspecto oxidado se consigue mediante un tratamiento qu\u00edmico especial del acero CORTEN utilizado.<\/p>\n<p>&nbsp;<\/p>\n<ul>\n<li><span data-spm-anchor-id=\"a2700.details.0.i41.746b59567TvLlT\">La decoraci\u00f3n exterior de acero corten adopta nuevas tecnolog\u00edas para el desarrollo sostenible y la innovaci\u00f3n,<\/span>convertir\u00e1 a los bolardos de jard\u00edn en piezas \u00fanicas y en un elemento especial all\u00ed donde se instalen.<\/li>\n<\/ul>","protected":false},"excerpt":{"rendered":"<p>En general, las l\u00e1mparas de acero resistente a la intemperie no s\u00f3lo tienen durabilidad y est\u00e9tica, sino que tambi\u00e9n pueden combinarse con el concepto de dise\u00f1o de los hogares modernos para convertirse en un elemento importante del entorno dom\u00e9stico.<\/p>","protected":false},"featured_media":1087,"comment_status":"open","ping_status":"closed","template":"","meta":{"_eb_attr":"","_monsterinsights_skip_tracking":false,"_monsterinsights_sitenote_active":false,"_monsterinsights_sitenote_note":"","_monsterinsights_sitenote_category":0,"_uf_show_specific_survey":0,"_uf_disable_surveys":false},"product_brand":[],"product_cat":[61],"product_tag":[],"class_list":{"0":"post-1017","1":"product","2":"type-product","3":"status-publish","4":"has-post-thumbnail","6":"product_cat-light-post","8":"first","9":"instock","10":"shipping-taxable","11":"product-type-simple"},"_links":{"self":[{"href":"https:\/\/keweicorten.com\/es_mx\/wp-json\/wp\/v2\/product\/1017"}],"collection":[{"href":"https:\/\/keweicorten.com\/es_mx\/wp-json\/wp\/v2\/product"}],"about":[{"href":"https:\/\/keweicorten.com\/es_mx\/wp-json\/wp\/v2\/types\/product"}],"replies":[{"embeddable":true,"href":"https:\/\/keweicorten.com\/es_mx\/wp-json\/wp\/v2\/comments?post=1017"}],"version-history":[{"count":2,"href":"https:\/\/keweicorten.com\/es_mx\/wp-json\/wp\/v2\/product\/1017\/revisions"}],"predecessor-version":[{"id":1089,"href":"https:\/\/keweicorten.com\/es_mx\/wp-json\/wp\/v2\/product\/1017\/revisions\/1089"}],"wp:featuredmedia":[{"embeddable":true,"href":"https:\/\/keweicorten.com\/es_mx\/wp-json\/wp\/v2\/media\/1087"}],"wp:attachment":[{"href":"https:\/\/keweicorten.com\/es_mx\/wp-json\/wp\/v2\/media?parent=1017"}],"wp:term":[{"taxonomy":"product_brand","embeddable":true,"href":"https:\/\/keweicorten.com\/es_mx\/wp-json\/wp\/v2\/product_brand?post=1017"},{"taxonomy":"product_cat","embeddable":true,"href":"https:\/\/keweicorten.com\/es_mx\/wp-json\/wp\/v2\/product_cat?post=1017"},{"taxonomy":"product_tag","embeddable":true,"href":"https:\/\/keweicorten.com\/es_mx\/wp-json\/wp\/v2\/product_tag?post=1017"}],"curies":[{"name":"wp","href":"https:\/\/api.w.org\/{rel}","templated":true}]}}