{"id":1110,"date":"2024-09-11T07:19:01","date_gmt":"2024-09-11T07:19:01","guid":{"rendered":"https:\/\/keweicorten.com\/?post_type=product&#038;p=1110"},"modified":"2025-01-15T06:16:12","modified_gmt":"2025-01-15T06:16:12","slug":"escultura","status":"publish","type":"product","link":"https:\/\/keweicorten.com\/es_mx\/escultura\/","title":{"rendered":"escultura mural moderna"},"content":{"rendered":"<table class=\"table\" border=\"1\" cellspacing=\"1\" cellpadding=\"1\">\n<tbody>\n<tr>\n<td>Nombre del producto<\/td>\n<td>Al aire libre Moderno de metal artesanal de acero corten escultura de jard\u00edn de la hoja<\/td>\n<\/tr>\n<tr>\n<td>Material<\/td>\n<td>acero corten, acero dulce, etc.<\/td>\n<\/tr>\n<tr>\n<td>Color<\/td>\n<td>Pintado en polvo o rojo oxidado<\/td>\n<\/tr>\n<tr>\n<td><strong>EMBALAJE:<\/strong><\/td>\n<td>CAJAS DE MADERA<\/td>\n<\/tr>\n<tr>\n<td>Usado<\/td>\n<td>decoraci\u00f3n del hogar<\/td>\n<\/tr>\n<\/tbody>\n<\/table>\n<p>\u00bfPor qu\u00e9 elegir una escultura mural moderna?<\/p>\n<p>Las esculturas de pared modernas son muy duraderas. Est\u00e1n hechas de acero de alta calidad resistente a la intemperie y pueden soportar diversas condiciones clim\u00e1ticas, como lluvia, sol, fr\u00edo y olas de calor. Este material decorativo es una opci\u00f3n excelente para quienes necesitan que la decoraci\u00f3n exterior de su jard\u00edn mantenga su est\u00e9tica durante muchos a\u00f1os.<\/p>\n<p>La moderna escultura de pared est\u00e1 bellamente decorada. Este material decorativo tiene una forma muy singular y colores brillantes, que pueden realzar la belleza del jard\u00edn. A muchas personas tambi\u00e9n les gusta la decoraci\u00f3n de jard\u00edn de acero envejecido porque aporta un aire moderno y puede dar un toque de estilo al jard\u00edn.<\/p>\n<p>Este material decorativo es muy respetuoso con el medio ambiente. Debido a su larga vida \u00fatil, no produce demasiados residuos ni basura. Adem\u00e1s, como su material es el acero, puede utilizarse dos veces y no contaminar\u00e1 el medio ambiente.<\/p>\n<p>Las esculturas murales modernas tambi\u00e9n son muy f\u00e1ciles de instalar. Muchas marcas pueden ofrecer m\u00f3dulos y componentes prefabricados para distintos escenarios, que los usuarios pueden combinar libremente seg\u00fan sus necesidades.<\/p>\n<p>Elegir una decoraci\u00f3n de jard\u00edn de acero resistente a la intemperie es una opci\u00f3n positiva, respetuosa con el medio ambiente, bonita y duradera. Puede aportar una inspiraci\u00f3n ilimitada y hacer que su jard\u00edn sea a\u00fan m\u00e1s colorido.<\/p>\n<p>La decoraci\u00f3n de jard\u00edn de acero resistente a la intemperie es un tipo de material con un amplio valor de aplicaci\u00f3n, que puede utilizarse como espacio decorativo y embellecedor.<\/p>\n<div class=\"J_module\">\n<figure id=\"attachment_1112\" aria-describedby=\"caption-attachment-1112\" style=\"width: 500px\" class=\"wp-caption alignnone\"><a href=\"https:\/\/keweicorten.com\/es_mx\/?attachment_id=1112\"><img fetchpriority=\"high\" decoding=\"async\" class=\"wp-image-1112\" title=\"grandes esculturas murales\" src=\"https:\/\/keweicorten.com\/wp-content\/uploads\/2024\/09\/photobank-52-300x300.jpg\" alt=\"\" width=\"500\" height=\"500\" srcset=\"https:\/\/keweicorten.com\/wp-content\/uploads\/2024\/09\/photobank-52-300x300.jpg 300w, https:\/\/keweicorten.com\/wp-content\/uploads\/2024\/09\/photobank-52-150x150.jpg 150w, https:\/\/keweicorten.com\/wp-content\/uploads\/2024\/09\/photobank-52-12x12.jpg 12w, https:\/\/keweicorten.com\/wp-content\/uploads\/2024\/09\/photobank-52-600x600.jpg 600w, https:\/\/keweicorten.com\/wp-content\/uploads\/2024\/09\/photobank-52-100x100.jpg 100w, https:\/\/keweicorten.com\/wp-content\/uploads\/2024\/09\/photobank-52.jpg 700w\" sizes=\"(max-width: 500px) 100vw, 500px\" \/><\/a><figcaption id=\"caption-attachment-1112\" class=\"wp-caption-text\">grandes esculturas murales<\/figcaption><\/figure>\n<div data-section=\"AliMagic-1caf3d\" data-section-title=\"Our Services\" data-spm-anchor-id=\"a2700.details.0.i38.5f3c554eic1XgH\">\n<figure id=\"attachment_1111\" aria-describedby=\"caption-attachment-1111\" style=\"width: 502px\" class=\"wp-caption alignnone\"><a href=\"https:\/\/keweicorten.com\/es_mx\"><img decoding=\"async\" class=\"wp-image-1111\" title=\"esculturas en venta\" src=\"https:\/\/keweicorten.com\/wp-content\/uploads\/2024\/09\/photobank-109-300x300.jpg\" alt=\"\" width=\"502\" height=\"502\" srcset=\"https:\/\/keweicorten.com\/wp-content\/uploads\/2024\/09\/photobank-109-300x300.jpg 300w, https:\/\/keweicorten.com\/wp-content\/uploads\/2024\/09\/photobank-109-150x150.jpg 150w, https:\/\/keweicorten.com\/wp-content\/uploads\/2024\/09\/photobank-109-12x12.jpg 12w, https:\/\/keweicorten.com\/wp-content\/uploads\/2024\/09\/photobank-109-600x600.jpg 600w, https:\/\/keweicorten.com\/wp-content\/uploads\/2024\/09\/photobank-109-100x100.jpg 100w, https:\/\/keweicorten.com\/wp-content\/uploads\/2024\/09\/photobank-109.jpg 700w\" sizes=\"(max-width: 502px) 100vw, 502px\" \/><\/a><figcaption id=\"caption-attachment-1111\" class=\"wp-caption-text\">. esculturas en venta<\/figcaption><\/figure>\n<\/div>\n<div id=\"ali-anchor-AliMagic-1caf3d\" class=\"magic-7\" data-section=\"AliMagic-1caf3d\" data-section-title=\"Our Services\" data-spm-anchor-id=\"a2700.details.0.i38.5f3c554eic1XgH\">Nuestros servicios<\/div>\n<\/div>\n<div class=\"J_module\">\n<div class=\"detail-decorate-json-renderer-container\">\n<div class=\"magic-0\">\n<div class=\"magic-1\">\n<div class=\"magic-2\">\n<div class=\"magic-3\"><span class=\"magic-24\">Nos pondremos en contacto con usted en menos de una hora.<\/span><\/div>\n<div class=\"magic-3\"><span class=\"magic-24\">Puede enviarnos un correo electr\u00f3nico o ponerse en contacto con nosotros por whatsapp, le responderemos lo antes posible.<br \/>\n<\/span><\/div>\n<div><\/div>\n<div class=\"magic-3\"><span class=\"magic-24\">2. Servicio personalizado gratuito.<br \/>\nSi no lo ha dise\u00f1ado, comun\u00edquese con nosotros, habr\u00e1 un equipo de dise\u00f1adores profesionales a su servicio.<br \/>\nPodemos personalizarlo exactamente seg\u00fan sus necesidades.<br \/>\n<\/span><\/div>\n<div><\/div>\n<div class=\"magic-3\"><span class=\"magic-24\">3. Le diremos a los clientes cada paso en el proceso de producci\u00f3n .podemos tomar fotos sobre cada paso en la producci\u00f3n, embalaje.<br \/>\nPodemos enviarle las fotos para que las confirme.<br \/>\n<\/span><\/div>\n<div><\/div>\n<div class=\"magic-3\"><span class=\"magic-24\">4. Podemos ofrecer los mejores productos y el servicio m\u00e1s esmerado.<br \/>\n<\/span><\/div>\n<div class=\"magic-3\"><\/div>\n<\/div>\n<\/div>\n<\/div>\n<\/div>\n<\/div>","protected":false},"excerpt":{"rendered":"<p>La escultura moderna de pared es una forma maravillosa de a\u00f1adir belleza e inter\u00e9s a cualquier espacio. Tanto si est\u00e1 decorando una casa como un negocio, este tipo de arte puede ayudarle a crear un ambiente acogedor, inspirador y edificante.<\/p>","protected":false},"featured_media":1113,"comment_status":"open","ping_status":"closed","template":"","meta":{"_eb_attr":"","_monsterinsights_skip_tracking":false,"_monsterinsights_sitenote_active":false,"_monsterinsights_sitenote_note":"","_monsterinsights_sitenote_category":0,"_uf_show_specific_survey":0,"_uf_disable_surveys":false},"product_brand":[],"product_cat":[62],"product_tag":[],"class_list":{"0":"post-1110","1":"product","2":"type-product","3":"status-publish","4":"has-post-thumbnail","6":"product_cat-corten-sculpture","8":"first","9":"instock","10":"shipping-taxable","11":"product-type-simple"},"_links":{"self":[{"href":"https:\/\/keweicorten.com\/es_mx\/wp-json\/wp\/v2\/product\/1110"}],"collection":[{"href":"https:\/\/keweicorten.com\/es_mx\/wp-json\/wp\/v2\/product"}],"about":[{"href":"https:\/\/keweicorten.com\/es_mx\/wp-json\/wp\/v2\/types\/product"}],"replies":[{"embeddable":true,"href":"https:\/\/keweicorten.com\/es_mx\/wp-json\/wp\/v2\/comments?post=1110"}],"version-history":[{"count":1,"href":"https:\/\/keweicorten.com\/es_mx\/wp-json\/wp\/v2\/product\/1110\/revisions"}],"predecessor-version":[{"id":1114,"href":"https:\/\/keweicorten.com\/es_mx\/wp-json\/wp\/v2\/product\/1110\/revisions\/1114"}],"wp:featuredmedia":[{"embeddable":true,"href":"https:\/\/keweicorten.com\/es_mx\/wp-json\/wp\/v2\/media\/1113"}],"wp:attachment":[{"href":"https:\/\/keweicorten.com\/es_mx\/wp-json\/wp\/v2\/media?parent=1110"}],"wp:term":[{"taxonomy":"product_brand","embeddable":true,"href":"https:\/\/keweicorten.com\/es_mx\/wp-json\/wp\/v2\/product_brand?post=1110"},{"taxonomy":"product_cat","embeddable":true,"href":"https:\/\/keweicorten.com\/es_mx\/wp-json\/wp\/v2\/product_cat?post=1110"},{"taxonomy":"product_tag","embeddable":true,"href":"https:\/\/keweicorten.com\/es_mx\/wp-json\/wp\/v2\/product_tag?post=1110"}],"curies":[{"name":"wp","href":"https:\/\/api.w.org\/{rel}","templated":true}]}}