{"id":1181,"date":"2024-09-13T02:01:10","date_gmt":"2024-09-13T02:01:10","guid":{"rendered":"https:\/\/keweicorten.com\/?post_type=product&#038;p=1181"},"modified":"2025-01-15T06:27:31","modified_gmt":"2025-01-15T06:27:31","slug":"hoguera-de-gas-exterior","status":"publish","type":"product","link":"https:\/\/keweicorten.com\/es_mx\/hoguera-de-gas-exterior\/","title":{"rendered":"hoguera de gas exterior"},"content":{"rendered":"<h2>Ventajas del pozo de fuego de gas corten\uff1a.<\/h2>\n<ul>\n<li>\u00a0Resistencia a la corrosi\u00f3n: El acero corten (tambi\u00e9n conocido como acero corro\u00eddo) formar\u00e1 una capa protectora de \u00f3xido cuando se exponga al aire y al agua, evitando as\u00ed una mayor corrosi\u00f3n del acero interno. Esto permite que las hogueras Corten tengan una vida \u00fatil m\u00e1s larga en entornos exteriores.<\/li>\n<li>\u00a0Aspecto \u00fanico : El aspecto de color \u00f3xido del acero corten a\u00f1ade una belleza \u00fanica al pozo de fuego.Este efecto de oxidaci\u00f3n natural a\u00f1ade un toque art\u00edstico a un patio o terraza.<\/li>\n<li>\u00a0Resistencia a altas temperaturas: El acero corten puede soportar altas temperaturas, por lo que no es f\u00e1cil que se deforme o da\u00f1e cuando se utiliza llama de gas.<\/li>\n<li>\u00a0Bajo mantenimiento : En comparaci\u00f3n con otros materiales, el pozo de fuego Corten no requiere mucho mantenimiento, s\u00f3lo la limpieza regular y la inspecci\u00f3n puede ahorrar costes de mantenimiento y tiempo.<\/li>\n<li>\u00a0Material respetuoso con el medio ambiente : el acero corten es un material reciclable, y el pozo de fuego que utiliza este material es m\u00e1s respetuoso con el medio ambiente.<\/li>\n<li>Versatilidad : El pozo de fuego de gas corten no s\u00f3lo puede proporcionar calor, sino tambi\u00e9n servir como centro social y de reuni\u00f3n al aire libre, aumentando el valor de uso del espacio exterior.<\/li>\n<li>F\u00e1cil de encender y controlar: En comparaci\u00f3n con la chimenea de le\u00f1a, la chimenea de gas se enciende m\u00e1s r\u00e1pidamente, la intensidad de la llama es m\u00e1s controlable y el usuario puede ajustar el tama\u00f1o de la llama seg\u00fan sus necesidades.<\/li>\n<\/ul>\n<table style=\"height: 213px;\" border=\"1\" width=\"648\">\n<tbody>\n<tr>\n<td><span data-spm-anchor-id=\"a2700.details.0.i39.19b054e3u6wk7f\">Nombre del producto<\/span><\/td>\n<td>Chimenea de acero corten vintage rectangular para exteriores<\/td>\n<\/tr>\n<tr>\n<td>Material<\/td>\n<td>Acero corten<\/td>\n<\/tr>\n<tr>\n<td>Talla<\/td>\n<td>600-1500 mm o personalizado<\/td>\n<\/tr>\n<tr>\n<td>Superficie<\/td>\n<td data-spm-anchor-id=\"a2700.details.0.i40.19b054e3u6wk7f\">Rojo \u00f3xido<\/td>\n<\/tr>\n<tr>\n<td>Tecnolog\u00eda<\/td>\n<td>Corte por l\u00e1ser, plegado, punzonado, soldadura.<\/td>\n<\/tr>\n<tr>\n<td>Aplicaci\u00f3n<\/td>\n<td>Decoraci\u00f3n de patios exteriores y jardines<\/td>\n<\/tr>\n<tr>\n<td>Observaciones<\/td>\n<td>Cada pozo de fuego se puede personalizar en color, tama\u00f1o y dise\u00f1o.<\/td>\n<\/tr>\n<\/tbody>\n<\/table>\n<figure style=\"width: 647px\" class=\"wp-caption alignnone\"><a href=\"https:\/\/keweicorten.com\/es_mx\/contacto\/\"><img fetchpriority=\"high\" decoding=\"async\" title=\"hoguera de gas\" src=\"https:\/\/sc04.alicdn.com\/kf\/H55b70dd04cc642b2b0d4458090f7b11eF\/268101461\/H55b70dd04cc642b2b0d4458090f7b11eF.jpg\" alt=\"\" width=\"647\" height=\"555\" \/><\/a><figcaption class=\"wp-caption-text\">hoguera de gas<\/figcaption><\/figure>\n<figure style=\"width: 648px\" class=\"wp-caption alignnone\"><a href=\"https:\/\/keweicorten.com\/es_mx\"><img decoding=\"async\" title=\"hoguera de gas corten\" src=\"https:\/\/sc04.alicdn.com\/kf\/He746143a3b404a47a119dab8bba07fc1n\/268101461\/He746143a3b404a47a119dab8bba07fc1n.jpg\" alt=\"\" width=\"648\" height=\"486\" \/><\/a><figcaption class=\"wp-caption-text\">hoguera de gas corten<\/figcaption><\/figure>\n<div class=\"J_module\">\n<div class=\"detail-decorate-json-renderer-container\">\n<div class=\"magic-0\">\n<div class=\"magic-1\">\n<div class=\"magic-2\">\n<h2 class=\"magic-3\"><b data-spm-anchor-id=\"a2700.details.0.i40.33572cfbTrBe22\">\u00bfQu\u00e9 es el tratamiento de oxidaci\u00f3n (proceso de envejecimiento del acero corten) para el acero corten? <\/b><\/h2>\n<div class=\"magic-3\">Por lo general, la naturaleza tarda mucho tiempo en desarrollar una capa de \u00f3xido estable. Esto afecta en gran medida al uso del acero resistente a la intemperie.<\/div>\n<\/div>\n<\/div>\n<\/div>\n<\/div>\n<\/div>\n<div class=\"J_module\">\n<div class=\"icbu-pc-images magic-4\">\n<div>\n<div class=\"flex-layout-v\">\n<div class=\"flex-layout-h magic-4\">\n<div class=\"magic-22\">\n<figure style=\"width: 667px\" class=\"wp-caption alignnone\"><a href=\"https:\/\/keweicorten.com\/es_mx\"><img decoding=\"async\" class=\"magic-23\" title=\"corten\" src=\"https:\/\/sc04.alicdn.com\/kf\/H495922a4f0e344cc829e873e73ac2f33N\/268101461\/H495922a4f0e344cc829e873e73ac2f33N.jpg\" alt=\"\" width=\"667\" height=\"750\" data-src=\"\/\/sc04.alicdn.com\/kf\/H495922a4f0e344cc829e873e73ac2f33N\/268101461\/H495922a4f0e344cc829e873e73ac2f33N.jpg\" \/><\/a><figcaption class=\"wp-caption-text\">corten<\/figcaption><\/figure>\n<\/div>\n<\/div>\n<\/div>\n<\/div>\n<\/div>\n<\/div>","protected":false},"excerpt":{"rendered":"<p>Estas ventajas hacen del pozo de fuego de gas Corten una elecci\u00f3n popular para espacios exteriores modernos.<\/p>","protected":false},"featured_media":1182,"comment_status":"open","ping_status":"closed","template":"","meta":{"_eb_attr":"","_monsterinsights_skip_tracking":false,"_monsterinsights_sitenote_active":false,"_monsterinsights_sitenote_note":"","_monsterinsights_sitenote_category":0,"_uf_show_specific_survey":0,"_uf_disable_surveys":false},"product_brand":[],"product_cat":[55],"product_tag":[],"class_list":{"0":"post-1181","1":"product","2":"type-product","3":"status-publish","4":"has-post-thumbnail","6":"product_cat-gas-fire-pit","8":"first","9":"instock","10":"shipping-taxable","11":"product-type-simple"},"_links":{"self":[{"href":"https:\/\/keweicorten.com\/es_mx\/wp-json\/wp\/v2\/product\/1181"}],"collection":[{"href":"https:\/\/keweicorten.com\/es_mx\/wp-json\/wp\/v2\/product"}],"about":[{"href":"https:\/\/keweicorten.com\/es_mx\/wp-json\/wp\/v2\/types\/product"}],"replies":[{"embeddable":true,"href":"https:\/\/keweicorten.com\/es_mx\/wp-json\/wp\/v2\/comments?post=1181"}],"version-history":[{"count":1,"href":"https:\/\/keweicorten.com\/es_mx\/wp-json\/wp\/v2\/product\/1181\/revisions"}],"predecessor-version":[{"id":1184,"href":"https:\/\/keweicorten.com\/es_mx\/wp-json\/wp\/v2\/product\/1181\/revisions\/1184"}],"wp:featuredmedia":[{"embeddable":true,"href":"https:\/\/keweicorten.com\/es_mx\/wp-json\/wp\/v2\/media\/1182"}],"wp:attachment":[{"href":"https:\/\/keweicorten.com\/es_mx\/wp-json\/wp\/v2\/media?parent=1181"}],"wp:term":[{"taxonomy":"product_brand","embeddable":true,"href":"https:\/\/keweicorten.com\/es_mx\/wp-json\/wp\/v2\/product_brand?post=1181"},{"taxonomy":"product_cat","embeddable":true,"href":"https:\/\/keweicorten.com\/es_mx\/wp-json\/wp\/v2\/product_cat?post=1181"},{"taxonomy":"product_tag","embeddable":true,"href":"https:\/\/keweicorten.com\/es_mx\/wp-json\/wp\/v2\/product_tag?post=1181"}],"curies":[{"name":"wp","href":"https:\/\/api.w.org\/{rel}","templated":true}]}}