{"id":1208,"date":"2024-09-13T09:13:31","date_gmt":"2024-09-13T09:13:31","guid":{"rendered":"https:\/\/keweicorten.com\/?post_type=product&#038;p=1208"},"modified":"2024-09-13T09:15:38","modified_gmt":"2024-09-13T09:15:38","slug":"chapa-de-acero-corten-q235nh","status":"publish","type":"product","link":"https:\/\/keweicorten.com\/es_mx\/chapa-de-acero-corten-q235nh\/","title":{"rendered":"Q235NH chapa de acero corten"},"content":{"rendered":"<h2><strong>Caracter\u00edsticas de la placa de acero corten Q235NH:<\/strong><\/h2>\n<ol>\n<li>\n<h3><strong>Resistencia a la intemperie<\/strong>:<\/h3>\n<ul>\n<li>El Q235NH forma una capa de \u00f3xido estable en su superficie despu\u00e9s de estar expuesto a la intemperie. Esta capa protege eficazmente el acero de una mayor corrosi\u00f3n, por lo que resulta ideal para su uso en exteriores sin necesidad de mantenimiento frecuente ni pintura.<\/li>\n<\/ul>\n<\/li>\n<li>\n<h3><strong>Alta resistencia<\/strong>:<\/h3>\n<ul>\n<li>La chapa presenta una buena combinaci\u00f3n de resistencia y ductilidad, lo que la hace adecuada para diversas estructuras portantes. Mantiene excelentes propiedades mec\u00e1nicas incluso en condiciones clim\u00e1ticas adversas.<\/li>\n<\/ul>\n<\/li>\n<li>\n<h3><strong>P\u00e1tina autoprotectora<\/strong>:<\/h3>\n<ul>\n<li>Cuando se expone al aire, el acero desarrolla una p\u00e1tina o capa protectora de \u00f3xido. A diferencia del acero ordinario, esta p\u00e1tina act\u00faa como una barrera, impidiendo una corrosi\u00f3n m\u00e1s profunda. Cuanto m\u00e1s se expone el acero a la intemperie, m\u00e1s se refuerza la capa protectora.<\/li>\n<\/ul>\n<\/li>\n<li>\n<h3><strong>Rentable<\/strong>:<\/h3>\n<ul>\n<li>El Q235NH ofrece una larga vida \u00fatil con un mantenimiento m\u00ednimo, lo que reduce el coste total de propiedad. No requiere revestimientos protectores adicionales, lo que tambi\u00e9n reduce los costes de mantenimiento en comparaci\u00f3n con el acero normal.<\/li>\n<\/ul>\n<\/li>\n<li>\n<h3><strong>Buena soldabilidad y conformabilidad<\/strong>:<\/h3>\n<ul>\n<li>Este tipo de acero puede soldarse, cortarse y moldearse f\u00e1cilmente, lo que lo hace vers\u00e1til en los procesos de fabricaci\u00f3n y adecuado para una amplia gama de aplicaciones.<\/li>\n<\/ul>\n<\/li>\n<\/ol>\n<figure style=\"width: 699px\" class=\"wp-caption alignnone\"><a href=\"https:\/\/sc04.alicdn.com\/kf\/H76e12fa30cdf479cb889402f04ac9d81J\/267682295\/H76e12fa30cdf479cb889402f04ac9d81J.jpg\" rel=\"nofollow noopener\" target=\"_blank\"><img fetchpriority=\"high\" decoding=\"async\" title=\"chapa de acero cortenq235\" src=\"https:\/\/sc04.alicdn.com\/kf\/H76e12fa30cdf479cb889402f04ac9d81J\/267682295\/H76e12fa30cdf479cb889402f04ac9d81J.jpg\" alt=\"\" width=\"699\" height=\"699\" \/><\/a><figcaption class=\"wp-caption-text\">chapa de acero cortenq235<\/figcaption><\/figure>\n<h2><strong>Ventajas de la placa de acero corten Q235NH<\/strong>:<\/h2>\n<ul>\n<li><strong>Bajo mantenimiento<\/strong>: Requiere poco o ning\u00fan mantenimiento, ya que la capa protectora de \u00f3xido se forma naturalmente con el tiempo.<\/li>\n<li><strong>Larga vida \u00fatil<\/strong>: Resistente a la corrosi\u00f3n atmosf\u00e9rica, especialmente en entornos dif\u00edciles.<\/li>\n<li><strong>Atractivo est\u00e9tico<\/strong>: Proporciona un aspecto distintivo para usos arquitect\u00f3nicos y decorativos.<\/li>\n<\/ul>\n<figure style=\"width: 711px\" class=\"wp-caption alignnone\"><a href=\"https:\/\/keweicorten.com\/es_mx\"><img decoding=\"async\" title=\"chapa de acero corten\" src=\"https:\/\/sc04.alicdn.com\/kf\/Haebe0c1e50234a0abd875e26e35b7533s\/261778336\/Haebe0c1e50234a0abd875e26e35b7533s.jpg\" alt=\"\" width=\"711\" height=\"711\" \/><\/a><figcaption class=\"wp-caption-text\">chapa de acero corten<\/figcaption><\/figure>\n<p>&nbsp;<\/p>\n<\/div>","protected":false},"excerpt":{"rendered":"<p><strong>Especificaciones<\/strong>:<\/p>\n<ul>\n<li><strong>Espesor<\/strong>: Normalmente oscila entre 1,5 mm y 50 mm, dependiendo de la aplicaci\u00f3n.<\/li>\n<li><strong>Anchura<\/strong>: De 600 mm a 2500 mm.<\/li>\n<li><strong>Longitud<\/strong>: Normalmente disponible en longitudes de hasta 12000 mm, pero puede personalizarse.<\/li>\n<li><strong>Est\u00e1ndar<\/strong>: Conforme a las normas chinas GB\/T4171 para el acero de intemperie.<\/li>\n<\/ul>","protected":false},"featured_media":1209,"comment_status":"open","ping_status":"closed","template":"","meta":{"_eb_attr":"","_monsterinsights_skip_tracking":false,"_monsterinsights_sitenote_active":false,"_monsterinsights_sitenote_note":"","_monsterinsights_sitenote_category":0,"_uf_show_specific_survey":0,"_uf_disable_surveys":false},"product_brand":[],"product_cat":[21],"product_tag":[],"class_list":{"0":"post-1208","1":"product","2":"type-product","3":"status-publish","4":"has-post-thumbnail","6":"product_cat-weather-resistant-steel-plate","8":"first","9":"instock","10":"shipping-taxable","11":"product-type-simple"},"_links":{"self":[{"href":"https:\/\/keweicorten.com\/es_mx\/wp-json\/wp\/v2\/product\/1208"}],"collection":[{"href":"https:\/\/keweicorten.com\/es_mx\/wp-json\/wp\/v2\/product"}],"about":[{"href":"https:\/\/keweicorten.com\/es_mx\/wp-json\/wp\/v2\/types\/product"}],"replies":[{"embeddable":true,"href":"https:\/\/keweicorten.com\/es_mx\/wp-json\/wp\/v2\/comments?post=1208"}],"version-history":[{"count":2,"href":"https:\/\/keweicorten.com\/es_mx\/wp-json\/wp\/v2\/product\/1208\/revisions"}],"predecessor-version":[{"id":1211,"href":"https:\/\/keweicorten.com\/es_mx\/wp-json\/wp\/v2\/product\/1208\/revisions\/1211"}],"wp:featuredmedia":[{"embeddable":true,"href":"https:\/\/keweicorten.com\/es_mx\/wp-json\/wp\/v2\/media\/1209"}],"wp:attachment":[{"href":"https:\/\/keweicorten.com\/es_mx\/wp-json\/wp\/v2\/media?parent=1208"}],"wp:term":[{"taxonomy":"product_brand","embeddable":true,"href":"https:\/\/keweicorten.com\/es_mx\/wp-json\/wp\/v2\/product_brand?post=1208"},{"taxonomy":"product_cat","embeddable":true,"href":"https:\/\/keweicorten.com\/es_mx\/wp-json\/wp\/v2\/product_cat?post=1208"},{"taxonomy":"product_tag","embeddable":true,"href":"https:\/\/keweicorten.com\/es_mx\/wp-json\/wp\/v2\/product_tag?post=1208"}],"curies":[{"name":"wp","href":"https:\/\/api.w.org\/{rel}","templated":true}]}}