{"id":1241,"date":"2024-09-18T07:36:57","date_gmt":"2024-09-18T07:36:57","guid":{"rendered":"https:\/\/keweicorten.com\/?post_type=product&#038;p=1241"},"modified":"2024-09-18T07:36:57","modified_gmt":"2024-09-18T07:36:57","slug":"chapa-de-acero-corten-q345nh","status":"publish","type":"product","link":"https:\/\/keweicorten.com\/es_mx\/chapa-de-acero-corten-q345nh\/","title":{"rendered":"chapa de acero corten Q345NH"},"content":{"rendered":"<p>El acero corten, tambi\u00e9n conocido como acero para intemperie, es un tipo de aleaci\u00f3n de acero dise\u00f1ado para resistir la corrosi\u00f3n y la abrasi\u00f3n. El Q345NH es un grado espec\u00edfico de acero para intemperie utilizado habitualmente en ambientes atmosf\u00e9ricos. He aqu\u00ed algunos puntos clave sobre el Q345NH:<\/p>\n<h2>Caracter\u00edsticas de Q345NH:<\/h2>\n<p>1. Composici\u00f3n:la chapa de acero corten Q345NH suele tener elementos adicionales como cromo, n\u00edquel y cobre, que mejoran su resistencia a la corrosi\u00f3n atmosf\u00e9rica.<br \/>\n2. Resistencia a la corrosi\u00f3n: El acero forma una capa protectora de p\u00e1tina cuando se expone a la intemperie, lo que impide una mayor corrosi\u00f3n.<br \/>\n3. Propiedades mec\u00e1nicas:<br \/>\n- L\u00edmite el\u00e1stico: Aproximadamente 345 MPa<br \/>\n- Resistencia a la tracci\u00f3n: T\u00edpicamente entre 470-630 MPa<br \/>\n4. Aplicaciones: Utilizado frecuentemente en estructuras exteriores, puentes, esculturas y dise\u00f1os arquitect\u00f3nicos donde la resistencia a la intemperie es importante.<\/p>\n<h2>Chapa de acero corten Q345NH Ventajas:<\/h2>\n<p>Durabilidad: Larga vida \u00fatil gracias a su resistencia a la corrosi\u00f3n.<br \/>\nBajo mantenimiento: La p\u00e1tina protectora reduce la necesidad de un mantenimiento regular.<br \/>\nAtractivo est\u00e9tico: Ofrece un aspecto r\u00fastico \u00fanico que es deseable en muchas aplicaciones arquitect\u00f3nicas.<\/p>\n<p>Consideraciones:<br \/>\nEs necesario un dise\u00f1o adecuado para garantizar la eficacia de la p\u00e1tina.<br \/>\n- Puede requerir t\u00e9cnicas especiales de manipulaci\u00f3n y soldadura debido a la composici\u00f3n de su aleaci\u00f3n.<\/p>\n<figure style=\"width: 606px\" class=\"wp-caption alignnone\"><a href=\"https:\/\/keweicorten.com\/es_mx\/contacto\/\"><img fetchpriority=\"high\" decoding=\"async\" title=\"metal corten\" src=\"https:\/\/sc04.alicdn.com\/kf\/H1bfd17afb11542dd95c1e18de852bb2cJ\/234518937\/H1bfd17afb11542dd95c1e18de852bb2cJ.jpg\" alt=\"\" width=\"606\" height=\"545\" \/><\/a><figcaption class=\"wp-caption-text\">metal corten<\/figcaption><\/figure>\n<table class=\"has-title all magic-9\" style=\"height: 175px;\" width=\"890\">\n<tbody>\n<tr>\n<td colspan=\"1\" rowspan=\"1\">\n<div class=\"magic-10\" data-spm-anchor-id=\"a2700.details.0.i34.6d627765emMXnq\">Nombre del producto<\/div>\n<\/td>\n<td colspan=\"4\" rowspan=\"1\">\n<div class=\"magic-11\">Chapa de acero resistente a la intemperie<\/div>\n<\/td>\n<\/tr>\n<tr>\n<td colspan=\"1\" rowspan=\"1\">\n<div class=\"magic-10\">Est\u00e1ndar<\/div>\n<\/td>\n<td colspan=\"4\" rowspan=\"1\">\n<div class=\"magic-11\">DIN GB JIS BA AISI ASTM<\/div>\n<\/td>\n<\/tr>\n<tr>\n<td colspan=\"1\" rowspan=\"1\">\n<div class=\"magic-10\">Longitud<\/div>\n<\/td>\n<td colspan=\"4\" rowspan=\"1\">\n<div class=\"magic-11\">Se puede personalizar<\/div>\n<\/td>\n<\/tr>\n<tr>\n<td colspan=\"1\" rowspan=\"1\">\n<div class=\"magic-10\">Anchura<\/div>\n<\/td>\n<td colspan=\"4\" rowspan=\"1\">\n<div class=\"magic-11\">Se puede personalizar<\/div>\n<\/td>\n<\/tr>\n<tr>\n<td colspan=\"1\" rowspan=\"1\">\n<div class=\"magic-10\">Espesor<\/div>\n<\/td>\n<td colspan=\"4\" rowspan=\"1\">\n<div class=\"magic-11\">2-100 mm o personalizable<\/div>\n<\/td>\n<\/tr>\n<tr>\n<td colspan=\"1\" rowspan=\"1\">\n<div class=\"magic-10\">Material<\/div>\n<\/td>\n<td colspan=\"4\" rowspan=\"1\">\n<div class=\"magic-11\">Q345NH<\/div>\n<\/td>\n<\/tr>\n<tr>\n<td colspan=\"1\" rowspan=\"1\">Provincia<\/td>\n<td colspan=\"4\" rowspan=\"1\">Henan,anyang<\/td>\n<\/tr>\n<tr>\n<td colspan=\"1\" rowspan=\"1\">\n<div class=\"magic-10\">Aplicaci\u00f3n<\/div>\n<\/td>\n<td colspan=\"4\" rowspan=\"1\">\n<div class=\"magic-11\" data-spm-anchor-id=\"a2700.details.0.i41.6d627765emMXnq\">El acero resistente a la intemperie se utiliza principalmente en ferrocarriles, veh\u00edculos, puentes, torres, energ\u00eda fotovoltaica, ingenier\u00eda de alta velocidad y otras aplicaciones a largo plazo.<br \/>\nde las estructuras de acero. Tambi\u00e9n puede utilizarse en la fabricaci\u00f3n de contenedores, ferrocarriles<br \/>\nveh\u00edculos, torres petrol\u00edferas, edificios portuarios, plataformas petrol\u00edferas y contenedores de medios corrosivos que contengan azufre en instalaciones qu\u00edmicas y petrol\u00edferas.<br \/>\nequipos petrol\u00edferos. Adem\u00e1s, debido a su aspecto \u00fanico, el acero resistente a la intemperie tambi\u00e9n se utiliza a menudo en arte p\u00fablico, exteriores, etc.<br \/>\nescultura y decoraci\u00f3n de paredes exteriores de edificios.<\/div>\n<\/td>\n<\/tr>\n<tr>\n<td colspan=\"1\" rowspan=\"1\">\n<div class=\"magic-10\">Embalaje para exportaci\u00f3n<\/div>\n<\/td>\n<td colspan=\"4\" rowspan=\"1\">\n<div class=\"magic-11\">Papel impermeable, y fleje de acero embalado.<br \/>\nEmbalaje mar\u00edtimo de exportaci\u00f3n est\u00e1ndar, adecuado para todo tipo de transporte o seg\u00fan se requiera.<\/div>\n<\/td>\n<\/tr>\n<tr>\n<td colspan=\"1\" rowspan=\"1\">\n<div class=\"magic-10\">Superficie<\/div>\n<\/td>\n<td colspan=\"4\" rowspan=\"1\">\n<div class=\"magic-14\">Negro, revestimiento, revestimiento de color, barniz antioxidante, aceite antioxidante, rejilla, etc.<\/div>\n<\/td>\n<\/tr>\n<\/tbody>\n<\/table>\n<figure style=\"width: 808px\" class=\"wp-caption alignnone\"><a href=\"https:\/\/keweicorten.com\/es_mx\"><img decoding=\"async\" title=\"acero cor ten para intemperie\" src=\"https:\/\/sc04.alicdn.com\/kf\/Hd90ee00edc574f218534265cd9014001r\/244098142\/Hd90ee00edc574f218534265cd9014001r.jpg\" alt=\"\" width=\"808\" height=\"606\" \/><\/a><figcaption class=\"wp-caption-text\">acero cor ten para intemperie<\/dd>\n<dd><\/figcaption><\/figure>\n<div class=\"magic-25\">\n<h3 class=\"magic-28\"><span class=\"magic-22\" data-spm-anchor-id=\"a2700.details.0.i44.6d627765emMXnq\">Muro cortina resistente a la intemperie<\/span><\/h3>\n<\/div>\n<div class=\"magic-6\">\n<div class=\"magic-7\"><span class=\"magic-8\">La superficie de la chapa de acero resistente a la intemperie puede formar una densa capa de \u00f3xido con un color rojo \u00f3xido natural estable y uniforme, que constituye un atractivo material para las paredes exteriores de los edificios.<\/span><\/div>\n<\/div>\n<div><\/div>\n<div>\n<div class=\"J_module\">\n<h2 id=\"ali-anchor-AliMagic-59mjkc\" class=\"magic-0\" data-section=\"AliMagic-59mjkc\" data-section-title=\"Packing and shipping\" data-spm-anchor-id=\"a2700.details.0.i47.6d627765emMXnq\">Embalaje y env\u00edo<\/h2>\n<p>Para garantizar la seguridad de sus mercanc\u00edas, le ofrecemos un servicio de embalaje profesional, ecol\u00f3gico, c\u00f3modo y eficaz.<\/p>\n<\/div>\n<\/div>\n<div class=\"magic-6\">\n<div>\n<figure style=\"width: 702px\" class=\"wp-caption alignnone\"><a href=\"https:\/\/keweicorten.com\/es_mx\"><img decoding=\"async\" title=\"cor ten\" src=\"https:\/\/sc04.alicdn.com\/kf\/H7797fd55b837482089a07478ece1cdc1U\/244098142\/H7797fd55b837482089a07478ece1cdc1U.jpg\" alt=\"\" width=\"702\" height=\"437\" \/><\/a><figcaption class=\"wp-caption-text\">cor ten<\/figcaption><\/figure>\n<figure style=\"width: 700px\" class=\"wp-caption alignnone\"><a href=\"https:\/\/keweicorten.com\/es_mx\"><img loading=\"lazy\" decoding=\"async\" title=\"revestimiento de acero corten\" src=\"https:\/\/sc04.alicdn.com\/kf\/H8a0f8c737f5141c4a353d7772f3f6b566\/244098142\/H8a0f8c737f5141c4a353d7772f3f6b566.jpg\" alt=\"\" width=\"700\" height=\"525\" \/><\/a><figcaption class=\"wp-caption-text\">revestimiento de acero corten<\/figcaption><\/figure>\n<div class=\"J_module\">\n<h2 id=\"ali-anchor-AliMagic-hdaj54\" class=\"magic-0\" data-section=\"AliMagic-hdaj54\" data-section-title=\"FAQ\">PREGUNTAS FRECUENTES<\/h2>\n<\/div>\n<div class=\"J_module\">\n<div class=\"detail-decorate-json-renderer-container\">\n<div class=\"magic-4\">\n<div class=\"magic-5\">\n<div class=\"magic-6\">\n<div class=\"magic-7\"><b><span class=\"magic-23\">1. \u00bfPUEDO OBTENER ALGUNAS MUESTRAS? <\/span><\/b><\/p>\n<div><span class=\"magic-23\">S\u00ed. Podemos proporcionarle muestras, pero tiene que pagar por adelantado el coste de la muestra y los gastos de env\u00edo. Le devolveremos el importe de la muestra una vez que haya realizado el pedido. H\u00e1ganos saber su cuenta de mensajer\u00eda o env\u00edenos sus honorarios y nos encargaremos de enviarle una muestra.<br \/>\n<b class=\"magic-57\">2. \u00bfPUEDEN PRODUCIR SEG\u00daN LAS MUESTRAS? <\/b><br \/>\nS\u00ed, podemos producir sus muestras o dibujos t\u00e9cnicos. Podemos construir los moldes y accesorios.<br \/>\n<b class=\"magic-57\">3. \u00bfCU\u00c1LES SON SUS CONDICIONES DE PAGO? <\/b><br \/>\nPago=1000USD, 30% T\/T por adelantado, saldo antes del env\u00edo. Si usted tiene otra pregunta, no dude en entrarnos en contacto con por favor.<br \/>\n<b class=\"magic-57\">4. \u00bfCU\u00c1LES SON SUS CONDICIONES DE ENTREGA? <\/b><br \/>\nEXW, FOB, CFR, CIF, DDU.<br \/>\n<b class=\"magic-57\">5. \u00bfPODEMOS VISITAR SU F\u00c1BRICA?<\/b><br \/>\nLe damos la bienvenida. Una vez que tengamos su agenda, nos encargaremos de que el equipo profesional de ventas haga un seguimiento de su caso.<br \/>\n<b class=\"magic-57\">6. \u00bfQU\u00c9 LE PARECE SU PLAZO DE ENTREGA? <\/b><br \/>\nEn general, de 10 a 25 d\u00edas despu\u00e9s de recibir el pago por adelantado. El plazo de entrega exacto depende de la mercanc\u00eda y la cantidad pedida.<br \/>\n<b class=\"magic-57\">7. VENTAJAS POSVENTA<\/b>.<br \/>\nGarant\u00eda de un a\u00f1o para los productos; Si encuentra alguna pieza defectuosa por primera vez, le proporcionaremos piezas nuevas de forma gratuita en el siguiente pedido. Como fabricante experimentado, puede estar seguro de la calidad y el servicio posventa.<\/span><\/div>\n<\/div>\n<\/div>\n<\/div>\n<\/div>\n<\/div>\n<\/div>\n<\/div>\n<\/div>","protected":false},"excerpt":{"rendered":"<p>El Q345NH se utiliza ampliamente en la construcci\u00f3n y el arte debido a sus propiedades \u00fanicas y su atractivo est\u00e9tico. Si tiene preguntas m\u00e1s espec\u00edficas o necesita m\u00e1s informaci\u00f3n, \u00a1no dude en consultarnos!<\/p>","protected":false},"featured_media":1242,"comment_status":"open","ping_status":"closed","template":"","meta":{"_eb_attr":"","_monsterinsights_skip_tracking":false,"_monsterinsights_sitenote_active":false,"_monsterinsights_sitenote_note":"","_monsterinsights_sitenote_category":0,"_uf_show_specific_survey":0,"_uf_disable_surveys":false},"product_brand":[],"product_cat":[21],"product_tag":[],"class_list":{"0":"post-1241","1":"product","2":"type-product","3":"status-publish","4":"has-post-thumbnail","6":"product_cat-weather-resistant-steel-plate","8":"first","9":"instock","10":"shipping-taxable","11":"product-type-simple"},"_links":{"self":[{"href":"https:\/\/keweicorten.com\/es_mx\/wp-json\/wp\/v2\/product\/1241"}],"collection":[{"href":"https:\/\/keweicorten.com\/es_mx\/wp-json\/wp\/v2\/product"}],"about":[{"href":"https:\/\/keweicorten.com\/es_mx\/wp-json\/wp\/v2\/types\/product"}],"replies":[{"embeddable":true,"href":"https:\/\/keweicorten.com\/es_mx\/wp-json\/wp\/v2\/comments?post=1241"}],"version-history":[{"count":1,"href":"https:\/\/keweicorten.com\/es_mx\/wp-json\/wp\/v2\/product\/1241\/revisions"}],"predecessor-version":[{"id":1243,"href":"https:\/\/keweicorten.com\/es_mx\/wp-json\/wp\/v2\/product\/1241\/revisions\/1243"}],"wp:featuredmedia":[{"embeddable":true,"href":"https:\/\/keweicorten.com\/es_mx\/wp-json\/wp\/v2\/media\/1242"}],"wp:attachment":[{"href":"https:\/\/keweicorten.com\/es_mx\/wp-json\/wp\/v2\/media?parent=1241"}],"wp:term":[{"taxonomy":"product_brand","embeddable":true,"href":"https:\/\/keweicorten.com\/es_mx\/wp-json\/wp\/v2\/product_brand?post=1241"},{"taxonomy":"product_cat","embeddable":true,"href":"https:\/\/keweicorten.com\/es_mx\/wp-json\/wp\/v2\/product_cat?post=1241"},{"taxonomy":"product_tag","embeddable":true,"href":"https:\/\/keweicorten.com\/es_mx\/wp-json\/wp\/v2\/product_tag?post=1241"}],"curies":[{"name":"wp","href":"https:\/\/api.w.org\/{rel}","templated":true}]}}