{"id":1284,"date":"2024-09-20T02:11:37","date_gmt":"2024-09-20T02:11:37","guid":{"rendered":"https:\/\/keweicorten.com\/?post_type=product&#038;p=1284"},"modified":"2025-01-15T06:25:41","modified_gmt":"2025-01-15T06:25:41","slug":"esfera-para-hoguera","status":"publish","type":"product","link":"https:\/\/keweicorten.com\/es_mx\/esfera-para-hoguera\/","title":{"rendered":"Esfera de hoguera"},"content":{"rendered":"<p>A <strong>esfera para hoguera<\/strong> es un distintivo, a menudo escultural pozo de fuego al aire libre en forma de esfera. A diferencia de las hogueras tradicionales, el dise\u00f1o esf\u00e9rico suele ofrecer una est\u00e9tica m\u00e1s art\u00edstica y moderna, con una visi\u00f3n del fuego de 360 grados. Estas hogueras suelen fabricarse con materiales como el acero o el acero corten, que adquieren una p\u00e1tina envejecida con el tiempo para aumentar su durabilidad y atractivo visual.<\/p>\n<p>Muchas esferas para hogueras presentan intrincados dise\u00f1os recortados (por ejemplo, \u00e1rboles, animales o motivos abstractos) que crean fascinantes efectos de luces y sombras cuando est\u00e1n encendidas. No solo sirven como fuente de calor funcional, sino tambi\u00e9n como llamativa pieza central de cualquier espacio exterior.<\/p>\n<p>Creada como una esfera escult\u00f3rica de le\u00f1a para hoguera, esta esfera es un bello complemento para su espacio exterior, tanto si est\u00e1 encendida como apagada.<\/p>\n<figure style=\"width: 700px\" class=\"wp-caption alignnone\"><a href=\"https:\/\/keweicorten.com\/es_mx\"><img fetchpriority=\"high\" decoding=\"async\" title=\"esfera de fuego pozo de fuego\" src=\"https:\/\/sc01.alicdn.com\/kf\/Hb2a7856a3afa4b8db18d6f1e8181c238P\/235950374\/Hb2a7856a3afa4b8db18d6f1e8181c238P.jpg\" alt=\"\" width=\"700\" height=\"350\" \/><\/a><figcaption class=\"wp-caption-text\">esfera de fuego pozo de fuego<\/figcaption><\/figure>\n<p><span data-spm-anchor-id=\"a2700.details.0.i45.76a768b0FOvccY\">Es una esfera de 1000 mm fabricada con acero corten de 4 mm de grosor, con un acabado de p\u00e1tina de \u00f3xido.<\/span><\/p>\n<div>Cada cuenco de fuego viene con una placa met\u00e1lica numerada que le garantiza que cada cuenco de fuego hecho a mano es una obra de arte \u00fanica.<\/div>\n<div><\/div>\n<div class=\"J_module\">\n<div class=\"ife-detail-decorate-table\">\n<table class=\"has-title hight-light-first-column all magic-14\">\n<tbody>\n<tr>\n<td colspan=\"2\" rowspan=\"1\">\n<div class=\"magic-15\" data-spm-anchor-id=\"a2700.details.0.i43.76a768b0FOvccY\"><b data-spm-anchor-id=\"a2700.custom-template.0.i150.25223333Ub4BuA\"><span style=\"color: #000000;\">Especificaciones<\/span><\/b><\/div>\n<\/td>\n<\/tr>\n<tr>\n<td colspan=\"1\" rowspan=\"1\">\n<div class=\"magic-18\"><span style=\"color: #000000;\">Nombre del producto<\/span><\/div>\n<\/td>\n<td colspan=\"1\" rowspan=\"1\">\n<div class=\"magic-19\"><span style=\"color: #000000;\">Hoguera de le\u00f1a de acero corten cortada a mano Esfera de \u00f3xido Esfera de hoguera<\/span><\/div>\n<\/td>\n<\/tr>\n<tr>\n<td colspan=\"1\" rowspan=\"1\">\n<div class=\"magic-18\"><span style=\"color: #000000;\">Marca<\/span><\/div>\n<\/td>\n<td colspan=\"1\" rowspan=\"1\">\n<div class=\"magic-19\"><span style=\"color: #000000;\">shkw Jardiner\u00eda<\/span><\/div>\n<\/td>\n<\/tr>\n<tr>\n<td colspan=\"1\" rowspan=\"1\">\n<div class=\"magic-18\"><span style=\"color: #000000;\">Material<\/span><\/div>\n<\/td>\n<td colspan=\"1\" rowspan=\"1\">\n<div class=\"magic-19\"><span style=\"color: #000000;\">Acero corten\/Acero resistente a la intemperie<\/span><\/div>\n<\/td>\n<\/tr>\n<tr>\n<td colspan=\"1\" rowspan=\"1\">\n<div class=\"magic-18\"><span style=\"color: #000000;\">Talla<\/span><\/div>\n<\/td>\n<td colspan=\"1\" rowspan=\"1\">\n<div class=\"magic-19\"><span style=\"color: #000000;\">Di\u00e1metro: 1000mm, Espesor: 4mm<\/span><\/div>\n<\/td>\n<\/tr>\n<tr>\n<td colspan=\"1\" rowspan=\"1\">\n<div class=\"magic-18\"><span style=\"color: #000000;\">Peso<\/span><\/div>\n<\/td>\n<td colspan=\"1\" rowspan=\"1\">\n<div class=\"magic-19\"><span style=\"color: #000000;\">80 kg<\/span><\/div>\n<\/td>\n<\/tr>\n<tr>\n<td colspan=\"1\" rowspan=\"1\">\n<div class=\"magic-18\"><span style=\"color: #000000;\">Tratamiento de superficies<\/span><\/div>\n<\/td>\n<td colspan=\"1\" rowspan=\"1\">\n<div class=\"magic-19\"><span style=\"color: #000000;\" data-spm-anchor-id=\"a2700.details.0.i44.76a768b0FOvccY\">Preoxidado\/Preteorizado, personalizable<\/span><\/div>\n<\/td>\n<\/tr>\n<tr>\n<td colspan=\"1\" rowspan=\"1\">\n<div class=\"magic-18\"><span style=\"color: #000000;\">Embalaje<\/span><\/div>\n<\/td>\n<td colspan=\"1\" rowspan=\"1\">\n<div class=\"magic-19\"><span style=\"color: #000000;\">Interior : Papel de espuma antidesgaste, Exterior : Caja de cart\u00f3n<\/span><\/div>\n<\/td>\n<\/tr>\n<tr>\n<td colspan=\"1\" rowspan=\"1\">\n<div class=\"magic-18\"><span style=\"color: #000000;\">MOQ<\/span><\/div>\n<\/td>\n<td colspan=\"1\" rowspan=\"1\">\n<div class=\"magic-19\"><span style=\"color: #000000;\">1 unidad<\/span><\/div>\n<\/td>\n<\/tr>\n<tr>\n<td colspan=\"1\" rowspan=\"1\">\n<div class=\"magic-18\"><span style=\"color: #000000;\">OEM Y ODM<\/span><\/div>\n<\/td>\n<td colspan=\"1\" rowspan=\"1\">\n<div class=\"magic-19\"><span style=\"color: #000000;\">Disponible<\/span><\/div>\n<\/td>\n<\/tr>\n<\/tbody>\n<\/table>\n<\/div>\n<\/div>","protected":false},"excerpt":{"rendered":"<p>Round-Up presenta un rancho con cuatro escenas. Un vaquero a caballo enlaza un ternero. Otra escena muestra a un ni\u00f1o de pie en una valla mirando con el abuelo a su lado. Tambi\u00e9n hay ganado y un toro en dos escenas distintas.<\/p>","protected":false},"featured_media":1285,"comment_status":"open","ping_status":"closed","template":"","meta":{"_eb_attr":"","_monsterinsights_skip_tracking":false,"_monsterinsights_sitenote_active":false,"_monsterinsights_sitenote_note":"","_monsterinsights_sitenote_category":0,"_uf_show_specific_survey":0,"_uf_disable_surveys":false},"product_brand":[],"product_cat":[54],"product_tag":[],"class_list":{"0":"post-1284","1":"product","2":"type-product","3":"status-publish","4":"has-post-thumbnail","6":"product_cat-wood-fire-pit","8":"first","9":"instock","10":"shipping-taxable","11":"product-type-simple"},"_links":{"self":[{"href":"https:\/\/keweicorten.com\/es_mx\/wp-json\/wp\/v2\/product\/1284"}],"collection":[{"href":"https:\/\/keweicorten.com\/es_mx\/wp-json\/wp\/v2\/product"}],"about":[{"href":"https:\/\/keweicorten.com\/es_mx\/wp-json\/wp\/v2\/types\/product"}],"replies":[{"embeddable":true,"href":"https:\/\/keweicorten.com\/es_mx\/wp-json\/wp\/v2\/comments?post=1284"}],"version-history":[{"count":1,"href":"https:\/\/keweicorten.com\/es_mx\/wp-json\/wp\/v2\/product\/1284\/revisions"}],"predecessor-version":[{"id":1286,"href":"https:\/\/keweicorten.com\/es_mx\/wp-json\/wp\/v2\/product\/1284\/revisions\/1286"}],"wp:featuredmedia":[{"embeddable":true,"href":"https:\/\/keweicorten.com\/es_mx\/wp-json\/wp\/v2\/media\/1285"}],"wp:attachment":[{"href":"https:\/\/keweicorten.com\/es_mx\/wp-json\/wp\/v2\/media?parent=1284"}],"wp:term":[{"taxonomy":"product_brand","embeddable":true,"href":"https:\/\/keweicorten.com\/es_mx\/wp-json\/wp\/v2\/product_brand?post=1284"},{"taxonomy":"product_cat","embeddable":true,"href":"https:\/\/keweicorten.com\/es_mx\/wp-json\/wp\/v2\/product_cat?post=1284"},{"taxonomy":"product_tag","embeddable":true,"href":"https:\/\/keweicorten.com\/es_mx\/wp-json\/wp\/v2\/product_tag?post=1284"}],"curies":[{"name":"wp","href":"https:\/\/api.w.org\/{rel}","templated":true}]}}