{"id":1287,"date":"2024-09-20T02:54:02","date_gmt":"2024-09-20T02:54:02","guid":{"rendered":"https:\/\/keweicorten.com\/?post_type=product&#038;p=1287"},"modified":"2025-01-15T06:25:33","modified_gmt":"2025-01-15T06:25:33","slug":"esferas-metalicas-de-jardin","status":"publish","type":"product","link":"https:\/\/keweicorten.com\/es_mx\/esferas-metalicas-de-jardin\/","title":{"rendered":"esferas met\u00e1licas de jard\u00edn"},"content":{"rendered":"<h2>Caracter\u00edsticas y usos de dise\u00f1o de la bola de fuego de acero para intemperie:<\/h2>\n<p>Caracter\u00edsticas del material: La superficie de acero de intemperie se oxidar\u00e1 gradualmente con el tiempo, formando una capa de \u00f3xido estable, que no s\u00f3lo es hermosa y no requiere un mantenimiento especial. Este cambio hace que la bola de fuego sea m\u00e1s armoniosa con el entorno natural, mostrando una belleza \u00e1spera.<br \/>\nTallar y cortar patrones<\/p>\n<p>Selecci\u00f3n de motivos: Muchas superficies de esferas de jard\u00edn de metal han sido talladas con l\u00e1ser y tienen dise\u00f1os de patrones complejos, como hojas, dibujos, im\u00e1genes de animales, etc. Estos dise\u00f1os huecos proyectan un bonito efecto de luces y sombras cuando arde la llama, especialmente por la noche.<br \/>\nDise\u00f1o multifuncional<\/p>\n<p>Funci\u00f3n de bola de fuego: Las esferas met\u00e1licas de jard\u00edn pueden utilizarse como pozo de fuego, quemando le\u00f1a, carb\u00f3n o gas natural, convirti\u00e9ndose en un c\u00e1lido centro para ocasiones sociales al aire libre. Su dise\u00f1o es a la vez funcional y art\u00edstico.<br \/>\nEfectos luminosos: Algunas esferas met\u00e1licas de jard\u00edn pueden iluminarse internamente y, tras encenderse por la noche, incluso sin utilizar llamas, pueden utilizarse como luces paisaj\u00edsticas para proporcionar una iluminaci\u00f3n suave y efectos visuales.<\/p>\n<div class=\"J_module\">\n<div class=\"detail-decorate-json-renderer-container\">\n<div class=\"magic-10\">\n<figure style=\"width: 550px\" class=\"wp-caption alignnone\"><a href=\"https:\/\/keweicorten.com\/es_mx\/contacto\/\"><img fetchpriority=\"high\" decoding=\"async\" title=\"esfera de fuego\" src=\"https:\/\/sc04.alicdn.com\/kf\/H86b7111d868b4cfa80c1c85b59d4a6fdD\/232904194\/H86b7111d868b4cfa80c1c85b59d4a6fdD.jpg\" alt=\"\" width=\"550\" height=\"550\" \/><\/a><figcaption class=\"wp-caption-text\">esfera de fuego<\/figcaption><\/figure>\n<\/div>\n<\/div>\n<\/div>","protected":false},"excerpt":{"rendered":"<p><strong>Esferas de jard\u00edn met\u00e1licas de acero corten<\/strong><\/p>\n<ul>\n<li><strong>Material:<\/strong> El acero corten se desgasta de forma natural con el paso del tiempo y adquiere una hermosa p\u00e1tina oxidada. Aporta un aspecto terroso y org\u00e1nico a su jard\u00edn.<\/li>\n<li><strong>Uso de dise\u00f1o:<\/strong> Estas esferas son magn\u00edficas como esculturas independientes o pueden integrarse en parterres o jardines de rocas.<\/li>\n<li><strong>Opci\u00f3n de iluminaci\u00f3n:<\/strong> Algunas esferas de acero corten son huecas, con dise\u00f1os recortados, que pueden iluminarse desde dentro para conseguir un efecto resplandeciente por la noche.<\/li>\n<\/ul>","protected":false},"featured_media":1288,"comment_status":"open","ping_status":"closed","template":"","meta":{"_eb_attr":"","_monsterinsights_skip_tracking":false,"_monsterinsights_sitenote_active":false,"_monsterinsights_sitenote_note":"","_monsterinsights_sitenote_category":0,"_uf_show_specific_survey":0,"_uf_disable_surveys":false},"product_brand":[],"product_cat":[54],"product_tag":[],"class_list":{"0":"post-1287","1":"product","2":"type-product","3":"status-publish","4":"has-post-thumbnail","6":"product_cat-wood-fire-pit","8":"first","9":"instock","10":"shipping-taxable","11":"product-type-simple"},"_links":{"self":[{"href":"https:\/\/keweicorten.com\/es_mx\/wp-json\/wp\/v2\/product\/1287"}],"collection":[{"href":"https:\/\/keweicorten.com\/es_mx\/wp-json\/wp\/v2\/product"}],"about":[{"href":"https:\/\/keweicorten.com\/es_mx\/wp-json\/wp\/v2\/types\/product"}],"replies":[{"embeddable":true,"href":"https:\/\/keweicorten.com\/es_mx\/wp-json\/wp\/v2\/comments?post=1287"}],"version-history":[{"count":1,"href":"https:\/\/keweicorten.com\/es_mx\/wp-json\/wp\/v2\/product\/1287\/revisions"}],"predecessor-version":[{"id":1289,"href":"https:\/\/keweicorten.com\/es_mx\/wp-json\/wp\/v2\/product\/1287\/revisions\/1289"}],"wp:featuredmedia":[{"embeddable":true,"href":"https:\/\/keweicorten.com\/es_mx\/wp-json\/wp\/v2\/media\/1288"}],"wp:attachment":[{"href":"https:\/\/keweicorten.com\/es_mx\/wp-json\/wp\/v2\/media?parent=1287"}],"wp:term":[{"taxonomy":"product_brand","embeddable":true,"href":"https:\/\/keweicorten.com\/es_mx\/wp-json\/wp\/v2\/product_brand?post=1287"},{"taxonomy":"product_cat","embeddable":true,"href":"https:\/\/keweicorten.com\/es_mx\/wp-json\/wp\/v2\/product_cat?post=1287"},{"taxonomy":"product_tag","embeddable":true,"href":"https:\/\/keweicorten.com\/es_mx\/wp-json\/wp\/v2\/product_tag?post=1287"}],"curies":[{"name":"wp","href":"https:\/\/api.w.org\/{rel}","templated":true}]}}