{"id":1302,"date":"2024-09-20T08:13:16","date_gmt":"2024-09-20T08:13:16","guid":{"rendered":"https:\/\/keweicorten.com\/?post_type=product&#038;p=1302"},"modified":"2025-01-15T06:24:37","modified_gmt":"2025-01-15T06:24:37","slug":"pantallas-metalicas-cortadas-por-laser","status":"publish","type":"product","link":"https:\/\/keweicorten.com\/es_mx\/pantallas-metalicas-cortadas-por-laser\/","title":{"rendered":"pantallas met\u00e1licas cortadas por l\u00e1ser"},"content":{"rendered":"<p>Las pantallas met\u00e1licas cortadas con l\u00e1ser son una forma elegante y funcional de a\u00f1adir privacidad, sombra o elementos decorativos a espacios interiores y exteriores. Se crean cortando intrincados patrones o dise\u00f1os en l\u00e1minas de metal mediante tecnolog\u00eda l\u00e1ser de precisi\u00f3n. Estas pantallas son populares en jardines, patios e incluso interiores para crear inter\u00e9s visual al tiempo que mantienen el flujo de aire y la luz.<\/p>\n<p><strong>Usos comunes:<\/strong><\/p>\n<ol>\n<li><strong>Mamparas de privacidad<\/strong>: Ideal para bloquear zonas sin cerrarlas completamente.<\/li>\n<li><strong>Separadores decorativos<\/strong>: Se utiliza para separar espacios o dar un toque art\u00edstico a las paredes.<\/li>\n<li><strong>Esgrima<\/strong>: Puede utilizarse para soluciones de vallado modernas y decorativas.<\/li>\n<li><strong>Paneles de p\u00e9rgola<\/strong>: Se a\u00f1ade a estructuras exteriores como p\u00e9rgolas para dar sombra y decorar.<\/li>\n<li><strong>Revestimientos para edificios<\/strong>: Para crear fachadas llamativas con dise\u00f1os geom\u00e9tricos u org\u00e1nicos.\n<figure style=\"width: 699px\" class=\"wp-caption alignnone\"><a href=\"https:\/\/keweicorten.com\/es_mx\/contacto\/\"><img fetchpriority=\"high\" decoding=\"async\" title=\"mampara divisoria exterior\" src=\"https:\/\/sc04.alicdn.com\/kf\/H85266be5e3dc462a85f820c052485447j\/253038816\/H85266be5e3dc462a85f820c052485447j.jpg\" alt=\"\" width=\"699\" height=\"393\" \/><\/a><figcaption class=\"wp-caption-text\">mampara divisoria exterior<\/figcaption><\/figure>\n<p>1. Privacidad: los paneles de privacidad para patios ofrecen un alto nivel de privacidad, haciendo imposible que personas ajenas vean dentro de su espacio.<br \/>\n2. Durabilidad: Los paneles met\u00e1licos son robustos y resistentes, lo que significa que pueden soportar condiciones clim\u00e1ticas adversas y son<br \/>\nde larga duraci\u00f3n.<br \/>\n3. Bajo mantenimiento: A diferencia de otras opciones de protecci\u00f3n de la intimidad, los paneles decorativos met\u00e1licos para vallas de intimidad requieren muy poco mantenimiento.<br \/>\n4. Atractivo est\u00e9tico: Los paneles met\u00e1licos de protecci\u00f3n de la intimidad est\u00e1n disponibles en una amplia gama de dise\u00f1os, colores y motivos, lo que facilita la elecci\u00f3n.<br \/>\nencuentra uno que se adapte a tu estilo personal.<\/li>\n<\/ol>","protected":false},"excerpt":{"rendered":"<p>Los paneles de acero corten se utilizan ampliamente en muchas aplicaciones al aire libre porque forman una capa protectora de \u00f3xido que les confiere un largo ciclo de vida, lo que los convierte en una soluci\u00f3n de bajo mantenimiento para una gran variedad de usos.<\/p>","protected":false},"featured_media":1303,"comment_status":"open","ping_status":"closed","template":"","meta":{"_eb_attr":"","_monsterinsights_skip_tracking":false,"_monsterinsights_sitenote_active":false,"_monsterinsights_sitenote_note":"","_monsterinsights_sitenote_category":0,"_uf_show_specific_survey":0,"_uf_disable_surveys":false},"product_brand":[],"product_cat":[57],"product_tag":[],"class_list":{"0":"post-1302","1":"product","2":"type-product","3":"status-publish","4":"has-post-thumbnail","6":"product_cat-screen-panel","8":"first","9":"instock","10":"shipping-taxable","11":"product-type-simple"},"_links":{"self":[{"href":"https:\/\/keweicorten.com\/es_mx\/wp-json\/wp\/v2\/product\/1302"}],"collection":[{"href":"https:\/\/keweicorten.com\/es_mx\/wp-json\/wp\/v2\/product"}],"about":[{"href":"https:\/\/keweicorten.com\/es_mx\/wp-json\/wp\/v2\/types\/product"}],"replies":[{"embeddable":true,"href":"https:\/\/keweicorten.com\/es_mx\/wp-json\/wp\/v2\/comments?post=1302"}],"version-history":[{"count":1,"href":"https:\/\/keweicorten.com\/es_mx\/wp-json\/wp\/v2\/product\/1302\/revisions"}],"predecessor-version":[{"id":1304,"href":"https:\/\/keweicorten.com\/es_mx\/wp-json\/wp\/v2\/product\/1302\/revisions\/1304"}],"wp:featuredmedia":[{"embeddable":true,"href":"https:\/\/keweicorten.com\/es_mx\/wp-json\/wp\/v2\/media\/1303"}],"wp:attachment":[{"href":"https:\/\/keweicorten.com\/es_mx\/wp-json\/wp\/v2\/media?parent=1302"}],"wp:term":[{"taxonomy":"product_brand","embeddable":true,"href":"https:\/\/keweicorten.com\/es_mx\/wp-json\/wp\/v2\/product_brand?post=1302"},{"taxonomy":"product_cat","embeddable":true,"href":"https:\/\/keweicorten.com\/es_mx\/wp-json\/wp\/v2\/product_cat?post=1302"},{"taxonomy":"product_tag","embeddable":true,"href":"https:\/\/keweicorten.com\/es_mx\/wp-json\/wp\/v2\/product_tag?post=1302"}],"curies":[{"name":"wp","href":"https:\/\/api.w.org\/{rel}","templated":true}]}}