{"id":1314,"date":"2024-09-23T06:19:58","date_gmt":"2024-09-23T06:19:58","guid":{"rendered":"https:\/\/keweicorten.com\/?post_type=product&#038;p=1314"},"modified":"2025-01-15T06:23:53","modified_gmt":"2025-01-15T06:23:53","slug":"acero-corten-carbon-barbacoa-parrilla-al-aire-libre","status":"publish","type":"product","link":"https:\/\/keweicorten.com\/es_mx\/acero-corten-carbon-barbacoa-parrilla-al-aire-libre\/","title":{"rendered":"Barbacoa de carb\u00f3n de acero corten para exteriores"},"content":{"rendered":"<p>Una barbacoa de carb\u00f3n de acero corten para exteriores combina la durabilidad y el encanto r\u00fastico del acero envejecido con la funcionalidad de una barbacoa de carb\u00f3n. El acero corten desarrolla una capa protectora de \u00f3xido con el paso del tiempo, lo que le confiere un aspecto \u00fanico y lo hace resistente a la corrosi\u00f3n, ideal para su uso en exteriores.<\/p>\n<p>Caracter\u00edsticas:<br \/>\n1.Durabilidad: El acero corten puede soportar condiciones clim\u00e1ticas adversas, por lo que es una gran opci\u00f3n para las parrillas al aire libre que est\u00e1n destinados a durar.<br \/>\n2. Est\u00e9tica r\u00fastica: La capa de \u00f3xido que se forma naturalmente le da un aspecto hermoso y terroso que complementa los espacios al aire libre.<br \/>\n3. Bajo mantenimiento: La capa de \u00f3xido protege el acero subyacente, por lo que requiere un mantenimiento m\u00ednimo.<br \/>\n4. Retenci\u00f3n del calor: El acero corten retiene bien el calor, lo que lo hace eficiente para asar y cocinar.<br \/>\n5. Versatilidad de dise\u00f1o: Muchas barbacoas de acero corten tienen dise\u00f1os elegantes y modernos que pueden servir tanto como equipo de cocina funcional como elemento decorativo para su patio o jard\u00edn.<\/p>\n<p>Muchos fabricantes de barbacoas de carb\u00f3n de acero corten ofrecen una garant\u00eda de calidad para asegurar que su producto cumple las expectativas del cliente. La garant\u00eda puede cubrir la estructura y durabilidad de la parrilla, la calidad de los materiales utilizados y la funcionalidad de la parrilla.<\/p>\n<figure style=\"width: 700px\" class=\"wp-caption alignnone\"><a href=\"https:\/\/keweicorten.com\/es_mx\"><img fetchpriority=\"high\" decoding=\"async\" title=\"parrilla barbacoa\" src=\"https:\/\/sc04.alicdn.com\/kf\/He0ed5e93b12c40358fb48f957cefcb69S\/252624420\/He0ed5e93b12c40358fb48f957cefcb69S.jpg\" alt=\"\" width=\"700\" height=\"700\" \/><\/a><figcaption class=\"wp-caption-text\">parrilla barbacoa<\/figcaption><\/figure>\n<h3 class=\"magic-5\"><span class=\"magic-6\"><span data-spm-anchor-id=\"a2700.details.0.i39.5eaf3f8dvvep9e\">Garden Party Madera Carb\u00f3n Corten metal Barbacoa Parrilla Fog\u00f3n<\/span><\/span><\/h3>\n<div class=\"magic-7\">\n<div class=\"magic-8\">\n<div class=\"magic-9\">\n<div>El flujo muestra detalles de tama\u00f1o y grosor de la materia prima:<\/div>\n<p>1.La escala de fuego o altura del cono es com\u00fanmente de 27 cm, laminado con chapa corten de 2,0 mm.<\/p>\n<div>2.La placa de cocci\u00f3n: chapa de acero de 10 mm laminada en fr\u00edo. El di\u00e1metro es de 100 cm.<br \/>\n3. La c\u00e1mara de combusti\u00f3n con acero corten de 2,0 mm de grosor<br \/>\n4.La tolva de cenizas: acero corten de 2 mm<br \/>\n5.Down cuerpo :Acero corten espesor :2 mm Tama\u00f1o:700*500*500 mm<\/div>\n<div>\n<figure style=\"width: 700px\" class=\"wp-caption alignnone\"><a href=\"https:\/\/keweicorten.com\/es_mx\/contacto\/\"><img decoding=\"async\" title=\"ahumador grill\" src=\"https:\/\/sc04.alicdn.com\/kf\/H3251a163a5d842c7bd1860b59de2a48bk\/252624420\/H3251a163a5d842c7bd1860b59de2a48bk.jpg\" alt=\"\" width=\"700\" height=\"700\" \/><\/a><figcaption class=\"wp-caption-text\">ahumador grill<\/figcaption><\/figure>\n<\/div>\n<\/div>\n<\/div>\n<\/div>","protected":false},"excerpt":{"rendered":"<p>A Corten Steel Charcoal BBQ Outdoor Grill combines the durability and rustic charm of weathering steel with the functionality of a charcoal grill. Corten steel develops a protective layer of rust over time, which gives it a unique appearance and makes it resistant to corrosion, ideal for outdoor use. Features: 1.Durability: Corten steel can withstand [&hellip;]<\/p>","protected":false},"featured_media":1315,"comment_status":"open","ping_status":"closed","template":"","meta":{"_eb_attr":"","_monsterinsights_skip_tracking":false,"_monsterinsights_sitenote_active":false,"_monsterinsights_sitenote_note":"","_monsterinsights_sitenote_category":0,"_uf_show_specific_survey":0,"_uf_disable_surveys":false},"product_brand":[],"product_cat":[63],"product_tag":[],"class_list":{"0":"post-1314","1":"product","2":"type-product","3":"status-publish","4":"has-post-thumbnail","6":"product_cat-steel-bbq-grill","8":"first","9":"instock","10":"shipping-taxable","11":"product-type-simple"},"_links":{"self":[{"href":"https:\/\/keweicorten.com\/es_mx\/wp-json\/wp\/v2\/product\/1314"}],"collection":[{"href":"https:\/\/keweicorten.com\/es_mx\/wp-json\/wp\/v2\/product"}],"about":[{"href":"https:\/\/keweicorten.com\/es_mx\/wp-json\/wp\/v2\/types\/product"}],"replies":[{"embeddable":true,"href":"https:\/\/keweicorten.com\/es_mx\/wp-json\/wp\/v2\/comments?post=1314"}],"version-history":[{"count":1,"href":"https:\/\/keweicorten.com\/es_mx\/wp-json\/wp\/v2\/product\/1314\/revisions"}],"predecessor-version":[{"id":1316,"href":"https:\/\/keweicorten.com\/es_mx\/wp-json\/wp\/v2\/product\/1314\/revisions\/1316"}],"wp:featuredmedia":[{"embeddable":true,"href":"https:\/\/keweicorten.com\/es_mx\/wp-json\/wp\/v2\/media\/1315"}],"wp:attachment":[{"href":"https:\/\/keweicorten.com\/es_mx\/wp-json\/wp\/v2\/media?parent=1314"}],"wp:term":[{"taxonomy":"product_brand","embeddable":true,"href":"https:\/\/keweicorten.com\/es_mx\/wp-json\/wp\/v2\/product_brand?post=1314"},{"taxonomy":"product_cat","embeddable":true,"href":"https:\/\/keweicorten.com\/es_mx\/wp-json\/wp\/v2\/product_cat?post=1314"},{"taxonomy":"product_tag","embeddable":true,"href":"https:\/\/keweicorten.com\/es_mx\/wp-json\/wp\/v2\/product_tag?post=1314"}],"curies":[{"name":"wp","href":"https:\/\/api.w.org\/{rel}","templated":true}]}}