{"id":1365,"date":"2024-09-24T08:26:42","date_gmt":"2024-09-24T08:26:42","guid":{"rendered":"https:\/\/keweicorten.com\/?post_type=product&#038;p=1365"},"modified":"2024-09-24T08:49:31","modified_gmt":"2024-09-24T08:49:31","slug":"wtst52-3-tubo-de-acero-corten","status":"publish","type":"product","link":"https:\/\/keweicorten.com\/es_mx\/wtst52-3-tubo-de-acero-corten\/","title":{"rendered":"Tubo de acero corten WTSt52-3"},"content":{"rendered":"<p>El tubo de acero corten WTSt52-3 es un grado de acero resistente a la intemperie que pertenece a la familia de los aceros corten. Al igual que otros aceros Corten como el A242 y el A588, el WTSt52-3 est\u00e1 dise\u00f1ado para ofrecer una resistencia superior a la corrosi\u00f3n mediante la formaci\u00f3n de una p\u00e1tina protectora en su superficie cuando se expone a la intemperie. La p\u00e1tina act\u00faa como barrera, impidiendo una corrosi\u00f3n m\u00e1s profunda y permitiendo utilizar el acero en entornos agresivos sin necesidad de revestimientos protectores.<\/p>\n<p>Al igual que otros aceros resistentes a la intemperie, los tubos de acero corten WTSt52-3 incluyen peque\u00f1as cantidades de elementos de aleaci\u00f3n como:<\/p>\n<ul>\n<li><strong>Cobre<\/strong><\/li>\n<li><strong>Cromo<\/strong><\/li>\n<li><strong>N\u00edquel<\/strong><\/li>\n<li><strong>F\u00f3sforo<\/strong> Estos elementos aumentan su resistencia a la corrosi\u00f3n y le permiten formar una p\u00e1tina estable cuando se expone al medio ambiente.<\/li>\n<\/ul>\n<h3>Ventajas:<\/h3>\n<ul>\n<li><strong>Atractivo est\u00e9tico<\/strong>: La p\u00e1tina proporciona un aspecto industrial y r\u00fastico que se utiliza a menudo en dise\u00f1os arquitect\u00f3nicos modernos.<\/li>\n<li><strong>Durabilidad<\/strong>: Ofrece un rendimiento a largo plazo en aplicaciones exteriores sin necesidad de repintado o reparaciones frecuentes.<\/li>\n<li><strong>Rentable<\/strong>: Reduce la necesidad de revestimientos protectores y de mantenimiento peri\u00f3dico, lo que disminuye los costes generales del ciclo de vida.<\/li>\n<\/ul>\n<table style=\"height: 91px;\" width=\"772\">\n<tbody>\n<tr>\n<th>Rango OD<\/th>\n<td>12-150 mm<\/td>\n<\/tr>\n<tr>\n<th>Gama Thk<\/th>\n<td>1,5-8 mm<\/td>\n<\/tr>\n<tr>\n<th>Longitud<\/th>\n<td>Aleatorio simple, aleatorio doble y longitud de corte<\/td>\n<\/tr>\n<tr>\n<th>Tipo<\/th>\n<td>Redondo, cuadrado, rectangular<\/td>\n<\/tr>\n<tr>\n<th>Est\u00e1ndar<\/th>\n<td>GB, ASTM, UE<\/td>\n<\/tr>\n<tr>\n<th>Grado<\/th>\n<td>Q235NH,Q295NH,Q355NH,09CUPGENI-A,09CUPGENI-B,CORTEN A, CORTEN B, ASTM A423 GRADO 1,<br \/>\nASTM A847, ASTM A588, ASTM A242, ASTM A606, S355JOW, S355JOWP, S355J2W, S355J2WP<\/td>\n<\/tr>\n<\/tbody>\n<\/table>\n<figure style=\"width: 559px\" class=\"wp-caption alignnone\"><a href=\"https:\/\/keweicorten.com\/es_mx\/contacto\/\"><img fetchpriority=\"high\" decoding=\"async\" title=\"chapa de acero corten\" src=\"https:\/\/www.offersteels.com\/uploads\/allimg\/corten-steel-pipe.jpg\" alt=\"Proveedores de tubos de acero corten, tubos para intemperie resistentes a la corrosi\u00f3n\" width=\"559\" height=\"419\" \/><\/a><figcaption class=\"wp-caption-text\">chapa de acero corten<\/figcaption><\/figure>\n<figure style=\"width: 560px\" class=\"wp-caption alignnone\"><a href=\"https:\/\/keweicorten.com\/es_mx\/productos\/\"><img decoding=\"async\" title=\"chapa de acero corten\" src=\"https:\/\/www.offersteels.com\/uploads\/allimg\/Corten-steel-pipe-productive-process.jpg\" alt=\"Proceso productivo de los tubos de acero corten\" width=\"560\" height=\"441\" \/><\/a><figcaption class=\"wp-caption-text\">chapa de acero corten<\/figcaption><\/figure>\n<figure style=\"width: 559px\" class=\"wp-caption alignnone\"><a href=\"https:\/\/keweicorten.com\/es_mx\/productos\/\"><img decoding=\"async\" title=\"Tubos de acero corten\" src=\"https:\/\/www.offersteels.com\/uploads\/allimg\/What-is-Corten-Steel-Pipe.jpg\" alt=\"Proveedores de tubos de acero corten, tubos para intemperie resistentes a la corrosi\u00f3n\" width=\"559\" height=\"419\" \/><\/a><figcaption class=\"wp-caption-text\">Tubos de acero corten<\/figcaption><\/figure>","protected":false},"excerpt":{"rendered":"<p>El acero corten se utiliza principalmente en ferrocarriles, veh\u00edculos, puentes, torres de alta tensi\u00f3n, energ\u00eda fotovoltaica, ingenier\u00eda de alta velocidad y otras estructuras de acero que est\u00e1n expuestas a la atm\u00f3sfera durante mucho tiempo.<\/p>","protected":false},"featured_media":1366,"comment_status":"open","ping_status":"closed","template":"","meta":{"_eb_attr":"","_monsterinsights_skip_tracking":false,"_monsterinsights_sitenote_active":false,"_monsterinsights_sitenote_note":"","_monsterinsights_sitenote_category":0,"_uf_show_specific_survey":0,"_uf_disable_surveys":false},"product_brand":[],"product_cat":[21],"product_tag":[],"class_list":{"0":"post-1365","1":"product","2":"type-product","3":"status-publish","4":"has-post-thumbnail","6":"product_cat-weather-resistant-steel-plate","8":"first","9":"instock","10":"shipping-taxable","11":"product-type-simple"},"_links":{"self":[{"href":"https:\/\/keweicorten.com\/es_mx\/wp-json\/wp\/v2\/product\/1365"}],"collection":[{"href":"https:\/\/keweicorten.com\/es_mx\/wp-json\/wp\/v2\/product"}],"about":[{"href":"https:\/\/keweicorten.com\/es_mx\/wp-json\/wp\/v2\/types\/product"}],"replies":[{"embeddable":true,"href":"https:\/\/keweicorten.com\/es_mx\/wp-json\/wp\/v2\/comments?post=1365"}],"version-history":[{"count":1,"href":"https:\/\/keweicorten.com\/es_mx\/wp-json\/wp\/v2\/product\/1365\/revisions"}],"predecessor-version":[{"id":1367,"href":"https:\/\/keweicorten.com\/es_mx\/wp-json\/wp\/v2\/product\/1365\/revisions\/1367"}],"wp:featuredmedia":[{"embeddable":true,"href":"https:\/\/keweicorten.com\/es_mx\/wp-json\/wp\/v2\/media\/1366"}],"wp:attachment":[{"href":"https:\/\/keweicorten.com\/es_mx\/wp-json\/wp\/v2\/media?parent=1365"}],"wp:term":[{"taxonomy":"product_brand","embeddable":true,"href":"https:\/\/keweicorten.com\/es_mx\/wp-json\/wp\/v2\/product_brand?post=1365"},{"taxonomy":"product_cat","embeddable":true,"href":"https:\/\/keweicorten.com\/es_mx\/wp-json\/wp\/v2\/product_cat?post=1365"},{"taxonomy":"product_tag","embeddable":true,"href":"https:\/\/keweicorten.com\/es_mx\/wp-json\/wp\/v2\/product_tag?post=1365"}],"curies":[{"name":"wp","href":"https:\/\/api.w.org\/{rel}","templated":true}]}}