{"id":1382,"date":"2024-09-25T02:12:26","date_gmt":"2024-09-25T02:12:26","guid":{"rendered":"https:\/\/keweicorten.com\/?post_type=product&#038;p=1382"},"modified":"2024-09-25T02:12:26","modified_gmt":"2024-09-25T02:12:26","slug":"tubo-de-acero-corten-q355nh","status":"publish","type":"product","link":"https:\/\/keweicorten.com\/es_mx\/tubo-de-acero-corten-q355nh\/","title":{"rendered":"Q355NH tubo de acero corten"},"content":{"rendered":"<p>El tubo de acero corten Q355NH es un acero resistente a la intemperie de alta resistencia y baja aleaci\u00f3n, utilizado principalmente en la construcci\u00f3n y estructuras de ingenier\u00eda, especialmente en aplicaciones de ambientes hostiles. Sus principales caracter\u00edsticas incluyen:<\/p>\n<p>Resistencia a la intemperie: El tubo de acero corten Q355NH tiene buena resistencia a la corrosi\u00f3n, y la superficie formar\u00e1 una pel\u00edcula protectora de \u00f3xido, que puede resistir la erosi\u00f3n de factores naturales como la lluvia y el viento.<\/p>\n<p>Alta resistencia: el tubo de acero tiene alta resistencia a la tracci\u00f3n y l\u00edmite el\u00e1stico, adecuado para soportar grandes cargas, y es ampliamente utilizado en puentes, edificios y otras estructuras.<\/p>\n<p>Propiedades de procesamiento: La tuber\u00eda de acero corten Q355NH puede ser soldada, cortada y formada, adecuada para varias necesidades de ingenier\u00eda.<\/p>\n<p>Protecci\u00f3n del medio ambiente: Debido a su resistencia a la corrosi\u00f3n, la estructura que utiliza este acero se mantiene y sustituye con menos frecuencia al final de su vida \u00fatil, lo que reduce el despilfarro de recursos.<\/p>\n<p>Aplicaciones: A menudo se utiliza en la construcci\u00f3n, Puentes, generaci\u00f3n de energ\u00eda e\u00f3lica, equipos de miner\u00eda y otros campos.<\/p>\n<p><strong>Composici\u00f3n qu\u00edmica de Q355NH(%)<\/strong><\/p>\n<table style=\"height: 182px;\" border=\"1\" width=\"739\">\n<tbody>\n<tr>\n<td rowspan=\"2\">Grado<\/td>\n<td colspan=\"5\">Composici\u00f3n qu\u00edmica de Q355NH(%)<\/td>\n<\/tr>\n<tr>\n<td>C Max<\/td>\n<td>Si Max<\/td>\n<td>Mn<\/td>\n<td>P<\/td>\n<td>S Max<\/td>\n<\/tr>\n<tr>\n<td>China GB\/T 4171 Q355NH<\/td>\n<td>0.16<\/td>\n<td>0.5<\/td>\n<td>0.5-1.5<\/td>\n<td>0.030<\/td>\n<td>0.030<\/td>\n<\/tr>\n<\/tbody>\n<\/table>\n<p><strong>Q355NH propiedades mec\u00e1nicas<\/strong><\/p>\n<div class=\"pro_page_table\">\n<table style=\"height: 126px;\" border=\"1\" width=\"741\">\n<tbody>\n<tr>\n<td rowspan=\"2\">Grado<\/td>\n<td colspan=\"3\">\u00a0Q355NH propiedades mec\u00e1nicas<\/td>\n<td><\/td>\n<\/tr>\n<tr>\n<td>L\u00edmite el\u00e1stico(MPa)<\/td>\n<td>Resistencia a la tracci\u00f3n(MPa)<\/td>\n<td colspan=\"2\">% Alargamiento m\u00edn.<\/td>\n<\/tr>\n<tr>\n<td>China GB\/T 4171 Q355NH<\/td>\n<td>325-355<\/td>\n<td>490-630<\/td>\n<td colspan=\"2\">20<\/td>\n<\/tr>\n<\/tbody>\n<\/table>\n<figure style=\"width: 700px\" class=\"wp-caption alignnone\"><a href=\"https:\/\/keweicorten.com\/es_mx\/productos\/\"><img fetchpriority=\"high\" decoding=\"async\" title=\"acero q355nh\" src=\"https:\/\/www.cortensteels.com\/Content\/uploads\/2021703620\/2021120314394427325a6d6acd48e599d3b44088f95067.jpg\" alt=\"China Q355NH placa de acero corten Fabricantes, Proveedores - Precio directo de f\u00e1brica \" width=\"700\" height=\"700\" \/><\/a><figcaption class=\"wp-caption-text\">acero q355nh<\/figcaption><\/figure>\n<p><a href=\"https:\/\/keweicorten.com\/es_mx\/contacto\/\"><img decoding=\"async\" class=\"alignnone\" title=\"Q355NH corten\" src=\"https:\/\/www.cortensteels.com\/uploads\/202030314\/q355nh-weather-resistant-steel-plate29522879022.jpg\" alt=\"China Q355NH placa de acero corten Fabricantes, Proveedores - ...\" width=\"700\" height=\"700\" \/><\/a><\/p>\n<\/div>","protected":false},"excerpt":{"rendered":"<p>Las especificaciones:<br \/>\nEspesor: 3mm-150mm<br \/>\nAnchura: 30 mm-4000 mm<br \/>\nLongitud: 1000mm-12000mm<br \/>\nEst\u00e1ndar: ASTM EN10025 JIS GB<\/p>","protected":false},"featured_media":1383,"comment_status":"open","ping_status":"closed","template":"","meta":{"_eb_attr":"","_monsterinsights_skip_tracking":false,"_monsterinsights_sitenote_active":false,"_monsterinsights_sitenote_note":"","_monsterinsights_sitenote_category":0,"_uf_show_specific_survey":0,"_uf_disable_surveys":false},"product_brand":[],"product_cat":[21],"product_tag":[],"class_list":{"0":"post-1382","1":"product","2":"type-product","3":"status-publish","4":"has-post-thumbnail","6":"product_cat-weather-resistant-steel-plate","8":"first","9":"instock","10":"shipping-taxable","11":"product-type-simple"},"_links":{"self":[{"href":"https:\/\/keweicorten.com\/es_mx\/wp-json\/wp\/v2\/product\/1382"}],"collection":[{"href":"https:\/\/keweicorten.com\/es_mx\/wp-json\/wp\/v2\/product"}],"about":[{"href":"https:\/\/keweicorten.com\/es_mx\/wp-json\/wp\/v2\/types\/product"}],"replies":[{"embeddable":true,"href":"https:\/\/keweicorten.com\/es_mx\/wp-json\/wp\/v2\/comments?post=1382"}],"version-history":[{"count":1,"href":"https:\/\/keweicorten.com\/es_mx\/wp-json\/wp\/v2\/product\/1382\/revisions"}],"predecessor-version":[{"id":1384,"href":"https:\/\/keweicorten.com\/es_mx\/wp-json\/wp\/v2\/product\/1382\/revisions\/1384"}],"wp:featuredmedia":[{"embeddable":true,"href":"https:\/\/keweicorten.com\/es_mx\/wp-json\/wp\/v2\/media\/1383"}],"wp:attachment":[{"href":"https:\/\/keweicorten.com\/es_mx\/wp-json\/wp\/v2\/media?parent=1382"}],"wp:term":[{"taxonomy":"product_brand","embeddable":true,"href":"https:\/\/keweicorten.com\/es_mx\/wp-json\/wp\/v2\/product_brand?post=1382"},{"taxonomy":"product_cat","embeddable":true,"href":"https:\/\/keweicorten.com\/es_mx\/wp-json\/wp\/v2\/product_cat?post=1382"},{"taxonomy":"product_tag","embeddable":true,"href":"https:\/\/keweicorten.com\/es_mx\/wp-json\/wp\/v2\/product_tag?post=1382"}],"curies":[{"name":"wp","href":"https:\/\/api.w.org\/{rel}","templated":true}]}}