{"id":1543,"date":"2024-09-26T09:05:52","date_gmt":"2024-09-26T09:05:52","guid":{"rendered":"https:\/\/keweicorten.com\/?post_type=product&#038;p=1543"},"modified":"2025-01-15T06:22:01","modified_gmt":"2025-01-15T06:22:01","slug":"corten-light-2","status":"publish","type":"product","link":"https:\/\/keweicorten.com\/es_mx\/corten-light-2\/","title":{"rendered":"luz corten"},"content":{"rendered":"<p>Las l\u00e1mparas de acero corten (o luminarias corten) combinan la durabilidad y las propiedades de resistencia a la intemperie del acero corten con la funcionalidad de la iluminaci\u00f3n exterior y decorativa. El acero corten, conocido por su capacidad para formar una capa protectora de \u00f3xido, aporta una est\u00e9tica \u00fanica a los dise\u00f1os de iluminaci\u00f3n, lo que lo hace popular en la arquitectura paisajista, el dise\u00f1o urbano y la decoraci\u00f3n de hogares modernos.<\/p>\n<h3><strong>Caracter\u00edsticas principales de las luces de acero corten:<\/strong><\/h3>\n<ol>\n<li><strong>Resistencia a la intemperie<\/strong>:\n<ul>\n<li>La capa de \u00f3xido que se forma de forma natural en las luces de acero corten protege el material de una mayor corrosi\u00f3n, lo que las hace muy duraderas para su uso en exteriores en diversas condiciones meteorol\u00f3gicas.<\/li>\n<\/ul>\n<\/li>\n<li><strong>Est\u00e9tica \u00fanica<\/strong>:\n<ul>\n<li>La p\u00e1tina rica y c\u00e1lida del acero corten crea un aspecto r\u00fastico e industrial, que lo hace ideal para proyectos de dise\u00f1o tanto contempor\u00e1neos como tradicionales. Los tonos oxidados y terrosos combinan armoniosamente con elementos naturales como la piedra, la madera y la vegetaci\u00f3n.<\/li>\n<\/ul>\n<\/li>\n<li><strong>Bajo mantenimiento<\/strong>:\n<ul>\n<li>A diferencia de otros materiales que pueden requerir pintura o tratamientos, las luminarias de acero corten son autoprotectoras. Una vez que se forma la p\u00e1tina, la luminaria requiere un mantenimiento m\u00ednimo.<\/li>\n<\/ul>\n<\/li>\n<li><strong>Personalizaci\u00f3n<\/strong>:\n<ul>\n<li>Las l\u00e1mparas de acero corten tienen varios dise\u00f1os, como bolardos, luces de camino, apliques de pared y l\u00e1mparas colgantes. Pueden cortarse con l\u00e1ser con patrones intrincados, creando interesantes efectos de luces y sombras.<\/li>\n<\/ul>\n<\/li>\n<\/ol>\n<table style=\"height: 194px;\" border=\"1\" width=\"627\">\n<tbody>\n<tr>\n<td><span data-spm-anchor-id=\"a2700.details.0.i39.11b8133fdmfbId\">Nombre del producto\u00a0\u00a0<\/span><\/td>\n<td>\u00a0Hoteles Luces de jard\u00edn personalizadas de acero corten<\/td>\n<\/tr>\n<tr>\n<td>Paquete<\/td>\n<td>\u00a0Contrachapado<\/td>\n<\/tr>\n<tr>\n<td>N\u00famero de modelo<\/td>\n<td>SHKW-CL-01<\/td>\n<\/tr>\n<tr>\n<td>Material<\/td>\n<td>\u00a0Acero corten<\/td>\n<\/tr>\n<tr>\n<td>Talla<\/td>\n<td>\u00a0120*120*450mm\/120*120*120*600mm\/120*120*750mm<\/td>\n<\/tr>\n<\/tbody>\n<\/table>\n<p><a href=\"https:\/\/keweicorten.com\/es_mx\"><img fetchpriority=\"high\" decoding=\"async\" class=\"alignnone\" title=\"luz\" src=\"https:\/\/sc04.alicdn.com\/kf\/Hbfd36546659b40b8b1012ec41b13121bi\/235950374\/Hbfd36546659b40b8b1012ec41b13121bi.jpg\" alt=\" corten color bolardo corten luces jard\u00edn corten apliques exterior corten\" width=\"696\" height=\"348\" \/><\/a><\/p>\n<p><a href=\"https:\/\/keweicorten.com\/es_mx\/productos\/\"><img decoding=\"async\" class=\"alignnone\" title=\"luz\" src=\"https:\/\/sc04.alicdn.com\/kf\/Ha485a993273c4a1abf4c34b1993865875\/235950374\/Ha485a993273c4a1abf4c34b1993865875.jpg\" alt=\"Entorno-frendly corten color bollard light corten garden lights corten outdoor wall lights\" width=\"700\" height=\"350\" \/><\/a><\/p>","protected":false},"excerpt":{"rendered":"<p>La luz corten es un tipo de iluminaci\u00f3n incre\u00edblemente bello y vers\u00e1til que cada vez es m\u00e1s popular en el dise\u00f1o moderno. El acero corten, tambi\u00e9n conocido como acero de intemperie, tiene un aspecto \u00fanico y r\u00fastico que no tiene parang\u00f3n con ning\u00fan otro tipo de material.<\/p>","protected":false},"featured_media":1544,"comment_status":"open","ping_status":"closed","template":"","meta":{"_eb_attr":"","_monsterinsights_skip_tracking":false,"_monsterinsights_sitenote_active":false,"_monsterinsights_sitenote_note":"","_monsterinsights_sitenote_category":0,"_uf_show_specific_survey":0,"_uf_disable_surveys":false},"product_brand":[],"product_cat":[61],"product_tag":[],"class_list":{"0":"post-1543","1":"product","2":"type-product","3":"status-publish","4":"has-post-thumbnail","6":"product_cat-light-post","8":"first","9":"instock","10":"shipping-taxable","11":"product-type-simple"},"_links":{"self":[{"href":"https:\/\/keweicorten.com\/es_mx\/wp-json\/wp\/v2\/product\/1543"}],"collection":[{"href":"https:\/\/keweicorten.com\/es_mx\/wp-json\/wp\/v2\/product"}],"about":[{"href":"https:\/\/keweicorten.com\/es_mx\/wp-json\/wp\/v2\/types\/product"}],"replies":[{"embeddable":true,"href":"https:\/\/keweicorten.com\/es_mx\/wp-json\/wp\/v2\/comments?post=1543"}],"version-history":[{"count":1,"href":"https:\/\/keweicorten.com\/es_mx\/wp-json\/wp\/v2\/product\/1543\/revisions"}],"predecessor-version":[{"id":1548,"href":"https:\/\/keweicorten.com\/es_mx\/wp-json\/wp\/v2\/product\/1543\/revisions\/1548"}],"wp:featuredmedia":[{"embeddable":true,"href":"https:\/\/keweicorten.com\/es_mx\/wp-json\/wp\/v2\/media\/1544"}],"wp:attachment":[{"href":"https:\/\/keweicorten.com\/es_mx\/wp-json\/wp\/v2\/media?parent=1543"}],"wp:term":[{"taxonomy":"product_brand","embeddable":true,"href":"https:\/\/keweicorten.com\/es_mx\/wp-json\/wp\/v2\/product_brand?post=1543"},{"taxonomy":"product_cat","embeddable":true,"href":"https:\/\/keweicorten.com\/es_mx\/wp-json\/wp\/v2\/product_cat?post=1543"},{"taxonomy":"product_tag","embeddable":true,"href":"https:\/\/keweicorten.com\/es_mx\/wp-json\/wp\/v2\/product_tag?post=1543"}],"curies":[{"name":"wp","href":"https:\/\/api.w.org\/{rel}","templated":true}]}}