{"id":1556,"date":"2024-09-27T02:43:16","date_gmt":"2024-09-27T02:43:16","guid":{"rendered":"https:\/\/keweicorten.com\/?post_type=product&#038;p=1556"},"modified":"2024-09-27T02:45:40","modified_gmt":"2024-09-27T02:45:40","slug":"a588-acero-para-intemperie","status":"publish","type":"product","link":"https:\/\/keweicorten.com\/es_mx\/a588-acero-para-intemperie\/","title":{"rendered":"a588 acero para intemperie"},"content":{"rendered":"<div class=\"layui-field-box\">\n<p>El acero resistente a la intemperie A588 es un tipo de acero muy popular y ampliamente utilizado en diversas industrias debido a sus propiedades de alta resistencia, durabilidad y resistencia a la corrosi\u00f3n. Es un acero de baja aleaci\u00f3n que contiene cobre, cromo, n\u00edquel y otros elementos que proporcionan una excelente resistencia a la intemperie. Este acero se utiliza a menudo en aplicaciones de construcci\u00f3n al aire libre, como puentes, edificios y otras estructuras.<\/p>\n<table class=\"all magic-1\" style=\"height: 234px;\" width=\"989\">\n<tbody>\n<tr>\n<td colspan=\"1\" rowspan=\"1\">\n<div class=\"magic-2\" data-spm-anchor-id=\"a2700.details.0.i41.6deeb7e3IgOhEQ\"><span style=\"font-family: Times New Roman, Times; font-size: large;\">Art\u00edculo<\/span><\/div>\n<\/td>\n<td colspan=\"3\" rowspan=\"1\">\n<div class=\"magic-3\"><span style=\"font-family: Times New Roman, Times; font-size: large;\">Placa de acero resistente a la intemperie A588 garde<\/span><\/div>\n<\/td>\n<\/tr>\n<tr>\n<td colspan=\"1\" rowspan=\"1\">\n<div class=\"magic-2\"><span style=\"font-family: Times New Roman, Times; font-size: large;\">Grado<\/span><\/div>\n<\/td>\n<td colspan=\"3\" rowspan=\"1\">\n<div class=\"magic-3\"><span style=\"font-family: Times New Roman, Times; font-size: large;\">09CuPCrNi-A,09CuP, 09CuPCrNiA, 09CrCuSb Q355NH,Q460NH,Q345GNHL,Q355GNH,Q345GNH,Q295NH,Q310GNH,Q345NH,Q235NH,Q500NH,Q235GNH,Q550NH<br \/>\n<\/span><\/div>\n<div class=\"magic-3\"><span style=\"font-family: Times New Roman, Times; font-size: large;\">,Q265GNH,Q295GNH,Q450NQR1A,S355J0W,S355J2WP,S355J2W,S235J0W,SPA-H<br \/>\nB480GNQR<\/span><\/p>\n<div><span style=\"font-family: Times New Roman, Times; font-size: large;\">CortenA,CortenB<\/span><\/div>\n<\/div>\n<\/td>\n<\/tr>\n<tr>\n<td colspan=\"1\" rowspan=\"1\">\n<div class=\"magic-2\"><span style=\"font-family: Times New Roman, Times; font-size: large;\">Aplicaci\u00f3n<\/span><\/div>\n<\/td>\n<td colspan=\"3\" rowspan=\"1\">\n<div class=\"magic-3\"><span style=\"font-family: Times New Roman, Times; font-size: large;\">Puede utilizarse en el tablero del suelo, contenedores, chimeneas de centrales el\u00e9ctricas, ingenier\u00eda ferroviaria y otros tipos de acero para exteriores, como el acero para grandes esculturas al aire libre.<\/span><\/div>\n<\/td>\n<\/tr>\n<tr>\n<td colspan=\"1\" rowspan=\"1\">\n<div class=\"magic-2\"><span style=\"font-family: Times New Roman, Times; font-size: large;\">Muestra<\/span><\/div>\n<\/td>\n<td colspan=\"3\" rowspan=\"1\">\n<div class=\"magic-5\"><span style=\"font-family: Times New Roman, Times; font-size: large;\">Muestra disponible<\/span><\/div>\n<\/td>\n<\/tr>\n<\/tbody>\n<\/table>\n<h2>Ventajas de la placa de acero para intemperie A588<\/h2>\n<p>Existen varias ventajas asociadas a la chapa de acero A588 Corten que permiten utilizarla para aplicaciones industriales en todo el mundo. Los beneficios de la placa de acero A588 Corten incluyen:<\/p>\n<ul>\n<li>Bajo mantenimiento<\/li>\n<li>Ahorro de costes<\/li>\n<li>Velocidad de construcci\u00f3n<\/li>\n<li>Seguro<\/li>\n<li>Respetuoso con el medio ambiente<\/li>\n<li>Est\u00e9ticamente atractivo<\/li>\n<\/ul>\n<table style=\"font-weight: 400;\">\n<tbody>\n<tr>\n<td style=\"font-weight: 400;\" colspan=\"1\" rowspan=\"1\">\n<p data-spm-anchor-id=\"a2700.pc-decorate.0.i44.8e343333yaYbbo\">Nombre del producto<\/p>\n<\/td>\n<td style=\"font-weight: 400;\" colspan=\"1\" rowspan=\"1\">Chapa de acero resistente a la intemperie<\/td>\n<\/tr>\n<tr>\n<td style=\"font-weight: 400;\" colspan=\"1\" rowspan=\"3\">\n<p data-spm-anchor-id=\"a2700.pc-decorate.0.i26.8e343333yaYbbo\">Especificaci\u00f3n<\/p>\n<\/td>\n<td style=\"font-weight: 400;\" colspan=\"1\" rowspan=\"1\">\n<p data-spm-anchor-id=\"0.0.0.i10.3e8c4f05UxthN7\">Espesor: 1 mm-100 mm<\/p>\n<\/td>\n<\/tr>\n<tr>\n<td style=\"font-weight: 400;\" colspan=\"1\" rowspan=\"1\">Anchura: \u22643000mm<\/td>\n<\/tr>\n<tr>\n<td style=\"font-weight: 400;\" colspan=\"1\" rowspan=\"1\">Longitud: \u226412000mm<\/td>\n<\/tr>\n<tr>\n<td style=\"font-weight: 400;\" colspan=\"1\" rowspan=\"1\">\n<p data-spm-anchor-id=\"0.0.0.i16.3e8c4f05UxthN7\">T\u00e9cnica<\/p>\n<\/td>\n<td style=\"font-weight: 400;\" colspan=\"1\" rowspan=\"1\">Laminado en caliente<\/td>\n<\/tr>\n<tr>\n<td style=\"font-weight: 400;\" colspan=\"1\" rowspan=\"1\">Superficie<\/td>\n<td style=\"font-weight: 400;\" colspan=\"1\" rowspan=\"1\">Tratamiento de \u00f3xido, limpieza, granallado o seg\u00fan los requisitos del cliente<\/td>\n<\/tr>\n<\/tbody>\n<\/table>\n<p><a href=\"https:\/\/keweicorten.com\/es_mx\/productos\/\"><img fetchpriority=\"high\" decoding=\"async\" class=\"alignnone\" title=\"ASTM A588 a medida \" src=\"https:\/\/www.shipbuilding-plate.com\/uploads\/202230316\/astm-a588-steel-plate33020225533.jpg\" alt=\"Placa de acero ASTM A588 personalizada Proveedores - Precio al por mayor -keweicorten\" width=\"650\" height=\"650\" \/><\/a><\/p>\n<p><img decoding=\"async\" class=\"alignnone\" title=\"Placa de acero resistente a la intemperie A588 garde\" src=\"https:\/\/sc04.alicdn.com\/kf\/H9a942ed341824d248078e5b222d679c6J\/267682295\/H9a942ed341824d248078e5b222d679c6J.jpg\" alt=\"A588 garde Placa de acero resistente a la intemperie precio,fabricantes, proveedores, modificado para requisitos particulares-keweicorten\" width=\"650\" height=\"390\" \/><\/p>\n<\/div>","protected":false},"excerpt":{"rendered":"<p>El acero A588 es un material fiable y duradero que proporciona una excelente solidez y resistencia a los factores medioambientales. Es un material vers\u00e1til que puede utilizarse en una gran variedad de aplicaciones, y ofrece beneficios duraderos a quienes lo utilizan. Como tal, es una excelente opci\u00f3n para cualquiera que busque un material fiable y rentable para sus proyectos de construcci\u00f3n.<\/p>","protected":false},"featured_media":1557,"comment_status":"open","ping_status":"closed","template":"","meta":{"_eb_attr":"","_monsterinsights_skip_tracking":false,"_monsterinsights_sitenote_active":false,"_monsterinsights_sitenote_note":"","_monsterinsights_sitenote_category":0,"_uf_show_specific_survey":0,"_uf_disable_surveys":false},"product_brand":[],"product_cat":[21],"product_tag":[],"class_list":{"0":"post-1556","1":"product","2":"type-product","3":"status-publish","4":"has-post-thumbnail","6":"product_cat-weather-resistant-steel-plate","8":"first","9":"instock","10":"shipping-taxable","11":"product-type-simple"},"_links":{"self":[{"href":"https:\/\/keweicorten.com\/es_mx\/wp-json\/wp\/v2\/product\/1556"}],"collection":[{"href":"https:\/\/keweicorten.com\/es_mx\/wp-json\/wp\/v2\/product"}],"about":[{"href":"https:\/\/keweicorten.com\/es_mx\/wp-json\/wp\/v2\/types\/product"}],"replies":[{"embeddable":true,"href":"https:\/\/keweicorten.com\/es_mx\/wp-json\/wp\/v2\/comments?post=1556"}],"version-history":[{"count":2,"href":"https:\/\/keweicorten.com\/es_mx\/wp-json\/wp\/v2\/product\/1556\/revisions"}],"predecessor-version":[{"id":1559,"href":"https:\/\/keweicorten.com\/es_mx\/wp-json\/wp\/v2\/product\/1556\/revisions\/1559"}],"wp:featuredmedia":[{"embeddable":true,"href":"https:\/\/keweicorten.com\/es_mx\/wp-json\/wp\/v2\/media\/1557"}],"wp:attachment":[{"href":"https:\/\/keweicorten.com\/es_mx\/wp-json\/wp\/v2\/media?parent=1556"}],"wp:term":[{"taxonomy":"product_brand","embeddable":true,"href":"https:\/\/keweicorten.com\/es_mx\/wp-json\/wp\/v2\/product_brand?post=1556"},{"taxonomy":"product_cat","embeddable":true,"href":"https:\/\/keweicorten.com\/es_mx\/wp-json\/wp\/v2\/product_cat?post=1556"},{"taxonomy":"product_tag","embeddable":true,"href":"https:\/\/keweicorten.com\/es_mx\/wp-json\/wp\/v2\/product_tag?post=1556"}],"curies":[{"name":"wp","href":"https:\/\/api.w.org\/{rel}","templated":true}]}}