{"id":1619,"date":"2024-09-29T07:14:27","date_gmt":"2024-09-29T07:14:27","guid":{"rendered":"https:\/\/keweicorten.com\/?post_type=product&#038;p=1619"},"modified":"2024-09-29T07:14:28","modified_gmt":"2024-09-29T07:14:28","slug":"chapa-de-acero-laminada-en-frio","status":"publish","type":"product","link":"https:\/\/keweicorten.com\/es_mx\/chapa-de-acero-laminada-en-frio\/","title":{"rendered":"chapa de acero laminada en fr\u00edo"},"content":{"rendered":"<p><strong>La chapa de acero laminada en fr\u00edo tiene las siguientes propiedades:<\/strong><\/p>\n<ul>\n<li>Superficie lisa: La chapa de acero laminada en fr\u00edo tiene una superficie lisa y un aspecto hermoso, que es adecuado para aplicaciones que requieren una buena calidad superficial.<\/li>\n<li>Alta precisi\u00f3n: Debido a la deformaci\u00f3n pl\u00e1stica del material durante el proceso de laminaci\u00f3n en fr\u00edo, la precisi\u00f3n del espesor y la precisi\u00f3n dimensional de la chapa de acero laminada en fr\u00edo son altas.<\/li>\n<li>Alta resistencia: Las chapas de acero laminadas en fr\u00edo se deforman por el fr\u00edo durante su procesamiento y suelen tener mayor resistencia y dureza que las chapas de acero laminadas en caliente.<\/li>\n<li>Buena tenacidad: Aunque la resistencia es alta, la placa sigue teniendo cierta tenacidad y es adecuada para soportar cargas de impacto.<\/li>\n<li>F\u00e1cil de procesar: las chapas de acero laminado en fr\u00edo se pueden soldar, estampar, doblar y otros procesos posteriores, para satisfacer una gran variedad de necesidades industriales.<\/li>\n<li>Resistencia a la corrosi\u00f3n: La superficie de la chapa de acero suele tratarse con antioxidantes, y algunas variedades pueden mejorar la resistencia a la corrosi\u00f3n.<\/li>\n<li>Resistencia a la fatiga: Las chapas de acero laminadas en fr\u00edo suelen tener una elevada resistencia a la fatiga y son adecuadas para aplicaciones que requieren durabilidad.<\/li>\n<\/ul>\n<p><strong>Tabla de especificaciones comunes de la chapa de acero laminada en fr\u00edo\uff1a<\/strong><\/p>\n<table style=\"height: 50px;\" width=\"603\">\n<thead>\n<tr>\n<th>grosor\uff08mm\uff09<\/th>\n<th>amplitud\uff08mm\uff09<\/th>\n<th>Longitud\uff08mm\uff09<\/th>\n<th>Calidad\uff08kg\/m\u00b2\uff09<\/th>\n<\/tr>\n<\/thead>\n<\/table>\n<div>\n<table style=\"height: 34px;\" width=\"602\">\n<tbody>\n<tr>\n<td>0.3<\/td>\n<td>1000<\/td>\n<td>2000<\/td>\n<td>2.3<\/td>\n<\/tr>\n<\/tbody>\n<\/table>\n<\/div>\n<div>\n<table style=\"height: 32px;\" width=\"602\">\n<tbody>\n<tr>\n<td>0.5<\/td>\n<td>1000<\/td>\n<td>2000<\/td>\n<td>3.9<\/td>\n<\/tr>\n<\/tbody>\n<\/table>\n<\/div>\n<div>\n<table style=\"height: 35px;\" width=\"602\">\n<tbody>\n<tr>\n<td>0.8<\/td>\n<td>1000<\/td>\n<td>2000<\/td>\n<td>6.2<\/td>\n<\/tr>\n<\/tbody>\n<\/table>\n<\/div>\n<div>\n<table style=\"height: 38px;\" width=\"600\">\n<tbody>\n<tr>\n<td>1.0<\/td>\n<td>1000<\/td>\n<td>2000<\/td>\n<td>7.85<\/td>\n<\/tr>\n<\/tbody>\n<\/table>\n<\/div>\n<div>\n<table style=\"height: 39px;\" width=\"600\">\n<tbody>\n<tr>\n<td>1.5<\/td>\n<td>1000<\/td>\n<td>2000<\/td>\n<td>11.8<\/td>\n<\/tr>\n<\/tbody>\n<\/table>\n<\/div>\n<div>\n<table style=\"height: 13px;\" width=\"600\">\n<tbody>\n<tr>\n<td>2.0<\/td>\n<td>1000<\/td>\n<td>2000<\/td>\n<td>15.7<\/td>\n<\/tr>\n<\/tbody>\n<\/table>\n<\/div>\n<div>\n<table style=\"height: 32px;\" width=\"600\">\n<tbody>\n<tr>\n<td>3.0<\/td>\n<td>1000<\/td>\n<td>2000<\/td>\n<td>23.4<\/td>\n<\/tr>\n<\/tbody>\n<\/table>\n<p><a href=\"https:\/\/keweicorten.com\/es_mx\/productos\/\"><img fetchpriority=\"high\" decoding=\"async\" class=\"alignnone\" title=\"Chapa de acero corten laminado en fr\u00edo resistente a la intemperie\" src=\"https:\/\/th.bing.com\/th\/id\/R.7d3d96359760168a62b545d7a34dec4c?rik=UIQkD29QgLt3Ew&amp;pid=ImgRaw&amp;r=0\" alt=\"Chapa de acero corten laminado en fr\u00edo resistente a la intemperie| keweicorten\" width=\"608\" height=\"355\" \/><\/a><\/p>\n<p><a href=\"https:\/\/keweicorten.com\/es_mx\/productos\/\"><img decoding=\"async\" class=\"alignnone\" title=\"Chapa de acero corten laminado en fr\u00edo resistente a la intemperie\" src=\"https:\/\/th.bing.com\/th\/id\/R.b047684d38961f37ec21afb9ea1a92ce?rik=oeK6kzxpnhIvpA&amp;pid=ImgRaw&amp;r=0\" alt=\"Placa de acero inoxidable laminada en fr\u00edo -keweicorten \" width=\"606\" height=\"606\" \/><\/a><\/p>\n<\/div>","protected":false},"excerpt":{"rendered":"<p>Las chapas de acero laminadas en fr\u00edo se procesan mediante el proceso de laminaci\u00f3n en fr\u00edo y suelen tener una gran resistencia y un buen acabado superficial. Se laminan mediante tren de laminaci\u00f3n a temperatura normal y pueden mejorar eficazmente las propiedades mec\u00e1nicas del acero.<\/p>","protected":false},"featured_media":1620,"comment_status":"open","ping_status":"closed","template":"","meta":{"_eb_attr":"","_monsterinsights_skip_tracking":false,"_monsterinsights_sitenote_active":false,"_monsterinsights_sitenote_note":"","_monsterinsights_sitenote_category":0,"_uf_show_specific_survey":0,"_uf_disable_surveys":false},"product_brand":[],"product_cat":[21],"product_tag":[],"class_list":{"0":"post-1619","1":"product","2":"type-product","3":"status-publish","4":"has-post-thumbnail","6":"product_cat-weather-resistant-steel-plate","8":"first","9":"instock","10":"shipping-taxable","11":"product-type-simple"},"_links":{"self":[{"href":"https:\/\/keweicorten.com\/es_mx\/wp-json\/wp\/v2\/product\/1619"}],"collection":[{"href":"https:\/\/keweicorten.com\/es_mx\/wp-json\/wp\/v2\/product"}],"about":[{"href":"https:\/\/keweicorten.com\/es_mx\/wp-json\/wp\/v2\/types\/product"}],"replies":[{"embeddable":true,"href":"https:\/\/keweicorten.com\/es_mx\/wp-json\/wp\/v2\/comments?post=1619"}],"version-history":[{"count":1,"href":"https:\/\/keweicorten.com\/es_mx\/wp-json\/wp\/v2\/product\/1619\/revisions"}],"predecessor-version":[{"id":1621,"href":"https:\/\/keweicorten.com\/es_mx\/wp-json\/wp\/v2\/product\/1619\/revisions\/1621"}],"wp:featuredmedia":[{"embeddable":true,"href":"https:\/\/keweicorten.com\/es_mx\/wp-json\/wp\/v2\/media\/1620"}],"wp:attachment":[{"href":"https:\/\/keweicorten.com\/es_mx\/wp-json\/wp\/v2\/media?parent=1619"}],"wp:term":[{"taxonomy":"product_brand","embeddable":true,"href":"https:\/\/keweicorten.com\/es_mx\/wp-json\/wp\/v2\/product_brand?post=1619"},{"taxonomy":"product_cat","embeddable":true,"href":"https:\/\/keweicorten.com\/es_mx\/wp-json\/wp\/v2\/product_cat?post=1619"},{"taxonomy":"product_tag","embeddable":true,"href":"https:\/\/keweicorten.com\/es_mx\/wp-json\/wp\/v2\/product_tag?post=1619"}],"curies":[{"name":"wp","href":"https:\/\/api.w.org\/{rel}","templated":true}]}}