{"id":1648,"date":"2024-09-30T06:36:19","date_gmt":"2024-09-30T06:36:19","guid":{"rendered":"https:\/\/keweicorten.com\/?post_type=product&#038;p=1648"},"modified":"2024-09-30T06:36:19","modified_gmt":"2024-09-30T06:36:19","slug":"q295nh-paneles-de-acero-corten-resistente-a-la-intemperie","status":"publish","type":"product","link":"https:\/\/keweicorten.com\/es_mx\/q295nh-paneles-de-acero-corten-resistente-a-la-intemperie\/","title":{"rendered":"Paneles de acero corten Q295NH resistentes a la intemperie"},"content":{"rendered":"<p><strong>Caracter\u00edsticas de rendimiento de los paneles de acero corten Q295NH:<\/strong><\/p>\n<p>1. Resistencia a la intemperie:<br \/>\nCapa de \u00f3xido autoprotectora:<br \/>\nEl Q295NH forma una capa de \u00f3xido estable (p\u00e1tina) cuando se expone a las condiciones atmosf\u00e9ricas, lo que impide la corrosi\u00f3n posterior. Esta p\u00e1tina se desarrolla con el tiempo, lo que hace que el material sea muy resistente a la intemperie sin necesidad de pintura ni revestimientos adicionales.<br \/>\nResistencia a la corrosi\u00f3n:<br \/>\nEl acero presenta una resistencia mejorada a la corrosi\u00f3n atmosf\u00e9rica en comparaci\u00f3n con el acero normal, especialmente en entornos con humedad variable y ciclos h\u00famedo-seco.<\/p>\n<p>2. Propiedades mec\u00e1nicas:<br \/>\nResistencia a la tracci\u00f3n: \u2265 490 MPa<br \/>\nL\u00edmite el\u00e1stico: \u2265 295 MPa<br \/>\nElongaci\u00f3n:\u2265 20%<br \/>\nEstas propiedades mec\u00e1nicas hacen que el Q295NH sea adecuado para entornos de alta tensi\u00f3n, manteniendo al mismo tiempo la flexibilidad y la tenacidad.<\/p>\n<p>3. Resistencia al impacto:<br \/>\nEnerg\u00eda de impacto:\u2265 27J a -20\u00b0C<br \/>\nEsta alta resistencia al impacto a bajas temperaturas garantiza que el acero siga siendo duradero en climas duros.4. Alta Durabilidad:**<br \/>\nLarga vida \u00fatil:<br \/>\nLa capa de \u00f3xido natural ofrece protecci\u00f3n a largo plazo, por lo que es adecuado para aplicaciones en exteriores como fachadas, puentes y elementos arquitect\u00f3nicos.<br \/>\nBajo mantenimiento:<br \/>\nGracias a la capa protectora autoformable, la necesidad de pintura y mantenimiento es m\u00ednima.<\/p>\n<p>5. Soldabilidad:<br \/>\nEl Q295NH presenta una buena soldabilidad, lo que facilita su fabricaci\u00f3n e integraci\u00f3n en grandes estructuras. Deben emplearse t\u00e9cnicas de soldadura adecuadas para mantener las propiedades de resistencia a la intemperie.<\/p>\n<p>6. Adaptabilidad atmosf\u00e9rica:<br \/>\nAdaptable a climas duros:<br \/>\nEl acero se comporta bien tanto en entornos secos como h\u00famedos y soporta la radiaci\u00f3n UV y la contaminaci\u00f3n.<br \/>\nDesarrollo de la p\u00e1tina:<br \/>\nLa p\u00e1tina se desarrolla m\u00e1s r\u00e1pidamente alternando ambientes h\u00famedos y secos, lo que ofrece una mayor protecci\u00f3n a lo largo del tiempo.<\/p>\n<p>7. Atractivo est\u00e9tico:<br \/>\nAspecto envejecido natural:<br \/>\nLa superficie oxidada tiene un aspecto atractivo y r\u00fastico que resulta muy deseable en aplicaciones arquitect\u00f3nicas y paisaj\u00edsticas.<\/p>\n<p>8. Beneficios medioambientales:<br \/>\nSostenibilidad:<br \/>\nAl eliminar la necesidad de pintura o revestimientos, el Q295NH se considera m\u00e1s respetuoso con el medio ambiente. La p\u00e1tina reduce la degradaci\u00f3n del acero, alargando su ciclo de vida y reduciendo la necesidad de sustituciones.<\/p>\n<p><a href=\"https:\/\/keweicorten.com\/es_mx\"><img fetchpriority=\"high\" decoding=\"async\" class=\"alignnone\" title=\"Paneles de acero corten Q295NH resistentes a la intemperie \" src=\"https:\/\/th.bing.com\/th\/id\/OIP._-rX8x76XtiJCvzh5ULlWwAAAA?rs=1&amp;pid=ImgDetMain\" alt=\"Q295NH Corten Paneles de acero resistente a la intemperie F\u00e1brica,china,precio,fabricantes, \" width=\"600\" height=\"600\" \/><\/a><\/p>\n<p><a href=\"https:\/\/keweicorten.com\/es_mx\/producto\/pantallas-de-jardin-de-corten\/\"><img decoding=\"async\" class=\"alignnone\" title=\"Paneles de acero corten Q295NH resistentes a la intemperie \" src=\"https:\/\/th.bing.com\/th\/id\/R.b85b66e6f1a03b187a7a190e3c04c310?rik=kKtgu8fkuFUPLA&amp;riu=http%3a%2f%2fwww.sdxawy.com%2fUploadFiles%2fOthers%2f201507081113359580278.jpg&amp;ehk=TFvcfO%2fBsrEHg0n7Qm9ZVT9EjVarZKMOBTpSW3Gm2LY%3d&amp;risl=&amp;pid=ImgRaw&amp;r=0\" alt=\"Q295NH Corten Paneles de acero resistente a la intemperie F\u00e1brica,china,precio,fabricantes, \" width=\"601\" height=\"413\" \/><\/a><\/p>","protected":false},"excerpt":{"rendered":"<ul>\n<li><strong>Nombre del material:<\/strong> Acero corten Q295NH<\/li>\n<li><strong>Tipo:<\/strong> Acero resistente a la intemperie<\/li>\n<li><strong>Aplicaci\u00f3n:<\/strong> Paneles de construcci\u00f3n, estructuras de exterior, puentes, muebles de jard\u00edn, etc.<\/li>\n<\/ul>","protected":false},"featured_media":1649,"comment_status":"open","ping_status":"closed","template":"","meta":{"_eb_attr":"","_monsterinsights_skip_tracking":false,"_monsterinsights_sitenote_active":false,"_monsterinsights_sitenote_note":"","_monsterinsights_sitenote_category":0,"_uf_show_specific_survey":0,"_uf_disable_surveys":false},"product_brand":[],"product_cat":[21],"product_tag":[],"class_list":{"0":"post-1648","1":"product","2":"type-product","3":"status-publish","4":"has-post-thumbnail","6":"product_cat-weather-resistant-steel-plate","8":"first","9":"instock","10":"shipping-taxable","11":"product-type-simple"},"_links":{"self":[{"href":"https:\/\/keweicorten.com\/es_mx\/wp-json\/wp\/v2\/product\/1648"}],"collection":[{"href":"https:\/\/keweicorten.com\/es_mx\/wp-json\/wp\/v2\/product"}],"about":[{"href":"https:\/\/keweicorten.com\/es_mx\/wp-json\/wp\/v2\/types\/product"}],"replies":[{"embeddable":true,"href":"https:\/\/keweicorten.com\/es_mx\/wp-json\/wp\/v2\/comments?post=1648"}],"version-history":[{"count":1,"href":"https:\/\/keweicorten.com\/es_mx\/wp-json\/wp\/v2\/product\/1648\/revisions"}],"predecessor-version":[{"id":1650,"href":"https:\/\/keweicorten.com\/es_mx\/wp-json\/wp\/v2\/product\/1648\/revisions\/1650"}],"wp:featuredmedia":[{"embeddable":true,"href":"https:\/\/keweicorten.com\/es_mx\/wp-json\/wp\/v2\/media\/1649"}],"wp:attachment":[{"href":"https:\/\/keweicorten.com\/es_mx\/wp-json\/wp\/v2\/media?parent=1648"}],"wp:term":[{"taxonomy":"product_brand","embeddable":true,"href":"https:\/\/keweicorten.com\/es_mx\/wp-json\/wp\/v2\/product_brand?post=1648"},{"taxonomy":"product_cat","embeddable":true,"href":"https:\/\/keweicorten.com\/es_mx\/wp-json\/wp\/v2\/product_cat?post=1648"},{"taxonomy":"product_tag","embeddable":true,"href":"https:\/\/keweicorten.com\/es_mx\/wp-json\/wp\/v2\/product_tag?post=1648"}],"curies":[{"name":"wp","href":"https:\/\/api.w.org\/{rel}","templated":true}]}}