{"id":1718,"date":"2024-09-30T09:00:36","date_gmt":"2024-09-30T09:00:36","guid":{"rendered":"https:\/\/keweicorten.com\/?post_type=product&#038;p=1718"},"modified":"2024-09-30T09:01:52","modified_gmt":"2024-09-30T09:01:52","slug":"astm-a709-acero","status":"publish","type":"product","link":"https:\/\/keweicorten.com\/es_mx\/astm-a709-acero\/","title":{"rendered":"Acero ASTM A709"},"content":{"rendered":"<p>El acero ASTM A709 es la especificaci\u00f3n est\u00e1ndar para el acero estructural utilizado en puentes y otras aplicaciones estructurales. Esta especificaci\u00f3n cubre las placas de acero al carbono y de baja aleaci\u00f3n de alta resistencia y formas estructurales dise\u00f1adas para su uso en puentes, con un \u00e9nfasis en proporcionar mejores propiedades mec\u00e1nicas y una mayor resistencia a la corrosi\u00f3n atmosf\u00e9rica para una vida \u00fatil m\u00e1s larga.<\/p>\n<p><strong>Acero ASTM A709 (com\u00fanmente utilizado en puentes)<\/strong><\/p>\n<ul>\n<li><strong>Grosor (Crassitudo):<\/strong><br \/>\nLos espesores habituales van de 6 mm a 100 mm, pero pueden fabricarse placas m\u00e1s gruesas bajo pedido.<\/li>\n<li><strong>Anchura (Latitudo):<\/strong><br \/>\nNormalmente est\u00e1n disponibles en anchuras de 1.500 mm a 3.200 mm.<\/li>\n<li><strong>Longitud (Longitudo):<\/strong><br \/>\nLas longitudes var\u00edan, oscilando generalmente entre 6.000 mm y 12.000 mm o cortadas a medida seg\u00fan las necesidades del proyecto.<\/li>\n<\/ul>\n<p><a href=\"https:\/\/keweicorten.com\/es_mx\"><img fetchpriority=\"high\" decoding=\"async\" class=\"alignnone\" title=\"Acero ASTM A709\" src=\"https:\/\/steelplates.in\/wp-content\/uploads\/ASTM-A709-Gr-36-50-50S-50W-100-100W-HPS50W-HPS70W-HPS100W-Carbon-Plates-Manufacturers-Dealers-1.jpg\" alt=\"ASTM A709 Grado HPS 70W Hoja\/Placa de Acero Proveedores.\" width=\"550\" height=\"550\" \/><\/a><\/p>\n<table>\n<thead>\n<tr>\n<th><strong>Grado<\/strong><\/th>\n<th><strong>L\u00edmite el\u00e1stico (ksi)<\/strong><\/th>\n<th><strong>Resistencia a la tracci\u00f3n (ksi)<\/strong><\/th>\n<th><strong>Elongaci\u00f3n (%)<\/strong><\/th>\n<th><strong>Resistencia a la corrosi\u00f3n<\/strong><\/th>\n<th><strong>Notas<\/strong><\/th>\n<\/tr>\n<\/thead>\n<tbody>\n<tr>\n<td>A709 Grado 36<\/td>\n<td>36<\/td>\n<td>58-80<\/td>\n<td>20 (en 2\u2033)<\/td>\n<td>Est\u00e1ndar<\/td>\n<td>Acero estructural est\u00e1ndar.<\/td>\n<\/tr>\n<tr>\n<td>A709 Grado 50<\/td>\n<td>50<\/td>\n<td>65-85<\/td>\n<td>18 (en 2\u2033)<\/td>\n<td>Moderado<\/td>\n<td>Mayor l\u00edmite el\u00e1stico, uso general en puentes.<\/td>\n<\/tr>\n<tr>\n<td>A709 Grado 50W<\/td>\n<td>50<\/td>\n<td>70-90<\/td>\n<td>18 (en 2\u2033)<\/td>\n<td>Intemperie<\/td>\n<td>Mayor resistencia a la corrosi\u00f3n atmosf\u00e9rica, similar a la del acero Corten.<\/td>\n<\/tr>\n<tr>\n<td>A709 Grado HPS 50W<\/td>\n<td>50<\/td>\n<td>70-90<\/td>\n<td>18 (en 2\u2033)<\/td>\n<td>Intemperie<\/td>\n<td>Acero de altas prestaciones con propiedades de resistencia a la intemperie para aplicaciones en puentes.<\/td>\n<\/tr>\n<tr>\n<td>A709 Grado HPS 70W<\/td>\n<td>70<\/td>\n<td>85-110<\/td>\n<td>16 (en 2\u2033)<\/td>\n<td>Intemperie<\/td>\n<td>Versi\u00f3n de mayor resistencia del Grado 50W, resistente a la intemperie.<\/td>\n<\/tr>\n<tr>\n<td>A709 Grado HPS 100W<\/td>\n<td>100<\/td>\n<td>110-130<\/td>\n<td>16 (en 2\u2033)<\/td>\n<td>Intemperie<\/td>\n<td>Acero de alto rendimiento y gran resistencia a la intemperie.<\/td>\n<\/tr>\n<\/tbody>\n<\/table>\n<div>\n<p><strong>Composici\u00f3n qu\u00edmica del acero ASTM A709 (valores m\u00e1ximos, % en peso)<\/strong><\/p>\n<table>\n<thead>\n<tr>\n<th><strong>Elemento<\/strong><\/th>\n<th><strong>Grado 36<\/strong><\/th>\n<th><strong>Grado 50 y 50W<\/strong><\/th>\n<th><strong>HPS 50W<\/strong><\/th>\n<th><strong>HPS 70W<\/strong><\/th>\n<th><strong>HPS 100W<\/strong><\/th>\n<\/tr>\n<\/thead>\n<tbody>\n<tr>\n<td>Carbono (C)<\/td>\n<td>0.26<\/td>\n<td>0.23<\/td>\n<td>0.11<\/td>\n<td>0.11<\/td>\n<td>0.11<\/td>\n<\/tr>\n<tr>\n<td>Manganeso (Mn)<\/td>\n<td>1.35<\/td>\n<td>1.35<\/td>\n<td>1.35<\/td>\n<td>1.35<\/td>\n<td>1.65<\/td>\n<\/tr>\n<tr>\n<td>F\u00f3sforo (P)<\/td>\n<td>0.04<\/td>\n<td>0.04<\/td>\n<td>0.02<\/td>\n<td>0.02<\/td>\n<td>0.02<\/td>\n<\/tr>\n<tr>\n<td>Azufre (S)<\/td>\n<td>0.05<\/td>\n<td>0.05<\/td>\n<td>0.01<\/td>\n<td>0.01<\/td>\n<td>0.01<\/td>\n<\/tr>\n<tr>\n<td>Silicio (Si)<\/td>\n<td>0.40<\/td>\n<td>0.40<\/td>\n<td>0.40<\/td>\n<td>0.40<\/td>\n<td>0.40<\/td>\n<\/tr>\n<tr>\n<td>Cobre (Cu)<\/td>\n<td>N\/A<\/td>\n<td>0.20<\/td>\n<td>0.25<\/td>\n<td>0.25<\/td>\n<td>0.25<\/td>\n<\/tr>\n<tr>\n<td>Cromo (Cr)<\/td>\n<td>N\/A<\/td>\n<td>0.45<\/td>\n<td>0.40<\/td>\n<td>0.40<\/td>\n<td>0.50<\/td>\n<\/tr>\n<tr>\n<td>N\u00edquel (Ni)<\/td>\n<td>N\/A<\/td>\n<td>0.25<\/td>\n<td>0.40<\/td>\n<td>0.40<\/td>\n<td>0.50<\/td>\n<\/tr>\n<\/tbody>\n<\/table>\n<p><img decoding=\"async\" class=\"alignnone\" title=\"Acero ASTM A709\" src=\"https:\/\/tse4-mm.cn.bing.net\/th\/id\/OIP-C.h6jTCxJxRs-nz86Dskc2MQHaHa?rs=1&amp;pid=ImgDetMain\" alt=\"China ASTM A709 Grado 50 Placa de acero Fabricantes, Proveedores - F\u00e1brica\" width=\"550\" height=\"550\" \/><\/p>\n<\/div>","protected":false},"excerpt":{"rendered":"<p>El acero ASTM A709 es un acero estructural de alta resistencia y baja aleaci\u00f3n que se utiliza en diversas aplicaciones, como puentes, edificios y carreteras. Este acero es conocido por su excelente resistencia, durabilidad y tenacidad, por lo que es una opci\u00f3n popular para proyectos de construcci\u00f3n en todo el mundo.<\/p>","protected":false},"featured_media":1719,"comment_status":"open","ping_status":"closed","template":"","meta":{"_eb_attr":"","_monsterinsights_skip_tracking":false,"_monsterinsights_sitenote_active":false,"_monsterinsights_sitenote_note":"","_monsterinsights_sitenote_category":0,"_uf_show_specific_survey":0,"_uf_disable_surveys":false},"product_brand":[],"product_cat":[21],"product_tag":[],"class_list":{"0":"post-1718","1":"product","2":"type-product","3":"status-publish","4":"has-post-thumbnail","6":"product_cat-weather-resistant-steel-plate","8":"first","9":"instock","10":"shipping-taxable","11":"product-type-simple"},"_links":{"self":[{"href":"https:\/\/keweicorten.com\/es_mx\/wp-json\/wp\/v2\/product\/1718"}],"collection":[{"href":"https:\/\/keweicorten.com\/es_mx\/wp-json\/wp\/v2\/product"}],"about":[{"href":"https:\/\/keweicorten.com\/es_mx\/wp-json\/wp\/v2\/types\/product"}],"replies":[{"embeddable":true,"href":"https:\/\/keweicorten.com\/es_mx\/wp-json\/wp\/v2\/comments?post=1718"}],"version-history":[{"count":2,"href":"https:\/\/keweicorten.com\/es_mx\/wp-json\/wp\/v2\/product\/1718\/revisions"}],"predecessor-version":[{"id":1721,"href":"https:\/\/keweicorten.com\/es_mx\/wp-json\/wp\/v2\/product\/1718\/revisions\/1721"}],"wp:featuredmedia":[{"embeddable":true,"href":"https:\/\/keweicorten.com\/es_mx\/wp-json\/wp\/v2\/media\/1719"}],"wp:attachment":[{"href":"https:\/\/keweicorten.com\/es_mx\/wp-json\/wp\/v2\/media?parent=1718"}],"wp:term":[{"taxonomy":"product_brand","embeddable":true,"href":"https:\/\/keweicorten.com\/es_mx\/wp-json\/wp\/v2\/product_brand?post=1718"},{"taxonomy":"product_cat","embeddable":true,"href":"https:\/\/keweicorten.com\/es_mx\/wp-json\/wp\/v2\/product_cat?post=1718"},{"taxonomy":"product_tag","embeddable":true,"href":"https:\/\/keweicorten.com\/es_mx\/wp-json\/wp\/v2\/product_tag?post=1718"}],"curies":[{"name":"wp","href":"https:\/\/api.w.org\/{rel}","templated":true}]}}