{"id":1867,"date":"2024-10-29T02:29:39","date_gmt":"2024-10-29T02:29:39","guid":{"rendered":"https:\/\/keweicorten.com\/?post_type=product&#038;p=1867"},"modified":"2024-10-29T02:31:51","modified_gmt":"2024-10-29T02:31:51","slug":"astm-a606-a588-intemperie-placa-de-acero-corten-a","status":"publish","type":"product","link":"https:\/\/keweicorten.com\/es_mx\/astm-a606-a588-intemperie-placa-de-acero-corten-a\/","title":{"rendered":"ASTM A606 A588 Placa de acero Corten a intemperie"},"content":{"rendered":"<table>\n<thead>\n<tr>\n<th><strong>Propiedad<\/strong><\/th>\n<th><strong>ASTM A606<\/strong><\/th>\n<th><strong>ASTM A588 (Corten A)<\/strong><\/th>\n<\/tr>\n<\/thead>\n<tbody>\n<tr>\n<td><strong>Est\u00e1ndar<\/strong><\/td>\n<td>ASTM A606-4<\/td>\n<td>ASTM A588 Grado A<\/td>\n<\/tr>\n<tr>\n<td><strong>Tipo<\/strong><\/td>\n<td>Acero de baja aleaci\u00f3n y alta resistencia<\/td>\n<td>Acero resistente a la intemperie<\/td>\n<\/tr>\n<tr>\n<td><strong>Resistencia a la corrosi\u00f3n<\/strong><\/td>\n<td>Bien<\/td>\n<td>Excelente; resistente a la corrosi\u00f3n atmosf\u00e9rica<\/td>\n<\/tr>\n<tr>\n<td><strong>Resistencia a la tracci\u00f3n<\/strong><\/td>\n<td>M\u00edn 70 ksi (485 MPa)<\/td>\n<td>M\u00edn 70 ksi (485 MPa)<\/td>\n<\/tr>\n<tr>\n<td><strong>L\u00edmite el\u00e1stico<\/strong><\/td>\n<td>M\u00ednimo 50 ksi (345 MPa)<\/td>\n<td>M\u00ednimo 50 ksi (345 MPa)<\/td>\n<\/tr>\n<tr>\n<td><strong>Alargamiento<\/strong><\/td>\n<td>Var\u00eda seg\u00fan el grosor<\/td>\n<td>Var\u00eda seg\u00fan el grosor<\/td>\n<\/tr>\n<tr>\n<td><strong>Gama de espesores<\/strong><\/td>\n<td>Normalmente hasta 50 mm (2 pulgadas)<\/td>\n<td>Normalmente hasta 50 mm (2 pulgadas)<\/td>\n<\/tr>\n<tr>\n<td><strong>Formabilidad<\/strong><\/td>\n<td>Bien<\/td>\n<td>Bien<\/td>\n<\/tr>\n<tr>\n<td><strong>Soldabilidad<\/strong><\/td>\n<td>Bien con las precauciones adecuadas<\/td>\n<td>Bien con las precauciones adecuadas<\/td>\n<\/tr>\n<tr>\n<td><strong>Aplicaciones<\/strong><\/td>\n<td>Construcci\u00f3n, puentes, soportes estructurales<\/td>\n<td>Puentes, construcci\u00f3n, aplicaciones marinas<\/td>\n<\/tr>\n<tr>\n<td><strong>Acabado superficial<\/strong><\/td>\n<td>Acabado fresado o como se especifique<\/td>\n<td>Acabado fresado o como se especifique<\/td>\n<\/tr>\n<tr>\n<td><strong>Composici\u00f3n qu\u00edmica<\/strong><\/td>\n<td>Var\u00eda ligeramente en funci\u00f3n de los requisitos espec\u00edficos<\/td>\n<td>Contiene elementos como el cobre para mejorar la resistencia a la intemperie<\/td>\n<\/tr>\n<\/tbody>\n<\/table>\n<p><a href=\"https:\/\/keweicorten.com\/es_mx\"><img fetchpriority=\"high\" decoding=\"async\" class=\"alignnone\" title=\"Placa de acero ASTM A588 \" src=\"https:\/\/i.ytimg.com\/vi\/5OTJne5mkO0\/maxresdefault.jpg\" alt=\"Placa de acero ASTM A588 \" width=\"556\" height=\"313\" \/><\/a><\/p>\n<p><a href=\"https:\/\/keweicorten.com\/es_mx\"><img decoding=\"async\" class=\"alignnone\" title=\"ASTM A588 ASTM A606 4 Placa de acero corten \" src=\"https:\/\/image.made-in-china.com\/2f0j00rkpiaVFIheYJ\/ASTM-A588-ASTM-A606-4-Corten-Steel-Plate-Gr-a-Gr-B-Corrosion-Resistance-Weathering-Steel-Sheet-for-Outdoor-Metal-Sheet.jpg\" alt=\"ASTM A588 ASTM A606 4 Placa de acero corten \" width=\"556\" height=\"556\" \/><\/a><\/p>\n<p><a href=\"https:\/\/keweicorten.com\/es_mx\"><img decoding=\"async\" class=\"alignnone\" title=\"ASTM A588 Gr.B Placas de acero corten \" src=\"https:\/\/www.csteelindia.com\/images\/astm-588-type2-steel-plates.jpg\" alt=\"ASTM A588 Gr.B Placas de Acero Corten precio china | keweicorten\" width=\"559\" height=\"315\" \/><\/a><\/p>","protected":false},"excerpt":{"rendered":"<p>Una clara comprensi\u00f3n de las caracter\u00edsticas clave y escenarios de aplicaci\u00f3n de china ASTM A606 y A588 intemperie precio de las chapas de acero para ayudar a seleccionar el material adecuado para sus necesidades espec\u00edficas de ingenier\u00eda.<\/p>","protected":false},"featured_media":1868,"comment_status":"open","ping_status":"closed","template":"","meta":{"_eb_attr":"","_monsterinsights_skip_tracking":false,"_monsterinsights_sitenote_active":false,"_monsterinsights_sitenote_note":"","_monsterinsights_sitenote_category":0,"_uf_show_specific_survey":0,"_uf_disable_surveys":false},"product_brand":[],"product_cat":[21],"product_tag":[],"class_list":{"0":"post-1867","1":"product","2":"type-product","3":"status-publish","4":"has-post-thumbnail","6":"product_cat-weather-resistant-steel-plate","8":"first","9":"instock","10":"shipping-taxable","11":"product-type-simple"},"_links":{"self":[{"href":"https:\/\/keweicorten.com\/es_mx\/wp-json\/wp\/v2\/product\/1867"}],"collection":[{"href":"https:\/\/keweicorten.com\/es_mx\/wp-json\/wp\/v2\/product"}],"about":[{"href":"https:\/\/keweicorten.com\/es_mx\/wp-json\/wp\/v2\/types\/product"}],"replies":[{"embeddable":true,"href":"https:\/\/keweicorten.com\/es_mx\/wp-json\/wp\/v2\/comments?post=1867"}],"version-history":[{"count":2,"href":"https:\/\/keweicorten.com\/es_mx\/wp-json\/wp\/v2\/product\/1867\/revisions"}],"predecessor-version":[{"id":1870,"href":"https:\/\/keweicorten.com\/es_mx\/wp-json\/wp\/v2\/product\/1867\/revisions\/1870"}],"wp:featuredmedia":[{"embeddable":true,"href":"https:\/\/keweicorten.com\/es_mx\/wp-json\/wp\/v2\/media\/1868"}],"wp:attachment":[{"href":"https:\/\/keweicorten.com\/es_mx\/wp-json\/wp\/v2\/media?parent=1867"}],"wp:term":[{"taxonomy":"product_brand","embeddable":true,"href":"https:\/\/keweicorten.com\/es_mx\/wp-json\/wp\/v2\/product_brand?post=1867"},{"taxonomy":"product_cat","embeddable":true,"href":"https:\/\/keweicorten.com\/es_mx\/wp-json\/wp\/v2\/product_cat?post=1867"},{"taxonomy":"product_tag","embeddable":true,"href":"https:\/\/keweicorten.com\/es_mx\/wp-json\/wp\/v2\/product_tag?post=1867"}],"curies":[{"name":"wp","href":"https:\/\/api.w.org\/{rel}","templated":true}]}}