{"id":1882,"date":"2024-11-01T06:47:16","date_gmt":"2024-11-01T06:47:16","guid":{"rendered":"https:\/\/keweicorten.com\/?post_type=product&#038;p=1882"},"modified":"2024-11-01T06:47:16","modified_gmt":"2024-11-01T06:47:16","slug":"q310gnh-acero-para-intemperie","status":"publish","type":"product","link":"https:\/\/keweicorten.com\/es_mx\/q310gnh-acero-para-intemperie\/","title":{"rendered":"Q310GNH acero para intemperie"},"content":{"rendered":"<p><strong>Especificaci\u00f3n de la placa de acero Q310GNH:<\/strong><\/p>\n<table style=\"height: 110px;\" width=\"747\">\n<tbody>\n<tr class=\"firstRow\">\n<td valign=\"top\" width=\"374\">Calidad: Q310GNH<\/p>\n<p>Normativa: China GB\/T 4171<\/p>\n<p>Espesor: de 1 mm a 100 mm, soporte abierto<\/td>\n<td valign=\"top\" width=\"374\">Ancho: 1000mm a 4100mm,Soporte abierto<\/p>\n<p>Longitud: 1000mm a 12000mm,Soporte abierto<\/td>\n<\/tr>\n<\/tbody>\n<\/table>\n<p><strong>Aplicaci\u00f3n del acero Q310GNH para intemperie:<\/strong><br \/>\nLa placa de acero Q310GNH se utiliza ampliamente en veh\u00edculos, puentes, torres, contenedores, etc.<br \/>\nPropiedades mec\u00e1nicas de la placa de acero para intemperie GB\/T 4171 Q310GNH<br \/>\nResistencia a la tracci\u00f3n Mpa M\u00edn:450 Resistencia a la fluencia Mpa M\u00edn:310<\/p>\n<p><strong>\u00a0Q310GNH acero de intemperie estado de entrega:<\/strong><br \/>\nTipo de acero: Acero de intemperie Q310GNH<br \/>\nEspesor: Soporte abierto<br \/>\nAnchura: Soporte abierto<br \/>\nLongitud: puede ajustarse seg\u00fan sus necesidades reales<br \/>\nMarca: Baosteel, Angang Steel, etc.<\/p>\n<p><a href=\"https:\/\/keweicorten.com\/es_mx\"><img fetchpriority=\"high\" decoding=\"async\" class=\"alignnone\" title=\"Q310GNH Placa de acero resistente a la intemperie,\" src=\"https:\/\/5.imimg.com\/data5\/DB\/BS\/QS\/SELLER-101088024\/gb-t-4171-q310gnh-weather-resistant-steel-plate-500x500.jpg\" alt=\"Q310GNH Placa de acero resistente a la intemperie,\" width=\"500\" height=\"417\" \/><\/a><\/p>\n<p>&nbsp;<\/p>","protected":false},"excerpt":{"rendered":"<p>Material del producto de chapa de acero resistente a la intemperie:<\/p>\n<p>Acero de alta resistencia a la intemperie: Q295GNH,Q355GNH, Q265GNH, Q310GNH<\/p>\n<p>Acero de intemperie soldado: Q235NH, Q295NH Q355NH, Q415NH, Q460NH, Q500NH, Q550NH<\/p>","protected":false},"featured_media":1883,"comment_status":"open","ping_status":"closed","template":"","meta":{"_eb_attr":"","_monsterinsights_skip_tracking":false,"_monsterinsights_sitenote_active":false,"_monsterinsights_sitenote_note":"","_monsterinsights_sitenote_category":0,"_uf_show_specific_survey":0,"_uf_disable_surveys":false},"product_brand":[],"product_cat":[21],"product_tag":[],"class_list":{"0":"post-1882","1":"product","2":"type-product","3":"status-publish","4":"has-post-thumbnail","6":"product_cat-weather-resistant-steel-plate","8":"first","9":"instock","10":"shipping-taxable","11":"product-type-simple"},"_links":{"self":[{"href":"https:\/\/keweicorten.com\/es_mx\/wp-json\/wp\/v2\/product\/1882"}],"collection":[{"href":"https:\/\/keweicorten.com\/es_mx\/wp-json\/wp\/v2\/product"}],"about":[{"href":"https:\/\/keweicorten.com\/es_mx\/wp-json\/wp\/v2\/types\/product"}],"replies":[{"embeddable":true,"href":"https:\/\/keweicorten.com\/es_mx\/wp-json\/wp\/v2\/comments?post=1882"}],"version-history":[{"count":1,"href":"https:\/\/keweicorten.com\/es_mx\/wp-json\/wp\/v2\/product\/1882\/revisions"}],"predecessor-version":[{"id":1884,"href":"https:\/\/keweicorten.com\/es_mx\/wp-json\/wp\/v2\/product\/1882\/revisions\/1884"}],"wp:featuredmedia":[{"embeddable":true,"href":"https:\/\/keweicorten.com\/es_mx\/wp-json\/wp\/v2\/media\/1883"}],"wp:attachment":[{"href":"https:\/\/keweicorten.com\/es_mx\/wp-json\/wp\/v2\/media?parent=1882"}],"wp:term":[{"taxonomy":"product_brand","embeddable":true,"href":"https:\/\/keweicorten.com\/es_mx\/wp-json\/wp\/v2\/product_brand?post=1882"},{"taxonomy":"product_cat","embeddable":true,"href":"https:\/\/keweicorten.com\/es_mx\/wp-json\/wp\/v2\/product_cat?post=1882"},{"taxonomy":"product_tag","embeddable":true,"href":"https:\/\/keweicorten.com\/es_mx\/wp-json\/wp\/v2\/product_tag?post=1882"}],"curies":[{"name":"wp","href":"https:\/\/api.w.org\/{rel}","templated":true}]}}