{"id":1935,"date":"2024-11-12T06:27:38","date_gmt":"2024-11-12T06:27:38","guid":{"rendered":"https:\/\/keweicorten.com\/?post_type=product&#038;p=1935"},"modified":"2025-01-15T06:20:58","modified_gmt":"2025-01-15T06:20:58","slug":"globo-de-foso","status":"publish","type":"product","link":"https:\/\/keweicorten.com\/es_mx\/globo-de-foso\/","title":{"rendered":"globo de foso"},"content":{"rendered":"<p>El globo de acero de intemperie es una bola de fuego fabricada con acero de intemperie (tambi\u00e9n conocido como acero Cowden). El acero de intemperie es resistente a la corrosi\u00f3n y a las altas temperaturas, y puede formar una densa capa de \u00f3xido en clima natural para mejorar su capacidad de resistencia a la corrosi\u00f3n atmosf\u00e9rica. Cuando se utiliza en exteriores, este material es capaz de formar un efecto de oxidaci\u00f3n \u00fanico con el paso del tiempo, lo que le a\u00f1ade atractivo visual.<\/p>\n<p>Los globos de pozo de acero intemperie se utilizan habitualmente en entornos exteriores, como jardines, terrazas o lugares p\u00fablicos, como elementos decorativos o braseros funcionales. Pueden proporcionar calor e iluminaci\u00f3n, al tiempo que act\u00faan como una obra de arte, a\u00f1adiendo belleza al entorno.<\/p>\n<p>Al elegir una bola de fuego de acero para intemperie, es necesario prestar atenci\u00f3n a su tama\u00f1o, forma y tratamiento superficial. Algunas bolas de fuego de acero para intemperie est\u00e1n especialmente tratadas para evitar la aparici\u00f3n de manchas de suciedad y la contaminaci\u00f3n por agua oxidada de otros lugares. Estos tratamientos pueden hacer que la bola de fuego conserve su belleza durante mucho tiempo.<\/p>\n<p><a href=\"https:\/\/keweicorten.com\/es_mx\/productos\/\"><img fetchpriority=\"high\" decoding=\"async\" class=\"alignnone wp-image-1936\" title=\"esfera de fuego corten \" src=\"https:\/\/keweicorten.com\/wp-content\/uploads\/2024\/11\/photobank-85.jpg\" alt=\"corten esfera de fuego al por mayor, barato, para la venta, en stock-keweicorten\" width=\"600\" height=\"600\" srcset=\"https:\/\/keweicorten.com\/wp-content\/uploads\/2024\/11\/photobank-85.jpg 700w, https:\/\/keweicorten.com\/wp-content\/uploads\/2024\/11\/photobank-85-300x300.jpg 300w, https:\/\/keweicorten.com\/wp-content\/uploads\/2024\/11\/photobank-85-150x150.jpg 150w, https:\/\/keweicorten.com\/wp-content\/uploads\/2024\/11\/photobank-85-12x12.jpg 12w, https:\/\/keweicorten.com\/wp-content\/uploads\/2024\/11\/photobank-85-600x600.jpg 600w, https:\/\/keweicorten.com\/wp-content\/uploads\/2024\/11\/photobank-85-100x100.jpg 100w\" sizes=\"(max-width: 600px) 100vw, 600px\" \/><\/a><\/p>\n<p>Bola de fuego de acero corten es una instalaci\u00f3n art\u00edstica o decoraci\u00f3n que combina el concepto de acero corten y bola de fuego. El acero corten (acero corten) se utiliza a menudo en esculturas de exterior, decoraci\u00f3n arquitect\u00f3nica y dise\u00f1o paisaj\u00edstico por su singular aspecto oxidado y su resistencia a la intemperie.<\/p>\n<h2>Aqu\u00ed tienes algunos detalles sobre el envejecimiento de las bolas de fuego de acero met\u00e1lico:<\/h2>\n<p><strong>Propiedades de los materiales<\/strong><br \/>\n1.Acero resistente a la intemperie<br \/>\nResistencia a la corrosi\u00f3n : El acero a la intemperie puede formar una densa capa de \u00f3xido en el entorno natural, que puede proteger al acero de una mayor corrosi\u00f3n.<br \/>\nResistencia a altas temperaturas: El acero de intemperie tiene una buena resistencia a las altas temperaturas, adecuado para dispositivos de alta temperatura como la bola de fuego.<\/p>\n<p>2.Bola de fuego :<br \/>\nTolerancia a altas temperaturas : Las bolas de fuego necesitan soportar altas temperaturas, por lo que la selecci\u00f3n de acero resistente a la intemperie es muy adecuada.<br \/>\nSeguridad : La resistencia y estabilidad del acero de intemperie son altas, lo que puede garantizar el uso seguro de bolas de fuego a altas temperaturas.<\/p>\n<p><strong>Escenario de aplicaci\u00f3n<\/strong><br \/>\n1. Decoraci\u00f3n exterior<br \/>\n2. 2. Dise\u00f1o paisaj\u00edstico<br \/>\n3. 3. Instalaci\u00f3n art\u00edstica<\/p>\n<p><strong>\u00a0Proceso de producci\u00f3n<\/strong><br \/>\n1. Selecci\u00f3n del material : Selecci\u00f3n de acero de intemperie de alta calidad para garantizar su resistencia a la intemperie y a las altas temperaturas.<br \/>\n2. Tecnolog\u00eda de procesamiento :<br \/>\nCorte y soldadura : Utiliza tecnolog\u00eda avanzada de corte y soldadura para garantizar que la forma y la estructura de la bola de fuego sean estables.<br \/>\nTratamiento superficial : Mediante un tratamiento qu\u00edmico espec\u00edfico o un proceso de corrosi\u00f3n natural, la superficie del acero de intemperie forma una capa de \u00f3xido uniforme.<br \/>\nTratamiento ign\u00edfugo : El tratamiento ign\u00edfugo se realiza en el interior de la bola de fuego para garantizar su seguridad y durabilidad a altas temperaturas.<\/p>\n<p><strong>Cuidado y mantenimiento<\/strong><br \/>\n1.  Inspecci\u00f3n peri\u00f3dica : Compruebe peri\u00f3dicamente la estructura y el estado de la superficie de la bola de fuego met\u00e1lica de acero envejecido para garantizar su seguridad y est\u00e9tica.<br \/>\n2. Limpieza y mantenimiento : Aunque el acero de intemperie tiene una funci\u00f3n de autolimpieza, sigue siendo necesario limpiar regularmente el polvo y los residuos de la superficie para mantener su buen aspecto.<\/p>\n<p><strong>Personalizaci\u00f3n<\/strong><br \/>\n1. Servicio personalizado : De acuerdo con las necesidades del cliente para proporcionar servicios personalizados, dise\u00f1o y fabricaci\u00f3n de bolas de fuego de metal de acero a la intemperie que cumplan con los requisitos espec\u00edficos.<\/p>\n<div class=\"magic-21\"><a href=\"https:\/\/keweicorten.com\/es_mx\/productos\/\"><img decoding=\"async\" class=\"magic-22 alignnone\" title=\"esfera de corten\" src=\"https:\/\/sc04.alicdn.com\/kf\/H49a31c6883ab4523a898050972880b08C\/253038816\/H49a31c6883ab4523a898050972880b08C.jpg\" alt=\"esfera de corten para hoguera personalizada, al por mayor -keweicorten\" width=\"600\" height=\"600\" data-src=\"\/\/sc04.alicdn.com\/kf\/H49a31c6883ab4523a898050972880b08C\/253038816\/H49a31c6883ab4523a898050972880b08C.jpg\" \/><\/a><\/div>\n<div class=\"magic-23\"><a href=\"https:\/\/keweicorten.com\/es_mx\"><img decoding=\"async\" class=\"alignnone\" title=\"Globo de foso\" src=\"https:\/\/sc04.alicdn.com\/kf\/He287f4272bb14d48bba22652322de834z\/276376197\/He287f4272bb14d48bba22652322de834z.jpg\" alt=\"Pit globe china,precio,fabricantes,proveedores-keweicorten\" width=\"600\" height=\"1026\" \/><\/a><\/div>","protected":false},"excerpt":{"rendered":"<p>La bola de fuego de acero corten es una combinaci\u00f3n de fuego de exterior funcional y decorativo, con resistencia a la corrosi\u00f3n, resistencia a altas temperaturas y un efecto de \u00f3xido \u00fanico, adecuado para su uso en una variedad de entornos al aire libre.<\/p>","protected":false},"featured_media":1937,"comment_status":"open","ping_status":"closed","template":"","meta":{"_eb_attr":"","_monsterinsights_skip_tracking":false,"_monsterinsights_sitenote_active":false,"_monsterinsights_sitenote_note":"","_monsterinsights_sitenote_category":0,"_uf_show_specific_survey":0,"_uf_disable_surveys":false},"product_brand":[],"product_cat":[54],"product_tag":[],"class_list":{"0":"post-1935","1":"product","2":"type-product","3":"status-publish","4":"has-post-thumbnail","6":"product_cat-wood-fire-pit","8":"first","9":"instock","10":"shipping-taxable","11":"product-type-simple"},"_links":{"self":[{"href":"https:\/\/keweicorten.com\/es_mx\/wp-json\/wp\/v2\/product\/1935"}],"collection":[{"href":"https:\/\/keweicorten.com\/es_mx\/wp-json\/wp\/v2\/product"}],"about":[{"href":"https:\/\/keweicorten.com\/es_mx\/wp-json\/wp\/v2\/types\/product"}],"replies":[{"embeddable":true,"href":"https:\/\/keweicorten.com\/es_mx\/wp-json\/wp\/v2\/comments?post=1935"}],"version-history":[{"count":1,"href":"https:\/\/keweicorten.com\/es_mx\/wp-json\/wp\/v2\/product\/1935\/revisions"}],"predecessor-version":[{"id":1939,"href":"https:\/\/keweicorten.com\/es_mx\/wp-json\/wp\/v2\/product\/1935\/revisions\/1939"}],"wp:featuredmedia":[{"embeddable":true,"href":"https:\/\/keweicorten.com\/es_mx\/wp-json\/wp\/v2\/media\/1937"}],"wp:attachment":[{"href":"https:\/\/keweicorten.com\/es_mx\/wp-json\/wp\/v2\/media?parent=1935"}],"wp:term":[{"taxonomy":"product_brand","embeddable":true,"href":"https:\/\/keweicorten.com\/es_mx\/wp-json\/wp\/v2\/product_brand?post=1935"},{"taxonomy":"product_cat","embeddable":true,"href":"https:\/\/keweicorten.com\/es_mx\/wp-json\/wp\/v2\/product_cat?post=1935"},{"taxonomy":"product_tag","embeddable":true,"href":"https:\/\/keweicorten.com\/es_mx\/wp-json\/wp\/v2\/product_tag?post=1935"}],"curies":[{"name":"wp","href":"https:\/\/api.w.org\/{rel}","templated":true}]}}