{"id":1943,"date":"2024-11-13T07:55:20","date_gmt":"2024-11-13T07:55:20","guid":{"rendered":"https:\/\/keweicorten.com\/?post_type=product&#038;p=1943"},"modified":"2024-11-13T07:56:55","modified_gmt":"2024-11-13T07:56:55","slug":"chapa-de-acero-corten-a","status":"publish","type":"product","link":"https:\/\/keweicorten.com\/es_mx\/chapa-de-acero-corten-a\/","title":{"rendered":"Chapa de acero Corten A"},"content":{"rendered":"<p class=\"!whitespace-pre-wrap\"><strong>Propiedades y ventajas clave\uff1a<\/strong><\/p>\n<ol>\n<li>\n<p class=\"!whitespace-pre-wrap\"><strong>Alta resistencia y durabilidad<\/strong>: La chapa de acero Corten A ofrece excelentes propiedades mec\u00e1nicas, como una elevada resistencia a la tracci\u00f3n y un alto l\u00edmite el\u00e1stico. Esto la hace adecuada para aplicaciones que requieren una s\u00f3lida integridad estructural.<\/p>\n<\/li>\n<li>\n<p class=\"!whitespace-pre-wrap\"><strong>Resistencia a la intemperie<\/strong>: Una de las caracter\u00edsticas m\u00e1s destacadas del Corten A es su resistencia superior a la corrosi\u00f3n atmosf\u00e9rica. Cuando se expone a la humedad y al aire, forma una p\u00e1tina de \u00f3xido estable que protege el acero subyacente de la oxidaci\u00f3n y los da\u00f1os.<\/p>\n<\/li>\n<li>\n<p class=\"!whitespace-pre-wrap\"><strong>Eficiencia de costes<\/strong>: A pesar de sus avanzadas propiedades, el Corten A es rentable a largo plazo. La menor necesidad de mantenimiento, pintura y revestimientos protectores se traduce en un ahorro significativo a lo largo del tiempo.<\/p>\n<\/li>\n<li>\n<p class=\"!whitespace-pre-wrap\"><strong>Atractivo est\u00e9tico<\/strong>: El aspecto natural y r\u00fastico del acero Corten A envejecido a\u00f1ade un atractivo est\u00e9tico a los dise\u00f1os arquitect\u00f3nicos y a los proyectos de paisajismo. Su aspecto \u00fanico puede realzar el impacto visual de cualquier estructura.<\/p>\n<\/li>\n<\/ol>\n<p><strong>Caracter\u00edsticas f\u00edsicas\uff1a<\/strong><br \/>\nEspesor: Generalmente entre 8mm y 450mm.<br \/>\nAnchura: Normalmente entre 1500mm y 4500mm.<br \/>\nLongitud: puede alcanzar de 3000mm a 18000mm.<\/p>\n<p><strong>Campo de aplicaci\u00f3n\uff1a<\/strong><br \/>\nConstrucci\u00f3n e ingenier\u00eda estructural: Debido a su resistencia a la intemperie, se utiliza a menudo en puentes, fachadas de edificios y tanques de almacenamiento.<br \/>\nEquipos de transporte: como veh\u00edculos ferroviarios, carrocer\u00edas de camiones, etc.<br \/>\nUso decorativo: Debido a su aspecto \u00fanico y a su resistencia a la intemperie, tambi\u00e9n se utiliza habitualmente en paisajismo y escultura art\u00edstica.<\/p>\n<table>\n<tbody>\n<tr>\n<td colspan=\"1\" rowspan=\"1\">\n<div><b>Material<\/b><\/div>\n<\/td>\n<td colspan=\"4\" rowspan=\"1\">\n<div>Q355NH Q460NH Q345GNH Q295NH Q295GNH Q235NH 09CuPCrNi-A 05CuPCrNi-A SPA-H B460GNQR B480GNQR Q400NQRI Q450NQRI<br \/>\nCorten A\/B, 09CuCrPNi-A, A588 Gr A\/B\/C\/D, ASTM A242, SPA-H, SPA-C, Q235NH, Q295NH,Q355NH,Q460NH,Q295GNH,Q295GNHL,Q345GNH,Q345GNHL,Q390GNH.<\/div>\n<\/td>\n<\/tr>\n<tr>\n<td colspan=\"1\" rowspan=\"1\">\n<div><b>Anchura<\/b><\/div>\n<\/td>\n<td colspan=\"4\" rowspan=\"1\">\n<div>1000mm 1250mm 1500mm 2000mm 2500mm 3000mm<\/div>\n<\/td>\n<\/tr>\n<tr>\n<td colspan=\"1\" rowspan=\"1\">\n<div><b>Servicio de tramitaci\u00f3n<\/b><\/div>\n<\/td>\n<td colspan=\"4\" rowspan=\"1\">\n<div>Doblado, soldadura, desbobinado, corte, punzonado<\/div>\n<\/td>\n<\/tr>\n<tr>\n<td colspan=\"1\" rowspan=\"1\">\n<div><b>Espesor<\/b><\/div>\n<\/td>\n<td colspan=\"4\" rowspan=\"1\">\n<div>1,5 mm~70 mm<\/div>\n<\/td>\n<\/tr>\n<tr>\n<td colspan=\"1\" rowspan=\"2\">\n<div><b>Detalle del embalaje<\/b><\/div>\n<\/td>\n<td colspan=\"4\" rowspan=\"1\">\n<div>Embalaje est\u00e1ndar de exportaci\u00f3n: pal\u00e9 de madera + cart\u00f3n + fleje de acero<\/div>\n<\/td>\n<\/tr>\n<tr>\n<td colspan=\"4\" rowspan=\"1\">\n<div>Se aceptan requisitos personalizados<\/div>\n<\/td>\n<\/tr>\n<tr>\n<td colspan=\"1\" rowspan=\"1\">\n<div><b>Proceso t\u00e9cnico<\/b><\/div>\n<\/td>\n<td colspan=\"4\" rowspan=\"1\">\n<div>Corte por l\u00e1ser &gt; perforaci\u00f3n o plegado &gt; soldadura y pulido &gt; tratamiento de superficies &gt; embalaje<\/div>\n<\/td>\n<\/tr>\n<tr>\n<td colspan=\"1\" rowspan=\"1\">\n<div><b>Aplicaci\u00f3n<\/b><\/div>\n<\/td>\n<td colspan=\"4\" rowspan=\"1\">\n<div>Se utiliza para fachadas, mamparas, separadores de ambientes y otras decoraciones<\/div>\n<\/td>\n<\/tr>\n<\/tbody>\n<\/table>\n<p><a href=\"https:\/\/keweicorten.com\/es_mx\"><img fetchpriority=\"high\" decoding=\"async\" class=\"alignnone\" title=\"Chapas de acero corten\" src=\"https:\/\/www.csteelindia.com\/images\/irsm-41-97-corten-steel-plates.jpg\" alt=\"Chapas de acero corten F\u00e1brica,china,precio,fabricantes,proveedores- keweicorten\" width=\"699\" height=\"394\" \/><\/a><\/p>\n<p><a href=\"https:\/\/keweicorten.com\/es_mx\/productos\/\"><img decoding=\"async\" class=\"alignnone\" title=\"Placa de acero Astm A588 \" src=\"https:\/\/sc01.alicdn.com\/kf\/H52b92eceae0a400495623962a04b0d9bG\/234518937\/H52b92eceae0a400495623962a04b0d9bG.jpg\" alt=\"Astm A588 Placa de acero F\u00e1brica,china,precio,fabricantes,proveedores-keweicorten\" width=\"699\" height=\"524\" \/><\/a><\/p>","protected":false},"excerpt":{"rendered":"<p>El precio de la chapa de acero Corten A ofrece una combinaci\u00f3n de resistencia, durabilidad y atractivo est\u00e9tico, lo que la convierte en una excelente opci\u00f3n para una amplia gama de aplicaciones. Si usted est\u00e1 involucrado en la construcci\u00f3n, el transporte o la fabricaci\u00f3n,<\/p>","protected":false},"featured_media":1944,"comment_status":"open","ping_status":"closed","template":"","meta":{"_eb_attr":"","_monsterinsights_skip_tracking":false,"_monsterinsights_sitenote_active":false,"_monsterinsights_sitenote_note":"","_monsterinsights_sitenote_category":0,"_uf_show_specific_survey":0,"_uf_disable_surveys":false},"product_brand":[],"product_cat":[21],"product_tag":[],"class_list":{"0":"post-1943","1":"product","2":"type-product","3":"status-publish","4":"has-post-thumbnail","6":"product_cat-weather-resistant-steel-plate","8":"first","9":"instock","10":"shipping-taxable","11":"product-type-simple"},"_links":{"self":[{"href":"https:\/\/keweicorten.com\/es_mx\/wp-json\/wp\/v2\/product\/1943"}],"collection":[{"href":"https:\/\/keweicorten.com\/es_mx\/wp-json\/wp\/v2\/product"}],"about":[{"href":"https:\/\/keweicorten.com\/es_mx\/wp-json\/wp\/v2\/types\/product"}],"replies":[{"embeddable":true,"href":"https:\/\/keweicorten.com\/es_mx\/wp-json\/wp\/v2\/comments?post=1943"}],"version-history":[{"count":2,"href":"https:\/\/keweicorten.com\/es_mx\/wp-json\/wp\/v2\/product\/1943\/revisions"}],"predecessor-version":[{"id":1949,"href":"https:\/\/keweicorten.com\/es_mx\/wp-json\/wp\/v2\/product\/1943\/revisions\/1949"}],"wp:featuredmedia":[{"embeddable":true,"href":"https:\/\/keweicorten.com\/es_mx\/wp-json\/wp\/v2\/media\/1944"}],"wp:attachment":[{"href":"https:\/\/keweicorten.com\/es_mx\/wp-json\/wp\/v2\/media?parent=1943"}],"wp:term":[{"taxonomy":"product_brand","embeddable":true,"href":"https:\/\/keweicorten.com\/es_mx\/wp-json\/wp\/v2\/product_brand?post=1943"},{"taxonomy":"product_cat","embeddable":true,"href":"https:\/\/keweicorten.com\/es_mx\/wp-json\/wp\/v2\/product_cat?post=1943"},{"taxonomy":"product_tag","embeddable":true,"href":"https:\/\/keweicorten.com\/es_mx\/wp-json\/wp\/v2\/product_tag?post=1943"}],"curies":[{"name":"wp","href":"https:\/\/api.w.org\/{rel}","templated":true}]}}