{"id":2182,"date":"2024-11-20T02:57:43","date_gmt":"2024-11-20T02:57:43","guid":{"rendered":"https:\/\/keweicorten.com\/?post_type=product&#038;p=2182"},"modified":"2024-11-20T02:57:44","modified_gmt":"2024-11-20T02:57:44","slug":"acero-corten-a588-grk","status":"publish","type":"product","link":"https:\/\/keweicorten.com\/es_mx\/acero-corten-a588-grk\/","title":{"rendered":"Acero Corten A588 GrK"},"content":{"rendered":"<p>Acero Corten A588 GrK Caracter\u00edsticas y ventajas:<br \/>\nResistencia a la intemperie: El acero Corten A588 GrK tiene una alta resistencia a la intemperie y puede resistir la corrosi\u00f3n atmosf\u00e9rica, por lo que es adecuado para componentes estructurales en entornos expuestos al aire libre.<br \/>\nPropiedades mec\u00e1nicas: El acero tiene una alta resistencia a la tracci\u00f3n y l\u00edmite el\u00e1stico a temperatura ambiente, y tiene buenas propiedades de alargamiento.<br \/>\nMuy utilizado: A menudo se utiliza en puentes, grandes contenedores, chimeneas y otras estructuras, especialmente en entornos que requieren una gran resistencia a la intemperie.<\/p>\n<p>Pedido y embalaje:<br \/>\nPedido m\u00ednimo: Normalmente 1 tonelada o m\u00e1s, dependiendo de los requisitos del proveedor.<br \/>\nEmbalaje: Para garantizar la seguridad durante el transporte, se suele utilizar un embalaje de pl\u00e1stico impermeable, un embalaje en paquetes o un transporte a granel.<\/p>\n<table style=\"height: 411px;\" width=\"555\">\n<thead>\n<tr>\n<th>Propiedad<\/th>\n<th>Valor<\/th>\n<\/tr>\n<\/thead>\n<tbody>\n<tr>\n<td><strong>Composici\u00f3n qu\u00edmica<\/strong><\/td>\n<td><\/td>\n<\/tr>\n<tr>\n<td>- Carbono (C)<\/td>\n<td>\u2264 0,27%<\/td>\n<\/tr>\n<tr>\n<td>- Manganeso (Mn)<\/td>\n<td>0.65-1.30%<\/td>\n<\/tr>\n<tr>\n<td>- F\u00f3sforo (P)<\/td>\n<td>\u2264 0,04%<\/td>\n<\/tr>\n<tr>\n<td>- Azufre (S)<\/td>\n<td>\u2264 0,05%<\/td>\n<\/tr>\n<tr>\n<td>- Silicio (Si)<\/td>\n<td>0.20-0.60%<\/td>\n<\/tr>\n<tr>\n<td>- Cobre (Cu)<\/td>\n<td>0.20-0.40%<\/td>\n<\/tr>\n<tr>\n<td>- N\u00edquel (Ni)<\/td>\n<td>0.20-0.50%<\/td>\n<\/tr>\n<tr>\n<td>- Cromo (Cr)<\/td>\n<td>0.40-0.70%<\/td>\n<\/tr>\n<tr>\n<td><strong>Propiedades mec\u00e1nicas<\/strong><\/td>\n<td><\/td>\n<\/tr>\n<tr>\n<td>- Resistencia a la tracci\u00f3n<\/td>\n<td>450-630 MPa<\/td>\n<\/tr>\n<tr>\n<td>- L\u00edmite el\u00e1stico<\/td>\n<td>\u2265 345 MPa<\/td>\n<\/tr>\n<tr>\n<td>- Alargamiento<\/td>\n<td>\u2265 20%<\/td>\n<\/tr>\n<\/tbody>\n<\/table>\n<p><a href=\"https:\/\/keweicorten.com\/es_mx\"><img fetchpriority=\"high\" decoding=\"async\" class=\"alignnone wp-image-2183\" title=\"Acero Corten A588 GrK\" src=\"https:\/\/keweicorten.com\/wp-content\/uploads\/2024\/11\/\u8010\u5019\u94a2\u677f\u666f\u89c2\u5899\u5546\u6d1b@\u89c4\u683c\u9f50\u5168-\u5efa\u6750\u7f51_782f696a.jpg\" alt=\"Acero Corten A588 GrK personalizado, al por mayor, barato, en venta, en stock-keweicorten\" width=\"558\" height=\"558\" srcset=\"https:\/\/keweicorten.com\/wp-content\/uploads\/2024\/11\/\u8010\u5019\u94a2\u677f\u666f\u89c2\u5899\u5546\u6d1b@\u89c4\u683c\u9f50\u5168-\u5efa\u6750\u7f51_782f696a.jpg 700w, https:\/\/keweicorten.com\/wp-content\/uploads\/2024\/11\/\u8010\u5019\u94a2\u677f\u666f\u89c2\u5899\u5546\u6d1b@\u89c4\u683c\u9f50\u5168-\u5efa\u6750\u7f51_782f696a-300x300.jpg 300w, https:\/\/keweicorten.com\/wp-content\/uploads\/2024\/11\/\u8010\u5019\u94a2\u677f\u666f\u89c2\u5899\u5546\u6d1b@\u89c4\u683c\u9f50\u5168-\u5efa\u6750\u7f51_782f696a-150x150.jpg 150w, https:\/\/keweicorten.com\/wp-content\/uploads\/2024\/11\/\u8010\u5019\u94a2\u677f\u666f\u89c2\u5899\u5546\u6d1b@\u89c4\u683c\u9f50\u5168-\u5efa\u6750\u7f51_782f696a-12x12.jpg 12w, https:\/\/keweicorten.com\/wp-content\/uploads\/2024\/11\/\u8010\u5019\u94a2\u677f\u666f\u89c2\u5899\u5546\u6d1b@\u89c4\u683c\u9f50\u5168-\u5efa\u6750\u7f51_782f696a-600x600.jpg 600w, https:\/\/keweicorten.com\/wp-content\/uploads\/2024\/11\/\u8010\u5019\u94a2\u677f\u666f\u89c2\u5899\u5546\u6d1b@\u89c4\u683c\u9f50\u5168-\u5efa\u6750\u7f51_782f696a-100x100.jpg 100w\" sizes=\"(max-width: 558px) 100vw, 558px\" \/><\/a><\/p>\n<table style=\"height: 72px;\" width=\"699\">\n<tbody>\n<tr>\n<td><strong>Aplicaciones<\/strong><\/td>\n<td>Puentes, grandes contenedores, chimeneas, estructuras exteriores<\/td>\n<\/tr>\n<tr>\n<td><strong>Resistencia a la corrosi\u00f3n<\/strong><\/td>\n<td>Excelente resistencia a la corrosi\u00f3n atmosf\u00e9rica<\/td>\n<\/tr>\n<\/tbody>\n<\/table>\n<p>&nbsp;<\/p>","protected":false},"excerpt":{"rendered":"<p>El acero Corten A588 GrK es un acero de intemperie dise\u00f1ado para ofrecer una excelente resistencia a la corrosi\u00f3n y propiedades mec\u00e1nicas cuando se expone a ambientes atmosf\u00e9ricos. Este acero es un acero de baja aleaci\u00f3n y alta resistencia, compuesto principalmente por hierro, carbono, silicio, manganeso y cobre, y contiene peque\u00f1as cantidades de f\u00f3sforo, azufre, n\u00edquel y cromo.<\/p>","protected":false},"featured_media":2183,"comment_status":"open","ping_status":"closed","template":"","meta":{"_eb_attr":"","_monsterinsights_skip_tracking":false,"_monsterinsights_sitenote_active":false,"_monsterinsights_sitenote_note":"","_monsterinsights_sitenote_category":0,"_uf_show_specific_survey":0,"_uf_disable_surveys":false},"product_brand":[],"product_cat":[21],"product_tag":[],"class_list":{"0":"post-2182","1":"product","2":"type-product","3":"status-publish","4":"has-post-thumbnail","6":"product_cat-weather-resistant-steel-plate","8":"first","9":"instock","10":"shipping-taxable","11":"product-type-simple"},"_links":{"self":[{"href":"https:\/\/keweicorten.com\/es_mx\/wp-json\/wp\/v2\/product\/2182"}],"collection":[{"href":"https:\/\/keweicorten.com\/es_mx\/wp-json\/wp\/v2\/product"}],"about":[{"href":"https:\/\/keweicorten.com\/es_mx\/wp-json\/wp\/v2\/types\/product"}],"replies":[{"embeddable":true,"href":"https:\/\/keweicorten.com\/es_mx\/wp-json\/wp\/v2\/comments?post=2182"}],"version-history":[{"count":1,"href":"https:\/\/keweicorten.com\/es_mx\/wp-json\/wp\/v2\/product\/2182\/revisions"}],"predecessor-version":[{"id":2186,"href":"https:\/\/keweicorten.com\/es_mx\/wp-json\/wp\/v2\/product\/2182\/revisions\/2186"}],"wp:featuredmedia":[{"embeddable":true,"href":"https:\/\/keweicorten.com\/es_mx\/wp-json\/wp\/v2\/media\/2183"}],"wp:attachment":[{"href":"https:\/\/keweicorten.com\/es_mx\/wp-json\/wp\/v2\/media?parent=2182"}],"wp:term":[{"taxonomy":"product_brand","embeddable":true,"href":"https:\/\/keweicorten.com\/es_mx\/wp-json\/wp\/v2\/product_brand?post=2182"},{"taxonomy":"product_cat","embeddable":true,"href":"https:\/\/keweicorten.com\/es_mx\/wp-json\/wp\/v2\/product_cat?post=2182"},{"taxonomy":"product_tag","embeddable":true,"href":"https:\/\/keweicorten.com\/es_mx\/wp-json\/wp\/v2\/product_tag?post=2182"}],"curies":[{"name":"wp","href":"https:\/\/api.w.org\/{rel}","templated":true}]}}