{"id":2860,"date":"2024-12-17T02:38:43","date_gmt":"2024-12-17T02:38:43","guid":{"rendered":"https:\/\/keweicorten.com\/?post_type=product&#038;p=2860"},"modified":"2025-01-15T06:13:36","modified_gmt":"2025-01-15T06:13:36","slug":"cuenco-para-hoguera-2","status":"publish","type":"product","link":"https:\/\/keweicorten.com\/es_mx\/cuenco-para-hoguera-2\/","title":{"rendered":"Cuenco para hoguera"},"content":{"rendered":"<p>Con la popularidad del estilo de vida al aire libre, Fire Pit Bowl se ha convertido en una opci\u00f3n popular para jardines, patios y patios. Ya sea para pasar tiempo con la familia o para crear ambiente en una reuni\u00f3n de amigos, un cuenco para hoguera con un bonito dise\u00f1o puede ser el centro de atenci\u00f3n.<\/p>\n<h2>Ventajas del cuenco para hogueras:<\/h2>\n<ul>\n<li>Dise\u00f1o de moda<br \/>\nEl sencillo dise\u00f1o del cuenco para hoguera se ADAPTA a una gran variedad de estilos de exterior, desde moderno a vintage, y puede combinarse f\u00e1cilmente.<\/li>\n<li>Acero corten Acero resistente a la intemperie: Resistente a la corrosi\u00f3n, aspecto de \u00f3xido natural, bajo mantenimiento y duradero.<br \/>\nF\u00e1cil de instalar y trasladar<br \/>\nEn comparaci\u00f3n con el tradicional pozo de fuego fijo, el cuenco del pozo de fuego es m\u00e1s flexible y se puede colocar o mover a voluntad para satisfacer las necesidades de diferentes escenarios.<\/li>\n<li>Adecuado para todas las estaciones<br \/>\nYa sea un fr\u00edo d\u00eda de invierno o una fresca noche de verano, el cuenco Fire Pit ofrece una experiencia acogedora y c\u00e1lida en su espacio exterior.<\/li>\n<\/ul>\n<p><a href=\"https:\/\/keweicorten.com\/es_mx\/productos\/\"><img fetchpriority=\"high\" decoding=\"async\" class=\"alignnone wp-image-2861 size-full\" title=\"cuenco para hoguera\" src=\"https:\/\/keweicorten.com\/wp-content\/uploads\/2024\/12\/\u5fae\u4fe1\u56fe\u7247_20230516113533.jpg\" alt=\"fire pit bowl al por mayor, barato, para la venta, en stock. -keweicorten\" width=\"700\" height=\"500\" srcset=\"https:\/\/keweicorten.com\/wp-content\/uploads\/2024\/12\/\u5fae\u4fe1\u56fe\u7247_20230516113533.jpg 700w, https:\/\/keweicorten.com\/wp-content\/uploads\/2024\/12\/\u5fae\u4fe1\u56fe\u7247_20230516113533-300x214.jpg 300w, https:\/\/keweicorten.com\/wp-content\/uploads\/2024\/12\/\u5fae\u4fe1\u56fe\u7247_20230516113533-18x12.jpg 18w, https:\/\/keweicorten.com\/wp-content\/uploads\/2024\/12\/\u5fae\u4fe1\u56fe\u7247_20230516113533-600x429.jpg 600w\" sizes=\"(max-width: 700px) 100vw, 700px\" \/><\/a><\/p>\n<p><strong>Escenarios de aplicaci\u00f3n de Fire Pit Bowl<\/strong><br \/>\nFiesta en el patio: El fuego c\u00e1lido crea un ambiente social rom\u00e1ntico para la familia y los amigos.<br \/>\nDecoraci\u00f3n de terrazas: Con muebles de exterior, realza el gusto y el confort del espacio.<br \/>\nUso comercial: zonas de asientos al aire libre para restaurantes y cafeter\u00edas con el fin de atraer a los clientes para que se queden.<\/p>\n<p><strong>\u00bfPor qu\u00e9 elegir nuestro cuenco para hogueras?\u00a0 \u00a0 \u00a0 \u00a0 \u00a0 \u00a0 \u00a0 \u00a0 \u00a0 \u00a0 \u00a0 \u00a0 \u00a0\u00a0 \u00a0 \u00a0 \u00a0 \u00a0 \u00a0 \u00a0 \u00a0 \u00a0\u00a0<\/strong><\/p>\n<ol>\n<li>Material de alta calidad para garantizar la durabilidad del producto.<\/li>\n<li>Estilos diversificados para satisfacer las necesidades de distintos escenarios.<\/li>\n<li>Servicio personalizado, seg\u00fan los requisitos del cliente para dise\u00f1ar un cuenco para hoguera \u00fanico.<\/li>\n<li>Distribuci\u00f3n mundial, log\u00edstica eficaz, garant\u00eda de entrega puntual.<\/li>\n<\/ol>\n<p><a href=\"https:\/\/keweicorten.com\/es_mx\/contacto\/\"><img decoding=\"async\" class=\"alignnone wp-image-2862 size-full\" title=\"hoguera de acero\" src=\"https:\/\/keweicorten.com\/wp-content\/uploads\/2024\/12\/15.jpg\" alt=\"pozo de fuego de acero F\u00e1brica,china,precio,fabricantes, proveedores, modificado para requisitos particulares-keweicorten\" width=\"750\" height=\"750\" srcset=\"https:\/\/keweicorten.com\/wp-content\/uploads\/2024\/12\/15.jpg 750w, https:\/\/keweicorten.com\/wp-content\/uploads\/2024\/12\/15-300x300.jpg 300w, https:\/\/keweicorten.com\/wp-content\/uploads\/2024\/12\/15-150x150.jpg 150w, https:\/\/keweicorten.com\/wp-content\/uploads\/2024\/12\/15-12x12.jpg 12w, https:\/\/keweicorten.com\/wp-content\/uploads\/2024\/12\/15-600x600.jpg 600w, https:\/\/keweicorten.com\/wp-content\/uploads\/2024\/12\/15-100x100.jpg 100w\" sizes=\"(max-width: 750px) 100vw, 750px\" \/><\/a><\/p>\n<p>PREGUNTAS FRECUENTES:<br \/>\n\u00bfNecesita mantenimiento el cuenco de la hoguera?<br \/>\nLos cuencos para hogueras de acero corten casi no requieren mantenimiento, y la capa de \u00f3xido del exterior crea una barrera protectora natural.<\/p>\n<p>\u00bfEs seguro el cuenco de la hoguera?<br \/>\nMantenga una distancia de seguridad al utilizarlo, mantenga a los ni\u00f1os y a los animales dom\u00e9sticos alejados de las fuentes de fuego y siga las directrices de manipulaci\u00f3n segura.<\/p>\n<p>\u00bfC\u00f3mo limpiar un cuenco de hoguera?<br \/>\nDespu\u00e9s de enfriar, limpiar las cenizas y limpiar la superficie con un pa\u00f1o h\u00famedo. Mant\u00e9ngalo seco y gu\u00e1rdelo.<\/p>","protected":false},"excerpt":{"rendered":"<p>Un exquisito cuenco para hoguera no es s\u00f3lo un pr\u00e1ctico dispositivo de calefacci\u00f3n para exteriores, sino tambi\u00e9n una hermosa pieza de arte decorativo. Llene su espacio exterior de calidez y vitalidad.<\/p>","protected":false},"featured_media":2863,"comment_status":"open","ping_status":"closed","template":"","meta":{"_eb_attr":"","_monsterinsights_skip_tracking":false,"_monsterinsights_sitenote_active":false,"_monsterinsights_sitenote_note":"","_monsterinsights_sitenote_category":0,"_uf_show_specific_survey":0,"_uf_disable_surveys":false},"product_brand":[],"product_cat":[54],"product_tag":[],"class_list":{"0":"post-2860","1":"product","2":"type-product","3":"status-publish","4":"has-post-thumbnail","6":"product_cat-wood-fire-pit","8":"first","9":"instock","10":"shipping-taxable","11":"product-type-simple"},"_links":{"self":[{"href":"https:\/\/keweicorten.com\/es_mx\/wp-json\/wp\/v2\/product\/2860"}],"collection":[{"href":"https:\/\/keweicorten.com\/es_mx\/wp-json\/wp\/v2\/product"}],"about":[{"href":"https:\/\/keweicorten.com\/es_mx\/wp-json\/wp\/v2\/types\/product"}],"replies":[{"embeddable":true,"href":"https:\/\/keweicorten.com\/es_mx\/wp-json\/wp\/v2\/comments?post=2860"}],"version-history":[{"count":1,"href":"https:\/\/keweicorten.com\/es_mx\/wp-json\/wp\/v2\/product\/2860\/revisions"}],"predecessor-version":[{"id":2867,"href":"https:\/\/keweicorten.com\/es_mx\/wp-json\/wp\/v2\/product\/2860\/revisions\/2867"}],"wp:featuredmedia":[{"embeddable":true,"href":"https:\/\/keweicorten.com\/es_mx\/wp-json\/wp\/v2\/media\/2863"}],"wp:attachment":[{"href":"https:\/\/keweicorten.com\/es_mx\/wp-json\/wp\/v2\/media?parent=2860"}],"wp:term":[{"taxonomy":"product_brand","embeddable":true,"href":"https:\/\/keweicorten.com\/es_mx\/wp-json\/wp\/v2\/product_brand?post=2860"},{"taxonomy":"product_cat","embeddable":true,"href":"https:\/\/keweicorten.com\/es_mx\/wp-json\/wp\/v2\/product_cat?post=2860"},{"taxonomy":"product_tag","embeddable":true,"href":"https:\/\/keweicorten.com\/es_mx\/wp-json\/wp\/v2\/product_tag?post=2860"}],"curies":[{"name":"wp","href":"https:\/\/api.w.org\/{rel}","templated":true}]}}