{"id":2986,"date":"2024-12-23T07:47:35","date_gmt":"2024-12-23T07:47:35","guid":{"rendered":"https:\/\/keweicorten.com\/?post_type=product&#038;p=2986"},"modified":"2025-01-15T06:09:55","modified_gmt":"2025-01-15T06:09:55","slug":"hoguera-de-acero-corten","status":"publish","type":"product","link":"https:\/\/keweicorten.com\/es_mx\/hoguera-de-acero-corten\/","title":{"rendered":"hoguera de acero corten"},"content":{"rendered":"<h3>Chimenea de acero corten: La combinaci\u00f3n perfecta de durabilidad y estilo para su espacio al aire libre<\/h3>\n<p>Las chimeneas de acero corten se est\u00e1n convirtiendo en la mejor opci\u00f3n para los propietarios de viviendas y los aficionados a las actividades al aire libre que buscan una pieza central funcional y visualmente llamativa para sus jardines o patios. Con su apariencia \u00fanica de \u00f3xido y su impresionante durabilidad, las chimeneas de acero corten combinan el atractivo est\u00e9tico y la practicidad, lo que las convierte en imprescindibles para cualquiera que valore la vida al aire libre.<\/p>\n<h4>\u00bfQu\u00e9 es un pozo de acero corten?<\/h4>\n<p>El acero corten, tambi\u00e9n conocido como acero de intemperie, es un material de alta resistencia dise\u00f1ado para soportar las inclemencias del tiempo. Con el tiempo, desarrolla una p\u00e1tina protectora natural que le confiere un caracter\u00edstico acabado oxidado. Esta capa realza el encanto visual de la chimenea y la protege de la corrosi\u00f3n, garantizando una larga vida \u00fatil con un mantenimiento m\u00ednimo.<\/p>\n<p><img fetchpriority=\"high\" decoding=\"async\" class=\"alignnone size-medium wp-image-2988\" src=\"https:\/\/keweicorten.com\/wp-content\/uploads\/2024\/12\/2-300x300.jpg\" alt=\"\" width=\"300\" height=\"300\" srcset=\"https:\/\/keweicorten.com\/wp-content\/uploads\/2024\/12\/2-300x300.jpg 300w, https:\/\/keweicorten.com\/wp-content\/uploads\/2024\/12\/2-150x150.jpg 150w, https:\/\/keweicorten.com\/wp-content\/uploads\/2024\/12\/2-12x12.jpg 12w, https:\/\/keweicorten.com\/wp-content\/uploads\/2024\/12\/2-600x600.jpg 600w, https:\/\/keweicorten.com\/wp-content\/uploads\/2024\/12\/2-100x100.jpg 100w, https:\/\/keweicorten.com\/wp-content\/uploads\/2024\/12\/2.jpg 750w\" sizes=\"(max-width: 300px) 100vw, 300px\" \/> <img decoding=\"async\" class=\"alignnone size-medium wp-image-2989\" src=\"https:\/\/keweicorten.com\/wp-content\/uploads\/2024\/12\/4-1-300x294.jpg\" alt=\"\" width=\"300\" height=\"294\" srcset=\"https:\/\/keweicorten.com\/wp-content\/uploads\/2024\/12\/4-1-300x294.jpg 300w, https:\/\/keweicorten.com\/wp-content\/uploads\/2024\/12\/4-1-12x12.jpg 12w, https:\/\/keweicorten.com\/wp-content\/uploads\/2024\/12\/4-1-600x587.jpg 600w, https:\/\/keweicorten.com\/wp-content\/uploads\/2024\/12\/4-1.jpg 743w\" sizes=\"(max-width: 300px) 100vw, 300px\" \/><\/p>\n<h4>Ventajas de un pozo de fuego de acero corten<\/h4>\n<ol>\n<li><strong>Duradero y duradero<\/strong><br \/>\nLas hogueras de acero corten est\u00e1n fabricadas para soportar condiciones clim\u00e1ticas extremas. La p\u00e1tina protectora evita los da\u00f1os causados por la lluvia, la nieve y el calor, por lo que son ideales para su uso durante todo el a\u00f1o.<\/li>\n<li><strong>Bajo mantenimiento<\/strong><br \/>\nA diferencia de las hogueras tradicionales, el acero corten requiere poco mantenimiento. El acabado de \u00f3xido natural elimina la necesidad de pintar o repintar, lo que le permite disfrutar de su hoguera sin preocuparse por el mantenimiento.<\/li>\n<li><strong>Atractivo est\u00e9tico atemporal<\/strong><br \/>\nLos tonos c\u00e1lidos y terrosos de la p\u00e1tina del acero corten combinan a la perfecci\u00f3n con los ambientes exteriores, creando una atm\u00f3sfera acogedora y acogedora. Ya sea en un entorno moderno o r\u00fastico, una chimenea de acero corten a\u00f1ade un toque de sofisticaci\u00f3n a su espacio.<\/li>\n<li><strong>Elecci\u00f3n ecol\u00f3gica<\/strong><br \/>\nEl acero corten es 100% reciclable, lo que lo convierte en un material responsable con el medio ambiente. Su longevidad reduce a\u00fan m\u00e1s la necesidad de sustituciones, lo que contribuye a una vida sostenible.<\/li>\n<\/ol>\n<p><img decoding=\"async\" class=\"alignnone wp-image-2979\" src=\"https:\/\/keweicorten.com\/wp-content\/uploads\/2024\/12\/photobank-3-300x134.png\" alt=\"\" width=\"604\" height=\"270\" srcset=\"https:\/\/keweicorten.com\/wp-content\/uploads\/2024\/12\/photobank-3-300x134.png 300w, https:\/\/keweicorten.com\/wp-content\/uploads\/2024\/12\/photobank-3-18x8.png 18w, https:\/\/keweicorten.com\/wp-content\/uploads\/2024\/12\/photobank-3.png 437w\" sizes=\"(max-width: 604px) 100vw, 604px\" \/><\/p>\n<h4>Usos populares de las hogueras de acero corten<\/h4>\n<ul>\n<li><strong>Centro de jardiner\u00eda<\/strong>: Utilice una chimenea de acero corten como punto focal en el dise\u00f1o de su jard\u00edn, complementando las plantas y el paisajismo.<\/li>\n<li><strong>Calefacci\u00f3n de patios<\/strong>: Ampl\u00ede la utilidad de sus espacios al aire libre en los meses m\u00e1s fr\u00edos con una hoguera que proporcione calor y ambiente.<\/li>\n<li><strong>Reuniones sociales<\/strong>: Cree un lugar acogedor para que se re\u00fanan amigos y familiares, perfecto para asar malvaviscos o disfrutar de una charla nocturna.<\/li>\n<\/ul>\n<h4>C\u00f3mo elegir el fuego de acero corten adecuado Pit<\/h4>\n<p>A la hora de elegir una chimenea de acero corten, tenga en cuenta el tama\u00f1o y la forma que mejor se adapten a su espacio exterior. Los dise\u00f1os redondos y cuadrados son populares por su versatilidad, mientras que las hogueras en forma de cuenco a\u00f1aden un toque art\u00edstico. Aseg\u00farese de que la chimenea est\u00e9 fabricada en acero corten aut\u00e9ntico para garantizar la m\u00e1xima durabilidad y calidad est\u00e9tica.<\/p>\n<p><a href=\"https:\/\/keweicorten.com\/es_mx\/contacto\/\"><img loading=\"lazy\" decoding=\"async\" class=\"alignnone wp-image-2865 size-medium\" title=\"hoguera de corten\" src=\"https:\/\/keweicorten.com\/wp-content\/uploads\/2024\/12\/25-300x300.jpg\" alt=\" buy discountcorten firepit price\u3001corten firepit Pricelist\u3001corten firepit quotation -keweicorten\" width=\"300\" height=\"300\" srcset=\"https:\/\/keweicorten.com\/wp-content\/uploads\/2024\/12\/25-300x300.jpg 300w, https:\/\/keweicorten.com\/wp-content\/uploads\/2024\/12\/25-150x150.jpg 150w, https:\/\/keweicorten.com\/wp-content\/uploads\/2024\/12\/25-12x12.jpg 12w, https:\/\/keweicorten.com\/wp-content\/uploads\/2024\/12\/25-100x100.jpg 100w, https:\/\/keweicorten.com\/wp-content\/uploads\/2024\/12\/25.jpg 500w\" sizes=\"(max-width: 300px) 100vw, 300px\" \/><\/a> <a href=\"https:\/\/keweicorten.com\/es_mx\/productos\/\"><img loading=\"lazy\" decoding=\"async\" class=\"alignnone wp-image-2862 size-medium\" title=\"hoguera de corten\" src=\"https:\/\/keweicorten.com\/wp-content\/uploads\/2024\/12\/15-300x300.jpg\" alt=\" buy discountcorten firepit price\u3001corten firepit Pricelist\u3001corten firepit quotation -keweicorten\" width=\"300\" height=\"300\" srcset=\"https:\/\/keweicorten.com\/wp-content\/uploads\/2024\/12\/15-300x300.jpg 300w, https:\/\/keweicorten.com\/wp-content\/uploads\/2024\/12\/15-150x150.jpg 150w, https:\/\/keweicorten.com\/wp-content\/uploads\/2024\/12\/15-12x12.jpg 12w, https:\/\/keweicorten.com\/wp-content\/uploads\/2024\/12\/15-600x600.jpg 600w, https:\/\/keweicorten.com\/wp-content\/uploads\/2024\/12\/15-100x100.jpg 100w, https:\/\/keweicorten.com\/wp-content\/uploads\/2024\/12\/15.jpg 750w\" sizes=\"(max-width: 300px) 100vw, 300px\" \/><\/a><\/p>\n<h4>\u00bfPor qu\u00e9 invertir en una chimenea de acero corten?<\/h4>\n<p>Una chimenea de acero corten es algo m\u00e1s que un accesorio de exterior; es una inversi\u00f3n para crear un entorno exterior elegante y funcional. Su durabilidad, bajo mantenimiento y atractivo atemporal lo convierten en un elemento destacado en cualquier patio o jard\u00edn.<\/p>\n<p><a href=\"https:\/\/keweicorten.com\/es_mx\"><img loading=\"lazy\" decoding=\"async\" class=\"alignnone wp-image-2990 size-full\" title=\"hoguera de corten\" src=\"https:\/\/keweicorten.com\/wp-content\/uploads\/2024\/12\/\u5fae\u4fe1\u56fe\u7247_20240717104820.jpg\" alt=\" buy discountcorten firepit price\u3001corten firepit Pricelist\u3001corten firepit quotation -keweicorten\" width=\"600\" height=\"338\" srcset=\"https:\/\/keweicorten.com\/wp-content\/uploads\/2024\/12\/\u5fae\u4fe1\u56fe\u7247_20240717104820.jpg 600w, https:\/\/keweicorten.com\/wp-content\/uploads\/2024\/12\/\u5fae\u4fe1\u56fe\u7247_20240717104820-300x169.jpg 300w, https:\/\/keweicorten.com\/wp-content\/uploads\/2024\/12\/\u5fae\u4fe1\u56fe\u7247_20240717104820-18x10.jpg 18w\" sizes=\"(max-width: 600px) 100vw, 600px\" \/><\/a><\/p>","protected":false},"excerpt":{"rendered":"<p>Descubra las ventajas de las hogueras de acero corten. Duraderas, elegantes y de bajo mantenimiento, son el complemento perfecto para cualquier espacio exterior. M\u00e1s informaci\u00f3n<\/p>","protected":false},"featured_media":2987,"comment_status":"open","ping_status":"closed","template":"","meta":{"_eb_attr":"","_monsterinsights_skip_tracking":false,"_monsterinsights_sitenote_active":false,"_monsterinsights_sitenote_note":"","_monsterinsights_sitenote_category":0,"_uf_show_specific_survey":0,"_uf_disable_surveys":false},"product_brand":[],"product_cat":[54],"product_tag":[],"class_list":{"0":"post-2986","1":"product","2":"type-product","3":"status-publish","4":"has-post-thumbnail","6":"product_cat-wood-fire-pit","8":"first","9":"instock","10":"shipping-taxable","11":"product-type-simple"},"_links":{"self":[{"href":"https:\/\/keweicorten.com\/es_mx\/wp-json\/wp\/v2\/product\/2986"}],"collection":[{"href":"https:\/\/keweicorten.com\/es_mx\/wp-json\/wp\/v2\/product"}],"about":[{"href":"https:\/\/keweicorten.com\/es_mx\/wp-json\/wp\/v2\/types\/product"}],"replies":[{"embeddable":true,"href":"https:\/\/keweicorten.com\/es_mx\/wp-json\/wp\/v2\/comments?post=2986"}],"version-history":[{"count":1,"href":"https:\/\/keweicorten.com\/es_mx\/wp-json\/wp\/v2\/product\/2986\/revisions"}],"predecessor-version":[{"id":2991,"href":"https:\/\/keweicorten.com\/es_mx\/wp-json\/wp\/v2\/product\/2986\/revisions\/2991"}],"wp:featuredmedia":[{"embeddable":true,"href":"https:\/\/keweicorten.com\/es_mx\/wp-json\/wp\/v2\/media\/2987"}],"wp:attachment":[{"href":"https:\/\/keweicorten.com\/es_mx\/wp-json\/wp\/v2\/media?parent=2986"}],"wp:term":[{"taxonomy":"product_brand","embeddable":true,"href":"https:\/\/keweicorten.com\/es_mx\/wp-json\/wp\/v2\/product_brand?post=2986"},{"taxonomy":"product_cat","embeddable":true,"href":"https:\/\/keweicorten.com\/es_mx\/wp-json\/wp\/v2\/product_cat?post=2986"},{"taxonomy":"product_tag","embeddable":true,"href":"https:\/\/keweicorten.com\/es_mx\/wp-json\/wp\/v2\/product_tag?post=2986"}],"curies":[{"name":"wp","href":"https:\/\/api.w.org\/{rel}","templated":true}]}}