{"id":2999,"date":"2024-12-25T07:01:12","date_gmt":"2024-12-25T07:01:12","guid":{"rendered":"https:\/\/keweicorten.com\/?post_type=product&#038;p=2999"},"modified":"2025-01-15T06:12:44","modified_gmt":"2025-01-15T06:12:44","slug":"barbacoa-corten","status":"publish","type":"product","link":"https:\/\/keweicorten.com\/es_mx\/barbacoa-corten\/","title":{"rendered":"barbacoa corten"},"content":{"rendered":"<h2 data-pm-slice=\"1 3 []\">Barbacoa de acero corten: La elecci\u00f3n perfecta para los entusiastas de la cocina al aire libre<\/h2>\n<p>Si es un apasionado de la cocina al aire libre y desea mejorar su experiencia con la barbacoa, una barbacoa de acero corten le cambiar\u00e1 las reglas del juego. Combinando funcionalidad, durabilidad y atractivo est\u00e9tico, las barbacoas de acero corten son cada vez m\u00e1s populares entre los entusiastas de la cocina al aire libre. Este material es una excelente elecci\u00f3n para su pr\u00f3xima barbacoa.<\/p>\n<h4>\u00bfQu\u00e9 es el acero corten?<\/h4>\n<p>El acero corten, tambi\u00e9n conocido como acero resistente a la intemperie, es un tipo de aleaci\u00f3n de acero dise\u00f1ada para formar un aspecto estable similar al \u00f3xido tras su exposici\u00f3n a la intemperie. Esta propiedad \u00fanica lo hace visualmente llamativo y muy resistente a la corrosi\u00f3n. A diferencia del acero tradicional, el acero corten desarrolla una p\u00e1tina protectora con el paso del tiempo, que protege el material de nuevos da\u00f1os, garantizando un rendimiento duradero.<\/p>\n<h4>Ventajas de una barbacoa de acero corten<\/h4>\n<ol start=\"1\" data-spread=\"true\">\n<li><strong>Durabilidad y longevidad<\/strong> El acero corten est\u00e1 dise\u00f1ado para soportar condiciones clim\u00e1ticas adversas, por lo que es ideal para su uso en exteriores. Gracias a su resistencia a la corrosi\u00f3n, su barbacoa seguir\u00e1 siendo funcional y bonita durante a\u00f1os.<\/li>\n<li><strong>Bajo mantenimiento<\/strong> La p\u00e1tina natural que se forma en el acero corten elimina la necesidad de un mantenimiento frecuente. A diferencia de otros materiales que requieren pintura o sellado, las barbacoas de acero corten pr\u00e1cticamente no tienen complicaciones.<\/li>\n<li><strong>Atractivo est\u00e9tico<\/strong> Los tonos ricos y terrosos del acero corten a\u00f1aden un toque moderno y sofisticado a cualquier espacio exterior. Tanto si prefieres un dise\u00f1o minimalista como un aspecto m\u00e1s r\u00fastico, el acero corten complementa varios estilos de exterior.<\/li>\n<li><strong>Retenci\u00f3n y distribuci\u00f3n del calor<\/strong> El acero corten es un excelente conductor del calor, lo que garantiza temperaturas de cocci\u00f3n uniformes. Esta caracter\u00edstica mejora la calidad de los alimentos a la parrilla, ofreciendo siempre resultados perfectos.<\/li>\n<\/ol>\n<p><a href=\"https:\/\/keweicorten.com\/es_mx\"><img fetchpriority=\"high\" decoding=\"async\" class=\"alignnone wp-image-3004 size-medium\" title=\"corten bbq grill\u00a0\" src=\"https:\/\/keweicorten.com\/wp-content\/uploads\/2024\/12\/IMG20220916175214-300x300.jpg\" alt=\"comprar descuento corten bbq grill Muestra gratis -keweicorten\" width=\"300\" height=\"300\" srcset=\"https:\/\/keweicorten.com\/wp-content\/uploads\/2024\/12\/IMG20220916175214-300x300.jpg 300w, https:\/\/keweicorten.com\/wp-content\/uploads\/2024\/12\/IMG20220916175214-150x150.jpg 150w, https:\/\/keweicorten.com\/wp-content\/uploads\/2024\/12\/IMG20220916175214-12x12.jpg 12w, https:\/\/keweicorten.com\/wp-content\/uploads\/2024\/12\/IMG20220916175214-600x600.jpg 600w, https:\/\/keweicorten.com\/wp-content\/uploads\/2024\/12\/IMG20220916175214-100x100.jpg 100w, https:\/\/keweicorten.com\/wp-content\/uploads\/2024\/12\/IMG20220916175214.jpg 750w\" sizes=\"(max-width: 300px) 100vw, 300px\" \/><\/a><a href=\"https:\/\/keweicorten.com\/es_mx\/contacto\/\"><img decoding=\"async\" class=\"alignnone wp-image-3001 size-medium\" title=\"corten bbq grill\u00a0\" src=\"https:\/\/keweicorten.com\/wp-content\/uploads\/2024\/12\/IMG20220916161902-300x300.jpg\" alt=\"comprar descuento corten bbq grill Muestra gratis -keweicorten\" width=\"300\" height=\"300\" srcset=\"https:\/\/keweicorten.com\/wp-content\/uploads\/2024\/12\/IMG20220916161902-300x300.jpg 300w, https:\/\/keweicorten.com\/wp-content\/uploads\/2024\/12\/IMG20220916161902-150x150.jpg 150w, https:\/\/keweicorten.com\/wp-content\/uploads\/2024\/12\/IMG20220916161902-12x12.jpg 12w, https:\/\/keweicorten.com\/wp-content\/uploads\/2024\/12\/IMG20220916161902-600x600.jpg 600w, https:\/\/keweicorten.com\/wp-content\/uploads\/2024\/12\/IMG20220916161902-100x100.jpg 100w, https:\/\/keweicorten.com\/wp-content\/uploads\/2024\/12\/IMG20220916161902.jpg 750w\" sizes=\"(max-width: 300px) 100vw, 300px\" \/><\/a> <a href=\"https:\/\/keweicorten.com\/es_mx\/categoria-producto\/foso-de-fuego\/\"><img decoding=\"async\" class=\"alignnone wp-image-3002 size-medium\" title=\"corten bbq grill\" src=\"https:\/\/keweicorten.com\/wp-content\/uploads\/2024\/12\/IMG20220916161905-300x300.jpg\" alt=\"comprar descuento corten bbq grill Muestra gratis -keweicorten\" width=\"300\" height=\"300\" srcset=\"https:\/\/keweicorten.com\/wp-content\/uploads\/2024\/12\/IMG20220916161905-300x300.jpg 300w, https:\/\/keweicorten.com\/wp-content\/uploads\/2024\/12\/IMG20220916161905-150x150.jpg 150w, https:\/\/keweicorten.com\/wp-content\/uploads\/2024\/12\/IMG20220916161905-12x12.jpg 12w, https:\/\/keweicorten.com\/wp-content\/uploads\/2024\/12\/IMG20220916161905-600x600.jpg 600w, https:\/\/keweicorten.com\/wp-content\/uploads\/2024\/12\/IMG20220916161905-100x100.jpg 100w, https:\/\/keweicorten.com\/wp-content\/uploads\/2024\/12\/IMG20220916161905.jpg 750w\" sizes=\"(max-width: 300px) 100vw, 300px\" \/><\/a><\/p>\n<h4>Dise\u00f1os populares de barbacoas de acero corten<\/h4>\n<ol start=\"1\" data-spread=\"true\">\n<li><strong>Barbacoas independientes<\/strong> Son perfectas para quienes desean una opci\u00f3n vers\u00e1til y port\u00e1til. Las hay de varias formas y tama\u00f1os para adaptarse a las distintas necesidades culinarias.<\/li>\n<li><strong>Asadores de barbacoa<\/strong> Combinando la funcionalidad de una barbacoa y el ambiente de una hoguera, estos dise\u00f1os son perfectos para recibir invitados y crear una atm\u00f3sfera acogedora.<\/li>\n<li><strong>Estaciones de barbacoa integradas<\/strong> Para una instalaci\u00f3n m\u00e1s permanente, las barbacoas empotradas de acero corten son una opci\u00f3n excelente. Se pueden personalizar para que encajen a la perfecci\u00f3n en su cocina de exterior.<\/li>\n<\/ol>\n<p><a href=\"https:\/\/keweicorten.com\/es_mx\"><img loading=\"lazy\" decoding=\"async\" class=\"alignnone wp-image-2981 size-full\" title=\"barbacoa corten\" src=\"https:\/\/keweicorten.com\/wp-content\/uploads\/2024\/12\/\u672a\u547d\u540d.jpg\" alt=\"comprar descuento corten barbacoa \" width=\"750\" height=\"750\" srcset=\"https:\/\/keweicorten.com\/wp-content\/uploads\/2024\/12\/\u672a\u547d\u540d.jpg 750w, https:\/\/keweicorten.com\/wp-content\/uploads\/2024\/12\/\u672a\u547d\u540d-300x300.jpg 300w, https:\/\/keweicorten.com\/wp-content\/uploads\/2024\/12\/\u672a\u547d\u540d-150x150.jpg 150w, https:\/\/keweicorten.com\/wp-content\/uploads\/2024\/12\/\u672a\u547d\u540d-12x12.jpg 12w, https:\/\/keweicorten.com\/wp-content\/uploads\/2024\/12\/\u672a\u547d\u540d-600x600.jpg 600w, https:\/\/keweicorten.com\/wp-content\/uploads\/2024\/12\/\u672a\u547d\u540d-100x100.jpg 100w\" sizes=\"(max-width: 750px) 100vw, 750px\" \/><\/a><\/p>\n<h4>\u00bfPor qu\u00e9 elegir acero corten para su barbacoa?<\/h4>\n<ul data-spread=\"false\">\n<li><strong>Respetuoso con el medio ambiente:<\/strong> El acero corten es reciclable, lo que lo convierte en una opci\u00f3n sostenible para los consumidores concienciados con el medio ambiente.<\/li>\n<li><strong>Proceso de envejecimiento \u00fanico:<\/strong> Con el tiempo, el aspecto del acero mejora, a\u00f1adiendo car\u00e1cter a su espacio exterior.<\/li>\n<li><strong>Resistencia a la intemperie:<\/strong> Su capacidad para soportar condiciones extremas garantiza su funcionalidad y atractivo visual durante todo el a\u00f1o.<\/li>\n<\/ul>\n<p><a href=\"https:\/\/keweicorten.com\/es_mx\"><img loading=\"lazy\" decoding=\"async\" class=\"alignnone wp-image-2979 size-full\" title=\"parrilla de acero corten \" src=\"https:\/\/keweicorten.com\/wp-content\/uploads\/2024\/12\/photobank-3.png\" alt=\"comprar descuento acero corten BBQ grill -keweicorten\" width=\"437\" height=\"195\" srcset=\"https:\/\/keweicorten.com\/wp-content\/uploads\/2024\/12\/photobank-3.png 437w, https:\/\/keweicorten.com\/wp-content\/uploads\/2024\/12\/photobank-3-300x134.png 300w, https:\/\/keweicorten.com\/wp-content\/uploads\/2024\/12\/photobank-3-18x8.png 18w\" sizes=\"(max-width: 437px) 100vw, 437px\" \/><\/a><\/p>\n<h4>Consejos para el mantenimiento de su barbacoa de acero corten<\/h4>\n<ul data-spread=\"false\">\n<li>Evita colocarlo en zonas con humedad constante para evitar una oxidaci\u00f3n excesiva.<\/li>\n<li>Limpie regularmente la superficie de la parrilla para eliminar los restos de comida.<\/li>\n<li>Utilice una cubierta protectora si vive en regiones con fuertes precipitaciones o nevadas.<\/li>\n<\/ul>","protected":false},"excerpt":{"rendered":"<p data-pm-slice=\"1 1 []\">La barbacoa de acero corten no es s\u00f3lo una cuesti\u00f3n de funcionalidad; se trata de mejorar su espacio exterior con una pieza central duradera, de bajo mantenimiento y visualmente impresionante.<\/p>","protected":false},"featured_media":3005,"comment_status":"open","ping_status":"closed","template":"","meta":{"_eb_attr":"","_monsterinsights_skip_tracking":false,"_monsterinsights_sitenote_active":false,"_monsterinsights_sitenote_note":"","_monsterinsights_sitenote_category":0,"_uf_show_specific_survey":0,"_uf_disable_surveys":false},"product_brand":[],"product_cat":[63],"product_tag":[],"class_list":{"0":"post-2999","1":"product","2":"type-product","3":"status-publish","4":"has-post-thumbnail","6":"product_cat-steel-bbq-grill","8":"first","9":"instock","10":"shipping-taxable","11":"product-type-simple"},"_links":{"self":[{"href":"https:\/\/keweicorten.com\/es_mx\/wp-json\/wp\/v2\/product\/2999"}],"collection":[{"href":"https:\/\/keweicorten.com\/es_mx\/wp-json\/wp\/v2\/product"}],"about":[{"href":"https:\/\/keweicorten.com\/es_mx\/wp-json\/wp\/v2\/types\/product"}],"replies":[{"embeddable":true,"href":"https:\/\/keweicorten.com\/es_mx\/wp-json\/wp\/v2\/comments?post=2999"}],"version-history":[{"count":1,"href":"https:\/\/keweicorten.com\/es_mx\/wp-json\/wp\/v2\/product\/2999\/revisions"}],"predecessor-version":[{"id":3007,"href":"https:\/\/keweicorten.com\/es_mx\/wp-json\/wp\/v2\/product\/2999\/revisions\/3007"}],"wp:featuredmedia":[{"embeddable":true,"href":"https:\/\/keweicorten.com\/es_mx\/wp-json\/wp\/v2\/media\/3005"}],"wp:attachment":[{"href":"https:\/\/keweicorten.com\/es_mx\/wp-json\/wp\/v2\/media?parent=2999"}],"wp:term":[{"taxonomy":"product_brand","embeddable":true,"href":"https:\/\/keweicorten.com\/es_mx\/wp-json\/wp\/v2\/product_brand?post=2999"},{"taxonomy":"product_cat","embeddable":true,"href":"https:\/\/keweicorten.com\/es_mx\/wp-json\/wp\/v2\/product_cat?post=2999"},{"taxonomy":"product_tag","embeddable":true,"href":"https:\/\/keweicorten.com\/es_mx\/wp-json\/wp\/v2\/product_tag?post=2999"}],"curies":[{"name":"wp","href":"https:\/\/api.w.org\/{rel}","templated":true}]}}