{"id":3016,"date":"2024-12-25T07:53:37","date_gmt":"2024-12-25T07:53:37","guid":{"rendered":"https:\/\/keweicorten.com\/?post_type=product&#038;p=3016"},"modified":"2025-01-15T06:09:37","modified_gmt":"2025-01-15T06:09:37","slug":"farolas-de-exterior","status":"publish","type":"product","link":"https:\/\/keweicorten.com\/es_mx\/farolas-de-exterior\/","title":{"rendered":"farolas de exterior"},"content":{"rendered":"<p>Las farolas de exterior son un complemento elegante y pr\u00e1ctico para jardines, caminos, entradas y otros espacios al aire libre. Proporcionan tanto iluminaci\u00f3n funcional como atractivo est\u00e9tico, mejorando el ambiente y la seguridad de la zona.<\/p>\n<p><a href=\"https:\/\/keweicorten.com\/es_mx\"><img fetchpriority=\"high\" decoding=\"async\" class=\"alignnone wp-image-3024 size-medium\" title=\"luces solares impermeables para jard\u00edn\" src=\"https:\/\/keweicorten.com\/wp-content\/uploads\/2024\/12\/Light-Luminus-Viridi-Space-scaled-1-300x300.jpg\" alt=\"impermeable solar luces de jard\u00edn F\u00e1brica,china,precio,fabricantes, proveedores, personalizados, venta al por mayor, barato, para la venta, en stock.-keweicorten\" width=\"300\" height=\"300\" srcset=\"https:\/\/keweicorten.com\/wp-content\/uploads\/2024\/12\/Light-Luminus-Viridi-Space-scaled-1-300x300.jpg 300w, https:\/\/keweicorten.com\/wp-content\/uploads\/2024\/12\/Light-Luminus-Viridi-Space-scaled-1-150x150.jpg 150w, https:\/\/keweicorten.com\/wp-content\/uploads\/2024\/12\/Light-Luminus-Viridi-Space-scaled-1-12x12.jpg 12w, https:\/\/keweicorten.com\/wp-content\/uploads\/2024\/12\/Light-Luminus-Viridi-Space-scaled-1-600x600.jpg 600w, https:\/\/keweicorten.com\/wp-content\/uploads\/2024\/12\/Light-Luminus-Viridi-Space-scaled-1-100x100.jpg 100w, https:\/\/keweicorten.com\/wp-content\/uploads\/2024\/12\/Light-Luminus-Viridi-Space-scaled-1.jpg 750w\" sizes=\"(max-width: 300px) 100vw, 300px\" \/><\/a> <a href=\"https:\/\/keweicorten.com\/es_mx\"><img decoding=\"async\" class=\"alignnone wp-image-3023 size-medium\" title=\"aplique moderno de exterior \" src=\"https:\/\/keweicorten.com\/wp-content\/uploads\/2024\/12\/Light-Luminus-Viridi-Space-10-scaled-1-300x300.jpg\" alt=\"moderna l\u00e1mpara de pared al aire libre F\u00e1brica,china,precio,fabricantes, proveedores, modificado para requisitos particulares, al por mayor, barato, para la venta, en stock.-keweicorten\" width=\"300\" height=\"300\" srcset=\"https:\/\/keweicorten.com\/wp-content\/uploads\/2024\/12\/Light-Luminus-Viridi-Space-10-scaled-1-300x300.jpg 300w, https:\/\/keweicorten.com\/wp-content\/uploads\/2024\/12\/Light-Luminus-Viridi-Space-10-scaled-1-150x150.jpg 150w, https:\/\/keweicorten.com\/wp-content\/uploads\/2024\/12\/Light-Luminus-Viridi-Space-10-scaled-1-12x12.jpg 12w, https:\/\/keweicorten.com\/wp-content\/uploads\/2024\/12\/Light-Luminus-Viridi-Space-10-scaled-1-100x100.jpg 100w, https:\/\/keweicorten.com\/wp-content\/uploads\/2024\/12\/Light-Luminus-Viridi-Space-10-scaled-1.jpg 600w\" sizes=\"(max-width: 300px) 100vw, 300px\" \/><\/a> <a href=\"https:\/\/keweicorten.com\/es_mx\"><img decoding=\"async\" class=\"alignnone wp-image-3022 size-medium\" title=\"luces exteriores para patio\" src=\"https:\/\/keweicorten.com\/wp-content\/uploads\/2024\/12\/5049c0b044548f4d567eb934c54b6b10-300x300.jpg\" alt=\"luces exteriores para patio Factory,china,precio,fabricantes, proveedores, modificado para requisitos particulares, al por mayor, barato, para la venta, en stock.-keweicorten\" width=\"300\" height=\"300\" srcset=\"https:\/\/keweicorten.com\/wp-content\/uploads\/2024\/12\/5049c0b044548f4d567eb934c54b6b10-300x300.jpg 300w, https:\/\/keweicorten.com\/wp-content\/uploads\/2024\/12\/5049c0b044548f4d567eb934c54b6b10-150x150.jpg 150w, https:\/\/keweicorten.com\/wp-content\/uploads\/2024\/12\/5049c0b044548f4d567eb934c54b6b10-12x12.jpg 12w, https:\/\/keweicorten.com\/wp-content\/uploads\/2024\/12\/5049c0b044548f4d567eb934c54b6b10-600x600.jpg 600w, https:\/\/keweicorten.com\/wp-content\/uploads\/2024\/12\/5049c0b044548f4d567eb934c54b6b10-100x100.jpg 100w, https:\/\/keweicorten.com\/wp-content\/uploads\/2024\/12\/5049c0b044548f4d567eb934c54b6b10.jpg 750w\" sizes=\"(max-width: 300px) 100vw, 300px\" \/><\/a> <a href=\"https:\/\/keweicorten.com\/es_mx\"><img loading=\"lazy\" decoding=\"async\" class=\"alignnone wp-image-3021 size-medium\" title=\"luz solar con sensor de movimiento para exteriores \" src=\"https:\/\/keweicorten.com\/wp-content\/uploads\/2024\/12\/111AmpliarEdgingimage-300x300.jpg\" alt=\"luz solar del sensor de movimiento al aire libre F\u00e1brica,china,precio,fabricantes, proveedores, modificado para requisitos particulares, al por mayor, barato, para la venta, en stock.-keweicorten\" width=\"300\" height=\"300\" srcset=\"https:\/\/keweicorten.com\/wp-content\/uploads\/2024\/12\/111AmpliarEdgingimage-300x300.jpg 300w, https:\/\/keweicorten.com\/wp-content\/uploads\/2024\/12\/111AmpliarEdgingimage-150x150.jpg 150w, https:\/\/keweicorten.com\/wp-content\/uploads\/2024\/12\/111AmpliarEdgingimage-12x12.jpg 12w, https:\/\/keweicorten.com\/wp-content\/uploads\/2024\/12\/111AmpliarEdgingimage-600x600.jpg 600w, https:\/\/keweicorten.com\/wp-content\/uploads\/2024\/12\/111AmpliarEdgingimage-100x100.jpg 100w, https:\/\/keweicorten.com\/wp-content\/uploads\/2024\/12\/111AmpliarEdgingimage.jpg 750w\" sizes=\"(max-width: 300px) 100vw, 300px\" \/><\/a><\/p>\n<ol>\n<li><strong>Materiales:<\/strong>\n<ul>\n<li><strong>Metal (aluminio, acero o hierro fundido):<\/strong> Duradero y resistente a la intemperie.<\/li>\n<li><strong>Acero corten:<\/strong> Ofrece una est\u00e9tica oxidada y una durabilidad \u00fanicas.<\/li>\n<li><strong>De pl\u00e1stico:<\/strong> Ligero y econ\u00f3mico.<\/li>\n<li><strong>Acentos de cristal:<\/strong> Para una mayor elegancia y difusi\u00f3n de la luz.<\/li>\n<\/ul>\n<\/li>\n<li><strong>Estilos de dise\u00f1o:<\/strong>\n<ul>\n<li><strong>Cl\u00e1sico\/Tradicional:<\/strong> Inspirado en las farolas vintage, con detalles ornamentales y dise\u00f1os curvos.<\/li>\n<li><strong>Moderno\/Minimalista:<\/strong> L\u00edneas limpias y formas sencillas, a menudo en acabados negro, blanco o metalizado.<\/li>\n<li><strong>Industrial:<\/strong> Materiales en bruto como el acero y bombillas a la vista para un aspecto robusto.<\/li>\n<li><strong>R\u00fastico:<\/strong> Elementos de madera o acero corten para un ambiente natural.<\/li>\n<\/ul>\n<ul>\n<li><\/li>\n<\/ul>\n<\/li>\n<li><strong>Variaciones de altura:<\/strong>\n<ul>\n<li><strong>Luces cortas de poste:<\/strong> Para caminos y patios de jard\u00edn.<\/li>\n<li><strong>Postes de luz est\u00e1ndar (6-10 pies):<\/strong> Para calzadas y entradas.<\/li>\n<li><strong>Postes altos (12+ pies):<\/strong> Ideal para grandes espacios abiertos o zonas p\u00fablicas.<\/li>\n<\/ul>\n<\/li>\n<li><strong>Resistencia a la intemperie:<\/strong>\n<ul>\n<li>Las luces con clasificaci\u00f3n IP garantizan la protecci\u00f3n contra el agua y el polvo.<\/li>\n<\/ul>\n<\/li>\n<\/ol>\n<p><a href=\"https:\/\/keweicorten.com\/es_mx\/productos\/\"><img loading=\"lazy\" decoding=\"async\" class=\"alignnone wp-image-3027 size-medium\" title=\"l\u00e1mparas solares de exterior\" src=\"https:\/\/keweicorten.com\/wp-content\/uploads\/2024\/12\/\u5fae\u4fe1\u56fe\u7247_20231020105702-300x300.png\" alt=\"l\u00e1mparas solares al aire libre F\u00e1brica,china,precio,fabricantes, proveedores, modificado para requisitos particulares, al por mayor, barato, para la venta, en stock.-keweicorten \" width=\"300\" height=\"300\" srcset=\"https:\/\/keweicorten.com\/wp-content\/uploads\/2024\/12\/\u5fae\u4fe1\u56fe\u7247_20231020105702-300x300.png 300w, https:\/\/keweicorten.com\/wp-content\/uploads\/2024\/12\/\u5fae\u4fe1\u56fe\u7247_20231020105702-150x150.png 150w, https:\/\/keweicorten.com\/wp-content\/uploads\/2024\/12\/\u5fae\u4fe1\u56fe\u7247_20231020105702-12x12.png 12w, https:\/\/keweicorten.com\/wp-content\/uploads\/2024\/12\/\u5fae\u4fe1\u56fe\u7247_20231020105702-100x100.png 100w, https:\/\/keweicorten.com\/wp-content\/uploads\/2024\/12\/\u5fae\u4fe1\u56fe\u7247_20231020105702.png 510w\" sizes=\"(max-width: 300px) 100vw, 300px\" \/><\/a> <a href=\"https:\/\/keweicorten.com\/es_mx\"><img loading=\"lazy\" decoding=\"async\" class=\"alignnone wp-image-3026 size-medium\" title=\"farolas de exterior modernas\" src=\"https:\/\/keweicorten.com\/wp-content\/uploads\/2024\/12\/\u5fae\u4fe1\u56fe\u7247_20231020104239-300x300.png\" alt=\"luces de poste al aire libre moderna F\u00e1brica,china,precio,fabricantes, surtidores, modificado para requisitos particulares, al por mayor, barato, para la venta, en la acci\u00f3n.\" width=\"300\" height=\"300\" srcset=\"https:\/\/keweicorten.com\/wp-content\/uploads\/2024\/12\/\u5fae\u4fe1\u56fe\u7247_20231020104239-300x300.png 300w, https:\/\/keweicorten.com\/wp-content\/uploads\/2024\/12\/\u5fae\u4fe1\u56fe\u7247_20231020104239-150x150.png 150w, https:\/\/keweicorten.com\/wp-content\/uploads\/2024\/12\/\u5fae\u4fe1\u56fe\u7247_20231020104239-12x12.png 12w, https:\/\/keweicorten.com\/wp-content\/uploads\/2024\/12\/\u5fae\u4fe1\u56fe\u7247_20231020104239-600x599.png 600w, https:\/\/keweicorten.com\/wp-content\/uploads\/2024\/12\/\u5fae\u4fe1\u56fe\u7247_20231020104239-100x100.png 100w, https:\/\/keweicorten.com\/wp-content\/uploads\/2024\/12\/\u5fae\u4fe1\u56fe\u7247_20231020104239.png 750w\" sizes=\"(max-width: 300px) 100vw, 300px\" \/><\/a> <a href=\"https:\/\/keweicorten.com\/es_mx\"><img loading=\"lazy\" decoding=\"async\" class=\"alignnone wp-image-3025 size-medium\" title=\"poste de luz para patio \" src=\"https:\/\/keweicorten.com\/wp-content\/uploads\/2024\/12\/garden-light-300x300.jpg\" alt=\"poste de luz para el patio F\u00e1brica,china,precio,fabricantes, proveedores, modificado para requisitos particulares, al por mayor, barato, para la venta, en stock.-keweicorten\" width=\"300\" height=\"300\" srcset=\"https:\/\/keweicorten.com\/wp-content\/uploads\/2024\/12\/garden-light-300x300.jpg 300w, https:\/\/keweicorten.com\/wp-content\/uploads\/2024\/12\/garden-light-150x150.jpg 150w, https:\/\/keweicorten.com\/wp-content\/uploads\/2024\/12\/garden-light-12x12.jpg 12w, https:\/\/keweicorten.com\/wp-content\/uploads\/2024\/12\/garden-light-600x600.jpg 600w, https:\/\/keweicorten.com\/wp-content\/uploads\/2024\/12\/garden-light-100x100.jpg 100w, https:\/\/keweicorten.com\/wp-content\/uploads\/2024\/12\/garden-light.jpg 750w\" sizes=\"(max-width: 300px) 100vw, 300px\" \/><\/a> <a href=\"https:\/\/keweicorten.com\/es_mx\/productos\/\"><img loading=\"lazy\" decoding=\"async\" class=\"alignnone wp-image-3028 size-medium\" title=\"luces solares para el patio trasero\" src=\"https:\/\/keweicorten.com\/wp-content\/uploads\/2024\/12\/\u5fae\u4fe1\u56fe\u7247_20240223103259-300x300.jpg\" alt=\"luces solares para patio trasero F\u00e1brica,china,precio,fabricantes, proveedores, modificado para requisitos particulares, al por mayor, barato, para la venta, en stock.-keweicorten\" width=\"300\" height=\"300\" srcset=\"https:\/\/keweicorten.com\/wp-content\/uploads\/2024\/12\/\u5fae\u4fe1\u56fe\u7247_20240223103259-300x300.jpg 300w, https:\/\/keweicorten.com\/wp-content\/uploads\/2024\/12\/\u5fae\u4fe1\u56fe\u7247_20240223103259-150x150.jpg 150w, https:\/\/keweicorten.com\/wp-content\/uploads\/2024\/12\/\u5fae\u4fe1\u56fe\u7247_20240223103259-12x12.jpg 12w, https:\/\/keweicorten.com\/wp-content\/uploads\/2024\/12\/\u5fae\u4fe1\u56fe\u7247_20240223103259-600x600.jpg 600w, https:\/\/keweicorten.com\/wp-content\/uploads\/2024\/12\/\u5fae\u4fe1\u56fe\u7247_20240223103259-100x100.jpg 100w, https:\/\/keweicorten.com\/wp-content\/uploads\/2024\/12\/\u5fae\u4fe1\u56fe\u7247_20240223103259.jpg 750w\" sizes=\"(max-width: 300px) 100vw, 300px\" \/><\/a><\/p>\n<hr \/>\n<h3><strong>Ventajas de las farolas de exterior:<\/strong><\/h3>\n<ul>\n<li><strong>Mayor seguridad:<\/strong> La mejora de la visibilidad reduce el riesgo de accidentes.<\/li>\n<li><strong>Atractivo est\u00e9tico:<\/strong> A\u00f1ade un toque decorativo a los espacios exteriores.<\/li>\n<li><strong>Aumento del valor de la propiedad:<\/strong> Una iluminaci\u00f3n de calidad mejora el aspecto exterior.<\/li>\n<li><strong>Versatilidad:<\/strong> Adecuado para uso residencial, comercial y p\u00fablico.<\/li>\n<\/ul>","protected":false},"excerpt":{"rendered":"<p>Explore nuestras luces de poste para exteriores para obtener soluciones de iluminaci\u00f3n elegantes que realzan la belleza y la seguridad de su jard\u00edn y patio. Adecuadas para todos los entornos exteriores.<\/p>","protected":false},"featured_media":3017,"comment_status":"open","ping_status":"closed","template":"","meta":{"_eb_attr":"","_monsterinsights_skip_tracking":false,"_monsterinsights_sitenote_active":false,"_monsterinsights_sitenote_note":"","_monsterinsights_sitenote_category":0,"_uf_show_specific_survey":0,"_uf_disable_surveys":false},"product_brand":[],"product_cat":[61],"product_tag":[],"class_list":{"0":"post-3016","1":"product","2":"type-product","3":"status-publish","4":"has-post-thumbnail","6":"product_cat-light-post","8":"first","9":"instock","10":"shipping-taxable","11":"product-type-simple"},"_links":{"self":[{"href":"https:\/\/keweicorten.com\/es_mx\/wp-json\/wp\/v2\/product\/3016"}],"collection":[{"href":"https:\/\/keweicorten.com\/es_mx\/wp-json\/wp\/v2\/product"}],"about":[{"href":"https:\/\/keweicorten.com\/es_mx\/wp-json\/wp\/v2\/types\/product"}],"replies":[{"embeddable":true,"href":"https:\/\/keweicorten.com\/es_mx\/wp-json\/wp\/v2\/comments?post=3016"}],"version-history":[{"count":2,"href":"https:\/\/keweicorten.com\/es_mx\/wp-json\/wp\/v2\/product\/3016\/revisions"}],"predecessor-version":[{"id":3032,"href":"https:\/\/keweicorten.com\/es_mx\/wp-json\/wp\/v2\/product\/3016\/revisions\/3032"}],"wp:featuredmedia":[{"embeddable":true,"href":"https:\/\/keweicorten.com\/es_mx\/wp-json\/wp\/v2\/media\/3017"}],"wp:attachment":[{"href":"https:\/\/keweicorten.com\/es_mx\/wp-json\/wp\/v2\/media?parent=3016"}],"wp:term":[{"taxonomy":"product_brand","embeddable":true,"href":"https:\/\/keweicorten.com\/es_mx\/wp-json\/wp\/v2\/product_brand?post=3016"},{"taxonomy":"product_cat","embeddable":true,"href":"https:\/\/keweicorten.com\/es_mx\/wp-json\/wp\/v2\/product_cat?post=3016"},{"taxonomy":"product_tag","embeddable":true,"href":"https:\/\/keweicorten.com\/es_mx\/wp-json\/wp\/v2\/product_tag?post=3016"}],"curies":[{"name":"wp","href":"https:\/\/api.w.org\/{rel}","templated":true}]}}