{"id":3594,"date":"2025-02-18T06:11:30","date_gmt":"2025-02-18T06:11:30","guid":{"rendered":"https:\/\/keweicorten.com\/?post_type=product&#038;p=3594"},"modified":"2025-02-18T06:11:31","modified_gmt":"2025-02-18T06:11:31","slug":"macetas-de-jardin","status":"publish","type":"product","link":"https:\/\/keweicorten.com\/es_mx\/macetas-de-jardin\/","title":{"rendered":"macetas de jard\u00edn"},"content":{"rendered":"<p>Las macetas de jard\u00edn son una parte esencial de la vida al aire libre, ya que ofrecen una gran variedad de formas, tama\u00f1os y materiales para crear espacios acogedores para flores, plantas e incluso mascotas. Desde los tradicionales parterres de jard\u00edn hasta las modernas jardineras de rejilla, estas macetas presentan diversos dise\u00f1os, desde decorativos hasta funcionales. Tanto si planta bulbos, rosas o hierbas arom\u00e1ticas, la maceta adecuada puede mejorar su paisaje tanto desde el punto de vista est\u00e9tico como h\u00eddrico.<\/p>\n<hr \/>\n<h3><strong>Tipos de macetas<\/strong><\/h3>\n<ol>\n<li><strong>Camas de jard\u00edn tradicionales<\/strong>\n<ul>\n<li>Estos son los tipos m\u00e1s comunes de parterres, normalmente de madera, metal o pl\u00e1stico.<\/li>\n<li>Los hay de varios tama\u00f1os, desde peque\u00f1os jardines en macetas hasta grandes parterres al aire libre.<\/li>\n<li>Por ejemplo, un arriate est\u00e1ndar suele tener 30 cm de profundidad y 12 pulgadas de anchura.<\/li>\n<\/ul>\n<\/li>\n<li><strong>Ollas de acero corten<\/strong>\n<ul>\n<li>El acero corten es una opci\u00f3n popular por su solidez y resistencia a la intemperie.<\/li>\n<li>Estas macetas son ideales para plantar bulbos y hierbas en condiciones extremas.<\/li>\n<li>Una olla de acero corten puede tener 40 cm de fondo y de ancho.<\/li>\n<\/ul>\n<\/li>\n<li><strong>Productos de construcci\u00f3n<\/strong>\n<ul>\n<li>Adem\u00e1s de macetas de jard\u00edn, Acero Corten tambi\u00e9n ofrece diversos productos de construcci\u00f3n como vallas, rejillas y vigas met\u00e1licas.<\/li>\n<li>Est\u00e1n dise\u00f1ados para ser duraderos y pr\u00e1cticos tanto en interiores como en exteriores.<\/li>\n<\/ul>\n<\/li>\n<\/ol>\n<p><a href=\"https:\/\/keweicorten.com\/es_mx\/productos\/\"><img fetchpriority=\"high\" decoding=\"async\" class=\"alignnone wp-image-3600 size-full\" title=\"jardinera de corten\" src=\"https:\/\/keweicorten.com\/wp-content\/uploads\/2025\/02\/corten-bench-planter1.jpg\" alt=\"jardinera de corten\" width=\"700\" height=\"700\" srcset=\"https:\/\/keweicorten.com\/wp-content\/uploads\/2025\/02\/corten-bench-planter1.jpg 700w, https:\/\/keweicorten.com\/wp-content\/uploads\/2025\/02\/corten-bench-planter1-300x300.jpg 300w, https:\/\/keweicorten.com\/wp-content\/uploads\/2025\/02\/corten-bench-planter1-150x150.jpg 150w, https:\/\/keweicorten.com\/wp-content\/uploads\/2025\/02\/corten-bench-planter1-12x12.jpg 12w, https:\/\/keweicorten.com\/wp-content\/uploads\/2025\/02\/corten-bench-planter1-600x600.jpg 600w, https:\/\/keweicorten.com\/wp-content\/uploads\/2025\/02\/corten-bench-planter1-100x100.jpg 100w\" sizes=\"(max-width: 700px) 100vw, 700px\" \/><\/a><\/p>\n<p><a href=\"https:\/\/keweicorten.com\/es_mx\/productos\/\"><img decoding=\"async\" class=\"alignnone wp-image-3599\" title=\"&quot; maceta de acero corten\" src=\"https:\/\/keweicorten.com\/wp-content\/uploads\/2025\/02\/62e9e6527b11d43bfe9df1b2366549c2.jpg\" alt=\"maceta de acero corten\" width=\"698\" height=\"799\" srcset=\"https:\/\/keweicorten.com\/wp-content\/uploads\/2025\/02\/62e9e6527b11d43bfe9df1b2366549c2.jpg 393w, https:\/\/keweicorten.com\/wp-content\/uploads\/2025\/02\/62e9e6527b11d43bfe9df1b2366549c2-262x300.jpg 262w, https:\/\/keweicorten.com\/wp-content\/uploads\/2025\/02\/62e9e6527b11d43bfe9df1b2366549c2-10x12.jpg 10w\" sizes=\"(max-width: 698px) 100vw, 698px\" \/><\/a><\/p>\n<hr \/>\n<h3><strong>C\u00f3mo elegir las macetas adecuadas<\/strong><\/h3>\n<p>A la hora de elegir una maceta de jard\u00edn, tenga en cuenta los siguientes factores:<\/p>\n<ol>\n<li><strong>Tama\u00f1o y forma<\/strong>\n<ul>\n<li>Selecciona macetas que combinen con tu espacio o dise\u00f1o.<\/li>\n<li>Evite las macetas peque\u00f1as para jardines grandes; opte por macetas medianas para dar cabida a plantas m\u00e1s grandes.<\/li>\n<\/ul>\n<\/li>\n<li><strong>Material y durabilidad<\/strong>\n<ul>\n<li>Las macetas de acero corten son duraderas y f\u00e1ciles de mantener, por lo que resultan ideales para plantar bulbos en condiciones dif\u00edciles.<\/li>\n<li>Las macetas de rejilla tambi\u00e9n son muy duraderas debido a su estructura, pero pueden requerir m\u00e1s atenci\u00f3n para su cuidado.<\/li>\n<\/ul>\n<\/li>\n<li><strong>Atractivo est\u00e9tico<\/strong>\n<ul>\n<li>Elige macetas que complementen el dise\u00f1o de tu jard\u00edn; muchas suelen venir con elementos decorativos como flores o plantas.<\/li>\n<li>Algunas macetas modernas incorporan elementos interactivos, como luces LED o sensores, que a\u00f1aden un toque extra de funcionalidad y estilo.<\/li>\n<\/ul>\n<\/li>\n<li><strong>Necesidades de agua<\/strong>\n<ul>\n<li>Comprueba siempre las necesidades de agua de las flores que vayas a plantar para evitar regarlas en exceso o en defecto.<\/li>\n<li>Algunos bulbos de flor pueden necesitar un aporte constante de agua si son delicados o requieren podas frecuentes.<\/li>\n<\/ul>\n<\/li>\n<li><strong>Consejos de mantenimiento<\/strong>\n<ul>\n<li>Mantenga las macetas limpias apison\u00e1ndolas firmemente contra una superficie y utilizando un pa\u00f1o suave para eliminar la suciedad y los restos.<\/li>\n<li>Utilice alimentos para plantas para el mantenimiento regular, especialmente para las plantas m\u00e1s peque\u00f1as que pueden ser m\u00e1s susceptibles a las plagas.<\/li>\n<li>En el caso de plantas m\u00e1s grandes, como rosas o hierbas arom\u00e1ticas, plantarlas en una maceta con tierra mejorar\u00e1 su crecimiento.<\/li>\n<\/ul>\n<\/li>\n<\/ol>\n<hr \/>\n<h3><strong>Consejos para el \u00e9xito a largo plazo<\/strong><\/h3>\n<ul>\n<li><strong>Riego regular:<\/strong>\u00a0Aseg\u00farate de que tus macetas reciben agua suficiente y constante. Un riego insuficiente puede marchitar las plantas, mientras que un riego excesivo puede da\u00f1arlas.<\/li>\n<li><strong>Fertilizaci\u00f3n:<\/strong>\u00a0Aplique fertilizantes adecuados para mantener las plantas sanas, sobre todo en las zonas sombreadas.<\/li>\n<li><strong>Colocaci\u00f3n de semillas:<\/strong>\u00a0Coloque las semillas uniformemente por toda la superficie de la maceta para favorecer un crecimiento sano. Algunos bulbos de flor prefieren espacios abiertos o macetas con peque\u00f1os agujeros.<\/li>\n<\/ul>\n<hr \/>\n<h3><strong>Conclusi\u00f3n<\/strong><\/h3>\n<p>Las macetas de jard\u00edn son una herramienta esencial para crear espacios exteriores acogedores y funcionales. Desde los tradicionales parterres de jard\u00edn hasta las modernas jardineras de rejilla, estas macetas se presentan en diversos materiales y dise\u00f1os para satisfacer distintas necesidades. Tanto si plantas bulbos, hierbas arom\u00e1ticas o flores, la maceta adecuada puede tener un impacto significativo en tu paisaje. Si tiene en cuenta el tama\u00f1o, el material, la est\u00e9tica y el mantenimiento, puede elegir una maceta que realce tanto su belleza como su eficiencia h\u00eddrica.<\/p>","protected":false},"excerpt":{"rendered":"<div class=\"msg-content MuiBox-root css-0\">\n<div class=\"break-words\">\n<p>Una maceta de jard\u00edn es un elemento vers\u00e1til que se utiliza en diversos espacios exteriores. Puede ser una extensi\u00f3n del arriate o incluso un espacio independiente en el jard\u00edn. Elige la maceta que mejor se adapte a tu visi\u00f3n de la zona, ya sea sencilla y decorativa o totalmente funcional con funciones integradas.<\/p>\n<\/div>\n<\/div>","protected":false},"featured_media":3595,"comment_status":"open","ping_status":"closed","template":"","meta":{"_eb_attr":"","_monsterinsights_skip_tracking":false,"_monsterinsights_sitenote_active":false,"_monsterinsights_sitenote_note":"","_monsterinsights_sitenote_category":0,"_uf_show_specific_survey":0,"_uf_disable_surveys":false},"product_brand":[],"product_cat":[59],"product_tag":[],"class_list":{"0":"post-3594","1":"product","2":"type-product","3":"status-publish","4":"has-post-thumbnail","6":"product_cat-flower-pot","8":"first","9":"instock","10":"shipping-taxable","11":"product-type-simple"},"_links":{"self":[{"href":"https:\/\/keweicorten.com\/es_mx\/wp-json\/wp\/v2\/product\/3594"}],"collection":[{"href":"https:\/\/keweicorten.com\/es_mx\/wp-json\/wp\/v2\/product"}],"about":[{"href":"https:\/\/keweicorten.com\/es_mx\/wp-json\/wp\/v2\/types\/product"}],"replies":[{"embeddable":true,"href":"https:\/\/keweicorten.com\/es_mx\/wp-json\/wp\/v2\/comments?post=3594"}],"version-history":[{"count":1,"href":"https:\/\/keweicorten.com\/es_mx\/wp-json\/wp\/v2\/product\/3594\/revisions"}],"predecessor-version":[{"id":3601,"href":"https:\/\/keweicorten.com\/es_mx\/wp-json\/wp\/v2\/product\/3594\/revisions\/3601"}],"wp:featuredmedia":[{"embeddable":true,"href":"https:\/\/keweicorten.com\/es_mx\/wp-json\/wp\/v2\/media\/3595"}],"wp:attachment":[{"href":"https:\/\/keweicorten.com\/es_mx\/wp-json\/wp\/v2\/media?parent=3594"}],"wp:term":[{"taxonomy":"product_brand","embeddable":true,"href":"https:\/\/keweicorten.com\/es_mx\/wp-json\/wp\/v2\/product_brand?post=3594"},{"taxonomy":"product_cat","embeddable":true,"href":"https:\/\/keweicorten.com\/es_mx\/wp-json\/wp\/v2\/product_cat?post=3594"},{"taxonomy":"product_tag","embeddable":true,"href":"https:\/\/keweicorten.com\/es_mx\/wp-json\/wp\/v2\/product_tag?post=3594"}],"curies":[{"name":"wp","href":"https:\/\/api.w.org\/{rel}","templated":true}]}}