{"id":4614,"date":"2025-04-22T07:59:32","date_gmt":"2025-04-22T07:59:32","guid":{"rendered":"https:\/\/keweicorten.com\/?post_type=product&#038;p=4614"},"modified":"2025-04-22T07:59:32","modified_gmt":"2025-04-22T07:59:32","slug":"stainless-steel-h-beam","status":"publish","type":"product","link":"https:\/\/keweicorten.com\/es_mx\/stainless-steel-h-beam\/","title":{"rendered":"stainless steel h beam"},"content":{"rendered":"<h2 class=\"\" data-start=\"55\" data-end=\"96\">\ud83d\udcd6 Stainless Steel H Beam Introduction<\/h2>\n<p class=\"\" data-start=\"98\" data-end=\"465\">Stainless steel H beam is a structural steel with an &#8220;H&#8221;-shaped cross-section, widely used in building structures, bridges, machinery, shipbuilding, automotive frames, and various engineering projects. Due to its excellent corrosion resistance, high strength, and good fabrication properties, it has become a preferred material in modern steel structure construction.<\/p>\n<p class=\"\" data-start=\"467\" data-end=\"715\">Compared to traditional carbon steel H beams, stainless steel H beams offer superior mechanical performance and long-term durability in high-humidity and corrosive environments, reducing maintenance costs and improving overall structural longevity.<\/p>\n<p data-start=\"467\" data-end=\"715\"><a href=\"https:\/\/keweicorten.com\/es_mx\"><img fetchpriority=\"high\" decoding=\"async\" class=\"alignnone wp-image-4615\" title=\"High Quality Galvanized Structural Steel H-beams Sizes 8mm - 64mm 100-408mm Iron Steel h Beams h Beam Stainless for Construction\" src=\"https:\/\/keweicorten.com\/wp-content\/uploads\/2025\/04\/\u5fae\u4fe1\u56fe\u7247_20250421161822.png\" alt=\"High Quality Galvanized Structural Steel H-beams Sizes 8mm - 64mm 100-408mm Iron Steel h Beams h Beam Stainless for Construction\" width=\"700\" height=\"703\" srcset=\"https:\/\/keweicorten.com\/wp-content\/uploads\/2025\/04\/\u5fae\u4fe1\u56fe\u7247_20250421161822.png 750w, https:\/\/keweicorten.com\/wp-content\/uploads\/2025\/04\/\u5fae\u4fe1\u56fe\u7247_20250421161822-300x300.png 300w, https:\/\/keweicorten.com\/wp-content\/uploads\/2025\/04\/\u5fae\u4fe1\u56fe\u7247_20250421161822-150x150.png 150w, https:\/\/keweicorten.com\/wp-content\/uploads\/2025\/04\/\u5fae\u4fe1\u56fe\u7247_20250421161822-12x12.png 12w, https:\/\/keweicorten.com\/wp-content\/uploads\/2025\/04\/\u5fae\u4fe1\u56fe\u7247_20250421161822-600x602.png 600w, https:\/\/keweicorten.com\/wp-content\/uploads\/2025\/04\/\u5fae\u4fe1\u56fe\u7247_20250421161822-100x100.png 100w\" sizes=\"(max-width: 700px) 100vw, 700px\" \/><\/a><\/p>\n<h2 class=\"\" data-start=\"722\" data-end=\"780\">\ud83d\udccc Common Stainless Steel Grades &amp; Chemical Composition<\/h2>\n<p class=\"\" data-start=\"782\" data-end=\"895\">Below is a table of the most commonly used stainless steel H beam grades and their typical chemical compositions:<\/p>\n<table class=\"min-w-full\" data-start=\"897\" data-end=\"1769\">\n<thead data-start=\"897\" data-end=\"1031\">\n<tr data-start=\"897\" data-end=\"1031\">\n<th data-start=\"897\" data-end=\"907\">Grado<\/th>\n<th data-start=\"907\" data-end=\"920\">C (Carbon)<\/th>\n<th data-start=\"920\" data-end=\"935\">Si (Silicon)<\/th>\n<th data-start=\"935\" data-end=\"952\">Mn (Manganese)<\/th>\n<th data-start=\"952\" data-end=\"969\">P (Phosphorus)<\/th>\n<th data-start=\"969\" data-end=\"982\">S (Sulfur)<\/th>\n<th data-start=\"982\" data-end=\"998\">Cr (Chromium)<\/th>\n<th data-start=\"998\" data-end=\"1012\">Ni (Nickel)<\/th>\n<th data-start=\"1012\" data-end=\"1031\">Mo (Molybdenum)<\/th>\n<\/tr>\n<\/thead>\n<tbody data-start=\"1178\" data-end=\"1769\">\n<tr data-start=\"1178\" data-end=\"1325\">\n<td class=\"max-w-[calc(var(--thread-content-max-width)*2\/3)]\" data-start=\"1178\" data-end=\"1191\"><strong data-start=\"1180\" data-end=\"1187\">201<\/strong><\/td>\n<td class=\"max-w-[calc(var(--thread-content-max-width)*2\/3)]\" data-start=\"1191\" data-end=\"1206\">\u22640.15<\/td>\n<td class=\"max-w-[calc(var(--thread-content-max-width)*2\/3)]\" data-start=\"1206\" data-end=\"1220\">\u22641.00<\/td>\n<td class=\"max-w-[calc(var(--thread-content-max-width)*2\/3)]\" data-start=\"1220\" data-end=\"1237\">5.5~7.5<\/td>\n<td class=\"max-w-[calc(var(--thread-content-max-width)*2\/3)]\" data-start=\"1237\" data-end=\"1254\">\u22640.060<\/td>\n<td class=\"max-w-[calc(var(--thread-content-max-width)*2\/3)]\" data-start=\"1254\" data-end=\"1267\">\u22640.030<\/td>\n<td class=\"max-w-[calc(var(--thread-content-max-width)*2\/3)]\" data-start=\"1267\" data-end=\"1287\">16.0~18.0<\/td>\n<td class=\"max-w-[calc(var(--thread-content-max-width)*2\/3)]\" data-start=\"1287\" data-end=\"1305\">3.5~5.5<\/td>\n<td class=\"max-w-[calc(var(--thread-content-max-width)*2\/3)]\" data-start=\"1305\" data-end=\"1325\">&#8211;<\/td>\n<\/tr>\n<tr data-start=\"1326\" data-end=\"1473\">\n<td class=\"max-w-[calc(var(--thread-content-max-width)*2\/3)]\" data-start=\"1326\" data-end=\"1339\"><strong data-start=\"1328\" data-end=\"1335\">304<\/strong><\/td>\n<td class=\"max-w-[calc(var(--thread-content-max-width)*2\/3)]\" data-start=\"1339\" data-end=\"1354\">\u22640.08<\/td>\n<td class=\"max-w-[calc(var(--thread-content-max-width)*2\/3)]\" data-start=\"1354\" data-end=\"1368\">\u22641.00<\/td>\n<td class=\"max-w-[calc(var(--thread-content-max-width)*2\/3)]\" data-start=\"1368\" data-end=\"1385\">\u22642.00<\/td>\n<td class=\"max-w-[calc(var(--thread-content-max-width)*2\/3)]\" data-start=\"1385\" data-end=\"1402\">\u22640.045<\/td>\n<td class=\"max-w-[calc(var(--thread-content-max-width)*2\/3)]\" data-start=\"1402\" data-end=\"1415\">\u22640.030<\/td>\n<td class=\"max-w-[calc(var(--thread-content-max-width)*2\/3)]\" data-start=\"1415\" data-end=\"1435\">18.0~20.0<\/td>\n<td class=\"max-w-[calc(var(--thread-content-max-width)*2\/3)]\" data-start=\"1435\" data-end=\"1453\">8.0~10.5<\/td>\n<td class=\"max-w-[calc(var(--thread-content-max-width)*2\/3)]\" data-start=\"1453\" data-end=\"1473\">&#8211;<\/td>\n<\/tr>\n<tr data-start=\"1474\" data-end=\"1621\">\n<td class=\"max-w-[calc(var(--thread-content-max-width)*2\/3)]\" data-start=\"1474\" data-end=\"1487\"><strong data-start=\"1476\" data-end=\"1483\">316<\/strong><\/td>\n<td class=\"max-w-[calc(var(--thread-content-max-width)*2\/3)]\" data-start=\"1487\" data-end=\"1502\">\u22640.08<\/td>\n<td class=\"max-w-[calc(var(--thread-content-max-width)*2\/3)]\" data-start=\"1502\" data-end=\"1516\">\u22641.00<\/td>\n<td class=\"max-w-[calc(var(--thread-content-max-width)*2\/3)]\" data-start=\"1516\" data-end=\"1533\">\u22642.00<\/td>\n<td class=\"max-w-[calc(var(--thread-content-max-width)*2\/3)]\" data-start=\"1533\" data-end=\"1550\">\u22640.045<\/td>\n<td class=\"max-w-[calc(var(--thread-content-max-width)*2\/3)]\" data-start=\"1550\" data-end=\"1563\">\u22640.030<\/td>\n<td class=\"max-w-[calc(var(--thread-content-max-width)*2\/3)]\" data-start=\"1563\" data-end=\"1583\">16.0~18.0<\/td>\n<td class=\"max-w-[calc(var(--thread-content-max-width)*2\/3)]\" data-start=\"1583\" data-end=\"1601\">10.0~14.0<\/td>\n<td class=\"max-w-[calc(var(--thread-content-max-width)*2\/3)]\" data-start=\"1601\" data-end=\"1621\">2.0~3.0<\/td>\n<\/tr>\n<tr data-start=\"1622\" data-end=\"1769\">\n<td class=\"max-w-[calc(var(--thread-content-max-width)*2\/3)]\" data-start=\"1622\" data-end=\"1635\"><strong data-start=\"1624\" data-end=\"1632\">310S<\/strong><\/td>\n<td class=\"max-w-[calc(var(--thread-content-max-width)*2\/3)]\" data-start=\"1635\" data-end=\"1650\">\u22640.08<\/td>\n<td class=\"max-w-[calc(var(--thread-content-max-width)*2\/3)]\" data-start=\"1650\" data-end=\"1664\">\u22641.50<\/td>\n<td class=\"max-w-[calc(var(--thread-content-max-width)*2\/3)]\" data-start=\"1664\" data-end=\"1681\">\u22642.00<\/td>\n<td class=\"max-w-[calc(var(--thread-content-max-width)*2\/3)]\" data-start=\"1681\" data-end=\"1698\">\u22640.045<\/td>\n<td class=\"max-w-[calc(var(--thread-content-max-width)*2\/3)]\" data-start=\"1698\" data-end=\"1711\">\u22640.030<\/td>\n<td class=\"max-w-[calc(var(--thread-content-max-width)*2\/3)]\" data-start=\"1711\" data-end=\"1731\">24.0~26.0<\/td>\n<td class=\"max-w-[calc(var(--thread-content-max-width)*2\/3)]\" data-start=\"1731\" data-end=\"1749\">19.0~22.0<\/td>\n<td class=\"max-w-[calc(var(--thread-content-max-width)*2\/3)]\" data-start=\"1749\" data-end=\"1769\">&#8211;<\/td>\n<\/tr>\n<\/tbody>\n<\/table>\n<h2 class=\"\" data-start=\"1776\" data-end=\"1822\">\ud83d\udce6 Main Features of Stainless Steel H Beams<\/h2>\n<ul data-start=\"1824\" data-end=\"2288\">\n<li class=\"\" data-start=\"1824\" data-end=\"1917\">\n<p class=\"\" data-start=\"1826\" data-end=\"1917\"><strong data-start=\"1826\" data-end=\"1860\">Excelente resistencia a la corrosi\u00f3n<\/strong>: Suitable for chemical, marine, and bridge applications.<\/p>\n<\/li>\n<li class=\"\" data-start=\"1918\" data-end=\"2011\">\n<p class=\"\" data-start=\"1920\" data-end=\"2011\"><strong data-start=\"1920\" data-end=\"1951\">High Strength &amp; Lightweight<\/strong>: Greater load-bearing capacity with reduced overall weight.<\/p>\n<\/li>\n<li class=\"\" data-start=\"2012\" data-end=\"2120\">\n<p class=\"\" data-start=\"2014\" data-end=\"2120\"><strong data-start=\"2014\" data-end=\"2047\">Superior Structural Stability<\/strong>: Even cross-section with outstanding bending and compression resistance.<\/p>\n<\/li>\n<li class=\"\" data-start=\"2121\" data-end=\"2194\">\n<p class=\"\" data-start=\"2123\" data-end=\"2194\"><strong data-start=\"2123\" data-end=\"2157\">Easy Processing &amp; Installation<\/strong>: Good weldability and machinability.<\/p>\n<\/li>\n<li class=\"\" data-start=\"2195\" data-end=\"2288\">\n<p class=\"\" data-start=\"2197\" data-end=\"2288\"><strong data-start=\"2197\" data-end=\"2217\">Aesthetic Finish<\/strong>: Smooth surface suitable for projects requiring decorative appearance.<\/p>\n<\/li>\n<li data-start=\"2195\" data-end=\"2288\">test\uff1a<\/li>\n<\/ul>\n<p><a href=\"https:\/\/keweicorten.com\/es_mx\"><img decoding=\"async\" class=\"alignnone wp-image-4617\" title=\"h Beam\" src=\"https:\/\/keweicorten.com\/wp-content\/uploads\/2025\/04\/\u5fae\u4fe1\u56fe\u7247_20250421161722.png\" alt=\"h Beam\" width=\"700\" height=\"430\" srcset=\"https:\/\/keweicorten.com\/wp-content\/uploads\/2025\/04\/\u5fae\u4fe1\u56fe\u7247_20250421161722.png 719w, https:\/\/keweicorten.com\/wp-content\/uploads\/2025\/04\/\u5fae\u4fe1\u56fe\u7247_20250421161722-300x184.png 300w, https:\/\/keweicorten.com\/wp-content\/uploads\/2025\/04\/\u5fae\u4fe1\u56fe\u7247_20250421161722-18x12.png 18w, https:\/\/keweicorten.com\/wp-content\/uploads\/2025\/04\/\u5fae\u4fe1\u56fe\u7247_20250421161722-600x369.png 600w\" sizes=\"(max-width: 700px) 100vw, 700px\" \/><\/a><\/p>\n<h2 class=\"\" data-start=\"2295\" data-end=\"2345\">\u00a0Common Stainless Steel H Beam Specifications\uff1a<\/h2>\n<table class=\"min-w-full\" data-start=\"2347\" data-end=\"3207\">\n<thead data-start=\"2347\" data-end=\"2478\">\n<tr data-start=\"2347\" data-end=\"2478\">\n<th data-start=\"2347\" data-end=\"2367\">Section Size (mm)<\/th>\n<th data-start=\"2367\" data-end=\"2395\">Theoretical Weight (kg\/m)<\/th>\n<th data-start=\"2395\" data-end=\"2411\">Height H (mm)<\/th>\n<th data-start=\"2411\" data-end=\"2426\">Width B (mm)<\/th>\n<th data-start=\"2426\" data-end=\"2450\">Web Thickness t1 (mm)<\/th>\n<th data-start=\"2450\" data-end=\"2478\">Flange Thickness t2 (mm)<\/th>\n<\/tr>\n<\/thead>\n<tbody data-start=\"2620\" data-end=\"3207\">\n<tr data-start=\"2620\" data-end=\"2766\">\n<td class=\"max-w-[calc(var(--thread-content-max-width)*2\/3)]\" data-start=\"2620\" data-end=\"2640\">100\u00d7100\u00d76\u00d78<\/td>\n<td class=\"max-w-[calc(var(--thread-content-max-width)*2\/3)]\" data-start=\"2640\" data-end=\"2672\">20.93<\/td>\n<td class=\"max-w-[calc(var(--thread-content-max-width)*2\/3)]\" data-start=\"2672\" data-end=\"2690\">100<\/td>\n<td class=\"max-w-[calc(var(--thread-content-max-width)*2\/3)]\" data-start=\"2690\" data-end=\"2707\">100<\/td>\n<td class=\"max-w-[calc(var(--thread-content-max-width)*2\/3)]\" data-start=\"2707\" data-end=\"2736\">6<\/td>\n<td class=\"max-w-[calc(var(--thread-content-max-width)*2\/3)]\" data-start=\"2736\" data-end=\"2766\">8<\/td>\n<\/tr>\n<tr data-start=\"2767\" data-end=\"2913\">\n<td class=\"max-w-[calc(var(--thread-content-max-width)*2\/3)]\" data-start=\"2767\" data-end=\"2787\">150\u00d7150\u00d77\u00d710<\/td>\n<td class=\"max-w-[calc(var(--thread-content-max-width)*2\/3)]\" data-start=\"2787\" data-end=\"2819\">35.36<\/td>\n<td class=\"max-w-[calc(var(--thread-content-max-width)*2\/3)]\" data-start=\"2819\" data-end=\"2837\">150<\/td>\n<td class=\"max-w-[calc(var(--thread-content-max-width)*2\/3)]\" data-start=\"2837\" data-end=\"2854\">150<\/td>\n<td class=\"max-w-[calc(var(--thread-content-max-width)*2\/3)]\" data-start=\"2854\" data-end=\"2883\">7<\/td>\n<td class=\"max-w-[calc(var(--thread-content-max-width)*2\/3)]\" data-start=\"2883\" data-end=\"2913\">10<\/td>\n<\/tr>\n<tr data-start=\"2914\" data-end=\"3060\">\n<td class=\"max-w-[calc(var(--thread-content-max-width)*2\/3)]\" data-start=\"2914\" data-end=\"2934\">200\u00d7200\u00d78\u00d712<\/td>\n<td class=\"max-w-[calc(var(--thread-content-max-width)*2\/3)]\" data-start=\"2934\" data-end=\"2966\">56.23<\/td>\n<td class=\"max-w-[calc(var(--thread-content-max-width)*2\/3)]\" data-start=\"2966\" data-end=\"2984\">200<\/td>\n<td class=\"max-w-[calc(var(--thread-content-max-width)*2\/3)]\" data-start=\"2984\" data-end=\"3001\">200<\/td>\n<td class=\"max-w-[calc(var(--thread-content-max-width)*2\/3)]\" data-start=\"3001\" data-end=\"3030\">8<\/td>\n<td class=\"max-w-[calc(var(--thread-content-max-width)*2\/3)]\" data-start=\"3030\" data-end=\"3060\">12<\/td>\n<\/tr>\n<tr data-start=\"3061\" data-end=\"3207\">\n<td class=\"max-w-[calc(var(--thread-content-max-width)*2\/3)]\" data-start=\"3061\" data-end=\"3081\">250\u00d7250\u00d79\u00d714<\/td>\n<td class=\"max-w-[calc(var(--thread-content-max-width)*2\/3)]\" data-start=\"3081\" data-end=\"3113\">80.56<\/td>\n<td class=\"max-w-[calc(var(--thread-content-max-width)*2\/3)]\" data-start=\"3113\" data-end=\"3131\">250<\/td>\n<td class=\"max-w-[calc(var(--thread-content-max-width)*2\/3)]\" data-start=\"3131\" data-end=\"3148\">250<\/td>\n<td class=\"max-w-[calc(var(--thread-content-max-width)*2\/3)]\" data-start=\"3148\" data-end=\"3177\">9<\/td>\n<td class=\"max-w-[calc(var(--thread-content-max-width)*2\/3)]\" data-start=\"3177\" data-end=\"3207\">14<\/td>\n<\/tr>\n<\/tbody>\n<\/table>\n<h2 class=\"\" data-start=\"3214\" data-end=\"3238\">\ud83d\udcc8 Application Fields<\/h2>\n<ul data-start=\"3240\" data-end=\"3416\">\n<li class=\"\" data-start=\"3240\" data-end=\"3271\">\n<p class=\"\" data-start=\"3242\" data-end=\"3271\">High-rise building structures<\/p>\n<\/li>\n<li class=\"\" data-start=\"3272\" data-end=\"3297\">\n<p class=\"\" data-start=\"3274\" data-end=\"3297\">Bridge steel structures<\/p>\n<\/li>\n<li class=\"\" data-start=\"3298\" data-end=\"3329\">\n<p class=\"\" data-start=\"3300\" data-end=\"3329\">Chemical plant support frames<\/p>\n<\/li>\n<li class=\"\" data-start=\"3330\" data-end=\"3356\">\n<p class=\"\" data-start=\"3332\" data-end=\"3356\">Port and dock facilities<\/p>\n<\/li>\n<li class=\"\" data-start=\"3357\" data-end=\"3377\">\n<p class=\"\" data-start=\"3359\" data-end=\"3377\">Offshore platforms<\/p>\n<\/li>\n<li class=\"\" data-start=\"3378\" data-end=\"3416\">\n<p class=\"\" data-start=\"3380\" data-end=\"3416\">Automotive and ship frame structures<\/p>\n<\/li>\n<\/ul>\n<p><a href=\"https:\/\/keweicorten.com\/es_mx\/productos\/\"><img decoding=\"async\" class=\"alignnone\" title=\"Australian Standard S355J0 A572G50A992 H-shaped Steel\" src=\"https:\/\/sc04.alicdn.com\/kf\/H8a64cdd0e11d4c4d80649ce1ba94db26q\/268738503\/H8a64cdd0e11d4c4d80649ce1ba94db26q.jpg\" alt=\"Australian Standard S355J0 A572G50A992 H-shaped Steel\" width=\"700\" height=\"700\" \/>.<\/a><\/p>\n<div class=\"J_module\">\n<h2 id=\"ali-anchor-AliMagic-4mppt2\" class=\"magic-0\" data-section=\"AliMagic-4mppt2\" data-section-title=\"Packing &amp; Delivery\" data-spm-anchor-id=\"a2700.details.0.i76.64ad9585RzUVgi\">Factory &amp; Delivery<\/h2>\n<\/div>\n<div class=\"J_module\">\n<div class=\"icbu-pc-images magic-10\">\n<div class=\"flex-layout-v\">\n<div class=\"flex-layout-h magic-10\"><a href=\"https:\/\/keweicorten.com\/es_mx\"><img loading=\"lazy\" decoding=\"async\" class=\"alignnone wp-image-4618\" title=\"Hot Rolled Carbon Steel H Beam Q235B Q355B H-Shaped Steel Structural Steel Beams Low Price Factory Direct\" src=\"https:\/\/keweicorten.com\/wp-content\/uploads\/2025\/04\/\u5fae\u4fe1\u56fe\u7247_20250421161945.png\" alt=\"Hot Rolled Carbon Steel H Beam Q235B Q355B H-Shaped Steel Structural Steel Beams Low Price Factory Direct\" width=\"700\" height=\"833\" srcset=\"https:\/\/keweicorten.com\/wp-content\/uploads\/2025\/04\/\u5fae\u4fe1\u56fe\u7247_20250421161945.png 750w, https:\/\/keweicorten.com\/wp-content\/uploads\/2025\/04\/\u5fae\u4fe1\u56fe\u7247_20250421161945-252x300.png 252w, https:\/\/keweicorten.com\/wp-content\/uploads\/2025\/04\/\u5fae\u4fe1\u56fe\u7247_20250421161945-10x12.png 10w, https:\/\/keweicorten.com\/wp-content\/uploads\/2025\/04\/\u5fae\u4fe1\u56fe\u7247_20250421161945-600x714.png 600w\" sizes=\"(max-width: 700px) 100vw, 700px\" \/><\/a><\/div>\n<div>\n<h2>PREGUNTAS FRECUENTES<\/h2>\n<p><b>Q:Can you send samples?<\/b><br \/>\nA:Of course, we can send samples to all parts of the world, our samples are free, but customers need<\/p>\n<div>to bear the courier costs.<\/p>\n<div>\n<b>Q:What product information do I need to provide?<\/b><br \/>\nA:You need to provide the grade, width, thickness and the number of tons you need to<\/div>\n<div>purchase.<\/p>\n<p><b>Q:What are the shipping ports?<\/b><br \/>\nA:You can choose other ports according to your needs.<\/p>\n<p><b>Q:About product prices?<\/b><br \/>\nA:Prices vary from period to period due to cyclical changes in the price of raw materials.<\/p>\n<p><b>Q:How long does your delivery time take?<\/b><br \/>\nA:In general, our delivery time is within 7-45 days, and may be delayed if the demand is extremely<\/div>\n<div>large or special circumstances occur.<\/p>\n<p><b>Q:Can I go to your factory to visit?<\/b><br \/>\nA:Of course, we welcome customers from all over the world to visit our factory.<\/p>\n<p><b>Q:Does the product have quality inspection before loading?<\/b><br \/>\nA:Of course, all our products are strictly tested for quality before packaging.<\/p>\n<p><b>Q:How to pack the products?<\/b><br \/>\nA:The inner layer has a waterproof paper outer layer with iron packaging and is fixed with a fumigation wooden pallet. It can effectively protect products from corrosion during ocean transportation.<\/p>\n<p><b>Q:What is your working time?<\/b><br \/>\nA:In general, our online service time is: Monday to Friday, after Friday, I will reply immediately upon seeing it.<\/div>\n<\/div>\n<\/div>\n<\/div>\n<\/div>\n<\/div>\n<p>&nbsp;<\/p>","protected":false},"excerpt":{"rendered":"<p>Stainless steel H beams feature an H-shaped cross-section and excellent mechanical properties. Offered in grades 201, 304, 316, and 310S, with chemical compositions meeting international standards. Widely used in high-rise buildings, bridges, offshore platforms, and chemical equipment support.<\/p>","protected":false},"featured_media":4619,"comment_status":"open","ping_status":"closed","template":"","meta":{"_eb_attr":"","_monsterinsights_skip_tracking":false,"_monsterinsights_sitenote_active":false,"_monsterinsights_sitenote_note":"","_monsterinsights_sitenote_category":0,"_uf_show_specific_survey":0,"_uf_disable_surveys":false},"product_brand":[],"product_cat":[21],"product_tag":[],"class_list":{"0":"post-4614","1":"product","2":"type-product","3":"status-publish","4":"has-post-thumbnail","6":"product_cat-weather-resistant-steel-plate","8":"first","9":"instock","10":"shipping-taxable","11":"product-type-simple"},"_links":{"self":[{"href":"https:\/\/keweicorten.com\/es_mx\/wp-json\/wp\/v2\/product\/4614"}],"collection":[{"href":"https:\/\/keweicorten.com\/es_mx\/wp-json\/wp\/v2\/product"}],"about":[{"href":"https:\/\/keweicorten.com\/es_mx\/wp-json\/wp\/v2\/types\/product"}],"replies":[{"embeddable":true,"href":"https:\/\/keweicorten.com\/es_mx\/wp-json\/wp\/v2\/comments?post=4614"}],"version-history":[{"count":2,"href":"https:\/\/keweicorten.com\/es_mx\/wp-json\/wp\/v2\/product\/4614\/revisions"}],"predecessor-version":[{"id":4623,"href":"https:\/\/keweicorten.com\/es_mx\/wp-json\/wp\/v2\/product\/4614\/revisions\/4623"}],"wp:featuredmedia":[{"embeddable":true,"href":"https:\/\/keweicorten.com\/es_mx\/wp-json\/wp\/v2\/media\/4619"}],"wp:attachment":[{"href":"https:\/\/keweicorten.com\/es_mx\/wp-json\/wp\/v2\/media?parent=4614"}],"wp:term":[{"taxonomy":"product_brand","embeddable":true,"href":"https:\/\/keweicorten.com\/es_mx\/wp-json\/wp\/v2\/product_brand?post=4614"},{"taxonomy":"product_cat","embeddable":true,"href":"https:\/\/keweicorten.com\/es_mx\/wp-json\/wp\/v2\/product_cat?post=4614"},{"taxonomy":"product_tag","embeddable":true,"href":"https:\/\/keweicorten.com\/es_mx\/wp-json\/wp\/v2\/product_tag?post=4614"}],"curies":[{"name":"wp","href":"https:\/\/api.w.org\/{rel}","templated":true}]}}