{"id":1006,"date":"2024-09-10T06:29:40","date_gmt":"2024-09-10T06:29:40","guid":{"rendered":"https:\/\/keweicorten.com\/?post_type=product&#038;p=1006"},"modified":"2025-01-15T06:28:19","modified_gmt":"2025-01-15T06:28:19","slug":"kortenvalgusti","status":"publish","type":"product","link":"https:\/\/keweicorten.com\/et\/kortenvalgusti\/","title":{"rendered":"kortenvalgusti"},"content":{"rendered":"<h3>Kortenvalgusti projekteerimine ja kasutamine:<\/h3>\n<h4>disain<\/h4>\n<p>1. Materjali omadused :<br \/>\nIlmastikukindlus : ilmastikukindel teras on suurep\u00e4rase korrosiooni- ja oks\u00fcdatsioonikindlusega ning seda saab kasutada v\u00e4litingimustes pikka aega ilma sagedase hoolduseta.<br \/>\nV\u00e4rvimuutus : Kui ilmastikumuutustega kokkupuutuv teras puutub kokku looduskeskkonnaga, moodustub j\u00e4rk-j\u00e4rgult kaitsev roostekihi, mis muudab selle v\u00e4rvi ainulaadseks punakaspruuniks, millel on hea esteetiline efekt.<\/p>\n<p>2. Kuju ja struktuur :<br \/>\n- Saab kujundada erineva kuju ja suurusega, et sobida erinevatele keskkondadele ja vajadustele. Levinud kujundused h\u00f5lmavad ristk\u00fclikukujulisi, ringikujulisi ja ebakorrap\u00e4raseid kujundeid.<br \/>\n- Arvestades valguskasti sisu kuvamist, saab seda kujundada kolmem\u00f5\u00f5tmelisena, lamedana, taustavalgusega ja muudes vormides.<\/p>\n<p>3.  Valgusefekt :<br \/>\n- Kortenvalgusti sisemusse saab valida LED-lambid, et tagada t\u00f5hus ja keskkonnas\u00f5bralik valgustus, saavutades samas erinevaid heledusi ja v\u00e4rviefekte, et suurendada visuaalset atraktiivsust.<\/p>\n<p>4.  Funktsionaalne disain :<br \/>\n- Arvestades ilmastikutingimusi, peab projekteerimisel tagama, et valguskastil oleksid head vee- ja tuulekindlad omadused, et tagada elektriliste komponentide ohutus.<\/p>\n<h4>Taotlus<\/h4>\n<p>1. Linnavaade :<br \/>\nIlmastikukindla terasest valguskarpe kasutatakse laialdaselt linnade avalikus kunstis ja maastikukujunduses, et suurendada linna kultuurilist atmosf\u00e4\u00e4ri ja ilu.<\/p>\n<p>2. Kaubanduslik:<br \/>\nT\u00e4nu ilmastikutingimustes kasutatava terase ainulaadsele v\u00e4limusele kasutatakse seda sageli kaubandusliku valguskarbina, et \u00e4ratada m\u00f6\u00f6dujate t\u00e4helepanu.<\/p>\n<p>3. Liiklusjuhised :<br \/>\nKasutatakse liiklusm\u00e4rkidel, infotahvlitel ja muudes kohtades, nii ilusad kui ka praktilised.<\/p>\n<p>4. \u00dchenduse rajatised:<br \/>\nIlmastikukindlast terasest valguskastide paigaldamine avalikesse ruumidesse, n\u00e4iteks parkidesse ja v\u00e4ljakutele, v\u00f5ib pakkuda nii valgusefekte kui ka olla teabe suunamise ja reklaami kandjaks.<\/p>\n<table class=\"table\" border=\"1\" cellspacing=\"1\" cellpadding=\"1\">\n<tbody>\n<tr>\n<td colspan=\"1\" rowspan=\"1\">Toote nimi<\/td>\n<td colspan=\"1\" rowspan=\"1\">Aia tee tuled<\/td>\n<\/tr>\n<tr>\n<td colspan=\"1\" rowspan=\"1\">Materjal<\/td>\n<td colspan=\"1\" rowspan=\"1\">Corten teras<\/td>\n<\/tr>\n<tr>\n<td colspan=\"1\" rowspan=\"1\">Kasutamine<\/td>\n<td colspan=\"1\" rowspan=\"1\">V\u00e4lisruumid Patio Pathway Maastikuaed<\/td>\n<\/tr>\n<tr>\n<td colspan=\"1\" rowspan=\"1\">Maapealne k\u00f5rgus (mm)<\/td>\n<td colspan=\"1\" rowspan=\"1\">800mm, 600mm<\/td>\n<\/tr>\n<tr>\n<td colspan=\"1\" rowspan=\"1\">L\u00e4bim\u00f5\u00f5t \/ laius (mm)<\/td>\n<td colspan=\"1\" rowspan=\"1\">120mm, 150mm<\/td>\n<\/tr>\n<tr>\n<td colspan=\"1\" rowspan=\"1\">Fikseerimine<\/td>\n<td colspan=\"1\" rowspan=\"1\">Pinnale \/ alusplaadile kinnitatud<\/td>\n<\/tr>\n<tr>\n<td colspan=\"1\" rowspan=\"1\">Stiil<\/td>\n<td colspan=\"1\" rowspan=\"1\">Modern - V\u00e4litingimustes kasutatav murulamp<\/td>\n<\/tr>\n<tr>\n<td colspan=\"1\" rowspan=\"1\">Pinnat\u00f6\u00f6tlus<\/td>\n<td colspan=\"1\" rowspan=\"1\">Corten rooste<\/td>\n<\/tr>\n<tr>\n<td colspan=\"1\" rowspan=\"1\">Disain<\/td>\n<td colspan=\"1\" rowspan=\"1\">Kunstiteos<\/td>\n<\/tr>\n<tr>\n<td colspan=\"1\" rowspan=\"1\">N\u00e4ide<\/td>\n<td colspan=\"1\" rowspan=\"1\">7 p\u00e4eva<\/td>\n<\/tr>\n<\/tbody>\n<\/table>\n<div class=\"kche-t104-item\">\n<div class=\"kche-t104-item-img\"><img fetchpriority=\"high\" decoding=\"async\" title=\"Maastiku aed Solar Bollard Light\" src=\"https:\/\/www.keweistove.com\/uploads\/39684\/products\/202403291605106e6cb.jpg?size=750x0\" alt=\"Maastiku aed Solar Bollard Light\" width=\"750\" height=\"750\" \/><\/div>\n<\/div>\n<div class=\"kche-t104-item\">\n<div class=\"kche-t104-item-img\"><img decoding=\"async\" title=\"Aia tee tuled\" src=\"https:\/\/www.keweistove.com\/uploads\/39684\/products\/2024032916052398d2c.jpg?size=750x0\" alt=\"Aia tee tuled\" width=\"750\" height=\"750\" \/><\/div>\n<\/div>\n<div class=\"kche-t104-item\">\n<div class=\"kche-t104-item-img\"><img decoding=\"async\" class=\"alignnone\" title=\"Parim ilmastikukindel v\u00e4lisvalgustus\" src=\"https:\/\/www.keweistove.com\/uploads\/39684\/products\/20240329160540ec715.jpg?size=600x0\" alt=\"Parim ilmastikukindel v\u00e4lisvalgustus\" width=\"751\" height=\"751\" \/><\/div>\n<div class=\"kche-t104-item-text\">\n<p class=\"kche-t94-tit\">KKK<\/p>\n<div class=\"kche-t94-bottom\">\n<div class=\"kche-t94-bottom-r\">\n<div id=\"kchet94Accordion\">\n<div class=\"kche-t94-bottom-item\">\n<p class=\"kche-t94-item-tit\">K\u00fcsimus: Kuidas saavad v\u00e4lisvalgustid olla veekindlad?<\/p>\n<div class=\"kche-t94-bottom-item\">\n<div class=\"kche-t94-item-box\">Vastus: V\u00e4lisvalgustus on tavaliselt veekindel disain, n\u00e4iteks IP65 veekindel, et tagada, et vihmane ilm ei m\u00f5juta seda.<\/div>\n<\/div>\n<div class=\"kche-t94-bottom-item\"><\/div>\n<\/div>\n<div class=\"kche-t94-bottom-item\">\n<p class=\"kche-t94-item-tit\">K\u00fcsimus: Millist valgusallikat kasutatakse v\u00e4listulede puhul, et s\u00e4\u00e4sta energiat?<\/p>\n<div class=\"kche-t94-bottom-item\">\n<div class=\"kche-t94-item-box\">Vastus: LED-lambid on energias\u00e4\u00e4stlikum valik, madal energiatarbimine, pikk kasutusiga, suur heledus.<\/div>\n<\/div>\n<div class=\"kche-t94-bottom-item\"><\/div>\n<\/div>\n<div class=\"kche-t94-bottom-item\">\n<p class=\"kche-t94-item-tit\">K\u00fcsimus: Kuidas puhastada v\u00e4lisvalgustust?<\/p>\n<div class=\"kche-t94-bottom-item\">\n<div class=\"kche-t94-item-box\">Vastus: Kasutage pinna p\u00fchkimiseks puhast, pehmet lappi ja veenduge, et lamp on enne puhastamist v\u00e4lja l\u00fclitatud ja jahtunud.<\/div>\n<\/div>\n<div class=\"kche-t94-bottom-item\"><\/div>\n<\/div>\n<div class=\"kche-t94-bottom-item\">\n<p class=\"kche-t94-item-tit\">K\u00fcsimus: Mis on v\u00e4lislampide sagedase vilkumise p\u00f5hjus?<\/p>\n<div class=\"kche-wrap-width\">\n<div class=\"kche-t94\">\n<div class=\"kche-t94-content\">\n<div class=\"kche-t94-bottom\">\n<div class=\"kche-t94-bottom-r\">\n<div id=\"kchet94Accordion\">\n<div class=\"kche-t94-bottom-item\">\n<div class=\"kche-t94-item-box\">Vastus: Selle p\u00f5hjuseks v\u00f5ib olla halb kontakt, liinirike, vananev valgusallikas ja muud p\u00f5hjused ning seda tuleks \u00f5igeaegselt parandada.<\/div>\n<\/div>\n<\/div>\n<\/div>\n<\/div>\n<\/div>\n<\/div>\n<\/div>\n<\/div>\n<\/div>\n<\/div>\n<\/div>\n<\/div>\n<\/div>","protected":false},"excerpt":{"rendered":"<p>Ilmastikukindlast terasest valguskastid on t\u00e4nu oma vastupidavusele, ainulaadsele v\u00e4limusele ja mitmekesistele rakendusskeemidele muutunud j\u00e4rk-j\u00e4rgult populaarseks valikuks linnakujunduses ja reklaamis. Projekteerimisel ja kohaldamisel arvestage selle ilmastikukindlust, esteetilisust ja praktilisust, v\u00f5ib paremini vastata turu n\u00f5udlusele.<\/p>","protected":false},"featured_media":1007,"comment_status":"open","ping_status":"closed","template":"","meta":{"_eb_attr":"","_monsterinsights_skip_tracking":false,"_monsterinsights_sitenote_active":false,"_monsterinsights_sitenote_note":"","_monsterinsights_sitenote_category":0,"_uf_show_specific_survey":0,"_uf_disable_surveys":false},"product_brand":[],"product_cat":[61],"product_tag":[],"class_list":{"0":"post-1006","1":"product","2":"type-product","3":"status-publish","4":"has-post-thumbnail","6":"product_cat-light-post","8":"first","9":"instock","10":"shipping-taxable","11":"product-type-simple"},"_links":{"self":[{"href":"https:\/\/keweicorten.com\/et\/wp-json\/wp\/v2\/product\/1006"}],"collection":[{"href":"https:\/\/keweicorten.com\/et\/wp-json\/wp\/v2\/product"}],"about":[{"href":"https:\/\/keweicorten.com\/et\/wp-json\/wp\/v2\/types\/product"}],"replies":[{"embeddable":true,"href":"https:\/\/keweicorten.com\/et\/wp-json\/wp\/v2\/comments?post=1006"}],"version-history":[{"count":2,"href":"https:\/\/keweicorten.com\/et\/wp-json\/wp\/v2\/product\/1006\/revisions"}],"predecessor-version":[{"id":1013,"href":"https:\/\/keweicorten.com\/et\/wp-json\/wp\/v2\/product\/1006\/revisions\/1013"}],"wp:featuredmedia":[{"embeddable":true,"href":"https:\/\/keweicorten.com\/et\/wp-json\/wp\/v2\/media\/1007"}],"wp:attachment":[{"href":"https:\/\/keweicorten.com\/et\/wp-json\/wp\/v2\/media?parent=1006"}],"wp:term":[{"taxonomy":"product_brand","embeddable":true,"href":"https:\/\/keweicorten.com\/et\/wp-json\/wp\/v2\/product_brand?post=1006"},{"taxonomy":"product_cat","embeddable":true,"href":"https:\/\/keweicorten.com\/et\/wp-json\/wp\/v2\/product_cat?post=1006"},{"taxonomy":"product_tag","embeddable":true,"href":"https:\/\/keweicorten.com\/et\/wp-json\/wp\/v2\/product_tag?post=1006"}],"curies":[{"name":"wp","href":"https:\/\/api.w.org\/{rel}","templated":true}]}}