{"id":1090,"date":"2024-09-11T03:01:04","date_gmt":"2024-09-11T03:01:04","guid":{"rendered":"https:\/\/keweicorten.com\/?post_type=product&#038;p=1090"},"modified":"2025-01-15T06:18:33","modified_gmt":"2025-01-15T06:18:33","slug":"suured-oues-lillepotid","status":"publish","type":"product","link":"https:\/\/keweicorten.com\/et\/suured-oues-lillepotid\/","title":{"rendered":"suured \u00f5ues lillepotid"},"content":{"rendered":"<h2>Ilmastikukindlast terasest \u00f5uekannu eelised ja rakendused\uff1a<\/h2>\n<hr \/>\n<p>Ilmastikukindlal terasel on suurep\u00e4rane korrosioonikindlus ja ilmastikukindlus ning see suudab s\u00e4ilitada stabiilse toimivuse erinevates ilmastikutingimustes. Lisaks sellele suurendab selle ainulaadne roostes v\u00e4limus mitte ainult esteetilisust, vaid sulandub ka harmooniliselt looduskeskkonnaga.<\/p>\n<p>&nbsp;<\/p>\n<figure id=\"attachment_1091\" aria-describedby=\"caption-attachment-1091\" style=\"width: 794px\" class=\"wp-caption alignleft\"><img fetchpriority=\"high\" decoding=\"async\" class=\"wp-image-1091\" src=\"https:\/\/keweicorten.com\/wp-content\/uploads\/2024\/09\/\u5fae\u4fe1\u56fe\u7247_20230707144213-300x300.jpg\" alt=\"\" width=\"794\" height=\"794\" srcset=\"https:\/\/keweicorten.com\/wp-content\/uploads\/2024\/09\/\u5fae\u4fe1\u56fe\u7247_20230707144213-300x300.jpg 300w, https:\/\/keweicorten.com\/wp-content\/uploads\/2024\/09\/\u5fae\u4fe1\u56fe\u7247_20230707144213-150x150.jpg 150w, https:\/\/keweicorten.com\/wp-content\/uploads\/2024\/09\/\u5fae\u4fe1\u56fe\u7247_20230707144213-12x12.jpg 12w, https:\/\/keweicorten.com\/wp-content\/uploads\/2024\/09\/\u5fae\u4fe1\u56fe\u7247_20230707144213-600x600.jpg 600w, https:\/\/keweicorten.com\/wp-content\/uploads\/2024\/09\/\u5fae\u4fe1\u56fe\u7247_20230707144213-100x100.jpg 100w, https:\/\/keweicorten.com\/wp-content\/uploads\/2024\/09\/\u5fae\u4fe1\u56fe\u7247_20230707144213.jpg 750w\" sizes=\"(max-width: 794px) 100vw, 794px\" \/><figcaption id=\"caption-attachment-1091\" class=\"wp-caption-text\">corten flower por<\/figcaption><\/figure>\n<h3><\/h3>\n<h3><\/h3>\n<h3><\/h3>\n<h3><\/h3>\n<h3><\/h3>\n<h3><\/h3>\n<h3><\/h3>\n<h3><\/h3>\n<h3><\/h3>\n<h3><\/h3>\n<h3><\/h3>\n<h3><\/h3>\n<h3><\/h3>\n<h3><\/h3>\n<h3><\/h3>\n<h3><\/h3>\n<h3><\/h3>\n<h3><\/h3>\n<h3><\/h3>\n<h3>suurte \u00f5uekannude eelised\uff1a<\/h3>\n<ul>\n<li>Vastupidavus: Vastupidavus: ilmastikukindel terasest lillepott peab vastu \u00e4\u00e4rmuslikele ilmastikutingimustele, pikk kasutusiga.<br \/>\nMadalad hoolduskulud: T\u00e4nu korrosioonikindlusele v\u00e4heneb hoolduse ja v\u00e4ljavahetamise sagedus.<br \/>\nEsteetika: Taimestik: ainulaadne v\u00e4limus muudab selle aianduslike kaunistuste esilet\u00f5stmiseks.<br \/>\nKeskkonnakaitse: Koosk\u00f5las s\u00e4\u00e4stva arengu kontseptsiooniga saab ilmastikutingimustele vastavat terast ringlusse v\u00f5tta.<\/li>\n<\/ul>\n<h3>suurte \u00f5uekannude rakendusstsenaarium\uff1a<\/h3>\n<ul>\n<li>Terasest lillepotid sobivad paljudeks puhkudel, sealhulgas linnaparkidesse, kaubanduslike v\u00e4ljakute, eraaedade jne. Selle mitmekesine disain ja suurusvariandid v\u00f5imaldavad vastata erinevate keskkondade ja vajaduste n\u00f5uetele.<\/li>\n<li>V\u00e4litingimustes kasutatavad lillepotid on t\u00e4nu nende suurep\u00e4rasele toimivusele ja ilusale v\u00e4limusele muutunud oluliseks valikuks kaasaegses aiandusdisainis. Kuna inimesed p\u00f6\u00f6ravad t\u00e4helepanu keskkonna kaunistamisele ja s\u00e4\u00e4stvale arengule, siis on ilmastikukindlast terasest lillepotikate rakendusperspektiivid laiemad.<\/li>\n<\/ul>\n<table border=\"1\">\n<tbody>\n<tr>\n<td><span data-spm-anchor-id=\"a2700.details.0.i39.14133542hOt861\">Toote nimi<\/span><\/td>\n<td data-spm-anchor-id=\"a2700.details.0.i43.14133542hOt861\">Corten terasest v\u00e4ljas taimekast Kohandatud aed taimede lillepotid v\u00e4ljas kasti Corten terasest kuubik taimekasvataja<\/td>\n<\/tr>\n<tr>\n<td data-spm-anchor-id=\"a2700.details.0.i40.14133542hOt861\">Materjal<\/td>\n<td data-spm-anchor-id=\"a2700.details.0.i42.14133542hOt861\">Cor-ten teras S\u00fcsinikteras . roostevaba teras<\/td>\n<\/tr>\n<tr>\n<td>L\u00f5peta<\/td>\n<td>Roostes v\u00f5i pulberv\u00e4rvitud<\/td>\n<\/tr>\n<tr>\n<td>Tavaline suurus<\/td>\n<td>100x45x45cm . 120x50x60cm . 150x50x60cm . 200x50x60cm<\/td>\n<\/tr>\n<tr>\n<td>Disain<\/td>\n<td>Aktsepteeri kohandatud<\/td>\n<\/tr>\n<tr>\n<td>taotlus<\/td>\n<td>Siseruumide ja v\u00e4litingimuste kaunistamine<\/td>\n<\/tr>\n<\/tbody>\n<\/table>\n<p><a href=\"https:\/\/keweicorten.com\/et\/votke-meiega-uhendust\/\"><img decoding=\"async\" class=\"alignnone\" title=\" Taimede kast\" src=\"https:\/\/sc04.alicdn.com\/kf\/H0b0c474c4364463c955113ae286e19faM\/223026859\/H0b0c474c4364463c955113ae286e19faM.png\" alt=\"Corten terasest v\u00e4ljas taimekast Kohandatud aed taimede lillepotid v\u00e4ljas kasti Corten terasest kuubik taimekasvataja\" width=\"881\" height=\"292\" \/><\/a><\/p>\n<p>1.K\u00fcsimus: Kas rooste v\u00e4rvib pinda, millel ta istub?<\/p>\n<p>Vastus: Me pihustame keemilist vedelikku, et hoida roostet...<\/p>\n<p>&nbsp;<\/p>\n<p>2. K\u00fcsimus: kui palju need kaaluvad?<br \/>\nVastus: Palun kontrollige tootjalt, sest seal on mitu suurust.<\/p>\n<p>&nbsp;<\/p>\n<p>3. K\u00fcsimus: Kui palju kaalub L88*W30*H75 CM?<\/p>\n<p>Vastus: 36KG<\/p>\n<p>&nbsp;<\/p>\n<p>4. K\u00fcsimus: Kas seda saab kruntida ja v\u00e4rvida enne, kui see hakkab roostetama?<br \/>\nVastus: Ei, ilu on siis, kui ta hakkab roostetama. See ei ole m\u00f5eldud v\u00e4rvimiseks.<\/p>\n<p>&nbsp;<\/p>\n<p>5. K\u00fcsimus: Panited panter on saadaval?<\/p>\n<p>Vastus: Loomulikult ei ole meil ainult roostetanud pinnaga istutuspott, vaid ka pulberv\u00e4rvitud.<\/p>","protected":false},"excerpt":{"rendered":"<p>Ilmastikukindel terasest lillepott on t\u00e4nap\u00e4eva lillekasvatuses v\u00e4ga levinud lillepoti materjal. See on valmistatud kvaliteetsest terasest, millel on \u00e4\u00e4rmiselt suur vastupidavus, korrosioonikindlus ja ilmastikukindlus. Lillekasvatuses on ilmselged ilmastikukindlast terasest lillepottide eelised<\/p>","protected":false},"featured_media":1092,"comment_status":"open","ping_status":"closed","template":"","meta":{"_eb_attr":"","_monsterinsights_skip_tracking":false,"_monsterinsights_sitenote_active":false,"_monsterinsights_sitenote_note":"","_monsterinsights_sitenote_category":0,"_uf_show_specific_survey":0,"_uf_disable_surveys":false},"product_brand":[],"product_cat":[59],"product_tag":[],"class_list":{"0":"post-1090","1":"product","2":"type-product","3":"status-publish","4":"has-post-thumbnail","6":"product_cat-flower-pot","8":"first","9":"instock","10":"shipping-taxable","11":"product-type-simple"},"_links":{"self":[{"href":"https:\/\/keweicorten.com\/et\/wp-json\/wp\/v2\/product\/1090"}],"collection":[{"href":"https:\/\/keweicorten.com\/et\/wp-json\/wp\/v2\/product"}],"about":[{"href":"https:\/\/keweicorten.com\/et\/wp-json\/wp\/v2\/types\/product"}],"replies":[{"embeddable":true,"href":"https:\/\/keweicorten.com\/et\/wp-json\/wp\/v2\/comments?post=1090"}],"version-history":[{"count":7,"href":"https:\/\/keweicorten.com\/et\/wp-json\/wp\/v2\/product\/1090\/revisions"}],"predecessor-version":[{"id":1099,"href":"https:\/\/keweicorten.com\/et\/wp-json\/wp\/v2\/product\/1090\/revisions\/1099"}],"wp:featuredmedia":[{"embeddable":true,"href":"https:\/\/keweicorten.com\/et\/wp-json\/wp\/v2\/media\/1092"}],"wp:attachment":[{"href":"https:\/\/keweicorten.com\/et\/wp-json\/wp\/v2\/media?parent=1090"}],"wp:term":[{"taxonomy":"product_brand","embeddable":true,"href":"https:\/\/keweicorten.com\/et\/wp-json\/wp\/v2\/product_brand?post=1090"},{"taxonomy":"product_cat","embeddable":true,"href":"https:\/\/keweicorten.com\/et\/wp-json\/wp\/v2\/product_cat?post=1090"},{"taxonomy":"product_tag","embeddable":true,"href":"https:\/\/keweicorten.com\/et\/wp-json\/wp\/v2\/product_tag?post=1090"}],"curies":[{"name":"wp","href":"https:\/\/api.w.org\/{rel}","templated":true}]}}