{"id":1105,"date":"2024-09-11T06:42:20","date_gmt":"2024-09-11T06:42:20","guid":{"rendered":"https:\/\/keweicorten.com\/?post_type=product&#038;p=1105"},"modified":"2025-01-15T06:18:22","modified_gmt":"2025-01-15T06:18:22","slug":"aiakaunistus","status":"publish","type":"product","link":"https:\/\/keweicorten.com\/et\/aiakaunistus\/","title":{"rendered":"aiakaunistused ja kujud"},"content":{"rendered":"<h2>Kuidas valida oma aeda \u00f5ige ilmastikukindlast terasest skulptuur\uff1f Kuidas valida \u00f5ige ilmastikukindlast terasest skulptuur\uff1f<\/h2>\n<p>Kaaluge aia stiili<\/p>\n<p>K\u00f5igepealt kaaluge aia stiili. Erinevad aiastiilid vajavad erinevaid skulptuure, et neid kaunistada. N\u00e4iteks Euroopa aedadesse sobivad suured ja keerulised skulptuurid, samas kui Jaapani aedadesse sobivad pigem lihtsad ja lihtsad skulptuurid. Seet\u00f5ttu tuleb ilmastikukindlast terasest skulptuuri valides valida vastavalt aia stiilile.<\/p>\n<p>Kaaluge aiaornamentide ja kujude kuju ja suurust.<\/p>\n<p>Samuti on v\u00e4ga oluline valida skulptuuri kuju ja suurus. S\u00f5ltuvalt aia suurusest ja mustrist valitakse erineva kuju ja suurusega skulptuurid. N\u00e4iteks v\u00e4ikestesse aedadesse sobib valida v\u00e4ikesed skulptuurid, samas kui suurtesse aedadesse v\u00f5ib valida suuremaid skulptuure.<\/p>\n<p>Kaaluge aiaornamentide ja kujude materjali.<\/p>\n<p>Ilmastikukindlast terasest skulptuur on v\u00e4ga vastupidav materjal ja seda saab kasutada nii sise- kui ka v\u00e4listingimustes. Skulptuuri valimisel tuleb aga arvestada ka konkreetse kasutusviisiga. Kui skulptuuri kasutatakse v\u00e4litingimustes, tuleb valida materjalid, millel on soojuspaisumis- ja kokkut\u00f5mbumisv\u00f5ime, tuulekindlus, hea ilmastikukindlus ja hea korrosioonikindlus. Nende omadustega ideaalne materjal on ilmastikukindlad terased.<\/p>\n<p>Kaaluge skulptuuri v\u00e4rvi<\/p>\n<p>Ilmastikust tingitud terasskulptuurid on tavaliselt hallid, kuid neid saab vastavalt vajadusele t\u00f6\u00f6delda, n\u00e4iteks v\u00e4rvida, et anda neile erinevaid v\u00e4rve ja efekte. Skulptuuri valimisel kaaluge, kas selle v\u00e4rv v\u00f5ib sobida aia \u00fcldise v\u00e4rvistiiliga.<\/p>\n<p>M\u00f5elge oma skulptuuri teemale<\/p>\n<p>Samuti peate valima skulptuuri teema vastavalt oma eelistustele ja vajadustele. N\u00e4iteks need, kes armastavad loodust, v\u00f5ivad valida taimede v\u00f5i loomade skulptuurid, samas kui need, kellele meeldib moodne stiil, v\u00f5ivad valida abstraktsed skulptuurid jne.<\/p>\n<div style=\"width: 800px;\" class=\"wp-video\"><!--[if lt IE 9]><script>document.createElement('video');<\/script><![endif]-->\n<video class=\"wp-video-shortcode\" id=\"video-1105-1\" width=\"800\" height=\"450\" poster=\"https:\/\/keweicorten.com\/wp-content\/uploads\/2024\/09\/\u5fae\u4fe1\u56fe\u7247_20231019115916.jpg\" autoplay=\"1\" preload=\"metadata\" controls=\"controls\"><source type=\"video\/mp4\" src=\"https:\/\/keweicorten.com\/wp-content\/uploads\/2024\/09\/\u89c6\u989121min.mp4?_=1\" \/><a href=\"https:\/\/keweicorten.com\/wp-content\/uploads\/2024\/09\/\u89c6\u989121min.mp4\">https:\/\/keweicorten.com\/wp-content\/uploads\/2024\/09\/\u89c6\u989121min.mp4<\/a><\/video><\/div>\n<h2>Aiaskulptuuridel on j\u00e4rgmised omadused:<\/h2>\n<p>Tugev vastupidavus: spetsiaalse t\u00f6\u00f6tlemisega ilmastikukindel teras v\u00f5ib pikka aega vastu seista erinevate karmide kliimatingimuste erosioonile, s\u00e4ilitada pikemat peegeldavat efekti, nii et aiaskulptuuri ei ole lihtne v\u00e4liskeskkonnas kahjustada ja sellel on pikk kasutusiga.<\/p>\n<p>Tugev korrosioonivastane v\u00f5ime: See on valmistatud spetsiaalsetest s\u00fcnteetilistest materjalidest, millel on tugev korrosioonivastane v\u00f5ime ja mida ei m\u00f5juta v\u00e4lised tegurid, nagu vihm, p\u00e4ike, liiv ja soolane udu, et tagada selle t\u00f5hus kaitse v\u00e4liskeskkonnas.<\/p>\n<p>K\u00f5rge esteetika: Times, on erinevad kujud, ilus v\u00e4limus, unikaalsed omadused ja on muutunud ilusaks maastikuks aiakeskkonnas.<\/p>\n<p>Rikkalikud v\u00e4rvid: Ilmastikust tingitud terase aiaskulptuuri tootmismaterjalid ei saa mitte ainult esitada looduslikke v\u00e4rve, vaid ka v\u00e4rvitud v\u00e4rvilisi kujundeid, rikastada linnaaedade pilti ja olla t\u00e4is eluj\u00f5udu.<\/p>\n<figure style=\"width: 602px\" class=\"wp-caption aligncenter\"><a href=\"https:\/\/keweicorten.com\/et\/votke-meiega-uhendust\/\"><img fetchpriority=\"high\" decoding=\"async\" title=\"Aiakaunistused ja kujud\" src=\"https:\/\/www.keweistove.com\/uploads\/39684\/garden-ornaments-and-statues02482.jpg\" alt=\"Aiakaunistused ja kujud\" width=\"602\" height=\"602\" \/><\/a><figcaption class=\"wp-caption-text\">Aiakaunistused ja kujud<\/figcaption><\/figure>\n<p><img decoding=\"async\" class=\"aligncenter\" src=\"https:\/\/www.keweistove.com\/Content\/uploads\/2023970354\/202307121511574ab65c7ec9ae440c88788f735e2204f7.jpg\" alt=\"toode-750-750\" width=\"626\" height=\"626\" \/><\/p>\n<div class=\"text\">See cortenterasest skulptuur muutub teie aia atraktiivseks elemendiks. Seda roostevabast terasest kunstiteost saab kohandada eri suurusega. See loob silmatorkava fookuspunkti, kui see corten terasest skulptuur on paigutatud \u00f5ue.<\/div>\n<div class=\"text\">Aia kaunistamise kohandatud skulptuuri saab kohandada vastavalt erinevatele vajadustele. Disainerid saavad luua ja arendada sobivaid skulptuure, l\u00e4htudes klientide ja keskkonna vajadustest, nii et see oleks rohkem koosk\u00f5las t\u00e4nap\u00e4eva inimeste esteetika ja eluharjumustega. Kohandatud skulptuurid v\u00f5ivad t\u00e4ielikult kajastada klientide professionaalsust ja korrap\u00e4rasust, muutes kliendid ruumis ainulaadsemaks ja ainulaadsemaks.<\/div>","protected":false},"excerpt":{"rendered":"<p>K\u00fclastage meie veebisaiti, et leida suurep\u00e4raseid aiakaunistusi ja kujusid, mis t\u00e4iustavad teie \u00f5uekeskkonda ideaalselt. Mitmesuguseid v\u00f5imalusi iga aiandushuvilise vajaduste rahuldamiseks.<\/p>","protected":false},"featured_media":1108,"comment_status":"open","ping_status":"closed","template":"","meta":{"_eb_attr":"","_monsterinsights_skip_tracking":false,"_monsterinsights_sitenote_active":false,"_monsterinsights_sitenote_note":"","_monsterinsights_sitenote_category":0,"_uf_show_specific_survey":0,"_uf_disable_surveys":false},"product_brand":[],"product_cat":[62],"product_tag":[],"class_list":{"0":"post-1105","1":"product","2":"type-product","3":"status-publish","4":"has-post-thumbnail","6":"product_cat-corten-sculpture","8":"first","9":"instock","10":"shipping-taxable","11":"product-type-simple"},"_links":{"self":[{"href":"https:\/\/keweicorten.com\/et\/wp-json\/wp\/v2\/product\/1105"}],"collection":[{"href":"https:\/\/keweicorten.com\/et\/wp-json\/wp\/v2\/product"}],"about":[{"href":"https:\/\/keweicorten.com\/et\/wp-json\/wp\/v2\/types\/product"}],"replies":[{"embeddable":true,"href":"https:\/\/keweicorten.com\/et\/wp-json\/wp\/v2\/comments?post=1105"}],"version-history":[{"count":1,"href":"https:\/\/keweicorten.com\/et\/wp-json\/wp\/v2\/product\/1105\/revisions"}],"predecessor-version":[{"id":1109,"href":"https:\/\/keweicorten.com\/et\/wp-json\/wp\/v2\/product\/1105\/revisions\/1109"}],"wp:featuredmedia":[{"embeddable":true,"href":"https:\/\/keweicorten.com\/et\/wp-json\/wp\/v2\/media\/1108"}],"wp:attachment":[{"href":"https:\/\/keweicorten.com\/et\/wp-json\/wp\/v2\/media?parent=1105"}],"wp:term":[{"taxonomy":"product_brand","embeddable":true,"href":"https:\/\/keweicorten.com\/et\/wp-json\/wp\/v2\/product_brand?post=1105"},{"taxonomy":"product_cat","embeddable":true,"href":"https:\/\/keweicorten.com\/et\/wp-json\/wp\/v2\/product_cat?post=1105"},{"taxonomy":"product_tag","embeddable":true,"href":"https:\/\/keweicorten.com\/et\/wp-json\/wp\/v2\/product_tag?post=1105"}],"curies":[{"name":"wp","href":"https:\/\/api.w.org\/{rel}","templated":true}]}}