{"id":1110,"date":"2024-09-11T07:19:01","date_gmt":"2024-09-11T07:19:01","guid":{"rendered":"https:\/\/keweicorten.com\/?post_type=product&#038;p=1110"},"modified":"2025-01-15T06:16:12","modified_gmt":"2025-01-15T06:16:12","slug":"skulptuur","status":"publish","type":"product","link":"https:\/\/keweicorten.com\/et\/skulptuur\/","title":{"rendered":"kaasaegne seinaskulptuur"},"content":{"rendered":"<table class=\"table\" border=\"1\" cellspacing=\"1\" cellpadding=\"1\">\n<tbody>\n<tr>\n<td>Toote nimi<\/td>\n<td>Outdoor Modern metallist k\u00e4sit\u00f6\u00f6 corten terasest skulptuur aia leht<\/td>\n<\/tr>\n<tr>\n<td>Materjal<\/td>\n<td>cortenterasest, leebest terasest jne.<\/td>\n<\/tr>\n<tr>\n<td>V\u00e4rv<\/td>\n<td>Pulbriga kaetud v\u00f5i roostetatud punane<\/td>\n<\/tr>\n<tr>\n<td><strong>PAKKIMINE:<\/strong><\/td>\n<td>PUIDUST KASTID<\/td>\n<\/tr>\n<tr>\n<td>Kasutatud<\/td>\n<td>kodukaunistus<\/td>\n<\/tr>\n<\/tbody>\n<\/table>\n<p>Miks valida moodne seinaskulptuur?<\/p>\n<p>Kaasaegsed seinaskulptuurid on v\u00e4ga vastupidavad. See on valmistatud kvaliteetsest ilmastikukindlast terasest ja talub erinevaid ilmastikutingimusi, sealhulgas vihma, p\u00e4ikest, k\u00fclma ja kuumalaineid. See dekoratiivne materjal on suurep\u00e4rane valik neile, kes soovivad, et v\u00e4lised aiakaunistused s\u00e4ilitaksid oma esteetilisuse paljude aastate jooksul.<\/p>\n<p>Kaasaegne seinaskulptuur on kaunilt kaunistatud. Sellel dekoratiivmaterjalil on v\u00e4ga ainulaadne kuju ja erksad v\u00e4rvid, mis v\u00f5ivad suurendada aia ilu. Paljudele inimestele meeldib ka ilmastikutingimustes valmistatud terasest aeddekoratsioon, sest see toob moodsat tunnet ja v\u00f5ib lisada aeda stiilse n\u00fcansi.<\/p>\n<p>See dekoratiivne materjal on v\u00e4ga keskkonnas\u00f5bralik. Pika kasutusaja t\u00f5ttu ei tekita see liiga palju j\u00e4\u00e4tmeid ja pr\u00fcgi. Kuna selle materjal on teras, saab seda kasutada kaks korda ja see ei p\u00f5hjusta keskkonnareostust.<\/p>\n<p>Kaasaegseid seinaskulptuure on v\u00e4ga lihtne paigaldada. Paljud kaubam\u00e4rgid pakuvad erinevate stsenaariumide jaoks valmis mooduleid ja komponente, mida kasutajad saavad vabalt kombineerida vastavalt oma vajadustele.<\/p>\n<p>Ilmastikukindlast terasest aiakaunistuste valimine on positiivne, keskkonnas\u00f5bralik, ilus ja vastupidav valik. See v\u00f5ib tuua piiramatut inspiratsiooni ja muuta teie aia veelgi v\u00e4rvilisemaks.<\/p>\n<p>Aia kaunistamiseks kasutatav ilmastikukindla teras on laia kasutusv\u00e4\u00e4rtusega materjal, mida saab kasutada ruumi kaunistamiseks ja kaunistamiseks.<\/p>\n<div class=\"J_module\">\n<figure id=\"attachment_1112\" aria-describedby=\"caption-attachment-1112\" style=\"width: 500px\" class=\"wp-caption alignnone\"><a href=\"https:\/\/keweicorten.com\/et\/?attachment_id=1112\"><img fetchpriority=\"high\" decoding=\"async\" class=\"wp-image-1112\" title=\"suured seinaskulptuurid\" src=\"https:\/\/keweicorten.com\/wp-content\/uploads\/2024\/09\/photobank-52-300x300.jpg\" alt=\"\" width=\"500\" height=\"500\" srcset=\"https:\/\/keweicorten.com\/wp-content\/uploads\/2024\/09\/photobank-52-300x300.jpg 300w, https:\/\/keweicorten.com\/wp-content\/uploads\/2024\/09\/photobank-52-150x150.jpg 150w, https:\/\/keweicorten.com\/wp-content\/uploads\/2024\/09\/photobank-52-12x12.jpg 12w, https:\/\/keweicorten.com\/wp-content\/uploads\/2024\/09\/photobank-52-600x600.jpg 600w, https:\/\/keweicorten.com\/wp-content\/uploads\/2024\/09\/photobank-52-100x100.jpg 100w, https:\/\/keweicorten.com\/wp-content\/uploads\/2024\/09\/photobank-52.jpg 700w\" sizes=\"(max-width: 500px) 100vw, 500px\" \/><\/a><figcaption id=\"caption-attachment-1112\" class=\"wp-caption-text\">suured seinaskulptuurid<\/figcaption><\/figure>\n<div data-section=\"AliMagic-1caf3d\" data-section-title=\"Our Services\" data-spm-anchor-id=\"a2700.details.0.i38.5f3c554eic1XgH\">\n<figure id=\"attachment_1111\" aria-describedby=\"caption-attachment-1111\" style=\"width: 502px\" class=\"wp-caption alignnone\"><a href=\"https:\/\/keweicorten.com\/et\"><img decoding=\"async\" class=\"wp-image-1111\" title=\"skulptuurid m\u00fc\u00fcgiks\" src=\"https:\/\/keweicorten.com\/wp-content\/uploads\/2024\/09\/photobank-109-300x300.jpg\" alt=\"\" width=\"502\" height=\"502\" srcset=\"https:\/\/keweicorten.com\/wp-content\/uploads\/2024\/09\/photobank-109-300x300.jpg 300w, https:\/\/keweicorten.com\/wp-content\/uploads\/2024\/09\/photobank-109-150x150.jpg 150w, https:\/\/keweicorten.com\/wp-content\/uploads\/2024\/09\/photobank-109-12x12.jpg 12w, https:\/\/keweicorten.com\/wp-content\/uploads\/2024\/09\/photobank-109-600x600.jpg 600w, https:\/\/keweicorten.com\/wp-content\/uploads\/2024\/09\/photobank-109-100x100.jpg 100w, https:\/\/keweicorten.com\/wp-content\/uploads\/2024\/09\/photobank-109.jpg 700w\" sizes=\"(max-width: 502px) 100vw, 502px\" \/><\/a><figcaption id=\"caption-attachment-1111\" class=\"wp-caption-text\">. skulptuurid m\u00fc\u00fcgiks<\/figcaption><\/figure>\n<\/div>\n<div id=\"ali-anchor-AliMagic-1caf3d\" class=\"magic-7\" data-section=\"AliMagic-1caf3d\" data-section-title=\"Our Services\" data-spm-anchor-id=\"a2700.details.0.i38.5f3c554eic1XgH\">Meie teenused<\/div>\n<\/div>\n<div class=\"J_module\">\n<div class=\"detail-decorate-json-renderer-container\">\n<div class=\"magic-0\">\n<div class=\"magic-1\">\n<div class=\"magic-2\">\n<div class=\"magic-3\"><span class=\"magic-24\">Me v\u00f5tame teiega \u00fchendust tunni aja jooksul.<\/span><\/div>\n<div class=\"magic-3\"><span class=\"magic-24\">V\u00f5ite saata e-kirja v\u00f5i v\u00f5tta meiega \u00fchendust whatsappiga, siis vastame teile niipea kui v\u00f5imalik.<br \/>\n<\/span><\/div>\n<div><\/div>\n<div class=\"magic-3\"><span class=\"magic-24\">2. Kohandatud teenus tasuta.<br \/>\nKui te ei ole seda kujundanud, siis v\u00f5tke meiega \u00fchendust, teie k\u00e4sutuses on professionaalne disainerite meeskond.<br \/>\nMe saame kohandada seda t\u00e4pselt teie soovitud viisil.<br \/>\n<\/span><\/div>\n<div><\/div>\n<div class=\"magic-3\"><span class=\"magic-24\">3. Me \u00fctleme klientidele iga tootmisprotsessi sammu .me saame teha pilte iga tootmisetapi kohta, pakendamist.<br \/>\nMe v\u00f5ime saata teile kinnitamiseks pilte.<br \/>\n<\/span><\/div>\n<div><\/div>\n<div class=\"magic-3\"><span class=\"magic-24\">4. Me saame pakkuda parimaid tooteid ja k\u00f5ige l\u00e4bim\u00f5eldumat teenust.<br \/>\n<\/span><\/div>\n<div class=\"magic-3\"><\/div>\n<\/div>\n<\/div>\n<\/div>\n<\/div>\n<\/div>","protected":false},"excerpt":{"rendered":"<p>Kaasaegsed seinaskulptuurid on suurep\u00e4rane v\u00f5imalus lisada ilu ja huvi igasse ruumi. \u00dcksk\u00f5ik, kas kaunistate kodu v\u00f5i \u00e4ri, seda t\u00fc\u00fcpi kunst aitab teil luua \u00f5hkkonda, mis on k\u00fclalislahke, inspireeriv ja ergutav.<\/p>","protected":false},"featured_media":1113,"comment_status":"open","ping_status":"closed","template":"","meta":{"_eb_attr":"","_monsterinsights_skip_tracking":false,"_monsterinsights_sitenote_active":false,"_monsterinsights_sitenote_note":"","_monsterinsights_sitenote_category":0,"_uf_show_specific_survey":0,"_uf_disable_surveys":false},"product_brand":[],"product_cat":[62],"product_tag":[],"class_list":{"0":"post-1110","1":"product","2":"type-product","3":"status-publish","4":"has-post-thumbnail","6":"product_cat-corten-sculpture","8":"first","9":"instock","10":"shipping-taxable","11":"product-type-simple"},"_links":{"self":[{"href":"https:\/\/keweicorten.com\/et\/wp-json\/wp\/v2\/product\/1110"}],"collection":[{"href":"https:\/\/keweicorten.com\/et\/wp-json\/wp\/v2\/product"}],"about":[{"href":"https:\/\/keweicorten.com\/et\/wp-json\/wp\/v2\/types\/product"}],"replies":[{"embeddable":true,"href":"https:\/\/keweicorten.com\/et\/wp-json\/wp\/v2\/comments?post=1110"}],"version-history":[{"count":1,"href":"https:\/\/keweicorten.com\/et\/wp-json\/wp\/v2\/product\/1110\/revisions"}],"predecessor-version":[{"id":1114,"href":"https:\/\/keweicorten.com\/et\/wp-json\/wp\/v2\/product\/1110\/revisions\/1114"}],"wp:featuredmedia":[{"embeddable":true,"href":"https:\/\/keweicorten.com\/et\/wp-json\/wp\/v2\/media\/1113"}],"wp:attachment":[{"href":"https:\/\/keweicorten.com\/et\/wp-json\/wp\/v2\/media?parent=1110"}],"wp:term":[{"taxonomy":"product_brand","embeddable":true,"href":"https:\/\/keweicorten.com\/et\/wp-json\/wp\/v2\/product_brand?post=1110"},{"taxonomy":"product_cat","embeddable":true,"href":"https:\/\/keweicorten.com\/et\/wp-json\/wp\/v2\/product_cat?post=1110"},{"taxonomy":"product_tag","embeddable":true,"href":"https:\/\/keweicorten.com\/et\/wp-json\/wp\/v2\/product_tag?post=1110"}],"curies":[{"name":"wp","href":"https:\/\/api.w.org\/{rel}","templated":true}]}}