{"id":1129,"date":"2024-09-11T09:25:31","date_gmt":"2024-09-11T09:25:31","guid":{"rendered":"https:\/\/keweicorten.com\/?post_type=product&#038;p=1129"},"modified":"2025-01-15T06:15:41","modified_gmt":"2025-01-15T06:15:41","slug":"corten-grill","status":"publish","type":"product","link":"https:\/\/keweicorten.com\/et\/corten-grill\/","title":{"rendered":"Corten grill"},"content":{"rendered":"<h2>Corten grill toote omadus\uff1a<\/h2>\n<p>Materjal: Corten teras<br \/>\n- Grill on valmistatud Corten terasest, mis ei anna mitte ainult karmi ja t\u00f6\u00f6stusliku esteetika, vaid ka suurep\u00e4rase ilmastikukindluse, mis tagab pikaealisuse.<\/p>\n<p>Rustiline v\u00e4limus:<br \/>\n- Cortenterasest tekib aja jooksul iseloomulik roostesarnane patina, mis annab grillrestile maal\u00e4hedase ja ilmastikutingimustele vastava v\u00e4ljan\u00e4gemise. See esteetiline v\u00e4limus muudab selle teie aias v\u00f5i terrassil silmapaistvaks elemendiks.<\/p>\n<p>Vastupidavus:<br \/>\nSee muudab grilli sobilikuks v\u00e4litingimustes kasutamiseks ja v\u00f5imaldab taluda erinevaid ilmastikutingimusi.<\/p>\n<p>Toiduvalmistamise pind:<br \/>\n- Grillil on avar k\u00fcpsetuspind, mis sobib mitmesuguste roogade valmistamiseks. See v\u00f5ib h\u00f5lmata esmast grillimispinda liha ja k\u00f6\u00f6giviljade jaoks ning v\u00f5imalikke lisapindu k\u00f5rvalroogade jaoks.<\/p>\n<p>Reguleeritavad restid:<br \/>\n- M\u00f5nel grillil on reguleeritavad restid, mis v\u00f5imaldavad teil reguleerida soojusallika ja toidu vahelist kaugust. See funktsioon on kasulik erinevate k\u00fcpsetustasemete saavutamiseks, alates praadimisest kuni aeglase praadimiseni.<\/p>\n<p>Ladustamine ja riiulid:<br \/>\n- Funktsionaalsuse suurendamiseks v\u00f5ib grillgrill sisaldada riiuleid v\u00f5i konksusid s\u00f6\u00f6giriistade, maitseainete ja muude grilltarvikute hoidmiseks.<\/p>\n<p>Lihtne puhastada:<br \/>\n- Konstruktsioon v\u00f5ib sisaldada funktsioone, mis muudavad selle kergesti puhastatavaks, n\u00e4iteks eemaldatavad restid ja tuhakastid. See tagab, et hooldamine on mugav ja hoiab grilli heas korras.<\/p>\n<p>Kaasaskantavus:<br \/>\n- S\u00f5ltuvalt konstruktsioonist v\u00f5ib grill olla teisaldatav, mis v\u00f5imaldab teil seda vajaduse korral terrassil v\u00f5i aias \u00fcmber paigutada. See v\u00f5ib olla eriti mugav teie \u00f5ueala \u00fcmberkorraldamisel.<\/p>\n<p>Ventilatsioon ja temperatuuri reguleerimine:<br \/>\n- M\u00f5nel mudelil v\u00f5ivad olla sisseehitatud ventilatsiooniavad v\u00f5i klapid \u00f5huvoolu ja temperatuuri reguleerimiseks. See funktsioon on v\u00e4\u00e4rtuslik optimaalsete toiduvalmistamise tingimuste saavutamiseks ja \u00fchtlase soojuse jaotumise tagamiseks.<\/p>\n<p>Kokkupanek ja paigaldamine:<br \/>\n- Toode v\u00f5ib olla konstrueeritud lihtsaks kokkupanekuks ja paigaldamiseks ning selged kasutusjuhendid peavad olema kaasas. See teeb selle k\u00e4ttesaadavaks erineva tasemega kasutajatele, kes on erineva tasemega kodut\u00f6\u00f6ndusoskusega.<\/p>\n<table class=\"has-title all magic-17\">\n<tbody>\n<tr>\n<td colspan=\"1\" rowspan=\"1\">\n<div class=\"magic-21\"><span class=\"magic-22\" style=\"color: #000000;\" data-spm-anchor-id=\"a2700.details.0.i40.49d75047wtersS\">Punkti<\/span><\/div>\n<\/td>\n<td colspan=\"1\" rowspan=\"1\">\n<div class=\"magic-23\"><span class=\"magic-22\" style=\"color: #000000;\">Raske metallist grillid BBQ Europe New Design Garden K\u00f6\u00f6gid Fire Pit Barbeque Corten terasest Outdoor Charcoal BBQ Grill<\/span><\/div>\n<\/td>\n<\/tr>\n<tr>\n<td colspan=\"1\" rowspan=\"1\">\n<div class=\"magic-21\"><span class=\"magic-22\" style=\"color: #000000;\">Br\u00e4nd<\/span><\/div>\n<\/td>\n<td colspan=\"1\" rowspan=\"1\">\n<div class=\"magic-23\"><span class=\"magic-22\" style=\"color: #000000;\"> shkw Aed<\/span><\/div>\n<\/td>\n<\/tr>\n<tr>\n<td colspan=\"1\" rowspan=\"1\">\n<div class=\"magic-21\"><span class=\"magic-22\" style=\"color: #000000;\">Mudeli number<\/span><\/div>\n<\/td>\n<td colspan=\"1\" rowspan=\"1\">\n<div class=\"magic-23\"><span class=\"magic-22\" style=\"color: #000000;\">shkw-BBQ-01<\/span><\/div>\n<\/td>\n<\/tr>\n<tr>\n<td colspan=\"1\" rowspan=\"1\">\n<div class=\"magic-21\"><span class=\"magic-22\" style=\"color: #000000;\">Materjal<\/span><\/div>\n<\/td>\n<td colspan=\"1\" rowspan=\"1\">\n<div class=\"magic-23\"><span class=\"magic-22\" style=\"color: #000000;\">Corten teras \/ ilmastikutingimustes kasutatav teras<\/span><\/div>\n<\/td>\n<\/tr>\n<tr>\n<td colspan=\"1\" rowspan=\"1\">\n<div class=\"magic-21\"><span class=\"magic-22\" style=\"color: #000000;\">Paksus<\/span><\/div>\n<\/td>\n<td colspan=\"1\" rowspan=\"1\">\n<div class=\"magic-23\"><span class=\"magic-22\" style=\"color: #000000;\">2mm, grillplaat: 10mm<\/span><\/div>\n<\/td>\n<\/tr>\n<tr>\n<td colspan=\"1\" rowspan=\"1\">\n<div class=\"magic-21\"><span style=\"color: #000000;\">Pakett<\/span><\/div>\n<\/td>\n<td colspan=\"1\" rowspan=\"1\">\n<div class=\"magic-23\"><span style=\"color: #000000;\">Seestpoolt: V\u00e4ljaspool: Karbikarp<\/span><\/div>\n<\/td>\n<\/tr>\n<tr>\n<td colspan=\"1\" rowspan=\"1\">\n<div class=\"magic-21\"><span class=\"magic-22\" style=\"color: #000000;\">Pind<\/span><\/div>\n<\/td>\n<td colspan=\"1\" rowspan=\"1\">\n<div class=\"magic-23\"><span class=\"magic-22\" style=\"color: #000000;\">Eelnevalt roostetatud, saab kohandada<\/span><\/div>\n<\/td>\n<\/tr>\n<tr>\n<td colspan=\"1\" rowspan=\"1\">\n<div class=\"magic-21\"><span class=\"magic-22\" style=\"color: #000000;\">MOQ<\/span><\/div>\n<\/td>\n<td colspan=\"1\" rowspan=\"1\">\n<div class=\"magic-23\"><span class=\"magic-22\" style=\"color: #000000;\">1 tk<\/span><\/div>\n<\/td>\n<\/tr>\n<\/tbody>\n<\/table>\n<figure style=\"width: 551px\" class=\"wp-caption alignnone\"><a href=\"https:\/\/keweicorten.com\/et\"><img fetchpriority=\"high\" decoding=\"async\" title=\"corten bbq grill\" src=\"https:\/\/sc04.alicdn.com\/kf\/H6c6a51c7ff444d619a69eb33ef044679C\/235950374\/H6c6a51c7ff444d619a69eb33ef044679C.jpg\" alt=\"\" width=\"551\" height=\"551\" \/><\/a><figcaption class=\"wp-caption-text\">BBQ-grill<\/figcaption><\/figure>\n<h2 class=\"magic-29\"><span data-spm-anchor-id=\"a2700.details.0.i41.49d75047wtersS\">Miks valida meie v\u00e4litingimustes kasutatav Fire Pit BBQ?<\/span><\/h2>\n<div class=\"magic-30\">\n<div class=\"magic-8\">\n<div class=\"magic-9\">\n<p>Unikaalne disain<\/p>\n<p>V\u00f5ib kasutada grillimiseks ja tulekahjude tegemiseks.<\/p>\n<div>Lihtne transportida kolmest osast koosnev modulaarne konstruktsioon<\/div>\n<div>Alusel on mugav koht puidu hoiustamiseks.<\/div>\n<\/div>\n<\/div>\n<\/div>\n<div class=\"magic-30\">\n<div class=\"magic-8\">\n<div class=\"magic-31\">\n<p>Valmistatud vastupidavast Corten terasest: Grill v\u00f5ib j\u00e4\u00e4da \u00f5ue igal aastaajal<\/p>\n<p>Saadaval erinevates suurustes (koonuse l\u00e4bim\u00f5\u00f5t)<\/p>\n<p>Sobib eriti h\u00e4sti toitlustamiseks<\/p>\n<p>Lihtne kasutada ja puhastada<\/p>\n<\/div>\n<div>\n<figure style=\"width: 566px\" class=\"wp-caption alignnone\"><a href=\"https:\/\/keweicorten.com\/et\/votke-meiega-uhendust\/\"><img decoding=\"async\" title=\"BBQ-grill\" src=\"https:\/\/sc04.alicdn.com\/kf\/Hb2a9ecba4bb64ff4a92047898488428a9\/227652262\/Hb2a9ecba4bb64ff4a92047898488428a9.jpg\" alt=\"\" width=\"566\" height=\"755\" \/><\/a><figcaption class=\"wp-caption-text\">BBQ-grill<\/figcaption><\/figure>\n<\/div>\n<div>\n<div class=\"text-title\">\n<p><span class=\"magic-18\"><span class=\"magic-12\" style=\"font-family: Arial;\" data-spm-anchor-id=\"a2700.details.0.i40.5f147cabQPR2Ms\">Detailid Tehnilised parameetrid:<\/span><\/span><\/p>\n<\/div>\n<div class=\"text-content\">\n<p><span class=\"magic-19\" style=\"font-family: Arial;\">1.Top Ring 3 erinevat t\u00fc\u00fcpi: 10 mm paksune CR teras: 10 mm paksune CR teras\u00a0<\/span><\/p>\n<p><span class=\"magic-19\" style=\"font-family: Arial;\">2.grillplaat :k\u00fclmvaltsitud 10mm terasleht l\u00e4bim\u00f5\u00f5t on 1000mm<br \/>\n3.Fire-kamber: 2mm paksus Corten terasest\u00a0<\/span><\/p>\n<p><span class=\"magic-19\" style=\"font-family: Arial;\">4.Ash punker: 2mm Corten terasest<br \/>\n5.Down keha: Corten terasest paksus: 2mm Suurus: 600*450*450mm<\/span><\/p>\n<div>\n<figure style=\"width: 590px\" class=\"wp-caption alignnone\"><a href=\"https:\/\/keweicorten.com\/et\"><img decoding=\"async\" title=\"corten bbq\" src=\"https:\/\/sc02.alicdn.com\/kf\/H6b2e4eaa05fa4a65b89befdc51756f79B\/227652262\/H6b2e4eaa05fa4a65b89befdc51756f79B.jpg\" alt=\"corten bbq\" width=\"590\" height=\"384\" \/><\/a><figcaption class=\"wp-caption-text\">corten bbq<\/figcaption><\/figure>\n<\/div>\n<\/div>\n<\/div>\n<\/div>\n<\/div>","protected":false},"excerpt":{"rendered":"<p>Kui kaalute Garden Corten grilli, on oluline kontrollida toote spetsifikatsioone, kasutajate kommentaare ja k\u00f5iki lisafunktsioone, mis v\u00f5ivad teie toiduvalmistamise kogemust \u00f5ues parandada. J\u00e4rgige alati ohutusjuhiseid ja \u00f5igeid hooldustavasid, et tagada oma grillgrilli pikaealisus.<\/p>","protected":false},"featured_media":997,"comment_status":"open","ping_status":"closed","template":"","meta":{"_eb_attr":"","_monsterinsights_skip_tracking":false,"_monsterinsights_sitenote_active":false,"_monsterinsights_sitenote_note":"","_monsterinsights_sitenote_category":0,"_uf_show_specific_survey":0,"_uf_disable_surveys":false},"product_brand":[],"product_cat":[63],"product_tag":[],"class_list":{"0":"post-1129","1":"product","2":"type-product","3":"status-publish","4":"has-post-thumbnail","6":"product_cat-steel-bbq-grill","8":"first","9":"instock","10":"shipping-taxable","11":"product-type-simple"},"_links":{"self":[{"href":"https:\/\/keweicorten.com\/et\/wp-json\/wp\/v2\/product\/1129"}],"collection":[{"href":"https:\/\/keweicorten.com\/et\/wp-json\/wp\/v2\/product"}],"about":[{"href":"https:\/\/keweicorten.com\/et\/wp-json\/wp\/v2\/types\/product"}],"replies":[{"embeddable":true,"href":"https:\/\/keweicorten.com\/et\/wp-json\/wp\/v2\/comments?post=1129"}],"version-history":[{"count":1,"href":"https:\/\/keweicorten.com\/et\/wp-json\/wp\/v2\/product\/1129\/revisions"}],"predecessor-version":[{"id":1130,"href":"https:\/\/keweicorten.com\/et\/wp-json\/wp\/v2\/product\/1129\/revisions\/1130"}],"wp:featuredmedia":[{"embeddable":true,"href":"https:\/\/keweicorten.com\/et\/wp-json\/wp\/v2\/media\/997"}],"wp:attachment":[{"href":"https:\/\/keweicorten.com\/et\/wp-json\/wp\/v2\/media?parent=1129"}],"wp:term":[{"taxonomy":"product_brand","embeddable":true,"href":"https:\/\/keweicorten.com\/et\/wp-json\/wp\/v2\/product_brand?post=1129"},{"taxonomy":"product_cat","embeddable":true,"href":"https:\/\/keweicorten.com\/et\/wp-json\/wp\/v2\/product_cat?post=1129"},{"taxonomy":"product_tag","embeddable":true,"href":"https:\/\/keweicorten.com\/et\/wp-json\/wp\/v2\/product_tag?post=1129"}],"curies":[{"name":"wp","href":"https:\/\/api.w.org\/{rel}","templated":true}]}}