{"id":1143,"date":"2024-09-12T03:32:05","date_gmt":"2024-09-12T03:32:05","guid":{"rendered":"https:\/\/keweicorten.com\/?post_type=product&#038;p=1143"},"modified":"2025-01-15T06:15:15","modified_gmt":"2025-01-15T06:15:15","slug":"aia-aaristamine","status":"publish","type":"product","link":"https:\/\/keweicorten.com\/et\/aia-aaristamine\/","title":{"rendered":"kortenist maastikukattematerjalid"},"content":{"rendered":"<div class=\"text-title\">\n<figure style=\"width: 750px\" class=\"wp-caption alignnone\"><a href=\"https:\/\/keweicorten.com\/et\/votke-meiega-uhendust\/\"><img fetchpriority=\"high\" decoding=\"async\" title=\"kortenist maastikukattematerjalid\" src=\"https:\/\/sc04.alicdn.com\/kf\/A4a230982885047639f8ccbda507af4993\/276435419\/A4a230982885047639f8ccbda507af4993.jpg\" alt=\"kortenist maastikukattematerjalid\" width=\"750\" height=\"454\" \/><\/a><figcaption class=\"wp-caption-text\">kortenist maastikukattematerjalid<\/figcaption><\/figure>\n<h2 class=\"magic-9\"><b class=\"magic-22\"><span class=\"magic-10\" style=\"color: #000000;\" data-spm-anchor-id=\"a2700.details.0.i40.6227b6fedKS63A\">Corten terasest kasutamine:<\/span><\/b><\/h2>\n<\/div>\n<div class=\"text-content\">\n<p><span class=\"magic-15\" style=\"color: #000000;\" data-spm-anchor-id=\"a2700.details.0.i49.6227b6fedKS63A\">Corten teras on ilmastikukindel teras, see materjal on korrosioonikindel teras, mis j\u00e4etakse katmata ja millel tekib v\u00e4liskihi patina.\u00a0<\/span><\/p>\n<div><span style=\"color: #000000;\"><br \/>\n<\/span><\/p>\n<div><span style=\"color: #000000;\">See patina kaitseb terast t\u00e4iendava korrosiooni eest.See on suure tugevusega terasesulam ja seda kasutatakse seal, kus soovitakse suuremat tugevust ja pikema elueaga materjali.<\/span><\/div>\n<div>\n<table style=\"height: 212px;\" width=\"746\">\n<tbody>\n<tr>\n<td colspan=\"1\" rowspan=\"1\">\n<div data-spm-anchor-id=\"a2700.details.0.i42.448a13b5E0l0Oz\">Toote nimi<\/div>\n<\/td>\n<td colspan=\"1\" rowspan=\"1\">\n<div>Tsingitud&amp;CORTEN terasest must pulberkate terasest maastiku serva piiramine<\/div>\n<\/td>\n<\/tr>\n<tr>\n<td colspan=\"1\" rowspan=\"1\">\n<div>Materjal<\/div>\n<\/td>\n<td colspan=\"1\" rowspan=\"1\">\n<div>Corten teras, tsingitud teras jne.<\/div>\n<\/td>\n<\/tr>\n<tr>\n<td colspan=\"1\" rowspan=\"1\">\n<div data-spm-anchor-id=\"a2700.details.0.i41.448a13b5E0l0Oz\">Suurus<\/div>\n<\/td>\n<td colspan=\"1\" rowspan=\"1\">\n<div>100mm, 150mm n\u00e4gu v\u00f5i kohandatud<\/div>\n<\/td>\n<\/tr>\n<tr>\n<td colspan=\"1\" rowspan=\"1\">\n<div>Spikes<\/div>\n<\/td>\n<td colspan=\"1\" rowspan=\"1\">\n<div>Koos v\u00f5i ilma<\/div>\n<\/td>\n<\/tr>\n<tr>\n<td colspan=\"1\" rowspan=\"1\">\n<div>V\u00e4rv<\/div>\n<\/td>\n<td colspan=\"1\" rowspan=\"1\">\n<div>Loodus teras, erinevad v\u00e4rvid<\/div>\n<\/td>\n<\/tr>\n<tr>\n<td colspan=\"1\" rowspan=\"1\">\n<div>Taimed<\/div>\n<\/td>\n<td colspan=\"1\" rowspan=\"1\">\n<div>Rohelised taimed, kunstlikud taimed<\/div>\n<\/td>\n<\/tr>\n<\/tbody>\n<\/table>\n<\/div>\n<div>\n<figure style=\"width: 750px\" class=\"wp-caption alignnone\"><a href=\"https:\/\/keweicorten.com\/et\/votke-meiega-uhendust\/\"><img decoding=\"async\" title=\"corten terasest maastikukattematerjalid\" src=\"https:\/\/sc02.alicdn.com\/kf\/H650f0e63dacb4e35bd6d646fd2d0975cK\/235950374\/H650f0e63dacb4e35bd6d646fd2d0975cK.jpg\" alt=\"corten terasest maastikukattematerjalid\" width=\"750\" height=\"404\" \/><\/a><figcaption class=\"wp-caption-text\">corten terasest maastikukattematerjalid<\/figcaption><\/figure>\n<\/div>\n<h2>KUIDAS PAIGALDADA<\/h2>\n<p>Kortenist maastikukantide piigid l\u00f5ikavad kergelt l\u00e4bi mustuse. Iga riba saab paigaldada v\u00e4hem kui 1 minutiga ja see hoiab end kindlalt paigal, Seda on uskumatult lihtne paigaldada - tegelikult on ainsad t\u00f6\u00f6riistad, mida vajate, 4\u2033 x 2\u2033 puuklots ja haamer.<\/p>\n<figure style=\"width: 635px\" class=\"wp-caption alignnone\"><a href=\"https:\/\/keweicorten.com\/et\/votke-meiega-uhendust\/\"><img decoding=\"async\" title=\"kortenist muru \u00e4\u00e4ristamine\" src=\"https:\/\/sc04.alicdn.com\/kf\/HTB1kC8LQFXXXXcTXFXXq6xXFXXX5\/223026859\/HTB1kC8LQFXXXXcTXFXXq6xXFXXX5.jpg\" alt=\"kortenist muru \u00e4\u00e4ristamine\" width=\"635\" height=\"477\" \/><\/a><figcaption class=\"wp-caption-text\">kortenist muru \u00e4\u00e4ristamine<\/figcaption><\/figure>\n<p>Kortenist maastikukantide komplekt loob k\u00fclalislahke fookuspunkti teie \u00f5uealale. Need \u00e4\u00e4rised on valmistatud vastupidavast terasest, mille viimistluseks on kasutatud roostet, ja neil on lihtne piikidega kujundus. Servituudid loovad moodsa rustikaalse meeleolu, mis t\u00f5stab teie terrassi- ja terrassialade v\u00e4limust. Kasutage neid \u00e4\u00e4riseid ja istutusn\u00f5usid oma p\u00f5\u00f5saste v\u00f5i lillede paigutamiseks. Sobivad ideaalselt komplektina ja on parem, kui neid kasutatakse mitmetena.<\/p>\n<h2>M\u00f5ned eelised <span class=\"keyword _ngcontent-dwf-109\" aria-hidden=\"false\">kortenterterasest \u00e4\u00e4ristused <\/span>aianduses:<\/h2>\n<p>Korrosioonikindlus<br \/>\nCorten-teras on hea korrosioonikindlusega ja moodustab oma pinnale kaitsva korrosioonikihi, mis v\u00f5ib t\u00f5husalt takistada edasist korrosiooni ja tagada selle pikaajalise stabiilsuse, sealhulgas niiske keskkonna ja pinnases olevate kemikaalidega toimetulekuks.<\/p>\n<p>Esteetika<\/p>\n<p>Struktuuriline stabiilsus<br \/>\nT\u00e4nu oma suurele tugevusele ja j\u00e4ikusele toetavad Corteni tugiplaadid t\u00f5husalt pinnast, takistavad pinnase erosiooni ja erosiooni ning tagavad aiandusprojektide pikaajalise stabiilsuse.<\/p>\n<p>Madalad \u00fclalpidamiskulud<br \/>\nCorten terasest on v\u00e4iksemad hooldusn\u00f5uded kui teistest materjalidest.<\/p>\n<p>Keskkonnakaitse<\/p>\n<p>mitmek\u00fclgsus<br \/>\nPiirid ja rajoonid v\u00f5i maastikualad.<br \/>\nT\u00f5hustatud reljeef<br \/>\nLillepeenrad v\u00f5i k\u00f6\u00f6giviljaaed<\/p>\n<p>Lihtne paigaldada<br \/>\nCorten terast saab vastavalt vajadusele l\u00f5igata erinevatesse kujudesse ja suurustesse.<\/p>\n<\/div>\n<\/div>","protected":false},"excerpt":{"rendered":"<p>Tutvu meie Corteni servatoodetega, et leida vastupidavad ja esteetilised aianduslahendused. Parandage oma v\u00e4liruumi ja nautige p\u00fcsivat kvaliteeti koos unikaalse disainiga.<\/p>","protected":false},"featured_media":1144,"comment_status":"open","ping_status":"closed","template":"","meta":{"_eb_attr":"","_monsterinsights_skip_tracking":false,"_monsterinsights_sitenote_active":false,"_monsterinsights_sitenote_note":"","_monsterinsights_sitenote_category":0,"_uf_show_specific_survey":0,"_uf_disable_surveys":false},"product_brand":[],"product_cat":[58],"product_tag":[],"class_list":{"0":"post-1143","1":"product","2":"type-product","3":"status-publish","4":"has-post-thumbnail","6":"product_cat-garden-edging","8":"first","9":"instock","10":"shipping-taxable","11":"product-type-simple"},"_links":{"self":[{"href":"https:\/\/keweicorten.com\/et\/wp-json\/wp\/v2\/product\/1143"}],"collection":[{"href":"https:\/\/keweicorten.com\/et\/wp-json\/wp\/v2\/product"}],"about":[{"href":"https:\/\/keweicorten.com\/et\/wp-json\/wp\/v2\/types\/product"}],"replies":[{"embeddable":true,"href":"https:\/\/keweicorten.com\/et\/wp-json\/wp\/v2\/comments?post=1143"}],"version-history":[{"count":2,"href":"https:\/\/keweicorten.com\/et\/wp-json\/wp\/v2\/product\/1143\/revisions"}],"predecessor-version":[{"id":1878,"href":"https:\/\/keweicorten.com\/et\/wp-json\/wp\/v2\/product\/1143\/revisions\/1878"}],"wp:featuredmedia":[{"embeddable":true,"href":"https:\/\/keweicorten.com\/et\/wp-json\/wp\/v2\/media\/1144"}],"wp:attachment":[{"href":"https:\/\/keweicorten.com\/et\/wp-json\/wp\/v2\/media?parent=1143"}],"wp:term":[{"taxonomy":"product_brand","embeddable":true,"href":"https:\/\/keweicorten.com\/et\/wp-json\/wp\/v2\/product_brand?post=1143"},{"taxonomy":"product_cat","embeddable":true,"href":"https:\/\/keweicorten.com\/et\/wp-json\/wp\/v2\/product_cat?post=1143"},{"taxonomy":"product_tag","embeddable":true,"href":"https:\/\/keweicorten.com\/et\/wp-json\/wp\/v2\/product_tag?post=1143"}],"curies":[{"name":"wp","href":"https:\/\/api.w.org\/{rel}","templated":true}]}}